{"id":455,"date":"2021-11-03T11:32:45","date_gmt":"2021-11-03T10:32:45","guid":{"rendered":"https:\/\/campus.univ-lyon1.fr\/suaps\/?page_id=455"},"modified":"2021-11-03T11:32:45","modified_gmt":"2021-11-03T10:32:45","slug":"inscription-danse-rock-laennec","status":"publish","type":"page","link":"https:\/\/campus.univ-lyon1.fr\/suaps\/inscription-danse-rock-laennec\/","title":{"rendered":"Inscription Danse Rock LAENNEC"},"content":{"rendered":"<p>Les cours se d\u00e9roulent dans la salle de danse du b\u00e2timent 3D Laennec (32 rue guillaume Paradin Lyon 8\u00e8me &#8211; site de la BUIRE)<\/p>\n\n\n<div id=\"quform-3c1f92\" class=\"quform quform-13 quform-support-page-caching\"><form id=\"quform-form-3c1f92\" class=\"quform-form quform-form-13\" action=\"\/suaps\/wp-json\/wp\/v2\/pages\/455#quform-3c1f92\" method=\"post\" enctype=\"multipart\/form-data\" novalidate=\"novalidate\" data-options=\"{&quot;id&quot;:13,&quot;uniqueId&quot;:&quot;3c1f92&quot;,&quot;theme&quot;:&quot;&quot;,&quot;ajax&quot;:true,&quot;logic&quot;:{&quot;logic&quot;:[],&quot;dependents&quot;:[],&quot;elementIds&quot;:[],&quot;dependentElementIds&quot;:[],&quot;animate&quot;:true},&quot;currentPageId&quot;:1,&quot;errorsIcon&quot;:&quot;&quot;,&quot;updateFancybox&quot;:true,&quot;hasPages&quot;:false,&quot;pages&quot;:[1],&quot;pageProgressType&quot;:&quot;numbers&quot;,&quot;tooltipsEnabled&quot;:true,&quot;tooltipClasses&quot;:&quot;qtip-quform-dark qtip-shadow&quot;,&quot;tooltipMy&quot;:&quot;left center&quot;,&quot;tooltipAt&quot;:&quot;right center&quot;,&quot;isRtl&quot;:false,&quot;scrollOffset&quot;:-50,&quot;scrollSpeed&quot;:800}\"><button class=\"quform-default-submit\" name=\"quform_submit\" type=\"submit\" value=\"submit\" aria-hidden=\"true\" tabindex=\"-1\"><\/button><div class=\"quform-form-inner quform-form-inner-13\"><input type=\"hidden\" name=\"quform_form_id\" value=\"13\" \/><input type=\"hidden\" name=\"quform_form_uid\" value=\"3c1f92\" \/><input type=\"hidden\" name=\"quform_count\" value=\"1\" \/><input type=\"hidden\" name=\"form_url\" value=\"https:\/\/campus.univ-lyon1.fr\/suaps\/wp-json\/wp\/v2\/pages\/455\" \/><input type=\"hidden\" name=\"referring_url\" value=\"\" \/><input type=\"hidden\" name=\"post_id\" value=\"\" \/><input type=\"hidden\" name=\"post_title\" value=\"\" \/><input type=\"hidden\" name=\"quform_current_page_id\" value=\"1\" \/><input type=\"hidden\" name=\"quform_csrf_token\" value=\"y0TETe5xbiVXjuNYJO3nqfmYWFMwe83Te8jI5WuM\" \/><div class=\"quform-elements quform-elements-13 quform-cf quform-responsive-elements-phone-landscape\"><div class=\"quform-element quform-element-page quform-page-1 quform-page-13_1 quform-cf quform-group-style-plain quform-first-page quform-last-page quform-current-page\"><div class=\"quform-child-elements\"><div class=\"quform-element quform-element-text quform-element-13_4 quform-cf quform-element-required\"><div class=\"quform-spacer\"><div class=\"quform-label quform-label-13_4\"><span class=\"quform-label-icon\"><i class=\"fa fa-user-circle\"><\/i><\/span><label class=\"quform-label-text\" for=\"quform_13_4_3c1f92\">NOM<span class=\"quform-required\">*<\/span><\/label><\/div><div class=\"quform-inner quform-inner-text quform-inner-13_4\"><div class=\"quform-input quform-input-text quform-input-13_4 quform-cf\"><input type=\"text\" id=\"quform_13_4_3c1f92\" name=\"quform_13_4\" class=\"quform-field quform-field-text quform-field-13_4\" \/><\/div><\/div><\/div><\/div><div class=\"quform-element quform-element-text quform-element-13_5 quform-cf quform-element-required\"><div class=\"quform-spacer\"><div class=\"quform-label quform-label-13_5\"><span class=\"quform-label-icon\"><i class=\"fa fa-user-circle\"><\/i><\/span><label class=\"quform-label-text\" for=\"quform_13_5_3c1f92\">Pr\u00e9nom<span class=\"quform-required\">*<\/span><\/label><\/div><div class=\"quform-inner quform-inner-text quform-inner-13_5\"><div class=\"quform-input quform-input-text quform-input-13_5 quform-cf\"><input type=\"text\" id=\"quform_13_5_3c1f92\" name=\"quform_13_5\" class=\"quform-field quform-field-text quform-field-13_5\" \/><\/div><\/div><\/div><\/div><div class=\"quform-element quform-element-text quform-element-13_6 quform-cf quform-element-required\"><div class=\"quform-spacer\"><div class=\"quform-label quform-label-13_6\"><span class=\"quform-label-icon\"><i class=\"fa fa-drivers-license-o\"><\/i><\/span><label class=\"quform-label-text\" for=\"quform_13_6_3c1f92\">N\u00b0\u00e9tudiant<span class=\"quform-required\">*<\/span><\/label><\/div><div class=\"quform-inner quform-inner-text quform-inner-13_6\"><div class=\"quform-input quform-input-text quform-input-13_6 quform-cf\"><input type=\"text\" id=\"quform_13_6_3c1f92\" name=\"quform_13_6\" class=\"quform-field quform-field-text quform-field-13_6\" \/><\/div><\/div><\/div><\/div><div class=\"quform-element quform-element-email quform-element-13_8 quform-cf quform-element-required\"><div class=\"quform-spacer\"><div class=\"quform-label quform-label-13_8\"><span class=\"quform-label-icon\"><i class=\"fa fa-envelope-o\"><\/i><\/span><label class=\"quform-label-text\" for=\"quform_13_8_3c1f92\">Adresse \u00e9lectronique<span class=\"quform-required\">*<\/span><\/label><\/div><div class=\"quform-inner quform-inner-email quform-inner-13_8\"><div class=\"quform-input quform-input-email quform-input-13_8 quform-cf\"><input type=\"email\" id=\"quform_13_8_3c1f92\" name=\"quform_13_8\" class=\"quform-field quform-field-email quform-field-13_8\" \/><\/div><\/div><\/div><\/div><div class=\"quform-element quform-element-text quform-element-13_9 quform-cf quform-element-required\"><div class=\"quform-spacer\"><div class=\"quform-label quform-label-13_9\"><span class=\"quform-label-icon\"><i class=\"fa fa-phone\"><\/i><\/span><label class=\"quform-label-text\" for=\"quform_13_9_3c1f92\">N\u00b0t\u00e9l\u00e9phone<span class=\"quform-required\">*<\/span><\/label><\/div><div class=\"quform-inner quform-inner-text quform-inner-13_9\"><div class=\"quform-input quform-input-text quform-input-13_9 quform-cf\"><input type=\"text\" id=\"quform_13_9_3c1f92\" name=\"quform_13_9\" class=\"quform-field quform-field-text quform-field-13_9\" \/><\/div><\/div><\/div><\/div><div class=\"quform-element quform-element-select quform-element-13_11 quform-cf quform-element-required\"><div class=\"quform-spacer\"><div class=\"quform-label quform-label-13_11\"><span class=\"quform-label-icon\"><i class=\"qicon-calendar\"><\/i><\/span><label class=\"quform-label-text\" for=\"quform_13_11_3c1f92\">Choix du cr\u00e9neau<span class=\"quform-required\">*<\/span><\/label><\/div><div class=\"quform-inner quform-inner-select quform-inner-13_11\"><div class=\"quform-input quform-input-select quform-input-13_11 quform-cf\"><select id=\"quform_13_11_3c1f92\" name=\"quform_13_11\" class=\"quform-field quform-field-select quform-field-13_11\"><option value=\"Jeudi 20h-21h (d\u00e9butant)\">Jeudi 20h-21h (d\u00e9butant)<\/option><option value=\"Jeudi  21h-22h (avanc\u00e9)\">Jeudi  21h-22h (avanc\u00e9)<\/option><option value=\"\" selected=\"selected\"><\/option><\/select><\/div><\/div><\/div><\/div><div class=\"quform-element quform-element-submit quform-element-13_2 quform-cf quform-button-style-theme\"><div class=\"quform-button-submit quform-button-submit-default quform-button-submit-13_2\"><button name=\"quform_submit\" type=\"submit\" class=\"quform-submit\" value=\"submit\"><span class=\"quform-button-text quform-button-submit-text\">Soumettre<\/span><\/button><\/div><div class=\"quform-loading quform-loading-position-left quform-loading-type-spinner-1\"><div class=\"quform-loading-inner\"><div class=\"quform-loading-spinner\"><div class=\"quform-loading-spinner-inner\"><\/div><\/div><\/div><\/div><\/div><div class=\"quform-element-tree\"><label for=\"quform_13_0_3c1f92\">Ce champ devrait \u00eatre laiss\u00e9 vide<\/label><input type=\"text\" id=\"quform_13_0_3c1f92\" name=\"quform_13_0\" class=\"quform-field quform-field-tree quform-field-13_0\" tabindex=\"-1\" autocomplete=\"off\" \/><\/div><\/div><\/div><\/div><\/div><\/form><\/div>\n\n\n\n<p><\/p>\n","protected":false},"excerpt":{"rendered":"","protected":false},"author":757,"featured_media":0,"parent":0,"menu_order":0,"comment_status":"closed","ping_status":"closed","template":"","meta":{"site-sidebar-layout":"default","site-content-layout":"","ast-site-content-layout":"default","site-content-style":"default","site-sidebar-style":"default","ast-global-header-display":"","ast-banner-title-visibility":"","ast-main-header-display":"","ast-hfb-above-header-display":"","ast-hfb-below-header-display":"","ast-hfb-mobile-header-display":"","site-post-title":"","ast-breadcrumbs-content":"","ast-featured-img":"","footer-sml-layout":"","ast-disable-related-posts":"","theme-transparent-header-meta":"","adv-header-id-meta":"","stick-header-meta":"","header-above-stick-meta":"","header-main-stick-meta":"","header-below-stick-meta":"","astra-migrate-meta-layouts":"default","ast-page-background-enabled":"default","ast-page-background-meta":{"desktop":{"background-color":"var(--ast-global-color-5)","background-image":"","background-repeat":"repeat","background-position":"center center","background-size":"auto","background-attachment":"scroll","background-type":"","background-media":"","overlay-type":"","overlay-color":"","overlay-opacity":"","overlay-gradient":""},"tablet":{"background-color":"","background-image":"","background-repeat":"repeat","background-position":"center center","background-size":"auto","background-attachment":"scroll","background-type":"","background-media":"","overlay-type":"","overlay-color":"","overlay-opacity":"","overlay-gradient":""},"mobile":{"background-color":"","background-image":"","background-repeat":"repeat","background-position":"center center","background-size":"auto","background-attachment":"scroll","background-type":"","background-media":"","overlay-type":"","overlay-color":"","overlay-opacity":"","overlay-gradient":""}},"ast-content-background-meta":{"desktop":{"background-color":"var(--ast-global-color-4)","background-image":"","background-repeat":"repeat","background-position":"center center","background-size":"auto","background-attachment":"scroll","background-type":"","background-media":"","overlay-type":"","overlay-color":"","overlay-opacity":"","overlay-gradient":""},"tablet":{"background-color":"var(--ast-global-color-4)","background-image":"","background-repeat":"repeat","background-position":"center center","background-size":"auto","background-attachment":"scroll","background-type":"","background-media":"","overlay-type":"","overlay-color":"","overlay-opacity":"","overlay-gradient":""},"mobile":{"background-color":"var(--ast-global-color-4)","background-image":"","background-repeat":"repeat","background-position":"center center","background-size":"auto","background-attachment":"scroll","background-type":"","background-media":"","overlay-type":"","overlay-color":"","overlay-opacity":"","overlay-gradient":""}}},"_links":{"self":[{"href":"https:\/\/campus.univ-lyon1.fr\/suaps\/wp-json\/wp\/v2\/pages\/455"}],"collection":[{"href":"https:\/\/campus.univ-lyon1.fr\/suaps\/wp-json\/wp\/v2\/pages"}],"about":[{"href":"https:\/\/campus.univ-lyon1.fr\/suaps\/wp-json\/wp\/v2\/types\/page"}],"author":[{"embeddable":true,"href":"https:\/\/campus.univ-lyon1.fr\/suaps\/wp-json\/wp\/v2\/users\/757"}],"replies":[{"embeddable":true,"href":"https:\/\/campus.univ-lyon1.fr\/suaps\/wp-json\/wp\/v2\/comments?post=455"}],"version-history":[{"count":3,"href":"https:\/\/campus.univ-lyon1.fr\/suaps\/wp-json\/wp\/v2\/pages\/455\/revisions"}],"predecessor-version":[{"id":458,"href":"https:\/\/campus.univ-lyon1.fr\/suaps\/wp-json\/wp\/v2\/pages\/455\/revisions\/458"}],"wp:attachment":[{"href":"https:\/\/campus.univ-lyon1.fr\/suaps\/wp-json\/wp\/v2\/media?parent=455"}],"curies":[{"name":"wp","href":"https:\/\/api.w.org\/{rel}","templated":true}]}}