{"id":4342,"date":"2018-07-23T15:20:35","date_gmt":"2018-07-23T13:20:35","guid":{"rendered":"http:\/\/campus.univ-lyon1.fr\/iutinfo\/?page_id=4342"},"modified":"2019-04-08T12:24:41","modified_gmt":"2019-04-08T10:24:41","slug":"recherche","status":"publish","type":"page","link":"https:\/\/campus.univ-lyon1.fr\/iutinfo\/recherche\/","title":{"rendered":"Recherche"},"content":{"rendered":"<p>[vc_row full_width=\u00a0\u00bbstretch_row\u00a0\u00bb content_placement=\u00a0\u00bbmiddle\u00a0\u00bb css=\u00a0\u00bb.vc_custom_1532352149405{background-image: url(http:\/\/campus.univ-lyon1.fr\/iutinfo\/files\/2018\/07\/Brou01.jpg?id=4280) !important;background-position: center !important;background-repeat: no-repeat !important;background-size: cover !important;}\u00a0\u00bb][vc_column][vc_column_text]<\/p>\n<h2 style=\"color: white\">Recherche<\/h2>\n<p>[\/vc_column_text][\/vc_column][\/vc_row][vc_row][vc_column width=\u00a0\u00bb1\/2&Prime;][vc_column_text]<\/p>\n<h3>Enseignants-Chercheurs<\/h3>\n<p style=\"text-align: justify\">Quelques enseignant.e.s du d\u00e9partement ont des activit\u00e9s de recherche dans leurs fonctions. Ces enseignant.e.s-chercheur.e.s sont rattach\u00e9.e.s au laboratoire <a href=\"http:\/\/liris.cnrs.fr\/\" target=\"_blank\" rel=\"noopener noreferrer\">LIRIS<\/a>.<\/p>\n<p>Liste des Enseignant.e.s-Chercheur.e.s par ordre alphab\u00e9tique :<\/p>\n<ul>\n<li><a href=\"https:\/\/perso.liris.cnrs.fr\/eric.duchene\/\" target=\"_blank\" rel=\"noopener noreferrer\">Eric Duchene<\/a><\/li>\n<li><a href=\"https:\/\/perso.liris.cnrs.fr\/brice.effantin\/\" target=\"_blank\" rel=\"noopener noreferrer\">Brice Effantin<\/a><\/li>\n<li><a href=\"http:\/\/perso.univ-lyon1.fr\/jean-philippe.farrugia\/\" target=\"_blank\" rel=\"noopener noreferrer\">Jean-Philippe Farrugia<\/a><\/li>\n<li><a href=\"https:\/\/perso.liris.cnrs.fr\/fabrice.jaillet\/\" target=\"_blank\" rel=\"noopener noreferrer\">Fabrice Jaillet<\/a><\/li>\n<li><a href=\"https:\/\/perso.liris.cnrs.fr\/hamida.seba\/\" target=\"_blank\" rel=\"noopener noreferrer\">Hamida Lagraa<\/a><\/li>\n<li><a href=\"https:\/\/perso.liris.cnrs.fr\/victor.ostromoukhov\/\" target=\"_blank\" rel=\"noopener noreferrer\">Victor Ostromoukhov<\/a><\/li>\n<li><a href=\"https:\/\/perso.liris.cnrs.fr\/apeytavi\/\" target=\"_blank\" rel=\"noopener noreferrer\">Adrien Peytavie<\/a><\/li>\n<li>Bruno Tellez<\/li>\n<\/ul>\n<p>[\/vc_column_text][\/vc_column][vc_column width=\u00a0\u00bb1\/2&Prime;][\/vc_column][\/vc_row][vc_row][vc_column][vc_column_text]<\/p>\n<h3>Projets du d\u00e9partement<\/h3>\n<p>[\/vc_column_text][vc_row_inner][vc_column_inner width=\u00a0\u00bb1\/3&Prime;][vc_column_text]<\/p>\n<h4>Brou<\/h4>\n<p style=\"text-align: justify\">Le d\u00e9partement a d\u00e9velopp\u00e9 une application de visite virtuelle du monast\u00e8re de Brou en r\u00e9alit\u00e9 virtuelle.<\/p>\n<p style=\"text-align: center\"><a href=\"http:\/\/campus.univ-lyon1.fr\/iutinfo\/files\/2018\/07\/Brou_Kevin.mov\" target=\"_blank\" rel=\"noopener noreferrer\">Brou_Kevin<\/a><\/p>\n<p>[\/vc_column_text][vc_column_text]<\/p>\n<p style=\"text-align: justify\">Nous avons aussi d\u00e9velopp\u00e9 plusieurs sites et applications mobiles pour l\u2019exposition \u00ab\u00a0quel chantier !\u00a0\u00bb. La deuxi\u00e8me vid\u00e9o, \u00ab\u00a0video_construction\u00a0\u00bb, montre une capture d\u2019une application sur tablette qui permet de visualiser les diff\u00e9rentes \u00e9tapes de la construction du monast\u00e8re.<\/p>\n<p style=\"text-align: center\"><a href=\"http:\/\/campus.univ-lyon1.fr\/iutinfo\/files\/2018\/07\/Video_Construction.mov\" target=\"_blank\" rel=\"noopener noreferrer\">Video_Construction<\/a><\/p>\n<p>[\/vc_column_text][\/vc_column_inner][vc_column_inner width=\u00a0\u00bb1\/3&Prime;][vc_column_text]<\/p>\n<h4><strong>Germolles <\/strong><\/h4>\n<p style=\"text-align: justify\">Nous avons d\u00e9velopp\u00e9 une application sur tablette qui permet de visualiser, en r\u00e9alit\u00e9 augment\u00e9e, les dorures disparues de la garde robe de Marguerite de Bavi\u00e8re, au chateau de Germolles en Bourgogne. Comme pour Brou, l\u2019application a \u00e9t\u00e9 d\u00e9ploy\u00e9e sur site.<\/p>\n<p style=\"text-align: center\"><a href=\"http:\/\/campus.univ-lyon1.fr\/iutinfo\/files\/2018\/07\/Germolles.mov\" target=\"_blank\" rel=\"noopener noreferrer\">Germolles<\/a><\/p>\n<p>[\/vc_column_text][\/vc_column_inner][vc_column_inner width=\u00a0\u00bb1\/3&Prime;][vc_column_text]<\/p>\n<h4><strong>Virtual Haus<br \/>\n<\/strong><\/h4>\n<p style=\"text-align: justify\">Virtual Haus est une application collaborative en r\u00e9alit\u00e9 mixte qui utilise \u00e0 la fois la r\u00e9alit\u00e9 augment\u00e9e et la r\u00e9alit\u00e9 virtuelle. Le but est de meubler l\u2019appartement de Mozart, vide \u00e0 l\u2019heure actuelle, afin de pouvoir formuler des hypoth\u00e8ses historiques. Un utilisateur \u00ab\u00a0visiteur\u00a0\u00bb est en r\u00e9alit\u00e9 virtuelle en immersion dans l\u2019appartement, pendant qu\u2019un autre utilisateur \u00ab\u00a0superviseur\u00a0\u00bb visualise une maquette num\u00e9rique de l\u2019appartement en r\u00e9alit\u00e9 augment\u00e9e. Le superviseur peut ajouter des meubles en pla\u00e7ant directement sur la maquette num\u00e9rique des marqueurs, et cela met \u00e0 jour le mod\u00e8le inter activement pour le visiteur.<\/p>\n<p>[\/vc_column_text][vc_video link=\u00a0\u00bbhttps:\/\/www.youtube.com\/watch?v=Gz3Orv7AWSI\u00a0\u00bb align=\u00a0\u00bbcenter\u00a0\u00bb][\/vc_column_inner][\/vc_row_inner][\/vc_column][\/vc_row]<\/p>\n","protected":false},"excerpt":{"rendered":"<p>[vc_row full_width=\u00a0\u00bbstretch_row\u00a0\u00bb content_placement=\u00a0\u00bbmiddle\u00a0\u00bb css=\u00a0\u00bb.vc_custom_1532352149405{background-image: url(http:\/\/campus.univ-lyon1.fr\/iutinfo\/files\/2018\/07\/Brou01.jpg?id=4280) !important;background-position: center !important;background-repeat: no-repeat !important;background-size: cover !important;}\u00a0\u00bb][vc_column][vc_column_text] Recherche [\/vc_column_text][\/vc_column][\/vc_row][vc_row][vc_column width=\u00a0\u00bb1\/2&Prime;][vc_column_text] Enseignants-Chercheurs Quelques enseignant.e.s du d\u00e9partement ont des activit\u00e9s de recherche dans leurs fonctions. Ces enseignant.e.s-chercheur.e.s sont rattach\u00e9.e.s au laboratoire LIRIS. Liste des Enseignant.e.s-Chercheur.e.s par ordre alphab\u00e9tique : Eric Duchene Brice Effantin Jean-Philippe Farrugia Fabrice Jaillet Hamida Lagraa Victor Ostromoukhov Adrien [&hellip;]<\/p>\n","protected":false},"author":1065,"featured_media":0,"parent":0,"menu_order":0,"comment_status":"closed","ping_status":"closed","template":"","meta":[],"_links":{"self":[{"href":"https:\/\/campus.univ-lyon1.fr\/iutinfo\/wp-json\/wp\/v2\/pages\/4342"}],"collection":[{"href":"https:\/\/campus.univ-lyon1.fr\/iutinfo\/wp-json\/wp\/v2\/pages"}],"about":[{"href":"https:\/\/campus.univ-lyon1.fr\/iutinfo\/wp-json\/wp\/v2\/types\/page"}],"author":[{"embeddable":true,"href":"https:\/\/campus.univ-lyon1.fr\/iutinfo\/wp-json\/wp\/v2\/users\/1065"}],"replies":[{"embeddable":true,"href":"https:\/\/campus.univ-lyon1.fr\/iutinfo\/wp-json\/wp\/v2\/comments?post=4342"}],"version-history":[{"count":0,"href":"https:\/\/campus.univ-lyon1.fr\/iutinfo\/wp-json\/wp\/v2\/pages\/4342\/revisions"}],"wp:attachment":[{"href":"https:\/\/campus.univ-lyon1.fr\/iutinfo\/wp-json\/wp\/v2\/media?parent=4342"}],"curies":[{"name":"wp","href":"https:\/\/api.w.org\/{rel}","templated":true}]}}