{"id":4335,"date":"2018-07-23T14:53:36","date_gmt":"2018-07-23T12:53:36","guid":{"rendered":"http:\/\/campus.univ-lyon1.fr\/iutinfo\/?page_id=4335"},"modified":"2019-04-08T12:26:51","modified_gmt":"2019-04-08T10:26:51","slug":"adib","status":"publish","type":"page","link":"https:\/\/campus.univ-lyon1.fr\/iutinfo\/adib\/","title":{"rendered":"ADIB"},"content":{"rendered":"<p>[vc_row full_width=\u00a0\u00bbstretch_row\u00a0\u00bb content_placement=\u00a0\u00bbmiddle\u00a0\u00bb css=\u00a0\u00bb.vc_custom_1543305278644{background-image: url(http:\/\/campus.univ-lyon1.fr\/iutinfo\/files\/2018\/07\/Windsor-Castle.jpg?id=4345) !important;background-position: center !important;background-repeat: no-repeat !important;background-size: cover !important;}\u00a0\u00bb][vc_column][vc_column_text]<\/p>\n<h2 style=\"color: white\">Association ADIB<\/h2>\n<p>[\/vc_column_text][\/vc_column][\/vc_row][vc_row][vc_column][vc_column_text]<\/p>\n<p style=\"text-align: justify\">L\u2019association du d\u00e9partement informatique de Bourg en\u00a0 Bresse organise chaque ann\u00e9e depuis 4 ans un voyage p\u00e9dagogique au Royaume-Uni autour de l\u2019informatique avec les \u00e9tudiants de 2<sup>e<\/sup> ann\u00e9e. Parmi les diff\u00e9rentes visites on retrouve des mus\u00e9es ax\u00e9s sur l\u2019informatique comme le mus\u00e9e sur les jeux vid\u00e9o \u00e0 Cambridge, le mus\u00e9e des sciences \u00e0 Londres, le mus\u00e9e Alan Turing \u00e0 Milton Keynes, ainsi que des visites culturelles : Windsor castle, Christ Church college, British museum\u2026 le logement se fait en auberge de jeunesse afin de favoriser la coh\u00e9sion du groupe entre \u00e9tudiant.e.s et enseignant.e.s.<\/p>\n<p>[\/vc_column_text][vc_row_inner][vc_column_inner width=\u00a0\u00bb1\/2&Prime;][vc_column_text]<\/p>\n<h3><\/h3>\n<h3><strong>Trip to Oxford 2018<\/strong><\/h3>\n<p>[\/vc_column_text][vc_single_image image=\u00a0\u00bb4336&Prime; img_size=\u00a0\u00bbfull\u00a0\u00bb][\/vc_column_inner][vc_column_inner width=\u00a0\u00bb1\/2&Prime;][\/vc_column_inner][\/vc_row_inner][\/vc_column][\/vc_row]<\/p>\n","protected":false},"excerpt":{"rendered":"<p>[vc_row full_width=\u00a0\u00bbstretch_row\u00a0\u00bb content_placement=\u00a0\u00bbmiddle\u00a0\u00bb css=\u00a0\u00bb.vc_custom_1543305278644{background-image: url(http:\/\/campus.univ-lyon1.fr\/iutinfo\/files\/2018\/07\/Windsor-Castle.jpg?id=4345) !important;background-position: center !important;background-repeat: no-repeat !important;background-size: cover !important;}\u00a0\u00bb][vc_column][vc_column_text] Association ADIB [\/vc_column_text][\/vc_column][\/vc_row][vc_row][vc_column][vc_column_text] L\u2019association du d\u00e9partement informatique de Bourg en\u00a0 Bresse organise chaque ann\u00e9e depuis 4 ans un voyage p\u00e9dagogique au Royaume-Uni autour de l\u2019informatique avec les \u00e9tudiants de 2e ann\u00e9e. Parmi les diff\u00e9rentes visites on retrouve des mus\u00e9es ax\u00e9s sur l\u2019informatique comme [&hellip;]<\/p>\n","protected":false},"author":1065,"featured_media":0,"parent":0,"menu_order":0,"comment_status":"closed","ping_status":"closed","template":"","meta":[],"_links":{"self":[{"href":"https:\/\/campus.univ-lyon1.fr\/iutinfo\/wp-json\/wp\/v2\/pages\/4335"}],"collection":[{"href":"https:\/\/campus.univ-lyon1.fr\/iutinfo\/wp-json\/wp\/v2\/pages"}],"about":[{"href":"https:\/\/campus.univ-lyon1.fr\/iutinfo\/wp-json\/wp\/v2\/types\/page"}],"author":[{"embeddable":true,"href":"https:\/\/campus.univ-lyon1.fr\/iutinfo\/wp-json\/wp\/v2\/users\/1065"}],"replies":[{"embeddable":true,"href":"https:\/\/campus.univ-lyon1.fr\/iutinfo\/wp-json\/wp\/v2\/comments?post=4335"}],"version-history":[{"count":0,"href":"https:\/\/campus.univ-lyon1.fr\/iutinfo\/wp-json\/wp\/v2\/pages\/4335\/revisions"}],"wp:attachment":[{"href":"https:\/\/campus.univ-lyon1.fr\/iutinfo\/wp-json\/wp\/v2\/media?parent=4335"}],"curies":[{"name":"wp","href":"https:\/\/api.w.org\/{rel}","templated":true}]}}