{"id":4274,"date":"2018-07-16T09:03:38","date_gmt":"2018-07-16T07:03:38","guid":{"rendered":"http:\/\/campus.univ-lyon1.fr\/iutinfo\/?page_id=4274"},"modified":"2019-04-08T12:23:01","modified_gmt":"2019-04-08T10:23:01","slug":"activites","status":"publish","type":"page","link":"https:\/\/campus.univ-lyon1.fr\/iutinfo\/activites\/","title":{"rendered":"Activit\u00e9s"},"content":{"rendered":"<p>[vc_row full_width=\u00a0\u00bbstretch_row\u00a0\u00bb content_placement=\u00a0\u00bbmiddle\u00a0\u00bb css=\u00a0\u00bb.vc_custom_1531726196894{background-image: url(http:\/\/campus.univ-lyon1.fr\/iutinfo\/files\/2018\/07\/IMG_1747.jpg?id=4281) !important;background-position: center !important;background-repeat: no-repeat !important;background-size: cover !important;}\u00a0\u00bb][vc_column][vc_column_text]<\/p>\n<h2 style=\"color: white\">Activit\u00e9s du d\u00e9partement<\/h2>\n<p>[\/vc_column_text][\/vc_column][\/vc_row][vc_row][vc_column width=\u00a0\u00bb1\/2&Prime;][vc_column_text]<\/p>\n<h3>Activit\u00e9s de recherche<\/h3>\n<p>Certains des enseignant.e.s du d\u00e9partement ont aussi des activit\u00e9s de recherche dans leur fonctions. L\u2019ensemble des enseignant.e.s-chercheur.e.s sont rattach\u00e9.e.s au laboratoire <a href=\"http:\/\/liris.cnrs.fr\/\" target=\"_blank\" rel=\"noopener noreferrer\">LIRIS<\/a>.<\/p>\n<p style=\"text-align: center\"><a href=\"http:\/\/campus.univ-lyon1.fr\/iutinfo\/recherche\/\">Plus d&rsquo;informations&#8230;<\/a><\/p>\n<p>[\/vc_column_text][\/vc_column][vc_column width=\u00a0\u00bb1\/2&Prime;][vc_column_text]<\/p>\n<h3>F\u00eate de la Science<\/h3>\n<p style=\"text-align: justify\">Le d\u00e9partement informatique participe depuis 15 ans \u00e0 la f\u00eate de la Science. La f\u00eate de la Science est un \u00e9v\u00e9nement de m\u00e9diation scientifique qui, au travers d\u2019expositions, d\u2019ateliers de manipulation, de d\u00e9monstrations permet de faire la promotion de la Science aupr\u00e8s du grand public. Pour le d\u00e9partement, il s\u2019agit d\u2019expliquer l\u2019informatique, outil qui est un \u00e9l\u00e9ment essentiel de notre quotidien mais dont on ne connait pas toujours le fonctionnement r\u00e9el, interne. Pour nous, il s\u2019agit de montrer le savoir-faire du d\u00e9partement dans le cadre des formations, des projets d\u2019\u00e9tudiant.e.s et des activit\u00e9s de recherche de ses enseignant.e.s. En 2018, ce sont plus de 40 \u00e9tudiant.e.s du d\u00e9partement et leur \u00e9quipe enseignante qui ont pr\u00e9sent\u00e9 des projets autour de Rapsberry Pi, ordinateurs \u00e0 bas cout (domotique, robotique, \u2026), des d\u00e9monstrations autour de r\u00e9alit\u00e9 augment\u00e9e et une application de visite virtuelle du monast\u00e8re Royal de Brou d\u00e9velopp\u00e9 par le d\u00e9partement.<\/p>\n<p>[\/vc_column_text][\/vc_column][\/vc_row][vc_row][vc_column width=\u00a0\u00bb1\/2&Prime;][vc_column_text]<\/p>\n<h3>ADIB<\/h3>\n<p style=\"text-align: justify\">L\u2019association du d\u00e9partement informatique de Bourg en Bresse organise chaque ann\u00e9e depuis 4 ans un voyage p\u00e9dagogique au Royaume-Uni autour de l\u2019informatique avec les \u00e9tudiants de 2<sup>e<\/sup> ann\u00e9e. Parmi les diff\u00e9rentes visites on retrouve des mus\u00e9es ax\u00e9s sur l\u2019informatique comme le mus\u00e9e sur les jeux vid\u00e9o \u00e0 Cambridge, le mus\u00e9e des sciences \u00e0 Londres, le mus\u00e9e Alan Turing \u00e0 Milton Keynes, ainsi que des visites culturelles : Windsor castle, Christ Church college, British museum\u2026 le logement se fait en auberge de jeunesse afin de favoriser la coh\u00e9sion du groupe entre \u00e9tudiant.e.s et enseignant.e.s.<\/p>\n<p style=\"text-align: center\"><a href=\"http:\/\/campus.univ-lyon1.fr\/iutinfo\/adib\/\">Plus d&rsquo;informations&#8230;<\/a><\/p>\n<p>[\/vc_column_text][\/vc_column][vc_column width=\u00a0\u00bb1\/2&Prime;][\/vc_column][\/vc_row]<\/p>\n","protected":false},"excerpt":{"rendered":"<p>[vc_row full_width=\u00a0\u00bbstretch_row\u00a0\u00bb content_placement=\u00a0\u00bbmiddle\u00a0\u00bb css=\u00a0\u00bb.vc_custom_1531726196894{background-image: url(http:\/\/campus.univ-lyon1.fr\/iutinfo\/files\/2018\/07\/IMG_1747.jpg?id=4281) !important;background-position: center !important;background-repeat: no-repeat !important;background-size: cover !important;}\u00a0\u00bb][vc_column][vc_column_text] Activit\u00e9s du d\u00e9partement [\/vc_column_text][\/vc_column][\/vc_row][vc_row][vc_column width=\u00a0\u00bb1\/2&Prime;][vc_column_text] Activit\u00e9s de recherche Certains des enseignant.e.s du d\u00e9partement ont aussi des activit\u00e9s de recherche dans leur fonctions. L\u2019ensemble des enseignant.e.s-chercheur.e.s sont rattach\u00e9.e.s au laboratoire LIRIS. Plus d&rsquo;informations&#8230; [\/vc_column_text][\/vc_column][vc_column width=\u00a0\u00bb1\/2&Prime;][vc_column_text] F\u00eate de la Science Le d\u00e9partement informatique participe depuis [&hellip;]<\/p>\n","protected":false},"author":1065,"featured_media":0,"parent":0,"menu_order":0,"comment_status":"closed","ping_status":"closed","template":"","meta":[],"_links":{"self":[{"href":"https:\/\/campus.univ-lyon1.fr\/iutinfo\/wp-json\/wp\/v2\/pages\/4274"}],"collection":[{"href":"https:\/\/campus.univ-lyon1.fr\/iutinfo\/wp-json\/wp\/v2\/pages"}],"about":[{"href":"https:\/\/campus.univ-lyon1.fr\/iutinfo\/wp-json\/wp\/v2\/types\/page"}],"author":[{"embeddable":true,"href":"https:\/\/campus.univ-lyon1.fr\/iutinfo\/wp-json\/wp\/v2\/users\/1065"}],"replies":[{"embeddable":true,"href":"https:\/\/campus.univ-lyon1.fr\/iutinfo\/wp-json\/wp\/v2\/comments?post=4274"}],"version-history":[{"count":0,"href":"https:\/\/campus.univ-lyon1.fr\/iutinfo\/wp-json\/wp\/v2\/pages\/4274\/revisions"}],"wp:attachment":[{"href":"https:\/\/campus.univ-lyon1.fr\/iutinfo\/wp-json\/wp\/v2\/media?parent=4274"}],"curies":[{"name":"wp","href":"https:\/\/api.w.org\/{rel}","templated":true}]}}