{"id":6,"date":"2019-12-13T10:54:56","date_gmt":"2019-12-13T09:54:56","guid":{"rendered":"https:\/\/campus.univ-lyon1.fr\/deontologie\/?page_id=6"},"modified":"2022-03-29T11:29:49","modified_gmt":"2022-03-29T09:29:49","slug":"formulaire","status":"publish","type":"page","link":"https:\/\/campus.univ-lyon1.fr\/deontologie\/","title":{"rendered":"Formulaire"},"content":{"rendered":"\n<p><em>La gestion des signalements est une des missions du coll\u00e8ge D\u00e9ontologie de l&rsquo;Universit\u00e9 Claude Bernard Lyon 1. Ses missions sont \u00e0 retrouver sur :  <\/em><a href=\"https:\/\/www.univ-lyon1.fr\/universite\/nos-engagements\/ethique-et-deontologie\/deontologie-les-missions-du-college-de-l-universite-1013081.kjsp\"><em>https:\/\/www.univ-lyon1.fr\/universite\/nos-engagements\/ethique-et-deontologie\/deontologie-les-missions-du-college-de-l-universite-1013081.kjsp<\/em><\/a><em> <\/em><\/p>\n\n\n<div id=\"quform-e576a1\" class=\"quform quform-1 quform-support-page-caching\"><form id=\"quform-form-e576a1\" class=\"quform-form quform-form-1\" action=\"\/deontologie\/wp-json\/wp\/v2\/pages\/6#quform-e576a1\" method=\"post\" enctype=\"multipart\/form-data\" novalidate=\"novalidate\" data-options=\"{&quot;id&quot;:1,&quot;uniqueId&quot;:&quot;e576a1&quot;,&quot;theme&quot;:&quot;&quot;,&quot;ajax&quot;:true,&quot;logic&quot;:{&quot;logic&quot;:{&quot;3&quot;:{&quot;action&quot;:true,&quot;match&quot;:&quot;all&quot;,&quot;rules&quot;:[{&quot;elementId&quot;:&quot;4&quot;,&quot;operator&quot;:&quot;eq&quot;,&quot;optionId&quot;:&quot;2&quot;,&quot;value&quot;:&quot;Non&quot;}]},&quot;8&quot;:{&quot;action&quot;:true,&quot;match&quot;:&quot;all&quot;,&quot;rules&quot;:[{&quot;elementId&quot;:&quot;4&quot;,&quot;operator&quot;:&quot;eq&quot;,&quot;optionId&quot;:&quot;2&quot;,&quot;value&quot;:&quot;Non&quot;}]},&quot;5&quot;:{&quot;action&quot;:true,&quot;match&quot;:&quot;all&quot;,&quot;rules&quot;:[{&quot;elementId&quot;:&quot;4&quot;,&quot;operator&quot;:&quot;eq&quot;,&quot;optionId&quot;:&quot;2&quot;,&quot;value&quot;:&quot;Non&quot;}]}},&quot;dependents&quot;:{&quot;4&quot;:[3,8,5]},&quot;elementIds&quot;:[3,8,5],&quot;dependentElementIds&quot;:[&quot;4&quot;],&quot;animate&quot;:true},&quot;currentPageId&quot;:1,&quot;errorsIcon&quot;:&quot;&quot;,&quot;updateFancybox&quot;:true,&quot;hasPages&quot;:false,&quot;pages&quot;:[1],&quot;pageProgressType&quot;:&quot;numbers&quot;,&quot;tooltipsEnabled&quot;:true,&quot;tooltipClasses&quot;:&quot;qtip-quform-dark qtip-shadow&quot;,&quot;tooltipMy&quot;:&quot;left center&quot;,&quot;tooltipAt&quot;:&quot;right center&quot;,&quot;isRtl&quot;:false,&quot;scrollOffset&quot;:-50,&quot;scrollSpeed&quot;:800}\"><button class=\"quform-default-submit\" name=\"quform_submit\" type=\"submit\" value=\"submit\" aria-hidden=\"true\" tabindex=\"-1\"><\/button><div class=\"quform-form-inner quform-form-inner-1\"><input type=\"hidden\" name=\"quform_form_id\" value=\"1\" \/><input type=\"hidden\" name=\"quform_form_uid\" value=\"e576a1\" \/><input type=\"hidden\" name=\"quform_count\" value=\"1\" \/><input type=\"hidden\" name=\"form_url\" value=\"https:\/\/campus.univ-lyon1.fr\/deontologie\/wp-json\/wp\/v2\/pages\/6\" \/><input type=\"hidden\" name=\"referring_url\" value=\"\" \/><input type=\"hidden\" name=\"post_id\" value=\"\" \/><input type=\"hidden\" name=\"post_title\" value=\"\" \/><input type=\"hidden\" name=\"quform_current_page_id\" value=\"1\" \/><input type=\"hidden\" name=\"quform_csrf_token\" value=\"0eCcLguWwDRrzkCRQZQ2xWNOpouobJjOkacRqDjT\" \/><div class=\"quform-elements quform-elements-1 quform-cf quform-responsive-elements-phone-landscape\"><div class=\"quform-element quform-element-page quform-page-1 quform-page-1_1 quform-cf quform-group-style-plain quform-first-page quform-last-page quform-current-page\"><div class=\"quform-child-elements\"><div class=\"quform-element quform-element-radio quform-element-1_4 quform-cf quform-element-optional\"><div class=\"quform-spacer\"><div class=\"quform-label quform-label-1_4\"><label class=\"quform-label-text\" id=\"quform_1_4_e576a1_label\">Votre signalement est-il anonyme?<\/label><\/div><div class=\"quform-inner quform-inner-radio quform-inner-1_4\"><div class=\"quform-input quform-input-radio quform-input-1_4 quform-cf\"><div class=\"quform-options quform-cf quform-options-block quform-options-simple\" role=\"radiogroup\" aria-labelledby=\"quform_1_4_e576a1_label\"><div class=\"quform-option\"><input type=\"radio\" name=\"quform_1_4\" id=\"quform_1_4_e576a1_1\" class=\"quform-field quform-field-radio quform-field-1_4 quform-field-1_4_1\" value=\"Oui\" \/><label for=\"quform_1_4_e576a1_1\" class=\"quform-option-label quform-option-label-1_4_1\"><span class=\"quform-option-text\">Oui<\/span><\/label><\/div><div class=\"quform-option\"><input type=\"radio\" name=\"quform_1_4\" id=\"quform_1_4_e576a1_2\" class=\"quform-field quform-field-radio quform-field-1_4 quform-field-1_4_2\" value=\"Non\" \/><label for=\"quform_1_4_e576a1_2\" class=\"quform-option-label quform-option-label-1_4_2\"><span class=\"quform-option-text\">Non<\/span><\/label><\/div><\/div><\/div><p class=\"quform-description quform-description-below\">Pour les signalements anonymes, il est \u00e9galement possible de contacter le coll\u00e8ge par courrier postal<\/p><\/div><\/div><\/div><div class=\"quform-element quform-element-text quform-element-1_3 quform-cf quform-element-optional\"><div class=\"quform-spacer\"><div class=\"quform-label quform-label-1_3\"><label class=\"quform-label-text\" for=\"quform_1_3_e576a1\">Nom &amp; Pr\u00e9nom<\/label><\/div><div class=\"quform-inner quform-inner-text quform-inner-1_3\"><div class=\"quform-input quform-input-text quform-input-1_3 quform-cf\"><input type=\"text\" id=\"quform_1_3_e576a1\" name=\"quform_1_3\" class=\"quform-field quform-field-text quform-field-1_3\" \/><\/div><\/div><\/div><\/div><div class=\"quform-element quform-element-text quform-element-1_8 quform-cf quform-element-optional\"><div class=\"quform-spacer\"><div class=\"quform-label quform-label-1_8\"><label class=\"quform-label-text\" for=\"quform_1_8_e576a1\">Nom &amp; Pr\u00e9nom<\/label><\/div><div class=\"quform-inner quform-inner-text quform-inner-1_8\"><div class=\"quform-input quform-input-text quform-input-1_8 quform-cf\"><input type=\"text\" id=\"quform_1_8_e576a1\" name=\"quform_1_8\" class=\"quform-field quform-field-text quform-field-1_8\" \/><\/div><\/div><\/div><\/div><div class=\"quform-element quform-element-text quform-element-1_5 quform-cf quform-element-optional\"><div class=\"quform-spacer\"><div class=\"quform-label quform-label-1_5\"><label class=\"quform-label-text\" for=\"quform_1_5_e576a1\">T\u00e9l\u00e9phone<\/label><\/div><div class=\"quform-inner quform-inner-text quform-inner-1_5\"><div class=\"quform-input quform-input-text quform-input-1_5 quform-cf\"><input type=\"text\" id=\"quform_1_5_e576a1\" name=\"quform_1_5\" class=\"quform-field quform-field-text quform-field-1_5\" \/><\/div><\/div><\/div><\/div><div class=\"quform-element quform-element-textarea quform-element-1_6 quform-cf quform-element-required\"><div class=\"quform-spacer\"><div class=\"quform-label quform-label-1_6\"><label class=\"quform-label-text\" for=\"quform_1_6_e576a1\">Faits \u00e0 signaler<span class=\"quform-required\">*<\/span><\/label><\/div><div class=\"quform-inner quform-inner-textarea quform-inner-1_6\"><div class=\"quform-input quform-input-textarea quform-input-1_6 quform-cf\"><textarea id=\"quform_1_6_e576a1\" name=\"quform_1_6\" class=\"quform-field quform-field-textarea quform-field-1_6\"><\/textarea><\/div><\/div><\/div><\/div><div class=\"quform-element quform-element-file quform-element-1_7 quform-cf quform-element-optional\"><div class=\"quform-spacer\"><div class=\"quform-label quform-label-1_7\"><label class=\"quform-label-text\" for=\"quform_1_7_e576a1\">Envoyer un ou plusieurs fichiers compl\u00e9mentaires<\/label><\/div><div class=\"quform-inner quform-inner-file quform-inner-1_7\"><div class=\"quform-input quform-input-file quform-input-1_7 quform-cf quform-button-style-theme\"><input type=\"file\" id=\"quform_1_7_e576a1\" name=\"quform_1_7[]\" class=\"quform-field quform-field-file quform-field-1_7 quform-field-file-enhanced\" multiple data-config=\"{&quot;id&quot;:7,&quot;identifier&quot;:&quot;1_7&quot;,&quot;name&quot;:&quot;quform_1_7&quot;,&quot;max&quot;:5,&quot;size&quot;:10485760,&quot;allowedExtensions&quot;:[&quot;jpg&quot;,&quot;jpeg&quot;,&quot;png&quot;,&quot;gif&quot;,&quot;doc&quot;,&quot;docx&quot;,&quot;odt&quot;,&quot;csv&quot;],&quot;notAllowedTypeWithFilename&quot;:&quot;Type de fichier \\u00ab %filename% \\u00bb non autoris\\u00e9&quot;,&quot;tooBigWithFilename&quot;:&quot;Le fichier \\u00ab %filename% \\u00bb d\\u00e9passe la taille maximale de fichier autoris\\u00e9e&quot;,&quot;tooMany&quot;:&quot;Vous ne pouvez pas envoyer plus de %max% fichier(s)&quot;,&quot;buttonType&quot;:&quot;button&quot;,&quot;buttonText&quot;:&quot;Parcourir...&quot;,&quot;buttonIcon&quot;:&quot;qicon-file_upload&quot;,&quot;buttonIconPosition&quot;:&quot;right&quot;}\" \/><\/div><\/div><\/div><\/div><div class=\"quform-element quform-element-submit quform-element-1_2 quform-cf quform-button-style-theme\"><div class=\"quform-button-submit quform-button-submit-default quform-button-submit-1_2\"><button name=\"quform_submit\" type=\"submit\" class=\"quform-submit\" value=\"submit\"><span class=\"quform-button-text quform-button-submit-text\">Soumettre<\/span><\/button><\/div><div class=\"quform-loading quform-loading-position-left quform-loading-type-spinner-1\"><div class=\"quform-loading-inner\"><div class=\"quform-loading-spinner\"><div class=\"quform-loading-spinner-inner\"><\/div><\/div><\/div><\/div><\/div><div class=\"quform-element-tree\"><label for=\"quform_1_0_e576a1\">Ce champ devrait \u00eatre laiss\u00e9 vide<\/label><input type=\"text\" id=\"quform_1_0_e576a1\" name=\"quform_1_0\" class=\"quform-field quform-field-tree quform-field-1_0\" tabindex=\"-1\" autocomplete=\"off\" \/><\/div><\/div><\/div><\/div><div class=\"quform-upload-progress-wrap\"><div class=\"quform-upload-progress-bar-wrap\"><div class=\"quform-upload-progress-bar\"><\/div><\/div><div class=\"quform-upload-info quform-cf\"><div class=\"quform-upload-filename\"><\/div><\/div><\/div><\/div><\/form><\/div>\n\n\n\n<p><\/p>\n","protected":false},"excerpt":{"rendered":"<p>La gestion des signalements est une des missions du coll\u00e8ge D\u00e9ontologie de l&rsquo;Universit\u00e9 Claude Bernard Lyon 1. Ses missions sont \u00e0 retrouver sur : https:\/\/www.univ-lyon1.fr\/universite\/nos-engagements\/ethique-et-deontologie\/deontologie-les-missions-du-college-de-l-universite-1013081.kjsp<\/p>\n","protected":false},"author":102,"featured_media":0,"parent":0,"menu_order":0,"comment_status":"closed","ping_status":"closed","template":"","meta":[],"_links":{"self":[{"href":"https:\/\/campus.univ-lyon1.fr\/deontologie\/wp-json\/wp\/v2\/pages\/6"}],"collection":[{"href":"https:\/\/campus.univ-lyon1.fr\/deontologie\/wp-json\/wp\/v2\/pages"}],"about":[{"href":"https:\/\/campus.univ-lyon1.fr\/deontologie\/wp-json\/wp\/v2\/types\/page"}],"author":[{"embeddable":true,"href":"https:\/\/campus.univ-lyon1.fr\/deontologie\/wp-json\/wp\/v2\/users\/102"}],"replies":[{"embeddable":true,"href":"https:\/\/campus.univ-lyon1.fr\/deontologie\/wp-json\/wp\/v2\/comments?post=6"}],"version-history":[{"count":1,"href":"https:\/\/campus.univ-lyon1.fr\/deontologie\/wp-json\/wp\/v2\/pages\/6\/revisions"}],"predecessor-version":[{"id":7,"href":"https:\/\/campus.univ-lyon1.fr\/deontologie\/wp-json\/wp\/v2\/pages\/6\/revisions\/7"}],"wp:attachment":[{"href":"https:\/\/campus.univ-lyon1.fr\/deontologie\/wp-json\/wp\/v2\/media?parent=6"}],"curies":[{"name":"wp","href":"https:\/\/api.w.org\/{rel}","templated":true}]}}