{"id":130,"date":"2024-09-17T15:52:06","date_gmt":"2024-09-17T13:52:06","guid":{"rendered":"https:\/\/campus.univ-lyon1.fr\/culture\/?page_id=130"},"modified":"2024-09-17T15:57:45","modified_gmt":"2024-09-17T13:57:45","slug":"inscription-aux-ateliers-de-pratique-artistique-2e-phase","status":"publish","type":"page","link":"https:\/\/campus.univ-lyon1.fr\/culture\/inscription-aux-ateliers-de-pratique-artistique-2e-phase\/","title":{"rendered":"Inscription aux ateliers de pratique artistique (2e phase)"},"content":{"rendered":"\n<p>Le formulaire ci-dessous vous permet de vous inscrire \u00e0 un atelier de pratique artistique. C&rsquo;est la deuxi\u00e8me phase des inscriptions, ce qui signifie que les ateliers d\u00e9j\u00e0 complets ne sont plus disponibles dans la liste. <\/p>\n\n\n\n<p><strong>Les inscriptions sont ouvertes uniquement pour les \u00e9tudiants, jusqu&rsquo;au lundi 23 septembre, 23 h 50.<\/strong><\/p>\n\n\n\n<p><\/p>\n\n\n\n<p>Participer \u00e0 une activit\u00e9, c&rsquo;est <strong>s&rsquo;investir tout au long de l&rsquo;ann\u00e9e<\/strong> dans des projets artistiques. Ces derniers seront mis en valeur lors du <a href=\"https:\/\/arthemiades.univ-lyon1.fr\/\">festival Les Arth\u00e9miades<\/a> en fin d&rsquo;ann\u00e9e (en mai). Les activit\u00e9s sont encadr\u00e9es par des artistes passionn\u00e9s dans leur domaine : des auteurs externes \u00e0 l&rsquo;universit\u00e9, des chefs d&rsquo;orchestre, des chor\u00e9graphes, des com\u00e9diens\u2026<\/p>\n\n\n\n<p>Pour conna\u00eetre les ateliers qui vous sont propos\u00e9s, consultez la page des activit\u00e9s artistiques sur le <a href=\"https:\/\/etu.univ-lyon1.fr\/activites\/culture\/activites-artistiques\">portail \u00e9tudiant<\/a>.<strong><mark class=\"has-inline-color has-luminous-vivid-amber-color\"><\/mark><\/strong><\/p>\n\n\nLa p\u00e9riode d&rsquo;inscription pour les ateliers de pratique artistique et culturelle de l&rsquo;universit\u00e9 Lyon 1 est close pour cette ann\u00e9e 2025-2026. (r\u00e9ouverture partielle en janvier 2026)","protected":false},"excerpt":{"rendered":"<p>Le formulaire ci-dessous vous permet de vous inscrire \u00e0 un atelier de pratique artistique. C&rsquo;est la deuxi\u00e8me phase des inscriptions, [&hellip;]<\/p>\n","protected":false},"author":2248,"featured_media":0,"parent":0,"menu_order":0,"comment_status":"closed","ping_status":"closed","template":"","meta":{"site-sidebar-layout":"default","site-content-layout":"","ast-site-content-layout":"default","site-content-style":"default","site-sidebar-style":"default","ast-global-header-display":"","ast-banner-title-visibility":"","ast-main-header-display":"","ast-hfb-above-header-display":"","ast-hfb-below-header-display":"","ast-hfb-mobile-header-display":"","site-post-title":"","ast-breadcrumbs-content":"","ast-featured-img":"","footer-sml-layout":"","ast-disable-related-posts":"","theme-transparent-header-meta":"","adv-header-id-meta":"","stick-header-meta":"","header-above-stick-meta":"","header-main-stick-meta":"","header-below-stick-meta":"","astra-migrate-meta-layouts":"default","ast-page-background-enabled":"default","ast-page-background-meta":{"desktop":{"background-color":"var(--ast-global-color-5)","background-image":"","background-repeat":"repeat","background-position":"center center","background-size":"auto","background-attachment":"scroll","background-type":"","background-media":"","overlay-type":"","overlay-color":"","overlay-opacity":"","overlay-gradient":""},"tablet":{"background-color":"","background-image":"","background-repeat":"repeat","background-position":"center center","background-size":"auto","background-attachment":"scroll","background-type":"","background-media":"","overlay-type":"","overlay-color":"","overlay-opacity":"","overlay-gradient":""},"mobile":{"background-color":"","background-image":"","background-repeat":"repeat","background-position":"center center","background-size":"auto","background-attachment":"scroll","background-type":"","background-media":"","overlay-type":"","overlay-color":"","overlay-opacity":"","overlay-gradient":""}},"ast-content-background-meta":{"desktop":{"background-color":"var(--ast-global-color-4)","background-image":"","background-repeat":"repeat","background-position":"center center","background-size":"auto","background-attachment":"scroll","background-type":"","background-media":"","overlay-type":"","overlay-color":"","overlay-opacity":"","overlay-gradient":""},"tablet":{"background-color":"var(--ast-global-color-4)","background-image":"","background-repeat":"repeat","background-position":"center center","background-size":"auto","background-attachment":"scroll","background-type":"","background-media":"","overlay-type":"","overlay-color":"","overlay-opacity":"","overlay-gradient":""},"mobile":{"background-color":"var(--ast-global-color-4)","background-image":"","background-repeat":"repeat","background-position":"center center","background-size":"auto","background-attachment":"scroll","background-type":"","background-media":"","overlay-type":"","overlay-color":"","overlay-opacity":"","overlay-gradient":""}}},"_links":{"self":[{"href":"https:\/\/campus.univ-lyon1.fr\/culture\/wp-json\/wp\/v2\/pages\/130"}],"collection":[{"href":"https:\/\/campus.univ-lyon1.fr\/culture\/wp-json\/wp\/v2\/pages"}],"about":[{"href":"https:\/\/campus.univ-lyon1.fr\/culture\/wp-json\/wp\/v2\/types\/page"}],"author":[{"embeddable":true,"href":"https:\/\/campus.univ-lyon1.fr\/culture\/wp-json\/wp\/v2\/users\/2248"}],"replies":[{"embeddable":true,"href":"https:\/\/campus.univ-lyon1.fr\/culture\/wp-json\/wp\/v2\/comments?post=130"}],"version-history":[{"count":3,"href":"https:\/\/campus.univ-lyon1.fr\/culture\/wp-json\/wp\/v2\/pages\/130\/revisions"}],"predecessor-version":[{"id":134,"href":"https:\/\/campus.univ-lyon1.fr\/culture\/wp-json\/wp\/v2\/pages\/130\/revisions\/134"}],"wp:attachment":[{"href":"https:\/\/campus.univ-lyon1.fr\/culture\/wp-json\/wp\/v2\/media?parent=130"}],"curies":[{"name":"wp","href":"https:\/\/api.w.org\/{rel}","templated":true}]}}