{"id":92,"date":"2022-09-16T19:14:58","date_gmt":"2022-09-16T17:14:58","guid":{"rendered":"https:\/\/campus.univ-lyon1.fr\/champignons\/?page_id=92"},"modified":"2023-12-14T00:51:49","modified_gmt":"2023-12-13T23:51:49","slug":"comestibilites","status":"publish","type":"page","link":"https:\/\/campus.univ-lyon1.fr\/champignons\/comestibilites\/","title":{"rendered":"Par comestibilit\u00e9"},"content":{"rendered":"\n<div class=\"wp-block-columns is-layout-flex wp-container-4\">\n<div class=\"wp-block-column is-layout-flow\" style=\"flex-basis:20%\">\n<figure class=\"wp-block-image size-full\"><img decoding=\"async\" loading=\"lazy\" width=\"1000\" height=\"1000\" src=\"https:\/\/campus.univ-lyon1.fr\/champignons\/files\/2023\/03\/Sans-titre-1.png\" alt=\"\" class=\"wp-image-3187\" srcset=\"https:\/\/campus.univ-lyon1.fr\/champignons\/files\/2023\/03\/Sans-titre-1.png 1000w, https:\/\/campus.univ-lyon1.fr\/champignons\/files\/2023\/03\/Sans-titre-1-300x300.png 300w, https:\/\/campus.univ-lyon1.fr\/champignons\/files\/2023\/03\/Sans-titre-1-150x150.png 150w, https:\/\/campus.univ-lyon1.fr\/champignons\/files\/2023\/03\/Sans-titre-1-768x768.png 768w\" sizes=\"(max-width: 1000px) 100vw, 1000px\" \/><\/figure>\n<\/div>\n\n\n\n<div class=\"wp-block-column is-vertically-aligned-center is-layout-flow\" style=\"flex-basis:60%\">\n<p class=\"has-text-align-center has-nv-c-2-color has-text-color\"><strong><em>La comestibilit\u00e9 d\u2019une esp\u00e8ce est directement li\u00e9e \u00e0 son identification exacte, selon des crit\u00e8res scientifiques. <\/em><br><em>L\u2019amateur ne devra jamais consommer de champignons en se basant sur sa propre d\u00e9termination uniquement r\u00e9alis\u00e9e \u00e0 l\u2019aide de photos ou de vid\u00e9os.<\/em><br><em>Il est dans tous les cas indispensable de faire contr\u00f4ler sa r\u00e9colte par un sp\u00e9cialiste pharmacien, enseignant ou mycologue<\/em>.<\/strong><\/p>\n<\/div>\n\n\n\n<div class=\"wp-block-column is-layout-flow\" style=\"flex-basis:20%\">\n<figure class=\"wp-block-image size-full\"><img decoding=\"async\" loading=\"lazy\" width=\"1000\" height=\"1000\" src=\"https:\/\/campus.univ-lyon1.fr\/champignons\/files\/2023\/03\/Sans-titre-1.png\" alt=\"\" class=\"wp-image-3187\" srcset=\"https:\/\/campus.univ-lyon1.fr\/champignons\/files\/2023\/03\/Sans-titre-1.png 1000w, https:\/\/campus.univ-lyon1.fr\/champignons\/files\/2023\/03\/Sans-titre-1-300x300.png 300w, https:\/\/campus.univ-lyon1.fr\/champignons\/files\/2023\/03\/Sans-titre-1-150x150.png 150w, https:\/\/campus.univ-lyon1.fr\/champignons\/files\/2023\/03\/Sans-titre-1-768x768.png 768w\" sizes=\"(max-width: 1000px) 100vw, 1000px\" \/><\/figure>\n<\/div>\n<\/div>\n\n\n\n<div class=\"wp-block-buttons has-custom-font-size has-medium-font-size is-horizontal is-content-justification-center is-layout-flex wp-container-5\">\n<div class=\"wp-block-button is-style-secondary\"><a class=\"wp-block-button__link wp-element-button\" href=\"https:\/\/campus.univ-lyon1.fr\/champignons\/conseil-de-cueillette\/\">Les conseils de ramassage<\/a><\/div>\n<\/div>\n\n\n\n<div style=\"height:40px\" aria-hidden=\"true\" class=\"wp-block-spacer\"><\/div>\n\n\n\n<div class=\"wp-block-columns alignwide is-layout-flex wp-container-11\">\n<div class=\"wp-block-column is-layout-flow\"><div class=\"wp-block-image\">\n<figure class=\"aligncenter size-full\"><img decoding=\"async\" loading=\"lazy\" width=\"185\" height=\"185\" src=\"https:\/\/campus.univ-lyon1.fr\/champignons\/files\/2023\/07\/icone-3toques.png\" alt=\"\" class=\"wp-image-3528\" srcset=\"https:\/\/campus.univ-lyon1.fr\/champignons\/files\/2023\/07\/icone-3toques.png 185w, https:\/\/campus.univ-lyon1.fr\/champignons\/files\/2023\/07\/icone-3toques-150x150.png 150w\" sizes=\"(max-width: 185px) 100vw, 185px\" \/><\/figure><\/div>\n\n\n<div style=\"height:10px\" aria-hidden=\"true\" class=\"wp-block-spacer\"><\/div>\n\n\n\n<h3 class=\"wp-block-heading has-text-align-center\"><a href=\"https:\/\/campus.univ-lyon1.fr\/champignons\/excellent-comestible\/\">Excellent comestible<\/a><\/h3>\n\n\n\n<div style=\"height:30px\" aria-hidden=\"true\" class=\"wp-block-spacer\"><\/div>\n<\/div>\n\n\n\n<div class=\"wp-block-column is-layout-flow\"><div class=\"wp-block-image\">\n<figure class=\"aligncenter size-full\"><img decoding=\"async\" loading=\"lazy\" width=\"185\" height=\"185\" src=\"https:\/\/campus.univ-lyon1.fr\/champignons\/files\/2023\/09\/icone-2toques.png\" alt=\"\" class=\"wp-image-3564\" srcset=\"https:\/\/campus.univ-lyon1.fr\/champignons\/files\/2023\/09\/icone-2toques.png 185w, https:\/\/campus.univ-lyon1.fr\/champignons\/files\/2023\/09\/icone-2toques-150x150.png 150w\" sizes=\"(max-width: 185px) 100vw, 185px\" \/><\/figure><\/div>\n\n\n<div style=\"height:10px\" aria-hidden=\"true\" class=\"wp-block-spacer\"><\/div>\n\n\n\n<h3 class=\"wp-block-heading has-text-align-center\"><a href=\"https:\/\/campus.univ-lyon1.fr\/champignons\/comestible\/\">Bon comestible<\/a><\/h3>\n\n\n\n<div style=\"height:30px\" aria-hidden=\"true\" class=\"wp-block-spacer\"><\/div>\n<\/div>\n\n\n\n<div class=\"wp-block-column is-layout-flow\"><div class=\"wp-block-image\">\n<figure class=\"aligncenter size-full is-resized\"><img decoding=\"async\" loading=\"lazy\" src=\"https:\/\/campus.univ-lyon1.fr\/champignons\/files\/2023\/09\/icone-smile.png\" alt=\"\" class=\"wp-image-3636\" width=\"185\" height=\"185\" \/><\/figure><\/div>\n\n\n<div style=\"height:10px\" aria-hidden=\"true\" class=\"wp-block-spacer\"><\/div>\n\n\n\n<h3 class=\"wp-block-heading has-text-align-center\"><a href=\"https:\/\/campus.univ-lyon1.fr\/champignons\/comestible-sans-interet\/\">Comestible sans int\u00e9r\u00eat<\/a><\/h3>\n\n\n\n<div style=\"height:30px\" aria-hidden=\"true\" class=\"wp-block-spacer\"><\/div>\n<\/div>\n\n\n\n<div class=\"wp-block-column is-layout-flow\"><div class=\"wp-block-image\">\n<figure class=\"aligncenter size-full\"><img decoding=\"async\" loading=\"lazy\" width=\"187\" height=\"186\" src=\"https:\/\/campus.univ-lyon1.fr\/champignons\/files\/2023\/09\/icone-toxique.png\" alt=\"\" class=\"wp-image-3566\" srcset=\"https:\/\/campus.univ-lyon1.fr\/champignons\/files\/2023\/09\/icone-toxique.png 187w, https:\/\/campus.univ-lyon1.fr\/champignons\/files\/2023\/09\/icone-toxique-150x150.png 150w\" sizes=\"(max-width: 187px) 100vw, 187px\" \/><\/figure><\/div>\n\n\n<div style=\"height:10px\" aria-hidden=\"true\" class=\"wp-block-spacer\"><\/div>\n\n\n\n<h3 class=\"wp-block-heading has-text-align-center\"><a href=\"https:\/\/campus.univ-lyon1.fr\/champignons\/toxique\/\">Toxique<\/a><\/h3>\n\n\n\n<div style=\"height:30px\" aria-hidden=\"true\" class=\"wp-block-spacer\"><\/div>\n<\/div>\n\n\n\n<div class=\"wp-block-column is-layout-flow\"><div class=\"wp-block-image\">\n<figure class=\"aligncenter size-full\"><img decoding=\"async\" loading=\"lazy\" width=\"186\" height=\"185\" src=\"https:\/\/campus.univ-lyon1.fr\/champignons\/files\/2023\/09\/icone-mortel.png\" alt=\"\" class=\"wp-image-3567\" srcset=\"https:\/\/campus.univ-lyon1.fr\/champignons\/files\/2023\/09\/icone-mortel.png 186w, https:\/\/campus.univ-lyon1.fr\/champignons\/files\/2023\/09\/icone-mortel-150x150.png 150w\" sizes=\"(max-width: 186px) 100vw, 186px\" \/><\/figure><\/div>\n\n\n<div style=\"height:10px\" aria-hidden=\"true\" class=\"wp-block-spacer\"><\/div>\n\n\n\n<h3 class=\"wp-block-heading has-text-align-center\"><a href=\"https:\/\/campus.univ-lyon1.fr\/champignons\/mortel\/\">Mortel<\/a><\/h3>\n\n\n\n<div style=\"height:30px\" aria-hidden=\"true\" class=\"wp-block-spacer\"><\/div>\n<\/div>\n<\/div>\n","protected":false},"excerpt":{"rendered":"<p>La comestibilit\u00e9 d\u2019une esp\u00e8ce est directement li\u00e9e \u00e0 son identification exacte, selon des crit\u00e8res scientifiques. L\u2019amateur ne devra jamais consommer de champignons en se basant sur sa propre d\u00e9termination uniquement r\u00e9alis\u00e9e \u00e0 l\u2019aide de photos ou de vid\u00e9os.Il est dans tous les cas indispensable de faire contr\u00f4ler sa r\u00e9colte par un sp\u00e9cialiste pharmacien, enseignant ou&hellip;&nbsp;<a href=\"https:\/\/campus.univ-lyon1.fr\/champignons\/comestibilites\/\" rel=\"bookmark\">Lire la suite &raquo;<span class=\"screen-reader-text\">Par comestibilit\u00e9<\/span><\/a><\/p>\n","protected":false},"author":2981,"featured_media":0,"parent":0,"menu_order":0,"comment_status":"closed","ping_status":"closed","template":"","meta":{"neve_meta_sidebar":"","neve_meta_container":"","neve_meta_enable_content_width":"","neve_meta_content_width":0,"neve_meta_title_alignment":"","neve_meta_author_avatar":"","neve_post_elements_order":"","neve_meta_disable_header":"","neve_meta_disable_footer":"","neve_meta_disable_title":""},"yoast_head":"<!-- This site is optimized with the Yoast SEO plugin v21.8.1 - https:\/\/yoast.com\/wordpress\/plugins\/seo\/ -->\n<title>Par comestibilit\u00e9 - Champignons Lyon 1<\/title>\n<meta name=\"robots\" content=\"index, follow, max-snippet:-1, max-image-preview:large, max-video-preview:-1\" \/>\n<link rel=\"canonical\" href=\"http:\/\/campus.univ-lyon1.fr\/champignons\/comestibilites\/\" \/>\n<meta property=\"og:locale\" content=\"fr_FR\" \/>\n<meta property=\"og:type\" content=\"article\" \/>\n<meta property=\"og:title\" content=\"Par comestibilit\u00e9 - Champignons Lyon 1\" \/>\n<meta property=\"og:description\" content=\"La comestibilit\u00e9 d\u2019une esp\u00e8ce est directement li\u00e9e \u00e0 son identification exacte, selon des crit\u00e8res scientifiques. L\u2019amateur ne devra jamais consommer de champignons en se basant sur sa propre d\u00e9termination uniquement r\u00e9alis\u00e9e \u00e0 l\u2019aide de photos ou de vid\u00e9os.Il est dans tous les cas indispensable de faire contr\u00f4ler sa r\u00e9colte par un sp\u00e9cialiste pharmacien, enseignant ou&hellip;&nbsp;Lire la suite &raquo;Par comestibilit\u00e9\" \/>\n<meta property=\"og:url\" content=\"http:\/\/campus.univ-lyon1.fr\/champignons\/comestibilites\/\" \/>\n<meta property=\"og:site_name\" content=\"Champignons Lyon 1\" \/>\n<meta property=\"article:modified_time\" content=\"2023-12-13T23:51:49+00:00\" \/>\n<meta property=\"og:image\" content=\"https:\/\/campus.univ-lyon1.fr\/champignons\/files\/2023\/03\/Sans-titre-1.png\" \/>\n<meta name=\"twitter:card\" content=\"summary_large_image\" \/>\n<meta name=\"twitter:label1\" content=\"Dur\u00e9e de lecture estim\u00e9e\" \/>\n\t<meta name=\"twitter:data1\" content=\"2 minutes\" \/>\n<script type=\"application\/ld+json\" class=\"yoast-schema-graph\">{\"@context\":\"https:\/\/schema.org\",\"@graph\":[{\"@type\":\"WebPage\",\"@id\":\"http:\/\/campus.univ-lyon1.fr\/champignons\/comestibilites\/\",\"url\":\"http:\/\/campus.univ-lyon1.fr\/champignons\/comestibilites\/\",\"name\":\"Par comestibilit\u00e9 - Champignons Lyon 1\",\"isPartOf\":{\"@id\":\"https:\/\/campus.univ-lyon1.fr\/champignons\/#website\"},\"datePublished\":\"2022-09-16T17:14:58+00:00\",\"dateModified\":\"2023-12-13T23:51:49+00:00\",\"breadcrumb\":{\"@id\":\"http:\/\/campus.univ-lyon1.fr\/champignons\/comestibilites\/#breadcrumb\"},\"inLanguage\":\"fr-FR\",\"potentialAction\":[{\"@type\":\"ReadAction\",\"target\":[\"http:\/\/campus.univ-lyon1.fr\/champignons\/comestibilites\/\"]}]},{\"@type\":\"BreadcrumbList\",\"@id\":\"http:\/\/campus.univ-lyon1.fr\/champignons\/comestibilites\/#breadcrumb\",\"itemListElement\":[{\"@type\":\"ListItem\",\"position\":1,\"name\":\"Accueil\",\"item\":\"https:\/\/campus.univ-lyon1.fr\/champignons\/\"},{\"@type\":\"ListItem\",\"position\":2,\"name\":\"Par comestibilit\u00e9\"}]},{\"@type\":\"WebSite\",\"@id\":\"https:\/\/campus.univ-lyon1.fr\/champignons\/#website\",\"url\":\"https:\/\/campus.univ-lyon1.fr\/champignons\/\",\"name\":\"Champignons Lyon 1\",\"description\":\"Bienvenue sur le site de mycologie de la facult\u00e9 de Lyon !\",\"publisher\":{\"@id\":\"https:\/\/campus.univ-lyon1.fr\/champignons\/#organization\"},\"potentialAction\":[{\"@type\":\"SearchAction\",\"target\":{\"@type\":\"EntryPoint\",\"urlTemplate\":\"https:\/\/campus.univ-lyon1.fr\/champignons\/?s={search_term_string}\"},\"query-input\":\"required name=search_term_string\"}],\"inLanguage\":\"fr-FR\"},{\"@type\":\"Organization\",\"@id\":\"https:\/\/campus.univ-lyon1.fr\/champignons\/#organization\",\"name\":\"Champignons Lyon 1\",\"url\":\"https:\/\/campus.univ-lyon1.fr\/champignons\/\",\"logo\":{\"@type\":\"ImageObject\",\"inLanguage\":\"fr-FR\",\"@id\":\"https:\/\/campus.univ-lyon1.fr\/champignons\/#\/schema\/logo\/image\/\",\"url\":\"https:\/\/campus.univ-lyon1.fr\/champignons\/files\/2023\/10\/cropped-Sans-titre-1-1-1.png\",\"contentUrl\":\"https:\/\/campus.univ-lyon1.fr\/champignons\/files\/2023\/10\/cropped-Sans-titre-1-1-1.png\",\"width\":200,\"height\":181,\"caption\":\"Champignons Lyon 1\"},\"image\":{\"@id\":\"https:\/\/campus.univ-lyon1.fr\/champignons\/#\/schema\/logo\/image\/\"}}]}<\/script>\n<!-- \/ Yoast SEO plugin. -->","yoast_head_json":{"title":"Par comestibilit\u00e9 - Champignons Lyon 1","robots":{"index":"index","follow":"follow","max-snippet":"max-snippet:-1","max-image-preview":"max-image-preview:large","max-video-preview":"max-video-preview:-1"},"canonical":"http:\/\/campus.univ-lyon1.fr\/champignons\/comestibilites\/","og_locale":"fr_FR","og_type":"article","og_title":"Par comestibilit\u00e9 - Champignons Lyon 1","og_description":"La comestibilit\u00e9 d\u2019une esp\u00e8ce est directement li\u00e9e \u00e0 son identification exacte, selon des crit\u00e8res scientifiques. L\u2019amateur ne devra jamais consommer de champignons en se basant sur sa propre d\u00e9termination uniquement r\u00e9alis\u00e9e \u00e0 l\u2019aide de photos ou de vid\u00e9os.Il est dans tous les cas indispensable de faire contr\u00f4ler sa r\u00e9colte par un sp\u00e9cialiste pharmacien, enseignant ou&hellip;&nbsp;Lire la suite &raquo;Par comestibilit\u00e9","og_url":"http:\/\/campus.univ-lyon1.fr\/champignons\/comestibilites\/","og_site_name":"Champignons Lyon 1","article_modified_time":"2023-12-13T23:51:49+00:00","og_image":[{"url":"https:\/\/campus.univ-lyon1.fr\/champignons\/files\/2023\/03\/Sans-titre-1.png"}],"twitter_card":"summary_large_image","twitter_misc":{"Dur\u00e9e de lecture estim\u00e9e":"2 minutes"},"schema":{"@context":"https:\/\/schema.org","@graph":[{"@type":"WebPage","@id":"http:\/\/campus.univ-lyon1.fr\/champignons\/comestibilites\/","url":"http:\/\/campus.univ-lyon1.fr\/champignons\/comestibilites\/","name":"Par comestibilit\u00e9 - Champignons Lyon 1","isPartOf":{"@id":"https:\/\/campus.univ-lyon1.fr\/champignons\/#website"},"datePublished":"2022-09-16T17:14:58+00:00","dateModified":"2023-12-13T23:51:49+00:00","breadcrumb":{"@id":"http:\/\/campus.univ-lyon1.fr\/champignons\/comestibilites\/#breadcrumb"},"inLanguage":"fr-FR","potentialAction":[{"@type":"ReadAction","target":["http:\/\/campus.univ-lyon1.fr\/champignons\/comestibilites\/"]}]},{"@type":"BreadcrumbList","@id":"http:\/\/campus.univ-lyon1.fr\/champignons\/comestibilites\/#breadcrumb","itemListElement":[{"@type":"ListItem","position":1,"name":"Accueil","item":"https:\/\/campus.univ-lyon1.fr\/champignons\/"},{"@type":"ListItem","position":2,"name":"Par comestibilit\u00e9"}]},{"@type":"WebSite","@id":"https:\/\/campus.univ-lyon1.fr\/champignons\/#website","url":"https:\/\/campus.univ-lyon1.fr\/champignons\/","name":"Champignons Lyon 1","description":"Bienvenue sur le site de mycologie de la facult\u00e9 de Lyon !","publisher":{"@id":"https:\/\/campus.univ-lyon1.fr\/champignons\/#organization"},"potentialAction":[{"@type":"SearchAction","target":{"@type":"EntryPoint","urlTemplate":"https:\/\/campus.univ-lyon1.fr\/champignons\/?s={search_term_string}"},"query-input":"required name=search_term_string"}],"inLanguage":"fr-FR"},{"@type":"Organization","@id":"https:\/\/campus.univ-lyon1.fr\/champignons\/#organization","name":"Champignons Lyon 1","url":"https:\/\/campus.univ-lyon1.fr\/champignons\/","logo":{"@type":"ImageObject","inLanguage":"fr-FR","@id":"https:\/\/campus.univ-lyon1.fr\/champignons\/#\/schema\/logo\/image\/","url":"https:\/\/campus.univ-lyon1.fr\/champignons\/files\/2023\/10\/cropped-Sans-titre-1-1-1.png","contentUrl":"https:\/\/campus.univ-lyon1.fr\/champignons\/files\/2023\/10\/cropped-Sans-titre-1-1-1.png","width":200,"height":181,"caption":"Champignons Lyon 1"},"image":{"@id":"https:\/\/campus.univ-lyon1.fr\/champignons\/#\/schema\/logo\/image\/"}}]}},"_links":{"self":[{"href":"https:\/\/campus.univ-lyon1.fr\/champignons\/wp-json\/wp\/v2\/pages\/92"}],"collection":[{"href":"https:\/\/campus.univ-lyon1.fr\/champignons\/wp-json\/wp\/v2\/pages"}],"about":[{"href":"https:\/\/campus.univ-lyon1.fr\/champignons\/wp-json\/wp\/v2\/types\/page"}],"author":[{"embeddable":true,"href":"https:\/\/campus.univ-lyon1.fr\/champignons\/wp-json\/wp\/v2\/users\/2981"}],"replies":[{"embeddable":true,"href":"https:\/\/campus.univ-lyon1.fr\/champignons\/wp-json\/wp\/v2\/comments?post=92"}],"version-history":[{"count":15,"href":"https:\/\/campus.univ-lyon1.fr\/champignons\/wp-json\/wp\/v2\/pages\/92\/revisions"}],"predecessor-version":[{"id":9789,"href":"https:\/\/campus.univ-lyon1.fr\/champignons\/wp-json\/wp\/v2\/pages\/92\/revisions\/9789"}],"wp:attachment":[{"href":"https:\/\/campus.univ-lyon1.fr\/champignons\/wp-json\/wp\/v2\/media?parent=92"}],"curies":[{"name":"wp","href":"https:\/\/api.w.org\/{rel}","templated":true}]}}