{"id":8108,"date":"2023-12-05T17:56:39","date_gmt":"2023-12-05T16:56:39","guid":{"rendered":"https:\/\/campus.univ-lyon1.fr\/champignons\/?page_id=8108"},"modified":"2023-12-05T17:56:50","modified_gmt":"2023-12-05T16:56:50","slug":"mycena-vitilis","status":"publish","type":"page","link":"https:\/\/campus.univ-lyon1.fr\/champignons\/base-de-donnees\/mycena-vitilis\/","title":{"rendered":"Mycena vitilis"},"content":{"rendered":"\n<h1 class=\"wp-block-heading has-text-align-center\"><strong><em>Myc\u00e8ne \u00e0 pied raide, Myc\u00e8ne \u00e0 pied ferme<\/em><\/strong><\/h1>\n\n\n\n<div style=\"height:10px\" aria-hidden=\"true\" class=\"wp-block-spacer\"><\/div>\n\n\n\n<div class=\"wp-block-columns is-layout-flex wp-container-3\">\n<div class=\"wp-block-column is-layout-flow\">\n<p class=\"has-text-align-center\" style=\"font-size:25px\"><strong>Ordre <\/strong>: <a href=\"https:\/\/campus.univ-lyon1.fr\/champignons\/ordre\/agaricales\/\">Agaricales<\/a><\/p>\n<\/div>\n\n\n\n<div class=\"wp-block-column is-layout-flow\">\n<p class=\"has-text-align-center\" style=\"font-size:25px\"><strong>Genre <\/strong>: <a href=\"https:\/\/campus.univ-lyon1.fr\/champignons\/genre\/mycena\/\">Mycena<\/a><\/p>\n<\/div>\n<\/div>\n\n\n\n<h3 class=\"wp-block-heading\">Cette esp\u00e8ce ne poss\u00e8de pas de fiche d&rsquo;identification, mais voici quelques photos : <\/h3>\n\n\n\n<figure class=\"wp-block-gallery has-nested-images columns-default is-cropped wp-block-gallery-4 is-layout-flex\">\n<figure class=\"wp-block-image size-large\"><a href=\"https:\/\/campus.univ-lyon1.fr\/champignons\/files\/2023\/12\/DSC_4741.jpg\" target=\"_blank\" rel=\"noopener\"><img decoding=\"async\" loading=\"lazy\" width=\"1024\" height=\"683\" data-id=\"8100\"  src=\"https:\/\/campus.univ-lyon1.fr\/champignons\/files\/2023\/12\/DSC_4741-1024x683.jpg\" alt=\"\" class=\"wp-image-8100\" srcset=\"https:\/\/campus.univ-lyon1.fr\/champignons\/files\/2023\/12\/DSC_4741-1024x683.jpg 1024w, https:\/\/campus.univ-lyon1.fr\/champignons\/files\/2023\/12\/DSC_4741-300x200.jpg 300w, https:\/\/campus.univ-lyon1.fr\/champignons\/files\/2023\/12\/DSC_4741-768x512.jpg 768w, https:\/\/campus.univ-lyon1.fr\/champignons\/files\/2023\/12\/DSC_4741-1536x1024.jpg 1536w, https:\/\/campus.univ-lyon1.fr\/champignons\/files\/2023\/12\/DSC_4741-2048x1365.jpg 2048w, https:\/\/campus.univ-lyon1.fr\/champignons\/files\/2023\/12\/DSC_4741-930x620.jpg 930w\" sizes=\"(max-width: 1024px) 100vw, 1024px\" \/><\/a><\/figure>\n\n\n\n<figure class=\"wp-block-image size-large\"><a href=\"https:\/\/campus.univ-lyon1.fr\/champignons\/files\/2023\/12\/DSC_4742.jpg\" target=\"_blank\" rel=\"noopener\"><img decoding=\"async\" loading=\"lazy\" width=\"1024\" height=\"683\" data-id=\"8102\"  src=\"https:\/\/campus.univ-lyon1.fr\/champignons\/files\/2023\/12\/DSC_4742-1024x683.jpg\" alt=\"\" class=\"wp-image-8102\" srcset=\"https:\/\/campus.univ-lyon1.fr\/champignons\/files\/2023\/12\/DSC_4742-1024x683.jpg 1024w, https:\/\/campus.univ-lyon1.fr\/champignons\/files\/2023\/12\/DSC_4742-300x200.jpg 300w, https:\/\/campus.univ-lyon1.fr\/champignons\/files\/2023\/12\/DSC_4742-768x512.jpg 768w, https:\/\/campus.univ-lyon1.fr\/champignons\/files\/2023\/12\/DSC_4742-1536x1024.jpg 1536w, https:\/\/campus.univ-lyon1.fr\/champignons\/files\/2023\/12\/DSC_4742-2048x1365.jpg 2048w, https:\/\/campus.univ-lyon1.fr\/champignons\/files\/2023\/12\/DSC_4742-930x620.jpg 930w\" sizes=\"(max-width: 1024px) 100vw, 1024px\" \/><\/a><\/figure>\n\n\n\n<figure class=\"wp-block-image size-large\"><a href=\"https:\/\/campus.univ-lyon1.fr\/champignons\/files\/2023\/12\/DSC_4744.jpg\" target=\"_blank\" rel=\"noopener\"><img decoding=\"async\" loading=\"lazy\" width=\"683\" height=\"1024\" data-id=\"8103\"  src=\"https:\/\/campus.univ-lyon1.fr\/champignons\/files\/2023\/12\/DSC_4744-683x1024.jpg\" alt=\"\" class=\"wp-image-8103\" srcset=\"https:\/\/campus.univ-lyon1.fr\/champignons\/files\/2023\/12\/DSC_4744-683x1024.jpg 683w, https:\/\/campus.univ-lyon1.fr\/champignons\/files\/2023\/12\/DSC_4744-200x300.jpg 200w, https:\/\/campus.univ-lyon1.fr\/champignons\/files\/2023\/12\/DSC_4744-768x1152.jpg 768w, https:\/\/campus.univ-lyon1.fr\/champignons\/files\/2023\/12\/DSC_4744-1024x1536.jpg 1024w, https:\/\/campus.univ-lyon1.fr\/champignons\/files\/2023\/12\/DSC_4744-1365x2048.jpg 1365w, https:\/\/campus.univ-lyon1.fr\/champignons\/files\/2023\/12\/DSC_4744.jpg 1417w\" sizes=\"(max-width: 683px) 100vw, 683px\" \/><\/a><\/figure>\n\n\n\n<figure class=\"wp-block-image size-large\"><a href=\"https:\/\/campus.univ-lyon1.fr\/champignons\/files\/2023\/12\/DSC_4746.jpg\" target=\"_blank\" rel=\"noopener\"><img decoding=\"async\" loading=\"lazy\" width=\"2126\" height=\"1417\" data-id=\"8104\"  src=\"https:\/\/campus.univ-lyon1.fr\/champignons\/files\/2023\/12\/DSC_4746.jpg\" alt=\"\" class=\"wp-image-8104\" \/><\/a><\/figure>\n\n\n\n<figure class=\"wp-block-image size-large\"><a href=\"https:\/\/campus.univ-lyon1.fr\/champignons\/files\/2023\/12\/DSC_4748.jpg\" target=\"_blank\" rel=\"noopener\"><img decoding=\"async\" loading=\"lazy\" width=\"2126\" height=\"1417\" data-id=\"8107\"  src=\"https:\/\/campus.univ-lyon1.fr\/champignons\/files\/2023\/12\/DSC_4748.jpg\" alt=\"\" class=\"wp-image-8107\" \/><\/a><\/figure>\n\n\n\n<figure class=\"wp-block-image size-large\"><a href=\"https:\/\/campus.univ-lyon1.fr\/champignons\/files\/2023\/12\/DSC_4749.jpg\" target=\"_blank\" rel=\"noopener\"><img decoding=\"async\" loading=\"lazy\" width=\"1024\" height=\"683\" data-id=\"8110\"  src=\"https:\/\/campus.univ-lyon1.fr\/champignons\/files\/2023\/12\/DSC_4749-1024x683.jpg\" alt=\"\" class=\"wp-image-8110\" srcset=\"https:\/\/campus.univ-lyon1.fr\/champignons\/files\/2023\/12\/DSC_4749-1024x683.jpg 1024w, https:\/\/campus.univ-lyon1.fr\/champignons\/files\/2023\/12\/DSC_4749-300x200.jpg 300w, https:\/\/campus.univ-lyon1.fr\/champignons\/files\/2023\/12\/DSC_4749-768x512.jpg 768w, https:\/\/campus.univ-lyon1.fr\/champignons\/files\/2023\/12\/DSC_4749-1536x1024.jpg 1536w, https:\/\/campus.univ-lyon1.fr\/champignons\/files\/2023\/12\/DSC_4749-2048x1365.jpg 2048w, https:\/\/campus.univ-lyon1.fr\/champignons\/files\/2023\/12\/DSC_4749-930x620.jpg 930w\" sizes=\"(max-width: 1024px) 100vw, 1024px\" \/><\/a><\/figure>\n\n\n\n<figure class=\"wp-block-image size-large\"><a href=\"https:\/\/campus.univ-lyon1.fr\/champignons\/files\/2023\/12\/DSC_4752.jpg\" target=\"_blank\" rel=\"noopener\"><img decoding=\"async\" loading=\"lazy\" width=\"1024\" height=\"683\" data-id=\"8111\"  src=\"https:\/\/campus.univ-lyon1.fr\/champignons\/files\/2023\/12\/DSC_4752-1024x683.jpg\" alt=\"\" class=\"wp-image-8111\" srcset=\"https:\/\/campus.univ-lyon1.fr\/champignons\/files\/2023\/12\/DSC_4752-1024x683.jpg 1024w, https:\/\/campus.univ-lyon1.fr\/champignons\/files\/2023\/12\/DSC_4752-300x200.jpg 300w, https:\/\/campus.univ-lyon1.fr\/champignons\/files\/2023\/12\/DSC_4752-768x512.jpg 768w, https:\/\/campus.univ-lyon1.fr\/champignons\/files\/2023\/12\/DSC_4752-1536x1024.jpg 1536w, https:\/\/campus.univ-lyon1.fr\/champignons\/files\/2023\/12\/DSC_4752-2048x1365.jpg 2048w, https:\/\/campus.univ-lyon1.fr\/champignons\/files\/2023\/12\/DSC_4752-930x620.jpg 930w\" sizes=\"(max-width: 1024px) 100vw, 1024px\" \/><\/a><\/figure>\n\n\n\n<figure class=\"wp-block-image size-large\"><a href=\"https:\/\/campus.univ-lyon1.fr\/champignons\/files\/2023\/12\/DSC_4739.jpg\" target=\"_blank\" rel=\"noopener\"><img decoding=\"async\" loading=\"lazy\" width=\"683\" height=\"1024\" data-id=\"8112\"  src=\"https:\/\/campus.univ-lyon1.fr\/champignons\/files\/2023\/12\/DSC_4739-683x1024.jpg\" alt=\"\" class=\"wp-image-8112\" srcset=\"https:\/\/campus.univ-lyon1.fr\/champignons\/files\/2023\/12\/DSC_4739-683x1024.jpg 683w, https:\/\/campus.univ-lyon1.fr\/champignons\/files\/2023\/12\/DSC_4739-200x300.jpg 200w, https:\/\/campus.univ-lyon1.fr\/champignons\/files\/2023\/12\/DSC_4739-768x1152.jpg 768w, https:\/\/campus.univ-lyon1.fr\/champignons\/files\/2023\/12\/DSC_4739-1024x1536.jpg 1024w, https:\/\/campus.univ-lyon1.fr\/champignons\/files\/2023\/12\/DSC_4739-1365x2048.jpg 1365w, https:\/\/campus.univ-lyon1.fr\/champignons\/files\/2023\/12\/DSC_4739.jpg 1417w\" sizes=\"(max-width: 683px) 100vw, 683px\" \/><\/a><\/figure>\n<\/figure>\n","protected":false},"excerpt":{"rendered":"<p>Myc\u00e8ne \u00e0 pied raide, Myc\u00e8ne \u00e0 pied ferme Ordre : Agaricales Genre : Mycena Cette esp\u00e8ce ne poss\u00e8de pas de fiche d&rsquo;identification, mais voici quelques photos :<\/p>\n","protected":false},"author":2981,"featured_media":0,"parent":29,"menu_order":0,"comment_status":"closed","ping_status":"closed","template":"","meta":{"neve_meta_sidebar":"","neve_meta_container":"","neve_meta_enable_content_width":"","neve_meta_content_width":0,"neve_meta_title_alignment":"","neve_meta_author_avatar":"","neve_post_elements_order":"","neve_meta_disable_header":"","neve_meta_disable_footer":"","neve_meta_disable_title":""},"yoast_head":"<!-- This site is optimized with the Yoast SEO plugin v21.8.1 - https:\/\/yoast.com\/wordpress\/plugins\/seo\/ -->\n<title>Mycena vitilis - Champignons Lyon 1<\/title>\n<meta name=\"robots\" content=\"index, follow, max-snippet:-1, max-image-preview:large, max-video-preview:-1\" \/>\n<link rel=\"canonical\" href=\"https:\/\/campus.univ-lyon1.fr\/champignons\/base-de-donnees\/mycena-vitilis\/\" \/>\n<meta property=\"og:locale\" content=\"fr_FR\" \/>\n<meta property=\"og:type\" content=\"article\" \/>\n<meta property=\"og:title\" content=\"Mycena vitilis - Champignons Lyon 1\" \/>\n<meta property=\"og:description\" content=\"Myc\u00e8ne \u00e0 pied raide, Myc\u00e8ne \u00e0 pied ferme Ordre : Agaricales Genre : Mycena Cette esp\u00e8ce ne poss\u00e8de pas de fiche d&rsquo;identification, mais voici quelques photos :\" \/>\n<meta property=\"og:url\" content=\"https:\/\/campus.univ-lyon1.fr\/champignons\/base-de-donnees\/mycena-vitilis\/\" \/>\n<meta property=\"og:site_name\" content=\"Champignons Lyon 1\" \/>\n<meta property=\"article:modified_time\" content=\"2023-12-05T16:56:50+00:00\" \/>\n<meta property=\"og:image\" content=\"https:\/\/campus.univ-lyon1.fr\/champignons\/files\/2023\/12\/DSC_4741-1024x683.jpg\" \/>\n<meta name=\"twitter:card\" content=\"summary_large_image\" \/>\n<meta name=\"twitter:label1\" content=\"Dur\u00e9e de lecture estim\u00e9e\" \/>\n\t<meta name=\"twitter:data1\" content=\"2 minutes\" \/>\n<script type=\"application\/ld+json\" class=\"yoast-schema-graph\">{\"@context\":\"https:\/\/schema.org\",\"@graph\":[{\"@type\":\"WebPage\",\"@id\":\"https:\/\/campus.univ-lyon1.fr\/champignons\/base-de-donnees\/mycena-vitilis\/\",\"url\":\"https:\/\/campus.univ-lyon1.fr\/champignons\/base-de-donnees\/mycena-vitilis\/\",\"name\":\"Mycena vitilis - Champignons Lyon 1\",\"isPartOf\":{\"@id\":\"https:\/\/campus.univ-lyon1.fr\/champignons\/#website\"},\"datePublished\":\"2023-12-05T16:56:39+00:00\",\"dateModified\":\"2023-12-05T16:56:50+00:00\",\"breadcrumb\":{\"@id\":\"https:\/\/campus.univ-lyon1.fr\/champignons\/base-de-donnees\/mycena-vitilis\/#breadcrumb\"},\"inLanguage\":\"fr-FR\",\"potentialAction\":[{\"@type\":\"ReadAction\",\"target\":[\"https:\/\/campus.univ-lyon1.fr\/champignons\/base-de-donnees\/mycena-vitilis\/\"]}]},{\"@type\":\"BreadcrumbList\",\"@id\":\"https:\/\/campus.univ-lyon1.fr\/champignons\/base-de-donnees\/mycena-vitilis\/#breadcrumb\",\"itemListElement\":[{\"@type\":\"ListItem\",\"position\":1,\"name\":\"Accueil\",\"item\":\"https:\/\/campus.univ-lyon1.fr\/champignons\/\"},{\"@type\":\"ListItem\",\"position\":2,\"name\":\"Base de donn\u00e9es\",\"item\":\"https:\/\/campus.univ-lyon1.fr\/champignons\/base-de-donnees\/\"},{\"@type\":\"ListItem\",\"position\":3,\"name\":\"Mycena vitilis\"}]},{\"@type\":\"WebSite\",\"@id\":\"https:\/\/campus.univ-lyon1.fr\/champignons\/#website\",\"url\":\"https:\/\/campus.univ-lyon1.fr\/champignons\/\",\"name\":\"Champignons Lyon 1\",\"description\":\"Bienvenue sur le site de mycologie de la facult\u00e9 de Lyon !\",\"publisher\":{\"@id\":\"https:\/\/campus.univ-lyon1.fr\/champignons\/#organization\"},\"potentialAction\":[{\"@type\":\"SearchAction\",\"target\":{\"@type\":\"EntryPoint\",\"urlTemplate\":\"https:\/\/campus.univ-lyon1.fr\/champignons\/?s={search_term_string}\"},\"query-input\":\"required name=search_term_string\"}],\"inLanguage\":\"fr-FR\"},{\"@type\":\"Organization\",\"@id\":\"https:\/\/campus.univ-lyon1.fr\/champignons\/#organization\",\"name\":\"Champignons Lyon 1\",\"url\":\"https:\/\/campus.univ-lyon1.fr\/champignons\/\",\"logo\":{\"@type\":\"ImageObject\",\"inLanguage\":\"fr-FR\",\"@id\":\"https:\/\/campus.univ-lyon1.fr\/champignons\/#\/schema\/logo\/image\/\",\"url\":\"https:\/\/campus.univ-lyon1.fr\/champignons\/files\/2023\/10\/cropped-Sans-titre-1-1-1.png\",\"contentUrl\":\"https:\/\/campus.univ-lyon1.fr\/champignons\/files\/2023\/10\/cropped-Sans-titre-1-1-1.png\",\"width\":200,\"height\":181,\"caption\":\"Champignons Lyon 1\"},\"image\":{\"@id\":\"https:\/\/campus.univ-lyon1.fr\/champignons\/#\/schema\/logo\/image\/\"}}]}<\/script>\n<!-- \/ Yoast SEO plugin. -->","yoast_head_json":{"title":"Mycena vitilis - Champignons Lyon 1","robots":{"index":"index","follow":"follow","max-snippet":"max-snippet:-1","max-image-preview":"max-image-preview:large","max-video-preview":"max-video-preview:-1"},"canonical":"https:\/\/campus.univ-lyon1.fr\/champignons\/base-de-donnees\/mycena-vitilis\/","og_locale":"fr_FR","og_type":"article","og_title":"Mycena vitilis - Champignons Lyon 1","og_description":"Myc\u00e8ne \u00e0 pied raide, Myc\u00e8ne \u00e0 pied ferme Ordre : Agaricales Genre : Mycena Cette esp\u00e8ce ne poss\u00e8de pas de fiche d&rsquo;identification, mais voici quelques photos :","og_url":"https:\/\/campus.univ-lyon1.fr\/champignons\/base-de-donnees\/mycena-vitilis\/","og_site_name":"Champignons Lyon 1","article_modified_time":"2023-12-05T16:56:50+00:00","og_image":[{"url":"https:\/\/campus.univ-lyon1.fr\/champignons\/files\/2023\/12\/DSC_4741-1024x683.jpg"}],"twitter_card":"summary_large_image","twitter_misc":{"Dur\u00e9e de lecture estim\u00e9e":"2 minutes"},"schema":{"@context":"https:\/\/schema.org","@graph":[{"@type":"WebPage","@id":"https:\/\/campus.univ-lyon1.fr\/champignons\/base-de-donnees\/mycena-vitilis\/","url":"https:\/\/campus.univ-lyon1.fr\/champignons\/base-de-donnees\/mycena-vitilis\/","name":"Mycena vitilis - Champignons Lyon 1","isPartOf":{"@id":"https:\/\/campus.univ-lyon1.fr\/champignons\/#website"},"datePublished":"2023-12-05T16:56:39+00:00","dateModified":"2023-12-05T16:56:50+00:00","breadcrumb":{"@id":"https:\/\/campus.univ-lyon1.fr\/champignons\/base-de-donnees\/mycena-vitilis\/#breadcrumb"},"inLanguage":"fr-FR","potentialAction":[{"@type":"ReadAction","target":["https:\/\/campus.univ-lyon1.fr\/champignons\/base-de-donnees\/mycena-vitilis\/"]}]},{"@type":"BreadcrumbList","@id":"https:\/\/campus.univ-lyon1.fr\/champignons\/base-de-donnees\/mycena-vitilis\/#breadcrumb","itemListElement":[{"@type":"ListItem","position":1,"name":"Accueil","item":"https:\/\/campus.univ-lyon1.fr\/champignons\/"},{"@type":"ListItem","position":2,"name":"Base de donn\u00e9es","item":"https:\/\/campus.univ-lyon1.fr\/champignons\/base-de-donnees\/"},{"@type":"ListItem","position":3,"name":"Mycena vitilis"}]},{"@type":"WebSite","@id":"https:\/\/campus.univ-lyon1.fr\/champignons\/#website","url":"https:\/\/campus.univ-lyon1.fr\/champignons\/","name":"Champignons Lyon 1","description":"Bienvenue sur le site de mycologie de la facult\u00e9 de Lyon !","publisher":{"@id":"https:\/\/campus.univ-lyon1.fr\/champignons\/#organization"},"potentialAction":[{"@type":"SearchAction","target":{"@type":"EntryPoint","urlTemplate":"https:\/\/campus.univ-lyon1.fr\/champignons\/?s={search_term_string}"},"query-input":"required name=search_term_string"}],"inLanguage":"fr-FR"},{"@type":"Organization","@id":"https:\/\/campus.univ-lyon1.fr\/champignons\/#organization","name":"Champignons Lyon 1","url":"https:\/\/campus.univ-lyon1.fr\/champignons\/","logo":{"@type":"ImageObject","inLanguage":"fr-FR","@id":"https:\/\/campus.univ-lyon1.fr\/champignons\/#\/schema\/logo\/image\/","url":"https:\/\/campus.univ-lyon1.fr\/champignons\/files\/2023\/10\/cropped-Sans-titre-1-1-1.png","contentUrl":"https:\/\/campus.univ-lyon1.fr\/champignons\/files\/2023\/10\/cropped-Sans-titre-1-1-1.png","width":200,"height":181,"caption":"Champignons Lyon 1"},"image":{"@id":"https:\/\/campus.univ-lyon1.fr\/champignons\/#\/schema\/logo\/image\/"}}]}},"_links":{"self":[{"href":"https:\/\/campus.univ-lyon1.fr\/champignons\/wp-json\/wp\/v2\/pages\/8108"}],"collection":[{"href":"https:\/\/campus.univ-lyon1.fr\/champignons\/wp-json\/wp\/v2\/pages"}],"about":[{"href":"https:\/\/campus.univ-lyon1.fr\/champignons\/wp-json\/wp\/v2\/types\/page"}],"author":[{"embeddable":true,"href":"https:\/\/campus.univ-lyon1.fr\/champignons\/wp-json\/wp\/v2\/users\/2981"}],"replies":[{"embeddable":true,"href":"https:\/\/campus.univ-lyon1.fr\/champignons\/wp-json\/wp\/v2\/comments?post=8108"}],"version-history":[{"count":1,"href":"https:\/\/campus.univ-lyon1.fr\/champignons\/wp-json\/wp\/v2\/pages\/8108\/revisions"}],"predecessor-version":[{"id":8114,"href":"https:\/\/campus.univ-lyon1.fr\/champignons\/wp-json\/wp\/v2\/pages\/8108\/revisions\/8114"}],"up":[{"embeddable":true,"href":"https:\/\/campus.univ-lyon1.fr\/champignons\/wp-json\/wp\/v2\/pages\/29"}],"wp:attachment":[{"href":"https:\/\/campus.univ-lyon1.fr\/champignons\/wp-json\/wp\/v2\/media?parent=8108"}],"curies":[{"name":"wp","href":"https:\/\/api.w.org\/{rel}","templated":true}]}}