{"id":7165,"date":"2023-11-29T16:00:09","date_gmt":"2023-11-29T15:00:09","guid":{"rendered":"https:\/\/campus.univ-lyon1.fr\/champignons\/?page_id=7165"},"modified":"2023-11-29T16:00:11","modified_gmt":"2023-11-29T15:00:11","slug":"lepiota-josserandii","status":"publish","type":"page","link":"https:\/\/campus.univ-lyon1.fr\/champignons\/base-de-donnees\/lepiota-josserandii\/","title":{"rendered":"Lepiota josserandii"},"content":{"rendered":"\n<h1 class=\"wp-block-heading has-text-align-center\"><strong><em>L\u00e9piote de josserand<\/em><\/strong><\/h1>\n\n\n\n<div style=\"height:10px\" aria-hidden=\"true\" class=\"wp-block-spacer\"><\/div>\n\n\n\n<div class=\"wp-block-columns is-layout-flex wp-container-3\">\n<div class=\"wp-block-column is-layout-flow\">\n<p class=\"has-text-align-center\" style=\"font-size:25px\"><strong>Ordre <\/strong>: <a href=\"https:\/\/campus.univ-lyon1.fr\/champignons\/ordre\/agaricales\/\">Agaricales<\/a><\/p>\n<\/div>\n\n\n\n<div class=\"wp-block-column is-layout-flow\">\n<p class=\"has-text-align-center\" style=\"font-size:25px\"><strong>Genre <\/strong>: <a href=\"https:\/\/campus.univ-lyon1.fr\/champignons\/genre\/lepiota\/\">Lepiota<\/a><\/p>\n<\/div>\n<\/div>\n\n\n\n<h3 class=\"wp-block-heading\">Cette esp\u00e8ce ne poss\u00e8de pas de fiche d&rsquo;identification, mais voici quelques photos : <\/h3>\n\n\n\n<figure class=\"wp-block-gallery has-nested-images columns-default is-cropped wp-block-gallery-4 is-layout-flex\">\n<figure class=\"wp-block-image size-large\"><a href=\"https:\/\/campus.univ-lyon1.fr\/champignons\/files\/2023\/11\/Lepiota_josserandii_z1-3.jpg\" target=\"_blank\" rel=\"noopener\"><img decoding=\"async\" loading=\"lazy\" width=\"683\" height=\"1024\" data-id=\"7179\"  src=\"https:\/\/campus.univ-lyon1.fr\/champignons\/files\/2023\/11\/Lepiota_josserandii_z1-3-683x1024.jpg\" alt=\"\" class=\"wp-image-7179\" srcset=\"https:\/\/campus.univ-lyon1.fr\/champignons\/files\/2023\/11\/Lepiota_josserandii_z1-3-683x1024.jpg 683w, https:\/\/campus.univ-lyon1.fr\/champignons\/files\/2023\/11\/Lepiota_josserandii_z1-3-200x300.jpg 200w, https:\/\/campus.univ-lyon1.fr\/champignons\/files\/2023\/11\/Lepiota_josserandii_z1-3-768x1152.jpg 768w, https:\/\/campus.univ-lyon1.fr\/champignons\/files\/2023\/11\/Lepiota_josserandii_z1-3-1024x1536.jpg 1024w, https:\/\/campus.univ-lyon1.fr\/champignons\/files\/2023\/11\/Lepiota_josserandii_z1-3-1365x2048.jpg 1365w, https:\/\/campus.univ-lyon1.fr\/champignons\/files\/2023\/11\/Lepiota_josserandii_z1-3.jpg 1417w\" sizes=\"(max-width: 683px) 100vw, 683px\" \/><\/a><\/figure>\n\n\n\n<figure class=\"wp-block-image size-large\"><a href=\"https:\/\/campus.univ-lyon1.fr\/champignons\/files\/2023\/11\/Lepiota_josserandii_z5-2.jpg\" target=\"_blank\" rel=\"noopener\"><img decoding=\"async\" loading=\"lazy\" width=\"1417\" height=\"2126\" data-id=\"7177\"  src=\"https:\/\/campus.univ-lyon1.fr\/champignons\/files\/2023\/11\/Lepiota_josserandii_z5-2.jpg\" alt=\"\" class=\"wp-image-7177\" srcset=\"https:\/\/campus.univ-lyon1.fr\/champignons\/files\/2023\/11\/Lepiota_josserandii_z5-2.jpg 1417w, https:\/\/campus.univ-lyon1.fr\/champignons\/files\/2023\/11\/Lepiota_josserandii_z5-2-200x300.jpg 200w\" sizes=\"(max-width: 1417px) 100vw, 1417px\" \/><\/a><\/figure>\n\n\n\n<figure class=\"wp-block-image size-large\"><a href=\"https:\/\/campus.univ-lyon1.fr\/champignons\/files\/2023\/11\/Lepiota_josserandii_z4-2.jpg\" target=\"_blank\" rel=\"noopener\"><img decoding=\"async\" loading=\"lazy\" width=\"1024\" height=\"683\" data-id=\"7176\"  src=\"https:\/\/campus.univ-lyon1.fr\/champignons\/files\/2023\/11\/Lepiota_josserandii_z4-2-1024x683.jpg\" alt=\"\" class=\"wp-image-7176\" srcset=\"https:\/\/campus.univ-lyon1.fr\/champignons\/files\/2023\/11\/Lepiota_josserandii_z4-2-1024x683.jpg 1024w, https:\/\/campus.univ-lyon1.fr\/champignons\/files\/2023\/11\/Lepiota_josserandii_z4-2-300x200.jpg 300w, https:\/\/campus.univ-lyon1.fr\/champignons\/files\/2023\/11\/Lepiota_josserandii_z4-2-768x512.jpg 768w, https:\/\/campus.univ-lyon1.fr\/champignons\/files\/2023\/11\/Lepiota_josserandii_z4-2-1536x1024.jpg 1536w, https:\/\/campus.univ-lyon1.fr\/champignons\/files\/2023\/11\/Lepiota_josserandii_z4-2-2048x1365.jpg 2048w, https:\/\/campus.univ-lyon1.fr\/champignons\/files\/2023\/11\/Lepiota_josserandii_z4-2-930x620.jpg 930w\" sizes=\"(max-width: 1024px) 100vw, 1024px\" \/><\/a><\/figure>\n\n\n\n<figure class=\"wp-block-image size-large\"><a href=\"https:\/\/campus.univ-lyon1.fr\/champignons\/files\/2023\/11\/Lepiota_josserandii_z3-2.jpg\" target=\"_blank\" rel=\"noopener\"><img decoding=\"async\" loading=\"lazy\" width=\"1024\" height=\"683\" data-id=\"7175\"  src=\"https:\/\/campus.univ-lyon1.fr\/champignons\/files\/2023\/11\/Lepiota_josserandii_z3-2-1024x683.jpg\" alt=\"\" class=\"wp-image-7175\" srcset=\"https:\/\/campus.univ-lyon1.fr\/champignons\/files\/2023\/11\/Lepiota_josserandii_z3-2-1024x683.jpg 1024w, https:\/\/campus.univ-lyon1.fr\/champignons\/files\/2023\/11\/Lepiota_josserandii_z3-2-300x200.jpg 300w, https:\/\/campus.univ-lyon1.fr\/champignons\/files\/2023\/11\/Lepiota_josserandii_z3-2-768x512.jpg 768w, https:\/\/campus.univ-lyon1.fr\/champignons\/files\/2023\/11\/Lepiota_josserandii_z3-2-1536x1024.jpg 1536w, https:\/\/campus.univ-lyon1.fr\/champignons\/files\/2023\/11\/Lepiota_josserandii_z3-2-2048x1365.jpg 2048w, https:\/\/campus.univ-lyon1.fr\/champignons\/files\/2023\/11\/Lepiota_josserandii_z3-2-930x620.jpg 930w\" sizes=\"(max-width: 1024px) 100vw, 1024px\" \/><\/a><\/figure>\n\n\n\n<figure class=\"wp-block-image size-large\"><a href=\"https:\/\/campus.univ-lyon1.fr\/champignons\/files\/2023\/11\/Lepiota_josserandii_z3.jpg\" target=\"_blank\" rel=\"noopener\"><img decoding=\"async\" loading=\"lazy\" width=\"1024\" height=\"683\" data-id=\"7174\"  src=\"https:\/\/campus.univ-lyon1.fr\/champignons\/files\/2023\/11\/Lepiota_josserandii_z3-1024x683.jpg\" alt=\"\" class=\"wp-image-7174\" srcset=\"https:\/\/campus.univ-lyon1.fr\/champignons\/files\/2023\/11\/Lepiota_josserandii_z3-1024x683.jpg 1024w, https:\/\/campus.univ-lyon1.fr\/champignons\/files\/2023\/11\/Lepiota_josserandii_z3-300x200.jpg 300w, https:\/\/campus.univ-lyon1.fr\/champignons\/files\/2023\/11\/Lepiota_josserandii_z3-768x512.jpg 768w, https:\/\/campus.univ-lyon1.fr\/champignons\/files\/2023\/11\/Lepiota_josserandii_z3-1536x1024.jpg 1536w, https:\/\/campus.univ-lyon1.fr\/champignons\/files\/2023\/11\/Lepiota_josserandii_z3-2048x1365.jpg 2048w, https:\/\/campus.univ-lyon1.fr\/champignons\/files\/2023\/11\/Lepiota_josserandii_z3-930x620.jpg 930w\" sizes=\"(max-width: 1024px) 100vw, 1024px\" \/><\/a><\/figure>\n\n\n\n<figure class=\"wp-block-image size-large\"><a href=\"https:\/\/campus.univ-lyon1.fr\/champignons\/files\/2023\/11\/Lepiota_josserandii_z2-2-1.jpg\" target=\"_blank\" rel=\"noopener\"><img decoding=\"async\" loading=\"lazy\" width=\"2126\" height=\"1417\" data-id=\"7173\"  src=\"https:\/\/campus.univ-lyon1.fr\/champignons\/files\/2023\/11\/Lepiota_josserandii_z2-2-1.jpg\" alt=\"\" class=\"wp-image-7173\" \/><\/a><\/figure>\n\n\n\n<figure class=\"wp-block-image size-large\"><a href=\"https:\/\/campus.univ-lyon1.fr\/champignons\/files\/2023\/11\/Lepiota_josserandii_z2.jpg\" target=\"_blank\" rel=\"noopener\"><img decoding=\"async\" loading=\"lazy\" width=\"683\" height=\"1024\" data-id=\"7171\"  src=\"https:\/\/campus.univ-lyon1.fr\/champignons\/files\/2023\/11\/Lepiota_josserandii_z2-683x1024.jpg\" alt=\"\" class=\"wp-image-7171\" srcset=\"https:\/\/campus.univ-lyon1.fr\/champignons\/files\/2023\/11\/Lepiota_josserandii_z2-683x1024.jpg 683w, https:\/\/campus.univ-lyon1.fr\/champignons\/files\/2023\/11\/Lepiota_josserandii_z2-200x300.jpg 200w, https:\/\/campus.univ-lyon1.fr\/champignons\/files\/2023\/11\/Lepiota_josserandii_z2-768x1152.jpg 768w, https:\/\/campus.univ-lyon1.fr\/champignons\/files\/2023\/11\/Lepiota_josserandii_z2-1024x1536.jpg 1024w, https:\/\/campus.univ-lyon1.fr\/champignons\/files\/2023\/11\/Lepiota_josserandii_z2-1365x2048.jpg 1365w, https:\/\/campus.univ-lyon1.fr\/champignons\/files\/2023\/11\/Lepiota_josserandii_z2.jpg 1417w\" sizes=\"(max-width: 683px) 100vw, 683px\" \/><\/a><\/figure>\n\n\n\n<figure class=\"wp-block-image size-large\"><a href=\"https:\/\/campus.univ-lyon1.fr\/champignons\/files\/2023\/11\/Lepiota_josserandii_z1-2.jpg\" target=\"_blank\" rel=\"noopener\"><img decoding=\"async\" loading=\"lazy\" width=\"1024\" height=\"683\" data-id=\"7170\"  src=\"https:\/\/campus.univ-lyon1.fr\/champignons\/files\/2023\/11\/Lepiota_josserandii_z1-2-1024x683.jpg\" alt=\"\" class=\"wp-image-7170\" srcset=\"https:\/\/campus.univ-lyon1.fr\/champignons\/files\/2023\/11\/Lepiota_josserandii_z1-2-1024x683.jpg 1024w, https:\/\/campus.univ-lyon1.fr\/champignons\/files\/2023\/11\/Lepiota_josserandii_z1-2-300x200.jpg 300w, https:\/\/campus.univ-lyon1.fr\/champignons\/files\/2023\/11\/Lepiota_josserandii_z1-2-768x512.jpg 768w, https:\/\/campus.univ-lyon1.fr\/champignons\/files\/2023\/11\/Lepiota_josserandii_z1-2-1536x1024.jpg 1536w, https:\/\/campus.univ-lyon1.fr\/champignons\/files\/2023\/11\/Lepiota_josserandii_z1-2-2048x1365.jpg 2048w, https:\/\/campus.univ-lyon1.fr\/champignons\/files\/2023\/11\/Lepiota_josserandii_z1-2-930x620.jpg 930w\" sizes=\"(max-width: 1024px) 100vw, 1024px\" \/><\/a><\/figure>\n\n\n\n<figure class=\"wp-block-image size-large\"><a href=\"https:\/\/campus.univ-lyon1.fr\/champignons\/files\/2023\/11\/DSC_3374-1.jpg\" target=\"_blank\" rel=\"noopener\"><img decoding=\"async\" loading=\"lazy\" width=\"1024\" height=\"683\" data-id=\"7167\"  src=\"https:\/\/campus.univ-lyon1.fr\/champignons\/files\/2023\/11\/DSC_3374-1-1024x683.jpg\" alt=\"\" class=\"wp-image-7167\" srcset=\"https:\/\/campus.univ-lyon1.fr\/champignons\/files\/2023\/11\/DSC_3374-1-1024x683.jpg 1024w, https:\/\/campus.univ-lyon1.fr\/champignons\/files\/2023\/11\/DSC_3374-1-300x200.jpg 300w, https:\/\/campus.univ-lyon1.fr\/champignons\/files\/2023\/11\/DSC_3374-1-768x512.jpg 768w, https:\/\/campus.univ-lyon1.fr\/champignons\/files\/2023\/11\/DSC_3374-1-1536x1024.jpg 1536w, https:\/\/campus.univ-lyon1.fr\/champignons\/files\/2023\/11\/DSC_3374-1-2048x1365.jpg 2048w, https:\/\/campus.univ-lyon1.fr\/champignons\/files\/2023\/11\/DSC_3374-1-930x620.jpg 930w\" sizes=\"(max-width: 1024px) 100vw, 1024px\" \/><\/a><\/figure>\n\n\n\n<figure class=\"wp-block-image size-large\"><a href=\"https:\/\/campus.univ-lyon1.fr\/champignons\/files\/2023\/11\/DSC_3359.jpg\" target=\"_blank\" rel=\"noopener\"><img decoding=\"async\" loading=\"lazy\" width=\"1024\" height=\"683\" data-id=\"7164\"  src=\"https:\/\/campus.univ-lyon1.fr\/champignons\/files\/2023\/11\/DSC_3359-1024x683.jpg\" alt=\"\" class=\"wp-image-7164\" srcset=\"https:\/\/campus.univ-lyon1.fr\/champignons\/files\/2023\/11\/DSC_3359-1024x683.jpg 1024w, https:\/\/campus.univ-lyon1.fr\/champignons\/files\/2023\/11\/DSC_3359-300x200.jpg 300w, https:\/\/campus.univ-lyon1.fr\/champignons\/files\/2023\/11\/DSC_3359-768x512.jpg 768w, https:\/\/campus.univ-lyon1.fr\/champignons\/files\/2023\/11\/DSC_3359-1536x1024.jpg 1536w, https:\/\/campus.univ-lyon1.fr\/champignons\/files\/2023\/11\/DSC_3359-2048x1365.jpg 2048w, https:\/\/campus.univ-lyon1.fr\/champignons\/files\/2023\/11\/DSC_3359-930x620.jpg 930w\" sizes=\"(max-width: 1024px) 100vw, 1024px\" \/><\/a><\/figure>\n\n\n\n<figure class=\"wp-block-image size-large\"><a href=\"https:\/\/campus.univ-lyon1.fr\/champignons\/files\/2023\/11\/DSC_3357.jpg\" target=\"_blank\" rel=\"noopener\"><img decoding=\"async\" loading=\"lazy\" width=\"1024\" height=\"683\" data-id=\"7162\"  src=\"https:\/\/campus.univ-lyon1.fr\/champignons\/files\/2023\/11\/DSC_3357-1024x683.jpg\" alt=\"\" class=\"wp-image-7162\" srcset=\"https:\/\/campus.univ-lyon1.fr\/champignons\/files\/2023\/11\/DSC_3357-1024x683.jpg 1024w, https:\/\/campus.univ-lyon1.fr\/champignons\/files\/2023\/11\/DSC_3357-300x200.jpg 300w, https:\/\/campus.univ-lyon1.fr\/champignons\/files\/2023\/11\/DSC_3357-768x512.jpg 768w, https:\/\/campus.univ-lyon1.fr\/champignons\/files\/2023\/11\/DSC_3357-1536x1024.jpg 1536w, https:\/\/campus.univ-lyon1.fr\/champignons\/files\/2023\/11\/DSC_3357-2048x1365.jpg 2048w, https:\/\/campus.univ-lyon1.fr\/champignons\/files\/2023\/11\/DSC_3357-930x620.jpg 930w\" sizes=\"(max-width: 1024px) 100vw, 1024px\" \/><\/a><\/figure>\n<\/figure>\n","protected":false},"excerpt":{"rendered":"<p>L\u00e9piote de josserand Ordre : Agaricales Genre : Lepiota Cette esp\u00e8ce ne poss\u00e8de pas de fiche d&rsquo;identification, mais voici quelques photos :<\/p>\n","protected":false},"author":2981,"featured_media":0,"parent":29,"menu_order":0,"comment_status":"closed","ping_status":"closed","template":"","meta":{"neve_meta_sidebar":"","neve_meta_container":"","neve_meta_enable_content_width":"","neve_meta_content_width":0,"neve_meta_title_alignment":"","neve_meta_author_avatar":"","neve_post_elements_order":"","neve_meta_disable_header":"","neve_meta_disable_footer":"","neve_meta_disable_title":""},"yoast_head":"<!-- This site is optimized with the Yoast SEO plugin v21.8.1 - https:\/\/yoast.com\/wordpress\/plugins\/seo\/ -->\n<title>Lepiota josserandii - Champignons Lyon 1<\/title>\n<meta name=\"robots\" content=\"index, follow, max-snippet:-1, max-image-preview:large, max-video-preview:-1\" \/>\n<link rel=\"canonical\" href=\"https:\/\/campus.univ-lyon1.fr\/champignons\/base-de-donnees\/lepiota-josserandii\/\" \/>\n<meta property=\"og:locale\" content=\"fr_FR\" \/>\n<meta property=\"og:type\" content=\"article\" \/>\n<meta property=\"og:title\" content=\"Lepiota josserandii - Champignons Lyon 1\" \/>\n<meta property=\"og:description\" content=\"L\u00e9piote de josserand Ordre : Agaricales Genre : Lepiota Cette esp\u00e8ce ne poss\u00e8de pas de fiche d&rsquo;identification, mais voici quelques photos :\" \/>\n<meta property=\"og:url\" content=\"https:\/\/campus.univ-lyon1.fr\/champignons\/base-de-donnees\/lepiota-josserandii\/\" \/>\n<meta property=\"og:site_name\" content=\"Champignons Lyon 1\" \/>\n<meta property=\"article:modified_time\" content=\"2023-11-29T15:00:11+00:00\" \/>\n<meta property=\"og:image\" content=\"https:\/\/campus.univ-lyon1.fr\/champignons\/files\/2023\/11\/Lepiota_josserandii_z1-3-683x1024.jpg\" \/>\n<meta name=\"twitter:card\" content=\"summary_large_image\" \/>\n<meta name=\"twitter:label1\" content=\"Dur\u00e9e de lecture estim\u00e9e\" \/>\n\t<meta name=\"twitter:data1\" content=\"3 minutes\" \/>\n<script type=\"application\/ld+json\" class=\"yoast-schema-graph\">{\"@context\":\"https:\/\/schema.org\",\"@graph\":[{\"@type\":\"WebPage\",\"@id\":\"https:\/\/campus.univ-lyon1.fr\/champignons\/base-de-donnees\/lepiota-josserandii\/\",\"url\":\"https:\/\/campus.univ-lyon1.fr\/champignons\/base-de-donnees\/lepiota-josserandii\/\",\"name\":\"Lepiota josserandii - Champignons Lyon 1\",\"isPartOf\":{\"@id\":\"https:\/\/campus.univ-lyon1.fr\/champignons\/#website\"},\"datePublished\":\"2023-11-29T15:00:09+00:00\",\"dateModified\":\"2023-11-29T15:00:11+00:00\",\"breadcrumb\":{\"@id\":\"https:\/\/campus.univ-lyon1.fr\/champignons\/base-de-donnees\/lepiota-josserandii\/#breadcrumb\"},\"inLanguage\":\"fr-FR\",\"potentialAction\":[{\"@type\":\"ReadAction\",\"target\":[\"https:\/\/campus.univ-lyon1.fr\/champignons\/base-de-donnees\/lepiota-josserandii\/\"]}]},{\"@type\":\"BreadcrumbList\",\"@id\":\"https:\/\/campus.univ-lyon1.fr\/champignons\/base-de-donnees\/lepiota-josserandii\/#breadcrumb\",\"itemListElement\":[{\"@type\":\"ListItem\",\"position\":1,\"name\":\"Accueil\",\"item\":\"https:\/\/campus.univ-lyon1.fr\/champignons\/\"},{\"@type\":\"ListItem\",\"position\":2,\"name\":\"Base de donn\u00e9es\",\"item\":\"https:\/\/campus.univ-lyon1.fr\/champignons\/base-de-donnees\/\"},{\"@type\":\"ListItem\",\"position\":3,\"name\":\"Lepiota josserandii\"}]},{\"@type\":\"WebSite\",\"@id\":\"https:\/\/campus.univ-lyon1.fr\/champignons\/#website\",\"url\":\"https:\/\/campus.univ-lyon1.fr\/champignons\/\",\"name\":\"Champignons Lyon 1\",\"description\":\"Bienvenue sur le site de mycologie de la facult\u00e9 de Lyon !\",\"publisher\":{\"@id\":\"https:\/\/campus.univ-lyon1.fr\/champignons\/#organization\"},\"potentialAction\":[{\"@type\":\"SearchAction\",\"target\":{\"@type\":\"EntryPoint\",\"urlTemplate\":\"https:\/\/campus.univ-lyon1.fr\/champignons\/?s={search_term_string}\"},\"query-input\":\"required name=search_term_string\"}],\"inLanguage\":\"fr-FR\"},{\"@type\":\"Organization\",\"@id\":\"https:\/\/campus.univ-lyon1.fr\/champignons\/#organization\",\"name\":\"Champignons Lyon 1\",\"url\":\"https:\/\/campus.univ-lyon1.fr\/champignons\/\",\"logo\":{\"@type\":\"ImageObject\",\"inLanguage\":\"fr-FR\",\"@id\":\"https:\/\/campus.univ-lyon1.fr\/champignons\/#\/schema\/logo\/image\/\",\"url\":\"https:\/\/campus.univ-lyon1.fr\/champignons\/files\/2023\/10\/cropped-Sans-titre-1-1-1.png\",\"contentUrl\":\"https:\/\/campus.univ-lyon1.fr\/champignons\/files\/2023\/10\/cropped-Sans-titre-1-1-1.png\",\"width\":200,\"height\":181,\"caption\":\"Champignons Lyon 1\"},\"image\":{\"@id\":\"https:\/\/campus.univ-lyon1.fr\/champignons\/#\/schema\/logo\/image\/\"}}]}<\/script>\n<!-- \/ Yoast SEO plugin. -->","yoast_head_json":{"title":"Lepiota josserandii - Champignons Lyon 1","robots":{"index":"index","follow":"follow","max-snippet":"max-snippet:-1","max-image-preview":"max-image-preview:large","max-video-preview":"max-video-preview:-1"},"canonical":"https:\/\/campus.univ-lyon1.fr\/champignons\/base-de-donnees\/lepiota-josserandii\/","og_locale":"fr_FR","og_type":"article","og_title":"Lepiota josserandii - Champignons Lyon 1","og_description":"L\u00e9piote de josserand Ordre : Agaricales Genre : Lepiota Cette esp\u00e8ce ne poss\u00e8de pas de fiche d&rsquo;identification, mais voici quelques photos :","og_url":"https:\/\/campus.univ-lyon1.fr\/champignons\/base-de-donnees\/lepiota-josserandii\/","og_site_name":"Champignons Lyon 1","article_modified_time":"2023-11-29T15:00:11+00:00","og_image":[{"url":"https:\/\/campus.univ-lyon1.fr\/champignons\/files\/2023\/11\/Lepiota_josserandii_z1-3-683x1024.jpg"}],"twitter_card":"summary_large_image","twitter_misc":{"Dur\u00e9e de lecture estim\u00e9e":"3 minutes"},"schema":{"@context":"https:\/\/schema.org","@graph":[{"@type":"WebPage","@id":"https:\/\/campus.univ-lyon1.fr\/champignons\/base-de-donnees\/lepiota-josserandii\/","url":"https:\/\/campus.univ-lyon1.fr\/champignons\/base-de-donnees\/lepiota-josserandii\/","name":"Lepiota josserandii - Champignons Lyon 1","isPartOf":{"@id":"https:\/\/campus.univ-lyon1.fr\/champignons\/#website"},"datePublished":"2023-11-29T15:00:09+00:00","dateModified":"2023-11-29T15:00:11+00:00","breadcrumb":{"@id":"https:\/\/campus.univ-lyon1.fr\/champignons\/base-de-donnees\/lepiota-josserandii\/#breadcrumb"},"inLanguage":"fr-FR","potentialAction":[{"@type":"ReadAction","target":["https:\/\/campus.univ-lyon1.fr\/champignons\/base-de-donnees\/lepiota-josserandii\/"]}]},{"@type":"BreadcrumbList","@id":"https:\/\/campus.univ-lyon1.fr\/champignons\/base-de-donnees\/lepiota-josserandii\/#breadcrumb","itemListElement":[{"@type":"ListItem","position":1,"name":"Accueil","item":"https:\/\/campus.univ-lyon1.fr\/champignons\/"},{"@type":"ListItem","position":2,"name":"Base de donn\u00e9es","item":"https:\/\/campus.univ-lyon1.fr\/champignons\/base-de-donnees\/"},{"@type":"ListItem","position":3,"name":"Lepiota josserandii"}]},{"@type":"WebSite","@id":"https:\/\/campus.univ-lyon1.fr\/champignons\/#website","url":"https:\/\/campus.univ-lyon1.fr\/champignons\/","name":"Champignons Lyon 1","description":"Bienvenue sur le site de mycologie de la facult\u00e9 de Lyon !","publisher":{"@id":"https:\/\/campus.univ-lyon1.fr\/champignons\/#organization"},"potentialAction":[{"@type":"SearchAction","target":{"@type":"EntryPoint","urlTemplate":"https:\/\/campus.univ-lyon1.fr\/champignons\/?s={search_term_string}"},"query-input":"required name=search_term_string"}],"inLanguage":"fr-FR"},{"@type":"Organization","@id":"https:\/\/campus.univ-lyon1.fr\/champignons\/#organization","name":"Champignons Lyon 1","url":"https:\/\/campus.univ-lyon1.fr\/champignons\/","logo":{"@type":"ImageObject","inLanguage":"fr-FR","@id":"https:\/\/campus.univ-lyon1.fr\/champignons\/#\/schema\/logo\/image\/","url":"https:\/\/campus.univ-lyon1.fr\/champignons\/files\/2023\/10\/cropped-Sans-titre-1-1-1.png","contentUrl":"https:\/\/campus.univ-lyon1.fr\/champignons\/files\/2023\/10\/cropped-Sans-titre-1-1-1.png","width":200,"height":181,"caption":"Champignons Lyon 1"},"image":{"@id":"https:\/\/campus.univ-lyon1.fr\/champignons\/#\/schema\/logo\/image\/"}}]}},"_links":{"self":[{"href":"https:\/\/campus.univ-lyon1.fr\/champignons\/wp-json\/wp\/v2\/pages\/7165"}],"collection":[{"href":"https:\/\/campus.univ-lyon1.fr\/champignons\/wp-json\/wp\/v2\/pages"}],"about":[{"href":"https:\/\/campus.univ-lyon1.fr\/champignons\/wp-json\/wp\/v2\/types\/page"}],"author":[{"embeddable":true,"href":"https:\/\/campus.univ-lyon1.fr\/champignons\/wp-json\/wp\/v2\/users\/2981"}],"replies":[{"embeddable":true,"href":"https:\/\/campus.univ-lyon1.fr\/champignons\/wp-json\/wp\/v2\/comments?post=7165"}],"version-history":[{"count":1,"href":"https:\/\/campus.univ-lyon1.fr\/champignons\/wp-json\/wp\/v2\/pages\/7165\/revisions"}],"predecessor-version":[{"id":7183,"href":"https:\/\/campus.univ-lyon1.fr\/champignons\/wp-json\/wp\/v2\/pages\/7165\/revisions\/7183"}],"up":[{"embeddable":true,"href":"https:\/\/campus.univ-lyon1.fr\/champignons\/wp-json\/wp\/v2\/pages\/29"}],"wp:attachment":[{"href":"https:\/\/campus.univ-lyon1.fr\/champignons\/wp-json\/wp\/v2\/media?parent=7165"}],"curies":[{"name":"wp","href":"https:\/\/api.w.org\/{rel}","templated":true}]}}