{"id":7065,"date":"2023-11-29T12:05:23","date_gmt":"2023-11-29T11:05:23","guid":{"rendered":"https:\/\/campus.univ-lyon1.fr\/champignons\/?page_id=7065"},"modified":"2023-11-29T12:05:25","modified_gmt":"2023-11-29T11:05:25","slug":"hygrophoropsis-aurantiaca","status":"publish","type":"page","link":"https:\/\/campus.univ-lyon1.fr\/champignons\/base-de-donnees\/hygrophoropsis-aurantiaca\/","title":{"rendered":"Hygrophoropsis aurantiaca"},"content":{"rendered":"\n<h1 class=\"wp-block-heading has-text-align-center\" id=\"UP\"><strong><em>Hygrophoropsis orang\u00e9<\/em><\/strong><\/h1>\n\n\n\n<div style=\"height:10px\" aria-hidden=\"true\" class=\"wp-block-spacer\"><\/div>\n\n\n\n<div class=\"wp-block-columns is-layout-flex wp-container-3\">\n<div class=\"wp-block-column is-layout-flow\">\n<p class=\"has-text-align-center\" style=\"font-size:25px\"><strong>Ordre <\/strong>: <a href=\"https:\/\/campus.univ-lyon1.fr\/champignons\/ordre\/boletales\/\">Boletales<\/a><\/p>\n<\/div>\n\n\n\n<div class=\"wp-block-column is-layout-flow\">\n<p class=\"has-text-align-center\" style=\"font-size:25px\"><strong>Genre <\/strong>: <a href=\"https:\/\/campus.univ-lyon1.fr\/champignons\/genre\/hygrophoropsis\/\">Hygrophoropsis<\/a><\/p>\n<\/div>\n<\/div>\n\n\n\n<h3 class=\"wp-block-heading\">Cette esp\u00e8ce ne poss\u00e8de pas de fiche d&rsquo;identification, mais voici quelques photos : <\/h3>\n\n\n\n<figure class=\"wp-block-gallery has-nested-images columns-default is-cropped wp-block-gallery-4 is-layout-flex\">\n<figure class=\"wp-block-image size-large\"><a href=\"https:\/\/campus.univ-lyon1.fr\/champignons\/files\/2023\/11\/hygrophoropsis-aurantica_z3.jpg\" target=\"_blank\" rel=\"noopener\"><img decoding=\"async\" loading=\"lazy\" width=\"1024\" height=\"683\" data-id=\"7056\"  src=\"https:\/\/campus.univ-lyon1.fr\/champignons\/files\/2023\/11\/hygrophoropsis-aurantica_z3-1024x683.jpg\" alt=\"\" class=\"wp-image-7056\" srcset=\"https:\/\/campus.univ-lyon1.fr\/champignons\/files\/2023\/11\/hygrophoropsis-aurantica_z3-1024x683.jpg 1024w, https:\/\/campus.univ-lyon1.fr\/champignons\/files\/2023\/11\/hygrophoropsis-aurantica_z3-300x200.jpg 300w, https:\/\/campus.univ-lyon1.fr\/champignons\/files\/2023\/11\/hygrophoropsis-aurantica_z3-768x512.jpg 768w, https:\/\/campus.univ-lyon1.fr\/champignons\/files\/2023\/11\/hygrophoropsis-aurantica_z3-1536x1024.jpg 1536w, https:\/\/campus.univ-lyon1.fr\/champignons\/files\/2023\/11\/hygrophoropsis-aurantica_z3-2048x1365.jpg 2048w, https:\/\/campus.univ-lyon1.fr\/champignons\/files\/2023\/11\/hygrophoropsis-aurantica_z3-930x620.jpg 930w\" sizes=\"(max-width: 1024px) 100vw, 1024px\" \/><\/a><\/figure>\n\n\n\n<figure class=\"wp-block-image size-large\"><a href=\"https:\/\/campus.univ-lyon1.fr\/champignons\/files\/2023\/11\/hygrophoropsis-aurantica_z2.jpg\" target=\"_blank\" rel=\"noopener\"><img decoding=\"async\" loading=\"lazy\" width=\"1024\" height=\"683\" data-id=\"7055\"  src=\"https:\/\/campus.univ-lyon1.fr\/champignons\/files\/2023\/11\/hygrophoropsis-aurantica_z2-1024x683.jpg\" alt=\"\" class=\"wp-image-7055\" srcset=\"https:\/\/campus.univ-lyon1.fr\/champignons\/files\/2023\/11\/hygrophoropsis-aurantica_z2-1024x683.jpg 1024w, https:\/\/campus.univ-lyon1.fr\/champignons\/files\/2023\/11\/hygrophoropsis-aurantica_z2-300x200.jpg 300w, https:\/\/campus.univ-lyon1.fr\/champignons\/files\/2023\/11\/hygrophoropsis-aurantica_z2-768x512.jpg 768w, https:\/\/campus.univ-lyon1.fr\/champignons\/files\/2023\/11\/hygrophoropsis-aurantica_z2-1536x1024.jpg 1536w, https:\/\/campus.univ-lyon1.fr\/champignons\/files\/2023\/11\/hygrophoropsis-aurantica_z2-2048x1365.jpg 2048w, https:\/\/campus.univ-lyon1.fr\/champignons\/files\/2023\/11\/hygrophoropsis-aurantica_z2-930x620.jpg 930w\" sizes=\"(max-width: 1024px) 100vw, 1024px\" \/><\/a><\/figure>\n\n\n\n<figure class=\"wp-block-image size-large\"><a href=\"https:\/\/campus.univ-lyon1.fr\/champignons\/files\/2023\/11\/hygrophoropsis-aurantica_z1.jpg\" target=\"_blank\" rel=\"noopener\"><img decoding=\"async\" loading=\"lazy\" width=\"1024\" height=\"683\" data-id=\"7054\"  src=\"https:\/\/campus.univ-lyon1.fr\/champignons\/files\/2023\/11\/hygrophoropsis-aurantica_z1-1024x683.jpg\" alt=\"\" class=\"wp-image-7054\" srcset=\"https:\/\/campus.univ-lyon1.fr\/champignons\/files\/2023\/11\/hygrophoropsis-aurantica_z1-1024x683.jpg 1024w, https:\/\/campus.univ-lyon1.fr\/champignons\/files\/2023\/11\/hygrophoropsis-aurantica_z1-300x200.jpg 300w, https:\/\/campus.univ-lyon1.fr\/champignons\/files\/2023\/11\/hygrophoropsis-aurantica_z1-768x512.jpg 768w, https:\/\/campus.univ-lyon1.fr\/champignons\/files\/2023\/11\/hygrophoropsis-aurantica_z1-1536x1024.jpg 1536w, https:\/\/campus.univ-lyon1.fr\/champignons\/files\/2023\/11\/hygrophoropsis-aurantica_z1-2048x1365.jpg 2048w, https:\/\/campus.univ-lyon1.fr\/champignons\/files\/2023\/11\/hygrophoropsis-aurantica_z1-930x620.jpg 930w\" sizes=\"(max-width: 1024px) 100vw, 1024px\" \/><\/a><\/figure>\n\n\n\n<figure class=\"wp-block-image size-large\"><a href=\"https:\/\/campus.univ-lyon1.fr\/champignons\/files\/2023\/11\/hygrophoropsis-aurantica_z4.jpg\" target=\"_blank\" rel=\"noopener\"><img decoding=\"async\" loading=\"lazy\" width=\"1024\" height=\"683\" data-id=\"7053\"  src=\"https:\/\/campus.univ-lyon1.fr\/champignons\/files\/2023\/11\/hygrophoropsis-aurantica_z4-1024x683.jpg\" alt=\"\" class=\"wp-image-7053\" srcset=\"https:\/\/campus.univ-lyon1.fr\/champignons\/files\/2023\/11\/hygrophoropsis-aurantica_z4-1024x683.jpg 1024w, https:\/\/campus.univ-lyon1.fr\/champignons\/files\/2023\/11\/hygrophoropsis-aurantica_z4-300x200.jpg 300w, https:\/\/campus.univ-lyon1.fr\/champignons\/files\/2023\/11\/hygrophoropsis-aurantica_z4-768x512.jpg 768w, https:\/\/campus.univ-lyon1.fr\/champignons\/files\/2023\/11\/hygrophoropsis-aurantica_z4-1536x1024.jpg 1536w, https:\/\/campus.univ-lyon1.fr\/champignons\/files\/2023\/11\/hygrophoropsis-aurantica_z4-2048x1365.jpg 2048w, https:\/\/campus.univ-lyon1.fr\/champignons\/files\/2023\/11\/hygrophoropsis-aurantica_z4-930x620.jpg 930w\" sizes=\"(max-width: 1024px) 100vw, 1024px\" \/><\/a><\/figure>\n<\/figure>\n","protected":false},"excerpt":{"rendered":"<p>Hygrophoropsis orang\u00e9 Ordre : Boletales Genre : Hygrophoropsis Cette esp\u00e8ce ne poss\u00e8de pas de fiche d&rsquo;identification, mais voici quelques photos :<\/p>\n","protected":false},"author":2981,"featured_media":0,"parent":29,"menu_order":0,"comment_status":"closed","ping_status":"closed","template":"","meta":{"neve_meta_sidebar":"","neve_meta_container":"","neve_meta_enable_content_width":"","neve_meta_content_width":0,"neve_meta_title_alignment":"","neve_meta_author_avatar":"","neve_post_elements_order":"","neve_meta_disable_header":"","neve_meta_disable_footer":"","neve_meta_disable_title":""},"yoast_head":"<!-- This site is optimized with the Yoast SEO plugin v21.8.1 - https:\/\/yoast.com\/wordpress\/plugins\/seo\/ -->\n<title>Hygrophoropsis aurantiaca - Champignons Lyon 1<\/title>\n<meta name=\"robots\" content=\"index, follow, max-snippet:-1, max-image-preview:large, max-video-preview:-1\" \/>\n<link rel=\"canonical\" href=\"https:\/\/campus.univ-lyon1.fr\/champignons\/base-de-donnees\/hygrophoropsis-aurantiaca\/\" \/>\n<meta property=\"og:locale\" content=\"fr_FR\" \/>\n<meta property=\"og:type\" content=\"article\" \/>\n<meta property=\"og:title\" content=\"Hygrophoropsis aurantiaca - Champignons Lyon 1\" \/>\n<meta property=\"og:description\" content=\"Hygrophoropsis orang\u00e9 Ordre : Boletales Genre : Hygrophoropsis Cette esp\u00e8ce ne poss\u00e8de pas de fiche d&rsquo;identification, mais voici quelques photos :\" \/>\n<meta property=\"og:url\" content=\"https:\/\/campus.univ-lyon1.fr\/champignons\/base-de-donnees\/hygrophoropsis-aurantiaca\/\" \/>\n<meta property=\"og:site_name\" content=\"Champignons Lyon 1\" \/>\n<meta property=\"article:modified_time\" content=\"2023-11-29T11:05:25+00:00\" \/>\n<meta property=\"og:image\" content=\"https:\/\/campus.univ-lyon1.fr\/champignons\/files\/2023\/11\/hygrophoropsis-aurantica_z3-1024x683.jpg\" \/>\n<meta name=\"twitter:card\" content=\"summary_large_image\" \/>\n<meta name=\"twitter:label1\" content=\"Dur\u00e9e de lecture estim\u00e9e\" \/>\n\t<meta name=\"twitter:data1\" content=\"1 minute\" \/>\n<script type=\"application\/ld+json\" class=\"yoast-schema-graph\">{\"@context\":\"https:\/\/schema.org\",\"@graph\":[{\"@type\":\"WebPage\",\"@id\":\"https:\/\/campus.univ-lyon1.fr\/champignons\/base-de-donnees\/hygrophoropsis-aurantiaca\/\",\"url\":\"https:\/\/campus.univ-lyon1.fr\/champignons\/base-de-donnees\/hygrophoropsis-aurantiaca\/\",\"name\":\"Hygrophoropsis aurantiaca - Champignons Lyon 1\",\"isPartOf\":{\"@id\":\"https:\/\/campus.univ-lyon1.fr\/champignons\/#website\"},\"datePublished\":\"2023-11-29T11:05:23+00:00\",\"dateModified\":\"2023-11-29T11:05:25+00:00\",\"breadcrumb\":{\"@id\":\"https:\/\/campus.univ-lyon1.fr\/champignons\/base-de-donnees\/hygrophoropsis-aurantiaca\/#breadcrumb\"},\"inLanguage\":\"fr-FR\",\"potentialAction\":[{\"@type\":\"ReadAction\",\"target\":[\"https:\/\/campus.univ-lyon1.fr\/champignons\/base-de-donnees\/hygrophoropsis-aurantiaca\/\"]}]},{\"@type\":\"BreadcrumbList\",\"@id\":\"https:\/\/campus.univ-lyon1.fr\/champignons\/base-de-donnees\/hygrophoropsis-aurantiaca\/#breadcrumb\",\"itemListElement\":[{\"@type\":\"ListItem\",\"position\":1,\"name\":\"Accueil\",\"item\":\"https:\/\/campus.univ-lyon1.fr\/champignons\/\"},{\"@type\":\"ListItem\",\"position\":2,\"name\":\"Base de donn\u00e9es\",\"item\":\"https:\/\/campus.univ-lyon1.fr\/champignons\/base-de-donnees\/\"},{\"@type\":\"ListItem\",\"position\":3,\"name\":\"Hygrophoropsis aurantiaca\"}]},{\"@type\":\"WebSite\",\"@id\":\"https:\/\/campus.univ-lyon1.fr\/champignons\/#website\",\"url\":\"https:\/\/campus.univ-lyon1.fr\/champignons\/\",\"name\":\"Champignons Lyon 1\",\"description\":\"Bienvenue sur le site de mycologie de la facult\u00e9 de Lyon !\",\"publisher\":{\"@id\":\"https:\/\/campus.univ-lyon1.fr\/champignons\/#organization\"},\"potentialAction\":[{\"@type\":\"SearchAction\",\"target\":{\"@type\":\"EntryPoint\",\"urlTemplate\":\"https:\/\/campus.univ-lyon1.fr\/champignons\/?s={search_term_string}\"},\"query-input\":\"required name=search_term_string\"}],\"inLanguage\":\"fr-FR\"},{\"@type\":\"Organization\",\"@id\":\"https:\/\/campus.univ-lyon1.fr\/champignons\/#organization\",\"name\":\"Champignons Lyon 1\",\"url\":\"https:\/\/campus.univ-lyon1.fr\/champignons\/\",\"logo\":{\"@type\":\"ImageObject\",\"inLanguage\":\"fr-FR\",\"@id\":\"https:\/\/campus.univ-lyon1.fr\/champignons\/#\/schema\/logo\/image\/\",\"url\":\"https:\/\/campus.univ-lyon1.fr\/champignons\/files\/2023\/10\/cropped-Sans-titre-1-1-1.png\",\"contentUrl\":\"https:\/\/campus.univ-lyon1.fr\/champignons\/files\/2023\/10\/cropped-Sans-titre-1-1-1.png\",\"width\":200,\"height\":181,\"caption\":\"Champignons Lyon 1\"},\"image\":{\"@id\":\"https:\/\/campus.univ-lyon1.fr\/champignons\/#\/schema\/logo\/image\/\"}}]}<\/script>\n<!-- \/ Yoast SEO plugin. -->","yoast_head_json":{"title":"Hygrophoropsis aurantiaca - Champignons Lyon 1","robots":{"index":"index","follow":"follow","max-snippet":"max-snippet:-1","max-image-preview":"max-image-preview:large","max-video-preview":"max-video-preview:-1"},"canonical":"https:\/\/campus.univ-lyon1.fr\/champignons\/base-de-donnees\/hygrophoropsis-aurantiaca\/","og_locale":"fr_FR","og_type":"article","og_title":"Hygrophoropsis aurantiaca - Champignons Lyon 1","og_description":"Hygrophoropsis orang\u00e9 Ordre : Boletales Genre : Hygrophoropsis Cette esp\u00e8ce ne poss\u00e8de pas de fiche d&rsquo;identification, mais voici quelques photos :","og_url":"https:\/\/campus.univ-lyon1.fr\/champignons\/base-de-donnees\/hygrophoropsis-aurantiaca\/","og_site_name":"Champignons Lyon 1","article_modified_time":"2023-11-29T11:05:25+00:00","og_image":[{"url":"https:\/\/campus.univ-lyon1.fr\/champignons\/files\/2023\/11\/hygrophoropsis-aurantica_z3-1024x683.jpg"}],"twitter_card":"summary_large_image","twitter_misc":{"Dur\u00e9e de lecture estim\u00e9e":"1 minute"},"schema":{"@context":"https:\/\/schema.org","@graph":[{"@type":"WebPage","@id":"https:\/\/campus.univ-lyon1.fr\/champignons\/base-de-donnees\/hygrophoropsis-aurantiaca\/","url":"https:\/\/campus.univ-lyon1.fr\/champignons\/base-de-donnees\/hygrophoropsis-aurantiaca\/","name":"Hygrophoropsis aurantiaca - Champignons Lyon 1","isPartOf":{"@id":"https:\/\/campus.univ-lyon1.fr\/champignons\/#website"},"datePublished":"2023-11-29T11:05:23+00:00","dateModified":"2023-11-29T11:05:25+00:00","breadcrumb":{"@id":"https:\/\/campus.univ-lyon1.fr\/champignons\/base-de-donnees\/hygrophoropsis-aurantiaca\/#breadcrumb"},"inLanguage":"fr-FR","potentialAction":[{"@type":"ReadAction","target":["https:\/\/campus.univ-lyon1.fr\/champignons\/base-de-donnees\/hygrophoropsis-aurantiaca\/"]}]},{"@type":"BreadcrumbList","@id":"https:\/\/campus.univ-lyon1.fr\/champignons\/base-de-donnees\/hygrophoropsis-aurantiaca\/#breadcrumb","itemListElement":[{"@type":"ListItem","position":1,"name":"Accueil","item":"https:\/\/campus.univ-lyon1.fr\/champignons\/"},{"@type":"ListItem","position":2,"name":"Base de donn\u00e9es","item":"https:\/\/campus.univ-lyon1.fr\/champignons\/base-de-donnees\/"},{"@type":"ListItem","position":3,"name":"Hygrophoropsis aurantiaca"}]},{"@type":"WebSite","@id":"https:\/\/campus.univ-lyon1.fr\/champignons\/#website","url":"https:\/\/campus.univ-lyon1.fr\/champignons\/","name":"Champignons Lyon 1","description":"Bienvenue sur le site de mycologie de la facult\u00e9 de Lyon !","publisher":{"@id":"https:\/\/campus.univ-lyon1.fr\/champignons\/#organization"},"potentialAction":[{"@type":"SearchAction","target":{"@type":"EntryPoint","urlTemplate":"https:\/\/campus.univ-lyon1.fr\/champignons\/?s={search_term_string}"},"query-input":"required name=search_term_string"}],"inLanguage":"fr-FR"},{"@type":"Organization","@id":"https:\/\/campus.univ-lyon1.fr\/champignons\/#organization","name":"Champignons Lyon 1","url":"https:\/\/campus.univ-lyon1.fr\/champignons\/","logo":{"@type":"ImageObject","inLanguage":"fr-FR","@id":"https:\/\/campus.univ-lyon1.fr\/champignons\/#\/schema\/logo\/image\/","url":"https:\/\/campus.univ-lyon1.fr\/champignons\/files\/2023\/10\/cropped-Sans-titre-1-1-1.png","contentUrl":"https:\/\/campus.univ-lyon1.fr\/champignons\/files\/2023\/10\/cropped-Sans-titre-1-1-1.png","width":200,"height":181,"caption":"Champignons Lyon 1"},"image":{"@id":"https:\/\/campus.univ-lyon1.fr\/champignons\/#\/schema\/logo\/image\/"}}]}},"_links":{"self":[{"href":"https:\/\/campus.univ-lyon1.fr\/champignons\/wp-json\/wp\/v2\/pages\/7065"}],"collection":[{"href":"https:\/\/campus.univ-lyon1.fr\/champignons\/wp-json\/wp\/v2\/pages"}],"about":[{"href":"https:\/\/campus.univ-lyon1.fr\/champignons\/wp-json\/wp\/v2\/types\/page"}],"author":[{"embeddable":true,"href":"https:\/\/campus.univ-lyon1.fr\/champignons\/wp-json\/wp\/v2\/users\/2981"}],"replies":[{"embeddable":true,"href":"https:\/\/campus.univ-lyon1.fr\/champignons\/wp-json\/wp\/v2\/comments?post=7065"}],"version-history":[{"count":1,"href":"https:\/\/campus.univ-lyon1.fr\/champignons\/wp-json\/wp\/v2\/pages\/7065\/revisions"}],"predecessor-version":[{"id":7068,"href":"https:\/\/campus.univ-lyon1.fr\/champignons\/wp-json\/wp\/v2\/pages\/7065\/revisions\/7068"}],"up":[{"embeddable":true,"href":"https:\/\/campus.univ-lyon1.fr\/champignons\/wp-json\/wp\/v2\/pages\/29"}],"wp:attachment":[{"href":"https:\/\/campus.univ-lyon1.fr\/champignons\/wp-json\/wp\/v2\/media?parent=7065"}],"curies":[{"name":"wp","href":"https:\/\/api.w.org\/{rel}","templated":true}]}}