{"id":6862,"date":"2023-11-28T19:24:21","date_gmt":"2023-11-28T18:24:21","guid":{"rendered":"https:\/\/campus.univ-lyon1.fr\/champignons\/?page_id=6862"},"modified":"2023-12-14T11:27:55","modified_gmt":"2023-12-14T10:27:55","slug":"ganoderma-lucidum","status":"publish","type":"page","link":"https:\/\/campus.univ-lyon1.fr\/champignons\/base-de-donnees\/ganoderma-lucidum\/","title":{"rendered":"Ganoderma lucidum"},"content":{"rendered":"\n<h1 class=\"wp-block-heading has-text-align-center\" id=\"UP\"><strong><em>Ganoderme luisant<\/em><\/strong><\/h1>\n\n\n\n<div class=\"wp-block-file aligncenter\"><a href=\"https:\/\/campus.univ-lyon1.fr\/champignons\/files\/2023\/12\/Ganoderma-lucidum.pdf\" class=\"wp-block-file__button wp-element-button\" download>T\u00e9l\u00e9charger<\/a><\/div>\n\n\n\n<div style=\"height:10px\" aria-hidden=\"true\" class=\"wp-block-spacer\"><\/div>\n\n\n\n<div class=\"wp-block-columns is-layout-flex wp-container-3\">\n<div class=\"wp-block-column is-layout-flow\">\n<p class=\"has-text-align-center\" style=\"font-size:25px\"><strong>Ordre <\/strong>: <a href=\"https:\/\/campus.univ-lyon1.fr\/champignons\/ordre\/polyporales\/\">Polyporales<\/a><\/p>\n<\/div>\n\n\n\n<div class=\"wp-block-column is-layout-flow\">\n<p class=\"has-text-align-center\" style=\"font-size:25px\"><strong>Genre <\/strong>: <a href=\"https:\/\/campus.univ-lyon1.fr\/champignons\/genre\/ganoderma\/\">Ganoderma<\/a><\/p>\n<\/div>\n<\/div>\n\n\n<div class=\"wp-block-image is-style-rounded\">\n<figure class=\"aligncenter size-large is-resized\"><img decoding=\"async\" loading=\"lazy\" src=\"https:\/\/campus.univ-lyon1.fr\/champignons\/files\/2023\/11\/DSC_4087-1024x683.jpg\" alt=\"\" class=\"wp-image-6852\" width=\"512\" height=\"342\" srcset=\"https:\/\/campus.univ-lyon1.fr\/champignons\/files\/2023\/11\/DSC_4087-1024x683.jpg 1024w, https:\/\/campus.univ-lyon1.fr\/champignons\/files\/2023\/11\/DSC_4087-300x200.jpg 300w, https:\/\/campus.univ-lyon1.fr\/champignons\/files\/2023\/11\/DSC_4087-768x512.jpg 768w, https:\/\/campus.univ-lyon1.fr\/champignons\/files\/2023\/11\/DSC_4087-1536x1024.jpg 1536w, https:\/\/campus.univ-lyon1.fr\/champignons\/files\/2023\/11\/DSC_4087-2048x1365.jpg 2048w, https:\/\/campus.univ-lyon1.fr\/champignons\/files\/2023\/11\/DSC_4087-930x620.jpg 930w\" sizes=\"(max-width: 512px) 100vw, 512px\" \/><\/figure><\/div>\n\n\n<div style=\"height:40px\" aria-hidden=\"true\" class=\"wp-block-spacer\"><\/div>\n\n\n\n<div class=\"wp-block-columns is-layout-flex wp-container-8\">\n<div class=\"wp-block-column is-layout-flow\">\n<div class=\"wp-block-cover is-light\" style=\"min-height:350px\"><span aria-hidden=\"true\" class=\"wp-block-cover__background has-black-background-color has-background-dim\"><\/span><img decoding=\"async\" loading=\"lazy\" width=\"2126\" height=\"1417\" class=\"wp-block-cover__image-background wp-image-6858\" alt=\"\" src=\"https:\/\/campus.univ-lyon1.fr\/champignons\/files\/2023\/11\/DSC_4130.jpg\" data-object-fit=\"cover\" srcset=\"https:\/\/campus.univ-lyon1.fr\/champignons\/files\/2023\/11\/DSC_4130.jpg 2126w, https:\/\/campus.univ-lyon1.fr\/champignons\/files\/2023\/11\/DSC_4130-300x200.jpg 300w, https:\/\/campus.univ-lyon1.fr\/champignons\/files\/2023\/11\/DSC_4130-1024x683.jpg 1024w, https:\/\/campus.univ-lyon1.fr\/champignons\/files\/2023\/11\/DSC_4130-768x512.jpg 768w, https:\/\/campus.univ-lyon1.fr\/champignons\/files\/2023\/11\/DSC_4130-1536x1024.jpg 1536w, https:\/\/campus.univ-lyon1.fr\/champignons\/files\/2023\/11\/DSC_4130-2048x1365.jpg 2048w, https:\/\/campus.univ-lyon1.fr\/champignons\/files\/2023\/11\/DSC_4130-930x620.jpg 930w\" sizes=\"(max-width: 2126px) 100vw, 2126px\" \/><div class=\"wp-block-cover__inner-container\">\n<div class=\"wp-block-cover is-light\" style=\"min-height:127px\"><span aria-hidden=\"true\" class=\"wp-block-cover__background has-background-dim-0 has-background-dim\"><\/span><div class=\"wp-block-cover__inner-container\">\n<p class=\"has-text-align-center has-white-color has-text-color has-large-font-size\">Chapeau<\/p>\n<\/div><\/div>\n\n\n\n<p class=\"has-nv-text-dark-bg-color has-text-color\">Chapeau pouvant aller jusqu\u2019\u00e0 20 cm de diam\u00e8tre. Celui-ci est plat, arrondi, lisse et brillant. Il est de couleur brun-rouge au centre. Quant \u00e0 la marge, elle est plus p\u00e2le pouvant aller jusqu\u2019au jaune et est incurv\u00e9e.<\/p>\n\n\n\n<div class=\"wp-block-buttons is-layout-flex\">\n<div class=\"wp-block-button is-style-primary\"><a class=\"wp-block-button__link wp-element-button\" href=\"https:\/\/campus.univ-lyon1.fr\/champignons\/files\/2023\/11\/DSC_4130.jpg\" style=\"border-radius:50px\" target=\"_blank\" rel=\"noreferrer noopener\">Zoom<\/a><\/div>\n<\/div>\n<\/div><\/div>\n<\/div>\n\n\n\n<div class=\"wp-block-column is-layout-flow\">\n<div class=\"wp-block-cover\" style=\"min-height:350px\"><span aria-hidden=\"true\" class=\"wp-block-cover__background has-neve-link-color-background-color has-background-dim\"><\/span><div class=\"wp-block-cover__inner-container\">\n<div class=\"wp-block-cover is-light\" style=\"min-height:50px\"><span aria-hidden=\"true\" class=\"wp-block-cover__background has-background-dim-0 has-background-dim\"><\/span><div class=\"wp-block-cover__inner-container\">\n<p class=\"has-text-align-center has-white-color has-text-color has-large-font-size\">Chair<\/p>\n<\/div><\/div>\n\n\n\n<p>La chair de ce champignon est blanche-marron et tr\u00e8s coriace.<\/p>\n\n\n\n<div class=\"wp-block-buttons is-content-justification-right is-layout-flex wp-container-6\"><\/div>\n<\/div><\/div>\n<\/div>\n<\/div>\n\n\n\n<div class=\"wp-block-columns is-layout-flex wp-container-13\">\n<div class=\"wp-block-column is-layout-flow\">\n<div class=\"wp-block-cover is-light\" style=\"min-height:350px\"><span aria-hidden=\"true\" class=\"wp-block-cover__background has-black-background-color has-background-dim\"><\/span><img decoding=\"async\" loading=\"lazy\" width=\"2126\" height=\"1417\" class=\"wp-block-cover__image-background wp-image-6851\" alt=\"\" src=\"https:\/\/campus.univ-lyon1.fr\/champignons\/files\/2023\/11\/DSC_4135.jpg\" data-object-fit=\"cover\" srcset=\"https:\/\/campus.univ-lyon1.fr\/champignons\/files\/2023\/11\/DSC_4135.jpg 2126w, https:\/\/campus.univ-lyon1.fr\/champignons\/files\/2023\/11\/DSC_4135-300x200.jpg 300w, https:\/\/campus.univ-lyon1.fr\/champignons\/files\/2023\/11\/DSC_4135-1024x683.jpg 1024w, https:\/\/campus.univ-lyon1.fr\/champignons\/files\/2023\/11\/DSC_4135-768x512.jpg 768w, https:\/\/campus.univ-lyon1.fr\/champignons\/files\/2023\/11\/DSC_4135-1536x1024.jpg 1536w, https:\/\/campus.univ-lyon1.fr\/champignons\/files\/2023\/11\/DSC_4135-2048x1365.jpg 2048w, https:\/\/campus.univ-lyon1.fr\/champignons\/files\/2023\/11\/DSC_4135-930x620.jpg 930w\" sizes=\"(max-width: 2126px) 100vw, 2126px\" \/><div class=\"wp-block-cover__inner-container\">\n<div class=\"wp-block-cover is-light\" style=\"min-height:77px\"><span aria-hidden=\"true\" class=\"wp-block-cover__background has-background-dim-0 has-background-dim\"><\/span><div class=\"wp-block-cover__inner-container\">\n<p class=\"has-text-align-center has-white-color has-text-color has-large-font-size\">Hym\u00e9nophore<\/p>\n<\/div><\/div>\n\n\n\n<p class=\"has-nv-text-dark-bg-color has-text-color\">Les tubules sont de couleur blanche ou ocre et fines.<\/p>\n\n\n\n<div class=\"wp-block-buttons is-layout-flex\">\n<div class=\"wp-block-button is-style-primary\"><a class=\"wp-block-button__link wp-element-button\" href=\"https:\/\/campus.univ-lyon1.fr\/champignons\/files\/2023\/11\/DSC_4135.jpg\" style=\"border-radius:50px\" target=\"_blank\" rel=\"noreferrer noopener\">Zoom<\/a><\/div>\n<\/div>\n<\/div><\/div>\n<\/div>\n\n\n\n<div class=\"wp-block-column is-layout-flow\">\n<div class=\"wp-block-cover is-light\" style=\"min-height:350px\"><span aria-hidden=\"true\" class=\"wp-block-cover__background has-black-background-color has-background-dim\"><\/span><img decoding=\"async\" loading=\"lazy\" width=\"2126\" height=\"1417\" class=\"wp-block-cover__image-background wp-image-6855\" alt=\"\" src=\"https:\/\/campus.univ-lyon1.fr\/champignons\/files\/2023\/11\/DSC_4126-1.jpg\" data-object-fit=\"cover\" \/><div class=\"wp-block-cover__inner-container\">\n<div class=\"wp-block-cover is-light\" style=\"min-height:102px\"><span aria-hidden=\"true\" class=\"wp-block-cover__background has-background-dim-0 has-background-dim\"><\/span><div class=\"wp-block-cover__inner-container\">\n<p class=\"has-text-align-center has-white-color has-text-color has-large-font-size\">Pied<\/p>\n<\/div><\/div>\n\n\n\n<p class=\"has-nv-text-dark-bg-color has-text-color\">Le stipe peut mesurer jusqu\u2019\u00e0 25 cm de long. De plus, il est assez coriace. Le pied reste de la m\u00eame couleur que le chapeau, brun-rouge.<\/p>\n\n\n\n<div class=\"wp-block-buttons is-content-justification-right is-layout-flex wp-container-11\">\n<div class=\"wp-block-button is-style-primary\"><a class=\"wp-block-button__link wp-element-button\" href=\"https:\/\/campus.univ-lyon1.fr\/champignons\/files\/2023\/11\/DSC_4126-1.jpg\" style=\"border-radius:50px\" target=\"_blank\" rel=\"noreferrer noopener\">Zoom<\/a><\/div>\n<\/div>\n<\/div><\/div>\n<\/div>\n<\/div>\n\n\n\n<div class=\"wp-block-columns is-layout-flex wp-container-18\">\n<div class=\"wp-block-column is-layout-flow\">\n<div class=\"wp-block-cover is-light\" style=\"min-height:350px\"><span aria-hidden=\"true\" class=\"wp-block-cover__background has-black-background-color has-background-dim\"><\/span><img decoding=\"async\" loading=\"lazy\" width=\"2126\" height=\"1417\" class=\"wp-block-cover__image-background wp-image-6857\" alt=\"\" src=\"https:\/\/campus.univ-lyon1.fr\/champignons\/files\/2023\/11\/DSC_4129.jpg\" data-object-fit=\"cover\" srcset=\"https:\/\/campus.univ-lyon1.fr\/champignons\/files\/2023\/11\/DSC_4129.jpg 2126w, https:\/\/campus.univ-lyon1.fr\/champignons\/files\/2023\/11\/DSC_4129-300x200.jpg 300w, https:\/\/campus.univ-lyon1.fr\/champignons\/files\/2023\/11\/DSC_4129-1024x683.jpg 1024w, https:\/\/campus.univ-lyon1.fr\/champignons\/files\/2023\/11\/DSC_4129-768x512.jpg 768w, https:\/\/campus.univ-lyon1.fr\/champignons\/files\/2023\/11\/DSC_4129-1536x1024.jpg 1536w, https:\/\/campus.univ-lyon1.fr\/champignons\/files\/2023\/11\/DSC_4129-2048x1365.jpg 2048w, https:\/\/campus.univ-lyon1.fr\/champignons\/files\/2023\/11\/DSC_4129-930x620.jpg 930w\" sizes=\"(max-width: 2126px) 100vw, 2126px\" \/><div class=\"wp-block-cover__inner-container\">\n<div class=\"wp-block-cover is-light\" style=\"min-height:77px\"><span aria-hidden=\"true\" class=\"wp-block-cover__background has-background-dim-0 has-background-dim\"><\/span><div class=\"wp-block-cover__inner-container\">\n<p class=\"has-text-align-center has-white-color has-text-color has-large-font-size\">Sans Anneau<\/p>\n<\/div><\/div>\n\n\n\n<div class=\"wp-block-buttons is-layout-flex\">\n<div class=\"wp-block-button is-style-primary\"><a class=\"wp-block-button__link wp-element-button\" href=\"https:\/\/campus.univ-lyon1.fr\/champignons\/files\/2023\/11\/DSC_4129.jpg\" style=\"border-radius:50px\" target=\"_blank\" rel=\"noreferrer noopener\">Zoom<\/a><\/div>\n<\/div>\n<\/div><\/div>\n<\/div>\n\n\n\n<div class=\"wp-block-column is-layout-flow\">\n<div class=\"wp-block-cover\" style=\"min-height:350px\"><span aria-hidden=\"true\" class=\"wp-block-cover__background has-black-background-color has-background-dim\"><\/span><img decoding=\"async\" loading=\"lazy\" width=\"2126\" height=\"1417\" class=\"wp-block-cover__image-background wp-image-6852\" alt=\"\" src=\"https:\/\/campus.univ-lyon1.fr\/champignons\/files\/2023\/11\/DSC_4087.jpg\" style=\"object-position:55% 89%\" data-object-fit=\"cover\" data-object-position=\"55% 89%\" srcset=\"https:\/\/campus.univ-lyon1.fr\/champignons\/files\/2023\/11\/DSC_4087.jpg 2126w, https:\/\/campus.univ-lyon1.fr\/champignons\/files\/2023\/11\/DSC_4087-300x200.jpg 300w, https:\/\/campus.univ-lyon1.fr\/champignons\/files\/2023\/11\/DSC_4087-1024x683.jpg 1024w, https:\/\/campus.univ-lyon1.fr\/champignons\/files\/2023\/11\/DSC_4087-768x512.jpg 768w, https:\/\/campus.univ-lyon1.fr\/champignons\/files\/2023\/11\/DSC_4087-1536x1024.jpg 1536w, https:\/\/campus.univ-lyon1.fr\/champignons\/files\/2023\/11\/DSC_4087-2048x1365.jpg 2048w, https:\/\/campus.univ-lyon1.fr\/champignons\/files\/2023\/11\/DSC_4087-930x620.jpg 930w\" sizes=\"(max-width: 2126px) 100vw, 2126px\" \/><div class=\"wp-block-cover__inner-container\">\n<div class=\"wp-block-cover is-light\" style=\"min-height:102px\"><span aria-hidden=\"true\" class=\"wp-block-cover__background has-background-dim-0 has-background-dim\"><\/span><div class=\"wp-block-cover__inner-container\">\n<p class=\"has-text-align-center has-white-color has-text-color has-large-font-size\">Sans Volve<\/p>\n<\/div><\/div>\n\n\n\n<div class=\"wp-block-buttons is-content-justification-right is-layout-flex wp-container-16\">\n<div class=\"wp-block-button is-style-primary\"><a class=\"wp-block-button__link wp-element-button\" href=\"https:\/\/campus.univ-lyon1.fr\/champignons\/files\/2023\/11\/DSC_4087.jpg\" style=\"border-radius:50px\" target=\"_blank\" rel=\"noreferrer noopener\">Zoom<\/a><\/div>\n<\/div>\n<\/div><\/div>\n<\/div>\n<\/div>\n\n\n\n<div class=\"wp-block-columns is-layout-flex wp-container-27\">\n<div class=\"wp-block-column is-layout-flow\">\n<div class=\"wp-block-columns is-not-stacked-on-mobile is-layout-flex wp-container-21\">\n<div class=\"wp-block-column is-vertically-aligned-center is-layout-flow\" style=\"flex-basis:30%\"><div class=\"wp-block-image\">\n<figure class=\"aligncenter size-full\"><img decoding=\"async\" loading=\"lazy\" width=\"123\" height=\"123\" src=\"https:\/\/campus.univ-lyon1.fr\/champignons\/files\/2023\/09\/icone-arbre.png\" alt=\"\" class=\"wp-image-3644\" \/><\/figure><\/div><\/div>\n\n\n\n<div class=\"wp-block-column is-layout-flow\" style=\"flex-basis:100%\">\n<div class=\"wp-block-cover\" style=\"min-height:350px\"><span aria-hidden=\"true\" class=\"wp-block-cover__background has-neve-link-color-background-color has-background-dim-100 has-background-dim\"><\/span><div class=\"wp-block-cover__inner-container\">\n<div class=\"wp-block-cover is-light\" style=\"min-height:77px\"><span aria-hidden=\"true\" class=\"wp-block-cover__background has-background-dim-0 has-background-dim\"><\/span><div class=\"wp-block-cover__inner-container\">\n<p class=\"has-text-align-center has-white-color has-text-color has-large-font-size\">Habitat<\/p>\n<\/div><\/div>\n\n\n\n<p class=\"has-text-align-left\">Il est trouv\u00e9 dans des for\u00eats de feuillus.<\/p>\n<\/div><\/div>\n<\/div>\n<\/div>\n<\/div>\n\n\n\n<div class=\"wp-block-column is-layout-flow\">\n<div class=\"wp-block-columns is-not-stacked-on-mobile is-layout-flex wp-container-25\">\n<div class=\"wp-block-column is-layout-flow\" style=\"flex-basis:100%\">\n<div class=\"wp-block-cover\" style=\"min-height:350px\"><span aria-hidden=\"true\" class=\"wp-block-cover__background has-neve-link-color-background-color has-background-dim-100 has-background-dim\"><\/span><div class=\"wp-block-cover__inner-container\">\n<div class=\"wp-block-cover is-light\" style=\"min-height:77px\"><span aria-hidden=\"true\" class=\"wp-block-cover__background has-background-dim-0 has-background-dim\"><\/span><div class=\"wp-block-cover__inner-container\">\n<p class=\"has-text-align-center has-white-color has-text-color has-large-font-size\">Comestibilit\u00e9<\/p>\n<\/div><\/div>\n\n\n\n<p class=\"has-text-align-left\">Sans int\u00e9r\u00eat.<\/p>\n<\/div><\/div>\n<\/div>\n\n\n\n<div class=\"wp-block-column is-vertically-aligned-center is-layout-flow\" style=\"flex-basis:30%\">\n<figure class=\"wp-block-image size-full\"><img decoding=\"async\" loading=\"lazy\" width=\"123\" height=\"123\" src=\"https:\/\/campus.univ-lyon1.fr\/champignons\/files\/2023\/09\/icone-smile.png\" alt=\"\" class=\"wp-image-3636\" \/><\/figure>\n<\/div>\n<\/div>\n<\/div>\n<\/div>\n\n\n\n<div class=\"wp-block-columns is-layout-flex wp-container-30\">\n<div class=\"wp-block-column is-vertically-aligned-center is-layout-flow\">\n<div class=\"wp-block-cover\" style=\"min-height:350px\"><span aria-hidden=\"true\" class=\"wp-block-cover__background has-black-background-color has-background-dim-100 has-background-dim\"><\/span><div class=\"wp-block-cover__inner-container\">\n<div class=\"wp-block-cover is-light\" style=\"min-height:77px\"><span aria-hidden=\"true\" class=\"wp-block-cover__background has-background-dim-0 has-background-dim\"><\/span><div class=\"wp-block-cover__inner-container\">\n<p class=\"has-text-align-center has-white-color has-text-color has-large-font-size\">P\u00e9riode de cueillette<\/p>\n<\/div><\/div>\n\n\n\n<p class=\"has-text-align-left\">Peut \u00eatre retrouv\u00e9 toute l&rsquo;ann\u00e9e.<\/p>\n<\/div><\/div>\n<\/div>\n\n\n\n<div class=\"wp-block-column is-layout-flow\">\n<div class=\"wp-block-cover\" style=\"min-height:350px\"><span aria-hidden=\"true\" class=\"wp-block-cover__background has-black-background-color has-background-dim-100 has-background-dim\"><\/span><div class=\"wp-block-cover__inner-container\">\n<div class=\"wp-block-cover is-light\" style=\"min-height:102px\"><span aria-hidden=\"true\" class=\"wp-block-cover__background has-background-dim-0 has-background-dim\"><\/span><div class=\"wp-block-cover__inner-container\">\n<p class=\"has-text-align-center has-white-color has-text-color has-large-font-size\">Remarque<\/p>\n<\/div><\/div>\n\n\n\n<p>Aucune.<\/p>\n<\/div><\/div>\n<\/div>\n<\/div>\n\n\n\n<div class=\"wp-block-buttons is-content-justification-center is-layout-flex wp-container-31\">\n<div class=\"wp-block-button is-style-secondary\"><a class=\"wp-block-button__link wp-element-button\" href=\"#UP\">Retour en haut<\/a><\/div>\n<\/div>\n\n\n\n<div style=\"height:40px\" aria-hidden=\"true\" class=\"wp-block-spacer\"><\/div>\n","protected":false},"excerpt":{"rendered":"<p>Ganoderme luisant Ordre : Polyporales Genre : Ganoderma<\/p>\n","protected":false},"author":2981,"featured_media":0,"parent":29,"menu_order":0,"comment_status":"closed","ping_status":"closed","template":"","meta":{"neve_meta_sidebar":"","neve_meta_container":"","neve_meta_enable_content_width":"","neve_meta_content_width":0,"neve_meta_title_alignment":"","neve_meta_author_avatar":"","neve_post_elements_order":"","neve_meta_disable_header":"","neve_meta_disable_footer":"","neve_meta_disable_title":""},"yoast_head":"<!-- This site is optimized with the Yoast SEO plugin v21.8.1 - https:\/\/yoast.com\/wordpress\/plugins\/seo\/ -->\n<title>Ganoderma lucidum - Champignons Lyon 1<\/title>\n<meta name=\"robots\" content=\"index, follow, max-snippet:-1, max-image-preview:large, max-video-preview:-1\" \/>\n<link rel=\"canonical\" href=\"https:\/\/campus.univ-lyon1.fr\/champignons\/base-de-donnees\/ganoderma-lucidum\/\" \/>\n<meta property=\"og:locale\" content=\"fr_FR\" \/>\n<meta property=\"og:type\" content=\"article\" \/>\n<meta property=\"og:title\" content=\"Ganoderma lucidum - Champignons Lyon 1\" \/>\n<meta property=\"og:description\" content=\"Ganoderme luisant Ordre : Polyporales Genre : Ganoderma\" \/>\n<meta property=\"og:url\" content=\"https:\/\/campus.univ-lyon1.fr\/champignons\/base-de-donnees\/ganoderma-lucidum\/\" \/>\n<meta property=\"og:site_name\" content=\"Champignons Lyon 1\" \/>\n<meta property=\"article:modified_time\" content=\"2023-12-14T10:27:55+00:00\" \/>\n<meta property=\"og:image\" content=\"https:\/\/campus.univ-lyon1.fr\/champignons\/files\/2023\/11\/DSC_4087-1024x683.jpg\" \/>\n<meta name=\"twitter:card\" content=\"summary_large_image\" \/>\n<meta name=\"twitter:label1\" content=\"Dur\u00e9e de lecture estim\u00e9e\" \/>\n\t<meta name=\"twitter:data1\" content=\"3 minutes\" \/>\n<script type=\"application\/ld+json\" class=\"yoast-schema-graph\">{\"@context\":\"https:\/\/schema.org\",\"@graph\":[{\"@type\":\"WebPage\",\"@id\":\"https:\/\/campus.univ-lyon1.fr\/champignons\/base-de-donnees\/ganoderma-lucidum\/\",\"url\":\"https:\/\/campus.univ-lyon1.fr\/champignons\/base-de-donnees\/ganoderma-lucidum\/\",\"name\":\"Ganoderma lucidum - Champignons Lyon 1\",\"isPartOf\":{\"@id\":\"https:\/\/campus.univ-lyon1.fr\/champignons\/#website\"},\"datePublished\":\"2023-11-28T18:24:21+00:00\",\"dateModified\":\"2023-12-14T10:27:55+00:00\",\"breadcrumb\":{\"@id\":\"https:\/\/campus.univ-lyon1.fr\/champignons\/base-de-donnees\/ganoderma-lucidum\/#breadcrumb\"},\"inLanguage\":\"fr-FR\",\"potentialAction\":[{\"@type\":\"ReadAction\",\"target\":[\"https:\/\/campus.univ-lyon1.fr\/champignons\/base-de-donnees\/ganoderma-lucidum\/\"]}]},{\"@type\":\"BreadcrumbList\",\"@id\":\"https:\/\/campus.univ-lyon1.fr\/champignons\/base-de-donnees\/ganoderma-lucidum\/#breadcrumb\",\"itemListElement\":[{\"@type\":\"ListItem\",\"position\":1,\"name\":\"Accueil\",\"item\":\"https:\/\/campus.univ-lyon1.fr\/champignons\/\"},{\"@type\":\"ListItem\",\"position\":2,\"name\":\"Base de donn\u00e9es\",\"item\":\"https:\/\/campus.univ-lyon1.fr\/champignons\/base-de-donnees\/\"},{\"@type\":\"ListItem\",\"position\":3,\"name\":\"Ganoderma lucidum\"}]},{\"@type\":\"WebSite\",\"@id\":\"https:\/\/campus.univ-lyon1.fr\/champignons\/#website\",\"url\":\"https:\/\/campus.univ-lyon1.fr\/champignons\/\",\"name\":\"Champignons Lyon 1\",\"description\":\"Bienvenue sur le site de mycologie de la facult\u00e9 de Lyon !\",\"publisher\":{\"@id\":\"https:\/\/campus.univ-lyon1.fr\/champignons\/#organization\"},\"potentialAction\":[{\"@type\":\"SearchAction\",\"target\":{\"@type\":\"EntryPoint\",\"urlTemplate\":\"https:\/\/campus.univ-lyon1.fr\/champignons\/?s={search_term_string}\"},\"query-input\":\"required name=search_term_string\"}],\"inLanguage\":\"fr-FR\"},{\"@type\":\"Organization\",\"@id\":\"https:\/\/campus.univ-lyon1.fr\/champignons\/#organization\",\"name\":\"Champignons Lyon 1\",\"url\":\"https:\/\/campus.univ-lyon1.fr\/champignons\/\",\"logo\":{\"@type\":\"ImageObject\",\"inLanguage\":\"fr-FR\",\"@id\":\"https:\/\/campus.univ-lyon1.fr\/champignons\/#\/schema\/logo\/image\/\",\"url\":\"https:\/\/campus.univ-lyon1.fr\/champignons\/files\/2023\/10\/cropped-Sans-titre-1-1-1.png\",\"contentUrl\":\"https:\/\/campus.univ-lyon1.fr\/champignons\/files\/2023\/10\/cropped-Sans-titre-1-1-1.png\",\"width\":200,\"height\":181,\"caption\":\"Champignons Lyon 1\"},\"image\":{\"@id\":\"https:\/\/campus.univ-lyon1.fr\/champignons\/#\/schema\/logo\/image\/\"}}]}<\/script>\n<!-- \/ Yoast SEO plugin. -->","yoast_head_json":{"title":"Ganoderma lucidum - Champignons Lyon 1","robots":{"index":"index","follow":"follow","max-snippet":"max-snippet:-1","max-image-preview":"max-image-preview:large","max-video-preview":"max-video-preview:-1"},"canonical":"https:\/\/campus.univ-lyon1.fr\/champignons\/base-de-donnees\/ganoderma-lucidum\/","og_locale":"fr_FR","og_type":"article","og_title":"Ganoderma lucidum - Champignons Lyon 1","og_description":"Ganoderme luisant Ordre : Polyporales Genre : Ganoderma","og_url":"https:\/\/campus.univ-lyon1.fr\/champignons\/base-de-donnees\/ganoderma-lucidum\/","og_site_name":"Champignons Lyon 1","article_modified_time":"2023-12-14T10:27:55+00:00","og_image":[{"url":"https:\/\/campus.univ-lyon1.fr\/champignons\/files\/2023\/11\/DSC_4087-1024x683.jpg"}],"twitter_card":"summary_large_image","twitter_misc":{"Dur\u00e9e de lecture estim\u00e9e":"3 minutes"},"schema":{"@context":"https:\/\/schema.org","@graph":[{"@type":"WebPage","@id":"https:\/\/campus.univ-lyon1.fr\/champignons\/base-de-donnees\/ganoderma-lucidum\/","url":"https:\/\/campus.univ-lyon1.fr\/champignons\/base-de-donnees\/ganoderma-lucidum\/","name":"Ganoderma lucidum - Champignons Lyon 1","isPartOf":{"@id":"https:\/\/campus.univ-lyon1.fr\/champignons\/#website"},"datePublished":"2023-11-28T18:24:21+00:00","dateModified":"2023-12-14T10:27:55+00:00","breadcrumb":{"@id":"https:\/\/campus.univ-lyon1.fr\/champignons\/base-de-donnees\/ganoderma-lucidum\/#breadcrumb"},"inLanguage":"fr-FR","potentialAction":[{"@type":"ReadAction","target":["https:\/\/campus.univ-lyon1.fr\/champignons\/base-de-donnees\/ganoderma-lucidum\/"]}]},{"@type":"BreadcrumbList","@id":"https:\/\/campus.univ-lyon1.fr\/champignons\/base-de-donnees\/ganoderma-lucidum\/#breadcrumb","itemListElement":[{"@type":"ListItem","position":1,"name":"Accueil","item":"https:\/\/campus.univ-lyon1.fr\/champignons\/"},{"@type":"ListItem","position":2,"name":"Base de donn\u00e9es","item":"https:\/\/campus.univ-lyon1.fr\/champignons\/base-de-donnees\/"},{"@type":"ListItem","position":3,"name":"Ganoderma lucidum"}]},{"@type":"WebSite","@id":"https:\/\/campus.univ-lyon1.fr\/champignons\/#website","url":"https:\/\/campus.univ-lyon1.fr\/champignons\/","name":"Champignons Lyon 1","description":"Bienvenue sur le site de mycologie de la facult\u00e9 de Lyon !","publisher":{"@id":"https:\/\/campus.univ-lyon1.fr\/champignons\/#organization"},"potentialAction":[{"@type":"SearchAction","target":{"@type":"EntryPoint","urlTemplate":"https:\/\/campus.univ-lyon1.fr\/champignons\/?s={search_term_string}"},"query-input":"required name=search_term_string"}],"inLanguage":"fr-FR"},{"@type":"Organization","@id":"https:\/\/campus.univ-lyon1.fr\/champignons\/#organization","name":"Champignons Lyon 1","url":"https:\/\/campus.univ-lyon1.fr\/champignons\/","logo":{"@type":"ImageObject","inLanguage":"fr-FR","@id":"https:\/\/campus.univ-lyon1.fr\/champignons\/#\/schema\/logo\/image\/","url":"https:\/\/campus.univ-lyon1.fr\/champignons\/files\/2023\/10\/cropped-Sans-titre-1-1-1.png","contentUrl":"https:\/\/campus.univ-lyon1.fr\/champignons\/files\/2023\/10\/cropped-Sans-titre-1-1-1.png","width":200,"height":181,"caption":"Champignons Lyon 1"},"image":{"@id":"https:\/\/campus.univ-lyon1.fr\/champignons\/#\/schema\/logo\/image\/"}}]}},"_links":{"self":[{"href":"https:\/\/campus.univ-lyon1.fr\/champignons\/wp-json\/wp\/v2\/pages\/6862"}],"collection":[{"href":"https:\/\/campus.univ-lyon1.fr\/champignons\/wp-json\/wp\/v2\/pages"}],"about":[{"href":"https:\/\/campus.univ-lyon1.fr\/champignons\/wp-json\/wp\/v2\/types\/page"}],"author":[{"embeddable":true,"href":"https:\/\/campus.univ-lyon1.fr\/champignons\/wp-json\/wp\/v2\/users\/2981"}],"replies":[{"embeddable":true,"href":"https:\/\/campus.univ-lyon1.fr\/champignons\/wp-json\/wp\/v2\/comments?post=6862"}],"version-history":[{"count":4,"href":"https:\/\/campus.univ-lyon1.fr\/champignons\/wp-json\/wp\/v2\/pages\/6862\/revisions"}],"predecessor-version":[{"id":9805,"href":"https:\/\/campus.univ-lyon1.fr\/champignons\/wp-json\/wp\/v2\/pages\/6862\/revisions\/9805"}],"up":[{"embeddable":true,"href":"https:\/\/campus.univ-lyon1.fr\/champignons\/wp-json\/wp\/v2\/pages\/29"}],"wp:attachment":[{"href":"https:\/\/campus.univ-lyon1.fr\/champignons\/wp-json\/wp\/v2\/media?parent=6862"}],"curies":[{"name":"wp","href":"https:\/\/api.w.org\/{rel}","templated":true}]}}