{"id":6630,"date":"2023-11-25T16:32:03","date_gmt":"2023-11-25T15:32:03","guid":{"rendered":"https:\/\/campus.univ-lyon1.fr\/champignons\/?page_id=6630"},"modified":"2023-12-14T11:21:53","modified_gmt":"2023-12-14T10:21:53","slug":"clitocybe-amoenolens-paralepistopsis-amoenolens","status":"publish","type":"page","link":"https:\/\/campus.univ-lyon1.fr\/champignons\/base-de-donnees\/clitocybe-amoenolens-paralepistopsis-amoenolens\/","title":{"rendered":"Clitocybe amoenolens \/ Paralepistopsis amoenolens"},"content":{"rendered":"\n<h1 class=\"wp-block-heading has-text-align-center\" id=\"UP\"><strong><em>Clitocybe \u00e0 bonne odeur<\/em><\/strong><\/h1>\n\n\n\n<div class=\"wp-block-file aligncenter\"><a href=\"https:\/\/campus.univ-lyon1.fr\/champignons\/files\/2023\/12\/Clitocybe-amoenolens-Paralepistopsis-amoenolens.pdf\" class=\"wp-block-file__button wp-element-button\" download>T\u00e9l\u00e9charger<\/a><\/div>\n\n\n\n<div style=\"height:10px\" aria-hidden=\"true\" class=\"wp-block-spacer\"><\/div>\n\n\n\n<div class=\"wp-block-columns is-layout-flex wp-container-4\">\n<div class=\"wp-block-column is-layout-flow\">\n<p class=\"has-text-align-center\" style=\"font-size:25px\"><strong>Ordre <\/strong>: <a href=\"https:\/\/campus.univ-lyon1.fr\/champignons\/ordre\/agaricales\/\">Agaricales<\/a><\/p>\n<\/div>\n\n\n\n<div class=\"wp-block-column is-layout-flow\">\n<p class=\"has-text-align-center\" style=\"font-size:25px\"><strong>Genre <\/strong>: <a href=\"https:\/\/campus.univ-lyon1.fr\/champignons\/genre\/clitocybe\/\">Clitocybe<\/a> \/ <a href=\"https:\/\/campus.univ-lyon1.fr\/champignons\/paralepistopsis\/\">Paralepistopsis<\/a><\/p>\n<\/div>\n\n\n\n<div class=\"wp-block-column is-layout-flow\">\n<p class=\"has-text-align-center\" style=\"font-size:25px\"><strong>Spor\u00e9e <\/strong>: Blanche<\/p>\n<\/div>\n<\/div>\n\n\n<div class=\"wp-block-image is-style-rounded\">\n<figure class=\"aligncenter size-full is-resized\"><img decoding=\"async\" loading=\"lazy\" src=\"https:\/\/campus.univ-lyon1.fr\/champignons\/files\/2023\/11\/image-1.png\" alt=\"\" class=\"wp-image-6658\" width=\"-28\" height=\"-17\" srcset=\"https:\/\/campus.univ-lyon1.fr\/champignons\/files\/2023\/11\/image-1.png 701w, https:\/\/campus.univ-lyon1.fr\/champignons\/files\/2023\/11\/image-1-300x184.png 300w\" sizes=\"(max-width: 701px) 100vw, 701px\" \/><\/figure><\/div>\n\n\n<div style=\"height:40px\" aria-hidden=\"true\" class=\"wp-block-spacer\"><\/div>\n\n\n\n<div class=\"wp-block-columns is-layout-flex wp-container-9\">\n<div class=\"wp-block-column is-layout-flow\">\n<div class=\"wp-block-cover\" style=\"min-height:350px\"><span aria-hidden=\"true\" class=\"wp-block-cover__background has-black-background-color has-background-dim\"><\/span><div class=\"wp-block-cover__inner-container\">\n<div class=\"wp-block-cover is-light\" style=\"min-height:127px\"><span aria-hidden=\"true\" class=\"wp-block-cover__background has-background-dim-0 has-background-dim\"><\/span><div class=\"wp-block-cover__inner-container\">\n<p class=\"has-text-align-center has-white-color has-text-color has-large-font-size\">Chapeau<\/p>\n<\/div><\/div>\n\n\n\n<p>De couleur beige cr\u00e8me \u00e0 ochrac\u00e9, avec un centre plus sombre, de 3 \u00e0 9 cm de diam\u00e8tre. Mamelonn\u00e9 ou un peu creus\u00e9, mais jamais en entonnoir, lisse. Marge enroul\u00e9e. Non hygrophane. R\u00e9action jaun\u00e2tre \u00e0 KOH sur le rev\u00eatement pil\u00e9ique.<\/p>\n\n\n\n<div class=\"wp-block-buttons is-layout-flex\"><\/div>\n<\/div><\/div>\n<\/div>\n\n\n\n<div class=\"wp-block-column is-layout-flow\">\n<div class=\"wp-block-cover\" style=\"min-height:350px\"><span aria-hidden=\"true\" class=\"wp-block-cover__background has-neve-link-color-background-color has-background-dim\"><\/span><div class=\"wp-block-cover__inner-container\">\n<div class=\"wp-block-cover is-light\" style=\"min-height:50px\"><span aria-hidden=\"true\" class=\"wp-block-cover__background has-background-dim-0 has-background-dim\"><\/span><div class=\"wp-block-cover__inner-container\">\n<p class=\"has-text-align-center has-white-color has-text-color has-large-font-size\">Chair<\/p>\n<\/div><\/div>\n\n\n\n<p>Chair blanche. Odeur forte aromatique, comme la fleur d\u2019oranger, le jasmin ou encore la poire. Saveur fongique douce l\u00e9g\u00e8rement farineuse.<\/p>\n\n\n\n<div class=\"wp-block-buttons is-content-justification-right is-layout-flex wp-container-7\"><\/div>\n<\/div><\/div>\n<\/div>\n<\/div>\n\n\n\n<div class=\"wp-block-columns is-layout-flex wp-container-14\">\n<div class=\"wp-block-column is-layout-flow\">\n<div class=\"wp-block-cover\" style=\"min-height:350px\"><span aria-hidden=\"true\" class=\"wp-block-cover__background has-black-background-color has-background-dim\"><\/span><div class=\"wp-block-cover__inner-container\">\n<div class=\"wp-block-cover is-light\" style=\"min-height:77px\"><span aria-hidden=\"true\" class=\"wp-block-cover__background has-background-dim-0 has-background-dim\"><\/span><div class=\"wp-block-cover__inner-container\">\n<p class=\"has-text-align-center has-white-color has-text-color has-large-font-size\">Hym\u00e9nophore<\/p>\n<\/div><\/div>\n\n\n\n<p>Lames tr\u00e8s d\u00e9currentes, peu serr\u00e9es, \u00e9troites. Cr\u00e8me \u00e0 beige rouss\u00e2tre.<\/p>\n\n\n\n<div class=\"wp-block-buttons is-layout-flex\"><\/div>\n<\/div><\/div>\n<\/div>\n\n\n\n<div class=\"wp-block-column is-layout-flow\">\n<div class=\"wp-block-cover\" style=\"min-height:350px\"><span aria-hidden=\"true\" class=\"wp-block-cover__background has-black-background-color has-background-dim\"><\/span><div class=\"wp-block-cover__inner-container\">\n<div class=\"wp-block-cover is-light\" style=\"min-height:102px\"><span aria-hidden=\"true\" class=\"wp-block-cover__background has-background-dim-0 has-background-dim\"><\/span><div class=\"wp-block-cover__inner-container\">\n<p class=\"has-text-align-center has-white-color has-text-color has-large-font-size\">Pied<\/p>\n<\/div><\/div>\n\n\n\n<p>Blanc \u00e0 cr\u00e8me ros\u00e9 puis roux. Subcylindrique, un peu renfl\u00e9 \u00e0 la base, pruineux au sommet. La base est profond\u00e9ment enfouie dans la liti\u00e8re, \u00e0 myc\u00e9lium blanc, cotonneux, agglom\u00e9rant les aiguilles.<\/p>\n\n\n\n<div class=\"wp-block-buttons is-content-justification-right is-layout-flex wp-container-12\"><\/div>\n<\/div><\/div>\n<\/div>\n<\/div>\n\n\n\n<div class=\"wp-block-columns is-layout-flex wp-container-19\">\n<div class=\"wp-block-column is-layout-flow\">\n<div class=\"wp-block-cover\" style=\"min-height:350px\"><span aria-hidden=\"true\" class=\"wp-block-cover__background has-black-background-color has-background-dim\"><\/span><div class=\"wp-block-cover__inner-container\">\n<div class=\"wp-block-cover is-light\" style=\"min-height:77px\"><span aria-hidden=\"true\" class=\"wp-block-cover__background has-background-dim-0 has-background-dim\"><\/span><div class=\"wp-block-cover__inner-container\">\n<p class=\"has-text-align-center has-white-color has-text-color has-large-font-size\">Sans Anneau<\/p>\n<\/div><\/div>\n\n\n\n<div class=\"wp-block-buttons is-layout-flex\"><\/div>\n<\/div><\/div>\n<\/div>\n\n\n\n<div class=\"wp-block-column is-layout-flow\">\n<div class=\"wp-block-cover\" style=\"min-height:350px\"><span aria-hidden=\"true\" class=\"wp-block-cover__background has-black-background-color has-background-dim\"><\/span><div class=\"wp-block-cover__inner-container\">\n<div class=\"wp-block-cover is-light\" style=\"min-height:102px\"><span aria-hidden=\"true\" class=\"wp-block-cover__background has-background-dim-0 has-background-dim\"><\/span><div class=\"wp-block-cover__inner-container\">\n<p class=\"has-text-align-center has-white-color has-text-color has-large-font-size\">Sans Volve<\/p>\n<\/div><\/div>\n\n\n\n<div class=\"wp-block-buttons is-content-justification-right is-layout-flex wp-container-17\"><\/div>\n<\/div><\/div>\n<\/div>\n<\/div>\n\n\n\n<div class=\"wp-block-columns is-layout-flex wp-container-28\">\n<div class=\"wp-block-column is-layout-flow\">\n<div class=\"wp-block-columns is-not-stacked-on-mobile is-layout-flex wp-container-22\">\n<div class=\"wp-block-column is-vertically-aligned-center is-layout-flow\" style=\"flex-basis:30%\"><div class=\"wp-block-image\">\n<figure class=\"aligncenter size-full\"><img decoding=\"async\" loading=\"lazy\" width=\"123\" height=\"123\" src=\"https:\/\/campus.univ-lyon1.fr\/champignons\/files\/2023\/09\/icone-sapin.png\" alt=\"\" class=\"wp-image-3643\" \/><\/figure><\/div><\/div>\n\n\n\n<div class=\"wp-block-column is-layout-flow\" style=\"flex-basis:100%\">\n<div class=\"wp-block-cover\" style=\"min-height:350px\"><span aria-hidden=\"true\" class=\"wp-block-cover__background has-neve-link-color-background-color has-background-dim-100 has-background-dim\"><\/span><div class=\"wp-block-cover__inner-container\">\n<div class=\"wp-block-cover is-light\" style=\"min-height:77px\"><span aria-hidden=\"true\" class=\"wp-block-cover__background has-background-dim-0 has-background-dim\"><\/span><div class=\"wp-block-cover__inner-container\">\n<p class=\"has-text-align-center has-white-color has-text-color has-large-font-size\">Habitat<\/p>\n<\/div><\/div>\n\n\n\n<p class=\"has-text-align-left\">Sous conif\u00e8res : M\u00e9l\u00e8ze, \u00e9pic\u00e9a. Surtout sur sol calcaire.<\/p>\n<\/div><\/div>\n<\/div>\n<\/div>\n<\/div>\n\n\n\n<div class=\"wp-block-column is-layout-flow\">\n<div class=\"wp-block-columns is-not-stacked-on-mobile is-layout-flex wp-container-26\">\n<div class=\"wp-block-column is-layout-flow\" style=\"flex-basis:100%\">\n<div class=\"wp-block-cover\" style=\"min-height:350px\"><span aria-hidden=\"true\" class=\"wp-block-cover__background has-neve-link-color-background-color has-background-dim-100 has-background-dim\"><\/span><div class=\"wp-block-cover__inner-container\">\n<div class=\"wp-block-cover is-light\" style=\"min-height:77px\"><span aria-hidden=\"true\" class=\"wp-block-cover__background has-background-dim-0 has-background-dim\"><\/span><div class=\"wp-block-cover__inner-container\">\n<p class=\"has-text-align-center has-white-color has-text-color has-large-font-size\">Comestibilit\u00e9<\/p>\n<\/div><\/div>\n\n\n\n<p class=\"has-text-align-left\">Toxique.<\/p>\n<\/div><\/div>\n<\/div>\n\n\n\n<div class=\"wp-block-column is-vertically-aligned-center is-layout-flow\" style=\"flex-basis:30%\">\n<figure class=\"wp-block-image size-full\"><img decoding=\"async\" loading=\"lazy\" width=\"187\" height=\"186\" src=\"https:\/\/campus.univ-lyon1.fr\/champignons\/files\/2023\/09\/icone-toxique.png\" alt=\"\" class=\"wp-image-3566\" srcset=\"https:\/\/campus.univ-lyon1.fr\/champignons\/files\/2023\/09\/icone-toxique.png 187w, https:\/\/campus.univ-lyon1.fr\/champignons\/files\/2023\/09\/icone-toxique-150x150.png 150w\" sizes=\"(max-width: 187px) 100vw, 187px\" \/><\/figure>\n<\/div>\n<\/div>\n<\/div>\n<\/div>\n\n\n\n<div class=\"wp-block-columns is-layout-flex wp-container-31\">\n<div class=\"wp-block-column is-vertically-aligned-center is-layout-flow\">\n<div class=\"wp-block-cover\" style=\"min-height:350px\"><span aria-hidden=\"true\" class=\"wp-block-cover__background has-black-background-color has-background-dim-100 has-background-dim\"><\/span><div class=\"wp-block-cover__inner-container\">\n<div class=\"wp-block-cover is-light\" style=\"min-height:77px\"><span aria-hidden=\"true\" class=\"wp-block-cover__background has-background-dim-0 has-background-dim\"><\/span><div class=\"wp-block-cover__inner-container\">\n<p class=\"has-text-align-center has-white-color has-text-color has-large-font-size\">P\u00e9riode de cueillette<\/p>\n<\/div><\/div>\n\n\n\n<p class=\"has-text-align-left\">Du mois d&rsquo;ao\u00fbt \u00e0 novembre.<\/p>\n<\/div><\/div>\n<\/div>\n\n\n\n<div class=\"wp-block-column is-layout-flow\">\n<div class=\"wp-block-cover\" style=\"min-height:350px\"><span aria-hidden=\"true\" class=\"wp-block-cover__background has-black-background-color has-background-dim-100 has-background-dim\"><\/span><div class=\"wp-block-cover__inner-container\">\n<div class=\"wp-block-cover is-light\" style=\"min-height:102px\"><span aria-hidden=\"true\" class=\"wp-block-cover__background has-background-dim-0 has-background-dim\"><\/span><div class=\"wp-block-cover__inner-container\">\n<p class=\"has-text-align-center has-white-color has-text-color has-large-font-size\">Remarque<\/p>\n<\/div><\/div>\n\n\n\n<p>Le nom valide actuel de Clitocybe amoenolens (Malencon) est Paralepistopsis amoenolens. Il n\u2019a \u00e9t\u00e9 identifi\u00e9 formellement que dans le Sud-Est de la France en Savoie et en Italie, mais peu de personnes consommaient C. Gibba et il est possible que sa r\u00e9partition soit sous-estim\u00e9e. L\u2019acide nicotinique est \u00e0 l\u2019\u00e9tude comme traitement contre ce syndrome.<\/p>\n<\/div><\/div>\n<\/div>\n<\/div>\n\n\n\n<div class=\"wp-block-columns is-layout-flex wp-container-34\">\n<div class=\"wp-block-column is-vertically-aligned-center is-layout-flow\">\n<div class=\"wp-block-cover\" style=\"min-height:350px\"><span aria-hidden=\"true\" class=\"wp-block-cover__background has-black-background-color has-background-dim-100 has-background-dim\"><\/span><div class=\"wp-block-cover__inner-container\">\n<div class=\"wp-block-cover is-light\" style=\"min-height:77px\"><span aria-hidden=\"true\" class=\"wp-block-cover__background has-background-dim-0 has-background-dim\"><\/span><div class=\"wp-block-cover__inner-container\">\n<p class=\"has-text-align-center has-white-color has-text-color has-large-font-size\">Syndrome associ\u00e9<\/p>\n<\/div><\/div>\n\n\n\n<p><strong>Acrom\u00e9lalgien <\/strong>: atteinte des fibres non my\u00e9linis\u00e9es du syst\u00e8me nerveux p\u00e9riph\u00e9rique par les acides acrom\u00e9liques. Douleur, rougeur et \u0153d\u00e8mes dans les membres.<\/p>\n<\/div><\/div>\n<\/div>\n\n\n\n<div class=\"wp-block-column is-layout-flow\">\n<div class=\"wp-block-cover\" style=\"min-height:350px\"><span aria-hidden=\"true\" class=\"wp-block-cover__background has-black-background-color has-background-dim-100 has-background-dim\"><\/span><div class=\"wp-block-cover__inner-container\">\n<div class=\"wp-block-cover is-light\" style=\"min-height:102px\"><span aria-hidden=\"true\" class=\"wp-block-cover__background has-background-dim-0 has-background-dim\"><\/span><div class=\"wp-block-cover__inner-container\">\n<p class=\"has-text-align-center has-white-color has-text-color has-large-font-size\">Conduite \u00e0 tenir<\/p>\n<\/div><\/div>\n\n\n\n<p>Hospitalisation. Antalgiques. Bains d\u2019eau glac\u00e9e.<\/p>\n<\/div><\/div>\n<\/div>\n<\/div>\n\n\n\n<div class=\"wp-block-group is-layout-flow\"><div class=\"wp-block-group__inner-container\">\n<h2 class=\"wp-block-heading has-text-align-center\">Confusions <strong><span style=\"text-decoration: underline\">sans<\/span> <\/strong>risques<\/h2>\n\n\n<p>[rev_slider alias=\u00a0\u00bbclitocybe-amoenolens-sans\u00a0\u00bb]<\/p>\n\n\n\n<div style=\"height:40px\" aria-hidden=\"true\" class=\"wp-block-spacer\"><\/div>\n<\/div><\/div>\n\n\n\n<div class=\"wp-block-buttons is-content-justification-center is-layout-flex wp-container-36\">\n<div class=\"wp-block-button is-style-secondary\"><a class=\"wp-block-button__link wp-element-button\" href=\"#UP\">Retour en haut<\/a><\/div>\n<\/div>\n\n\n\n<div style=\"height:40px\" aria-hidden=\"true\" class=\"wp-block-spacer\"><\/div>\n","protected":false},"excerpt":{"rendered":"<p>Clitocybe \u00e0 bonne odeur Ordre : Agaricales Genre : Clitocybe \/ Paralepistopsis Spor\u00e9e : Blanche Confusions sans risques<\/p>\n","protected":false},"author":2981,"featured_media":0,"parent":29,"menu_order":0,"comment_status":"closed","ping_status":"closed","template":"","meta":{"neve_meta_sidebar":"","neve_meta_container":"","neve_meta_enable_content_width":"","neve_meta_content_width":0,"neve_meta_title_alignment":"","neve_meta_author_avatar":"","neve_post_elements_order":"","neve_meta_disable_header":"","neve_meta_disable_footer":"","neve_meta_disable_title":""},"yoast_head":"<!-- This site is optimized with the Yoast SEO plugin v21.8.1 - https:\/\/yoast.com\/wordpress\/plugins\/seo\/ -->\n<title>Clitocybe amoenolens \/ Paralepistopsis amoenolens - Champignons Lyon 1<\/title>\n<meta name=\"robots\" content=\"index, follow, max-snippet:-1, max-image-preview:large, max-video-preview:-1\" \/>\n<link rel=\"canonical\" href=\"https:\/\/campus.univ-lyon1.fr\/champignons\/base-de-donnees\/clitocybe-amoenolens-paralepistopsis-amoenolens\/\" \/>\n<meta property=\"og:locale\" content=\"fr_FR\" \/>\n<meta property=\"og:type\" content=\"article\" \/>\n<meta property=\"og:title\" content=\"Clitocybe amoenolens \/ Paralepistopsis amoenolens - Champignons Lyon 1\" \/>\n<meta property=\"og:description\" content=\"Clitocybe \u00e0 bonne odeur Ordre : Agaricales Genre : Clitocybe \/ Paralepistopsis Spor\u00e9e : Blanche Confusions sans risques\" \/>\n<meta property=\"og:url\" content=\"https:\/\/campus.univ-lyon1.fr\/champignons\/base-de-donnees\/clitocybe-amoenolens-paralepistopsis-amoenolens\/\" \/>\n<meta property=\"og:site_name\" content=\"Champignons Lyon 1\" \/>\n<meta property=\"article:modified_time\" content=\"2023-12-14T10:21:53+00:00\" \/>\n<meta property=\"og:image\" content=\"https:\/\/campus.univ-lyon1.fr\/champignons\/files\/2023\/11\/image-1.png\" \/>\n<meta name=\"twitter:card\" content=\"summary_large_image\" \/>\n<meta name=\"twitter:label1\" content=\"Dur\u00e9e de lecture estim\u00e9e\" \/>\n\t<meta name=\"twitter:data1\" content=\"2 minutes\" \/>\n<script type=\"application\/ld+json\" class=\"yoast-schema-graph\">{\"@context\":\"https:\/\/schema.org\",\"@graph\":[{\"@type\":\"WebPage\",\"@id\":\"https:\/\/campus.univ-lyon1.fr\/champignons\/base-de-donnees\/clitocybe-amoenolens-paralepistopsis-amoenolens\/\",\"url\":\"https:\/\/campus.univ-lyon1.fr\/champignons\/base-de-donnees\/clitocybe-amoenolens-paralepistopsis-amoenolens\/\",\"name\":\"Clitocybe amoenolens \/ Paralepistopsis amoenolens - Champignons Lyon 1\",\"isPartOf\":{\"@id\":\"https:\/\/campus.univ-lyon1.fr\/champignons\/#website\"},\"datePublished\":\"2023-11-25T15:32:03+00:00\",\"dateModified\":\"2023-12-14T10:21:53+00:00\",\"breadcrumb\":{\"@id\":\"https:\/\/campus.univ-lyon1.fr\/champignons\/base-de-donnees\/clitocybe-amoenolens-paralepistopsis-amoenolens\/#breadcrumb\"},\"inLanguage\":\"fr-FR\",\"potentialAction\":[{\"@type\":\"ReadAction\",\"target\":[\"https:\/\/campus.univ-lyon1.fr\/champignons\/base-de-donnees\/clitocybe-amoenolens-paralepistopsis-amoenolens\/\"]}]},{\"@type\":\"BreadcrumbList\",\"@id\":\"https:\/\/campus.univ-lyon1.fr\/champignons\/base-de-donnees\/clitocybe-amoenolens-paralepistopsis-amoenolens\/#breadcrumb\",\"itemListElement\":[{\"@type\":\"ListItem\",\"position\":1,\"name\":\"Accueil\",\"item\":\"https:\/\/campus.univ-lyon1.fr\/champignons\/\"},{\"@type\":\"ListItem\",\"position\":2,\"name\":\"Base de donn\u00e9es\",\"item\":\"https:\/\/campus.univ-lyon1.fr\/champignons\/base-de-donnees\/\"},{\"@type\":\"ListItem\",\"position\":3,\"name\":\"Clitocybe amoenolens \/ Paralepistopsis amoenolens\"}]},{\"@type\":\"WebSite\",\"@id\":\"https:\/\/campus.univ-lyon1.fr\/champignons\/#website\",\"url\":\"https:\/\/campus.univ-lyon1.fr\/champignons\/\",\"name\":\"Champignons Lyon 1\",\"description\":\"Bienvenue sur le site de mycologie de la facult\u00e9 de Lyon !\",\"publisher\":{\"@id\":\"https:\/\/campus.univ-lyon1.fr\/champignons\/#organization\"},\"potentialAction\":[{\"@type\":\"SearchAction\",\"target\":{\"@type\":\"EntryPoint\",\"urlTemplate\":\"https:\/\/campus.univ-lyon1.fr\/champignons\/?s={search_term_string}\"},\"query-input\":\"required name=search_term_string\"}],\"inLanguage\":\"fr-FR\"},{\"@type\":\"Organization\",\"@id\":\"https:\/\/campus.univ-lyon1.fr\/champignons\/#organization\",\"name\":\"Champignons Lyon 1\",\"url\":\"https:\/\/campus.univ-lyon1.fr\/champignons\/\",\"logo\":{\"@type\":\"ImageObject\",\"inLanguage\":\"fr-FR\",\"@id\":\"https:\/\/campus.univ-lyon1.fr\/champignons\/#\/schema\/logo\/image\/\",\"url\":\"https:\/\/campus.univ-lyon1.fr\/champignons\/files\/2023\/10\/cropped-Sans-titre-1-1-1.png\",\"contentUrl\":\"https:\/\/campus.univ-lyon1.fr\/champignons\/files\/2023\/10\/cropped-Sans-titre-1-1-1.png\",\"width\":200,\"height\":181,\"caption\":\"Champignons Lyon 1\"},\"image\":{\"@id\":\"https:\/\/campus.univ-lyon1.fr\/champignons\/#\/schema\/logo\/image\/\"}}]}<\/script>\n<!-- \/ Yoast SEO plugin. -->","yoast_head_json":{"title":"Clitocybe amoenolens \/ Paralepistopsis amoenolens - Champignons Lyon 1","robots":{"index":"index","follow":"follow","max-snippet":"max-snippet:-1","max-image-preview":"max-image-preview:large","max-video-preview":"max-video-preview:-1"},"canonical":"https:\/\/campus.univ-lyon1.fr\/champignons\/base-de-donnees\/clitocybe-amoenolens-paralepistopsis-amoenolens\/","og_locale":"fr_FR","og_type":"article","og_title":"Clitocybe amoenolens \/ Paralepistopsis amoenolens - Champignons Lyon 1","og_description":"Clitocybe \u00e0 bonne odeur Ordre : Agaricales Genre : Clitocybe \/ Paralepistopsis Spor\u00e9e : Blanche Confusions sans risques","og_url":"https:\/\/campus.univ-lyon1.fr\/champignons\/base-de-donnees\/clitocybe-amoenolens-paralepistopsis-amoenolens\/","og_site_name":"Champignons Lyon 1","article_modified_time":"2023-12-14T10:21:53+00:00","og_image":[{"url":"https:\/\/campus.univ-lyon1.fr\/champignons\/files\/2023\/11\/image-1.png"}],"twitter_card":"summary_large_image","twitter_misc":{"Dur\u00e9e de lecture estim\u00e9e":"2 minutes"},"schema":{"@context":"https:\/\/schema.org","@graph":[{"@type":"WebPage","@id":"https:\/\/campus.univ-lyon1.fr\/champignons\/base-de-donnees\/clitocybe-amoenolens-paralepistopsis-amoenolens\/","url":"https:\/\/campus.univ-lyon1.fr\/champignons\/base-de-donnees\/clitocybe-amoenolens-paralepistopsis-amoenolens\/","name":"Clitocybe amoenolens \/ Paralepistopsis amoenolens - Champignons Lyon 1","isPartOf":{"@id":"https:\/\/campus.univ-lyon1.fr\/champignons\/#website"},"datePublished":"2023-11-25T15:32:03+00:00","dateModified":"2023-12-14T10:21:53+00:00","breadcrumb":{"@id":"https:\/\/campus.univ-lyon1.fr\/champignons\/base-de-donnees\/clitocybe-amoenolens-paralepistopsis-amoenolens\/#breadcrumb"},"inLanguage":"fr-FR","potentialAction":[{"@type":"ReadAction","target":["https:\/\/campus.univ-lyon1.fr\/champignons\/base-de-donnees\/clitocybe-amoenolens-paralepistopsis-amoenolens\/"]}]},{"@type":"BreadcrumbList","@id":"https:\/\/campus.univ-lyon1.fr\/champignons\/base-de-donnees\/clitocybe-amoenolens-paralepistopsis-amoenolens\/#breadcrumb","itemListElement":[{"@type":"ListItem","position":1,"name":"Accueil","item":"https:\/\/campus.univ-lyon1.fr\/champignons\/"},{"@type":"ListItem","position":2,"name":"Base de donn\u00e9es","item":"https:\/\/campus.univ-lyon1.fr\/champignons\/base-de-donnees\/"},{"@type":"ListItem","position":3,"name":"Clitocybe amoenolens \/ Paralepistopsis amoenolens"}]},{"@type":"WebSite","@id":"https:\/\/campus.univ-lyon1.fr\/champignons\/#website","url":"https:\/\/campus.univ-lyon1.fr\/champignons\/","name":"Champignons Lyon 1","description":"Bienvenue sur le site de mycologie de la facult\u00e9 de Lyon !","publisher":{"@id":"https:\/\/campus.univ-lyon1.fr\/champignons\/#organization"},"potentialAction":[{"@type":"SearchAction","target":{"@type":"EntryPoint","urlTemplate":"https:\/\/campus.univ-lyon1.fr\/champignons\/?s={search_term_string}"},"query-input":"required name=search_term_string"}],"inLanguage":"fr-FR"},{"@type":"Organization","@id":"https:\/\/campus.univ-lyon1.fr\/champignons\/#organization","name":"Champignons Lyon 1","url":"https:\/\/campus.univ-lyon1.fr\/champignons\/","logo":{"@type":"ImageObject","inLanguage":"fr-FR","@id":"https:\/\/campus.univ-lyon1.fr\/champignons\/#\/schema\/logo\/image\/","url":"https:\/\/campus.univ-lyon1.fr\/champignons\/files\/2023\/10\/cropped-Sans-titre-1-1-1.png","contentUrl":"https:\/\/campus.univ-lyon1.fr\/champignons\/files\/2023\/10\/cropped-Sans-titre-1-1-1.png","width":200,"height":181,"caption":"Champignons Lyon 1"},"image":{"@id":"https:\/\/campus.univ-lyon1.fr\/champignons\/#\/schema\/logo\/image\/"}}]}},"_links":{"self":[{"href":"https:\/\/campus.univ-lyon1.fr\/champignons\/wp-json\/wp\/v2\/pages\/6630"}],"collection":[{"href":"https:\/\/campus.univ-lyon1.fr\/champignons\/wp-json\/wp\/v2\/pages"}],"about":[{"href":"https:\/\/campus.univ-lyon1.fr\/champignons\/wp-json\/wp\/v2\/types\/page"}],"author":[{"embeddable":true,"href":"https:\/\/campus.univ-lyon1.fr\/champignons\/wp-json\/wp\/v2\/users\/2981"}],"replies":[{"embeddable":true,"href":"https:\/\/campus.univ-lyon1.fr\/champignons\/wp-json\/wp\/v2\/comments?post=6630"}],"version-history":[{"count":7,"href":"https:\/\/campus.univ-lyon1.fr\/champignons\/wp-json\/wp\/v2\/pages\/6630\/revisions"}],"predecessor-version":[{"id":9803,"href":"https:\/\/campus.univ-lyon1.fr\/champignons\/wp-json\/wp\/v2\/pages\/6630\/revisions\/9803"}],"up":[{"embeddable":true,"href":"https:\/\/campus.univ-lyon1.fr\/champignons\/wp-json\/wp\/v2\/pages\/29"}],"wp:attachment":[{"href":"https:\/\/campus.univ-lyon1.fr\/champignons\/wp-json\/wp\/v2\/media?parent=6630"}],"curies":[{"name":"wp","href":"https:\/\/api.w.org\/{rel}","templated":true}]}}