{"id":6571,"date":"2023-11-24T23:43:52","date_gmt":"2023-11-24T22:43:52","guid":{"rendered":"https:\/\/campus.univ-lyon1.fr\/champignons\/?page_id=6571"},"modified":"2023-12-12T10:45:53","modified_gmt":"2023-12-12T09:45:53","slug":"les-champignons-en-croute","status":"publish","type":"page","link":"https:\/\/campus.univ-lyon1.fr\/champignons\/cle-dorientation\/novice\/les-champignons-en-croute\/","title":{"rendered":"Les champignons en cro\u00fbte"},"content":{"rendered":"\n<h2 class=\"wp-block-heading\">Ce type de champignons n&rsquo;est pas d\u00e9taill\u00e9 sur cette cl\u00e9 mais quelques esp\u00e8ces sont pr\u00e9sentes dans notre base de donn\u00e9es.<\/h2>\n\n\n\n<div class=\"wp-block-buttons is-content-justification-center is-layout-flex wp-container-1\">\n<div class=\"wp-block-button is-style-primary\"><a class=\"wp-block-button__link wp-element-button\" href=\"https:\/\/campus.univ-lyon1.fr\/champignons\/ordre\/polyporales\/\" style=\"border-radius:59px;padding-top:var(--wp--preset--spacing--40);padding-right:var(--wp--preset--spacing--40);padding-bottom:var(--wp--preset--spacing--40);padding-left:var(--wp--preset--spacing--40)\">Les retrouver ici!<\/a><\/div>\n<\/div>\n\n\n\n<div style=\"height:35px\" aria-hidden=\"true\" class=\"wp-block-spacer\"><\/div>\n\n\n\n<h2 class=\"wp-block-heading\">De plus, notre partenaire <a href=\"https:\/\/lignicoles.fr\/\" target=\"_blank\" rel=\"noreferrer noopener\">Lignicoles<\/a> est consacr\u00e9 \u00e0 ce type de champignons, si ces derniers vous int\u00e9resse n&rsquo;h\u00e9sitez pas \u00e0 y faire un tour!<\/h2>\n","protected":false},"excerpt":{"rendered":"<p>Ce type de champignons n&rsquo;est pas d\u00e9taill\u00e9 sur cette cl\u00e9 mais quelques esp\u00e8ces sont pr\u00e9sentes dans notre base de donn\u00e9es. De plus, notre partenaire Lignicoles est consacr\u00e9 \u00e0 ce type de champignons, si ces derniers vous int\u00e9resse n&rsquo;h\u00e9sitez pas \u00e0 y faire un tour!<\/p>\n","protected":false},"author":2981,"featured_media":0,"parent":83,"menu_order":0,"comment_status":"closed","ping_status":"closed","template":"","meta":{"neve_meta_sidebar":"","neve_meta_container":"","neve_meta_enable_content_width":"","neve_meta_content_width":0,"neve_meta_title_alignment":"","neve_meta_author_avatar":"","neve_post_elements_order":"","neve_meta_disable_header":"","neve_meta_disable_footer":"","neve_meta_disable_title":""},"yoast_head":"<!-- This site is optimized with the Yoast SEO plugin v21.8.1 - https:\/\/yoast.com\/wordpress\/plugins\/seo\/ -->\n<title>Les champignons en cro\u00fbte - Champignons Lyon 1<\/title>\n<meta name=\"robots\" content=\"index, follow, max-snippet:-1, max-image-preview:large, max-video-preview:-1\" \/>\n<link rel=\"canonical\" href=\"https:\/\/campus.univ-lyon1.fr\/champignons\/cle-dorientation\/novice\/les-champignons-en-croute\/\" \/>\n<meta property=\"og:locale\" content=\"fr_FR\" \/>\n<meta property=\"og:type\" content=\"article\" \/>\n<meta property=\"og:title\" content=\"Les champignons en cro\u00fbte - Champignons Lyon 1\" \/>\n<meta property=\"og:description\" content=\"Ce type de champignons n&rsquo;est pas d\u00e9taill\u00e9 sur cette cl\u00e9 mais quelques esp\u00e8ces sont pr\u00e9sentes dans notre base de donn\u00e9es. De plus, notre partenaire Lignicoles est consacr\u00e9 \u00e0 ce type de champignons, si ces derniers vous int\u00e9resse n&rsquo;h\u00e9sitez pas \u00e0 y faire un tour!\" \/>\n<meta property=\"og:url\" content=\"https:\/\/campus.univ-lyon1.fr\/champignons\/cle-dorientation\/novice\/les-champignons-en-croute\/\" \/>\n<meta property=\"og:site_name\" content=\"Champignons Lyon 1\" \/>\n<meta property=\"article:modified_time\" content=\"2023-12-12T09:45:53+00:00\" \/>\n<meta name=\"twitter:card\" content=\"summary_large_image\" \/>\n<script type=\"application\/ld+json\" class=\"yoast-schema-graph\">{\"@context\":\"https:\/\/schema.org\",\"@graph\":[{\"@type\":\"WebPage\",\"@id\":\"https:\/\/campus.univ-lyon1.fr\/champignons\/cle-dorientation\/novice\/les-champignons-en-croute\/\",\"url\":\"https:\/\/campus.univ-lyon1.fr\/champignons\/cle-dorientation\/novice\/les-champignons-en-croute\/\",\"name\":\"Les champignons en cro\u00fbte - Champignons Lyon 1\",\"isPartOf\":{\"@id\":\"https:\/\/campus.univ-lyon1.fr\/champignons\/#website\"},\"datePublished\":\"2023-11-24T22:43:52+00:00\",\"dateModified\":\"2023-12-12T09:45:53+00:00\",\"breadcrumb\":{\"@id\":\"https:\/\/campus.univ-lyon1.fr\/champignons\/cle-dorientation\/novice\/les-champignons-en-croute\/#breadcrumb\"},\"inLanguage\":\"fr-FR\",\"potentialAction\":[{\"@type\":\"ReadAction\",\"target\":[\"https:\/\/campus.univ-lyon1.fr\/champignons\/cle-dorientation\/novice\/les-champignons-en-croute\/\"]}]},{\"@type\":\"BreadcrumbList\",\"@id\":\"https:\/\/campus.univ-lyon1.fr\/champignons\/cle-dorientation\/novice\/les-champignons-en-croute\/#breadcrumb\",\"itemListElement\":[{\"@type\":\"ListItem\",\"position\":1,\"name\":\"Accueil\",\"item\":\"https:\/\/campus.univ-lyon1.fr\/champignons\/\"},{\"@type\":\"ListItem\",\"position\":2,\"name\":\"Cl\u00e9 d&rsquo;orientation\",\"item\":\"https:\/\/campus.univ-lyon1.fr\/champignons\/cle-dorientation\/\"},{\"@type\":\"ListItem\",\"position\":3,\"name\":\"Novice\",\"item\":\"https:\/\/campus.univ-lyon1.fr\/champignons\/cle-dorientation\/novice\/\"},{\"@type\":\"ListItem\",\"position\":4,\"name\":\"Les champignons en cro\u00fbte\"}]},{\"@type\":\"WebSite\",\"@id\":\"https:\/\/campus.univ-lyon1.fr\/champignons\/#website\",\"url\":\"https:\/\/campus.univ-lyon1.fr\/champignons\/\",\"name\":\"Champignons Lyon 1\",\"description\":\"Bienvenue sur le site de mycologie de la facult\u00e9 de Lyon !\",\"publisher\":{\"@id\":\"https:\/\/campus.univ-lyon1.fr\/champignons\/#organization\"},\"potentialAction\":[{\"@type\":\"SearchAction\",\"target\":{\"@type\":\"EntryPoint\",\"urlTemplate\":\"https:\/\/campus.univ-lyon1.fr\/champignons\/?s={search_term_string}\"},\"query-input\":\"required name=search_term_string\"}],\"inLanguage\":\"fr-FR\"},{\"@type\":\"Organization\",\"@id\":\"https:\/\/campus.univ-lyon1.fr\/champignons\/#organization\",\"name\":\"Champignons Lyon 1\",\"url\":\"https:\/\/campus.univ-lyon1.fr\/champignons\/\",\"logo\":{\"@type\":\"ImageObject\",\"inLanguage\":\"fr-FR\",\"@id\":\"https:\/\/campus.univ-lyon1.fr\/champignons\/#\/schema\/logo\/image\/\",\"url\":\"https:\/\/campus.univ-lyon1.fr\/champignons\/files\/2023\/10\/cropped-Sans-titre-1-1-1.png\",\"contentUrl\":\"https:\/\/campus.univ-lyon1.fr\/champignons\/files\/2023\/10\/cropped-Sans-titre-1-1-1.png\",\"width\":200,\"height\":181,\"caption\":\"Champignons Lyon 1\"},\"image\":{\"@id\":\"https:\/\/campus.univ-lyon1.fr\/champignons\/#\/schema\/logo\/image\/\"}}]}<\/script>\n<!-- \/ Yoast SEO plugin. -->","yoast_head_json":{"title":"Les champignons en cro\u00fbte - Champignons Lyon 1","robots":{"index":"index","follow":"follow","max-snippet":"max-snippet:-1","max-image-preview":"max-image-preview:large","max-video-preview":"max-video-preview:-1"},"canonical":"https:\/\/campus.univ-lyon1.fr\/champignons\/cle-dorientation\/novice\/les-champignons-en-croute\/","og_locale":"fr_FR","og_type":"article","og_title":"Les champignons en cro\u00fbte - Champignons Lyon 1","og_description":"Ce type de champignons n&rsquo;est pas d\u00e9taill\u00e9 sur cette cl\u00e9 mais quelques esp\u00e8ces sont pr\u00e9sentes dans notre base de donn\u00e9es. De plus, notre partenaire Lignicoles est consacr\u00e9 \u00e0 ce type de champignons, si ces derniers vous int\u00e9resse n&rsquo;h\u00e9sitez pas \u00e0 y faire un tour!","og_url":"https:\/\/campus.univ-lyon1.fr\/champignons\/cle-dorientation\/novice\/les-champignons-en-croute\/","og_site_name":"Champignons Lyon 1","article_modified_time":"2023-12-12T09:45:53+00:00","twitter_card":"summary_large_image","schema":{"@context":"https:\/\/schema.org","@graph":[{"@type":"WebPage","@id":"https:\/\/campus.univ-lyon1.fr\/champignons\/cle-dorientation\/novice\/les-champignons-en-croute\/","url":"https:\/\/campus.univ-lyon1.fr\/champignons\/cle-dorientation\/novice\/les-champignons-en-croute\/","name":"Les champignons en cro\u00fbte - Champignons Lyon 1","isPartOf":{"@id":"https:\/\/campus.univ-lyon1.fr\/champignons\/#website"},"datePublished":"2023-11-24T22:43:52+00:00","dateModified":"2023-12-12T09:45:53+00:00","breadcrumb":{"@id":"https:\/\/campus.univ-lyon1.fr\/champignons\/cle-dorientation\/novice\/les-champignons-en-croute\/#breadcrumb"},"inLanguage":"fr-FR","potentialAction":[{"@type":"ReadAction","target":["https:\/\/campus.univ-lyon1.fr\/champignons\/cle-dorientation\/novice\/les-champignons-en-croute\/"]}]},{"@type":"BreadcrumbList","@id":"https:\/\/campus.univ-lyon1.fr\/champignons\/cle-dorientation\/novice\/les-champignons-en-croute\/#breadcrumb","itemListElement":[{"@type":"ListItem","position":1,"name":"Accueil","item":"https:\/\/campus.univ-lyon1.fr\/champignons\/"},{"@type":"ListItem","position":2,"name":"Cl\u00e9 d&rsquo;orientation","item":"https:\/\/campus.univ-lyon1.fr\/champignons\/cle-dorientation\/"},{"@type":"ListItem","position":3,"name":"Novice","item":"https:\/\/campus.univ-lyon1.fr\/champignons\/cle-dorientation\/novice\/"},{"@type":"ListItem","position":4,"name":"Les champignons en cro\u00fbte"}]},{"@type":"WebSite","@id":"https:\/\/campus.univ-lyon1.fr\/champignons\/#website","url":"https:\/\/campus.univ-lyon1.fr\/champignons\/","name":"Champignons Lyon 1","description":"Bienvenue sur le site de mycologie de la facult\u00e9 de Lyon !","publisher":{"@id":"https:\/\/campus.univ-lyon1.fr\/champignons\/#organization"},"potentialAction":[{"@type":"SearchAction","target":{"@type":"EntryPoint","urlTemplate":"https:\/\/campus.univ-lyon1.fr\/champignons\/?s={search_term_string}"},"query-input":"required name=search_term_string"}],"inLanguage":"fr-FR"},{"@type":"Organization","@id":"https:\/\/campus.univ-lyon1.fr\/champignons\/#organization","name":"Champignons Lyon 1","url":"https:\/\/campus.univ-lyon1.fr\/champignons\/","logo":{"@type":"ImageObject","inLanguage":"fr-FR","@id":"https:\/\/campus.univ-lyon1.fr\/champignons\/#\/schema\/logo\/image\/","url":"https:\/\/campus.univ-lyon1.fr\/champignons\/files\/2023\/10\/cropped-Sans-titre-1-1-1.png","contentUrl":"https:\/\/campus.univ-lyon1.fr\/champignons\/files\/2023\/10\/cropped-Sans-titre-1-1-1.png","width":200,"height":181,"caption":"Champignons Lyon 1"},"image":{"@id":"https:\/\/campus.univ-lyon1.fr\/champignons\/#\/schema\/logo\/image\/"}}]}},"_links":{"self":[{"href":"https:\/\/campus.univ-lyon1.fr\/champignons\/wp-json\/wp\/v2\/pages\/6571"}],"collection":[{"href":"https:\/\/campus.univ-lyon1.fr\/champignons\/wp-json\/wp\/v2\/pages"}],"about":[{"href":"https:\/\/campus.univ-lyon1.fr\/champignons\/wp-json\/wp\/v2\/types\/page"}],"author":[{"embeddable":true,"href":"https:\/\/campus.univ-lyon1.fr\/champignons\/wp-json\/wp\/v2\/users\/2981"}],"replies":[{"embeddable":true,"href":"https:\/\/campus.univ-lyon1.fr\/champignons\/wp-json\/wp\/v2\/comments?post=6571"}],"version-history":[{"count":11,"href":"https:\/\/campus.univ-lyon1.fr\/champignons\/wp-json\/wp\/v2\/pages\/6571\/revisions"}],"predecessor-version":[{"id":9623,"href":"https:\/\/campus.univ-lyon1.fr\/champignons\/wp-json\/wp\/v2\/pages\/6571\/revisions\/9623"}],"up":[{"embeddable":true,"href":"https:\/\/campus.univ-lyon1.fr\/champignons\/wp-json\/wp\/v2\/pages\/83"}],"wp:attachment":[{"href":"https:\/\/campus.univ-lyon1.fr\/champignons\/wp-json\/wp\/v2\/media?parent=6571"}],"curies":[{"name":"wp","href":"https:\/\/api.w.org\/{rel}","templated":true}]}}