{"id":6254,"date":"2023-11-14T17:27:45","date_gmt":"2023-11-14T16:27:45","guid":{"rendered":"https:\/\/campus.univ-lyon1.fr\/champignons\/?page_id=6254"},"modified":"2023-11-14T17:40:36","modified_gmt":"2023-11-14T16:40:36","slug":"pores-differents-blancs-jaunes-canelle-olivaces-verdatres-rouges","status":"publish","type":"page","link":"https:\/\/campus.univ-lyon1.fr\/champignons\/cle-dorientation\/expert\/les-bolets\/chapeau-different\/stipe-different\/tubes-non-franchement-decurrents-souvent-adnes-emargines\/pores-differents-blancs-jaunes-canelle-olivaces-verdatres-rouges\/","title":{"rendered":"Pores diff\u00e9rents (blancs, jaunes, canelle, olivac\u00e9s, verd\u00e2tres, rouges)"},"content":{"rendered":"\n<div style=\"height:50px\" aria-hidden=\"true\" class=\"wp-block-spacer\"><\/div>\n\n\n\n<h2 class=\"wp-block-heading has-text-align-center\">Les Bolets<\/h2>\n\n\n<div class=\"yoast-breadcrumbs\"><span><span><a href=\"https:\/\/campus.univ-lyon1.fr\/champignons\/\">Accueil<\/a><\/span> \u00bb <span><a href=\"https:\/\/campus.univ-lyon1.fr\/champignons\/cle-dorientation\/\">Cl\u00e9 d&rsquo;orientation<\/a><\/span> \u00bb <span><a href=\"https:\/\/campus.univ-lyon1.fr\/champignons\/cle-dorientation\/expert\/\">Expert<\/a><\/span> \u00bb <span><a href=\"https:\/\/campus.univ-lyon1.fr\/champignons\/cle-dorientation\/expert\/les-bolets\/\">Les Bolets<\/a><\/span> \u00bb <span><a href=\"https:\/\/campus.univ-lyon1.fr\/champignons\/cle-dorientation\/expert\/les-bolets\/chapeau-different\/\">Chapeau diff\u00e9rent<\/a><\/span> \u00bb <span><a href=\"https:\/\/campus.univ-lyon1.fr\/champignons\/cle-dorientation\/expert\/les-bolets\/chapeau-different\/stipe-different\/\">Stipe diff\u00e9rent<\/a><\/span> \u00bb <span><a href=\"https:\/\/campus.univ-lyon1.fr\/champignons\/cle-dorientation\/expert\/les-bolets\/chapeau-different\/stipe-different\/tubes-non-franchement-decurrents-souvent-adnes-emargines\/\">Tubes non franchement d\u00e9currents, souvent adn\u00e9s \u00e9margin\u00e9s<\/a><\/span> \u00bb <span class=\"breadcrumb_last\" aria-current=\"page\"><strong>Pores diff\u00e9rents (blancs, jaunes, canelle, olivac\u00e9s, verd\u00e2tres, rouges)<\/strong><\/span><\/span><\/div>\n\n\n<div style=\"height:50px\" aria-hidden=\"true\" class=\"wp-block-spacer\"><\/div>\n\n\n\n<h2 class=\"wp-block-heading has-text-align-center\"><a href=\"https:\/\/campus.univ-lyon1.fr\/champignons\/cle-dorientation\/expert\/les-bolets\/chapeau-different\/stipe-different\/tubes-non-franchement-decurrents-souvent-adnes-emargines\/pores-differents-blancs-jaunes-canelle-olivaces-verdatres-rouges\/sur-bois-pourri\/\">Sur bois pourri<\/a><\/h2>\n\n\n\n<h2 class=\"wp-block-heading has-text-align-center\">ou<\/h2>\n\n\n\n<h2 class=\"wp-block-heading has-text-align-center\"><a href=\"https:\/\/campus.univ-lyon1.fr\/champignons\/cle-dorientation\/expert\/les-bolets\/chapeau-different\/stipe-different\/tubes-non-franchement-decurrents-souvent-adnes-emargines\/pores-differents-blancs-jaunes-canelle-olivaces-verdatres-rouges\/espece-mycorhizique-jamais-lignicole\/\">Esp\u00e8ce mycorhizique, jamais lignicole<\/a><\/h2>\n","protected":false},"excerpt":{"rendered":"<p>Les Bolets Sur bois pourri ou Esp\u00e8ce mycorhizique, jamais lignicole<\/p>\n","protected":false},"author":2981,"featured_media":0,"parent":6233,"menu_order":0,"comment_status":"closed","ping_status":"closed","template":"","meta":{"neve_meta_sidebar":"","neve_meta_container":"","neve_meta_enable_content_width":"","neve_meta_content_width":0,"neve_meta_title_alignment":"","neve_meta_author_avatar":"","neve_post_elements_order":"","neve_meta_disable_header":"","neve_meta_disable_footer":"","neve_meta_disable_title":"on"},"yoast_head":"<!-- This site is optimized with the Yoast SEO plugin v21.8.1 - https:\/\/yoast.com\/wordpress\/plugins\/seo\/ -->\n<title>Pores diff\u00e9rents (blancs, jaunes, canelle, olivac\u00e9s, verd\u00e2tres, rouges) - Champignons Lyon 1<\/title>\n<meta name=\"robots\" content=\"index, follow, max-snippet:-1, max-image-preview:large, max-video-preview:-1\" \/>\n<link rel=\"canonical\" href=\"https:\/\/campus.univ-lyon1.fr\/champignons\/cle-dorientation\/expert\/les-bolets\/chapeau-different\/stipe-different\/tubes-non-franchement-decurrents-souvent-adnes-emargines\/pores-differents-blancs-jaunes-canelle-olivaces-verdatres-rouges\/\" \/>\n<meta property=\"og:locale\" content=\"fr_FR\" \/>\n<meta property=\"og:type\" content=\"article\" \/>\n<meta property=\"og:title\" content=\"Pores diff\u00e9rents (blancs, jaunes, canelle, olivac\u00e9s, verd\u00e2tres, rouges) - Champignons Lyon 1\" \/>\n<meta property=\"og:description\" content=\"Les Bolets Sur bois pourri ou Esp\u00e8ce mycorhizique, jamais lignicole\" \/>\n<meta property=\"og:url\" content=\"https:\/\/campus.univ-lyon1.fr\/champignons\/cle-dorientation\/expert\/les-bolets\/chapeau-different\/stipe-different\/tubes-non-franchement-decurrents-souvent-adnes-emargines\/pores-differents-blancs-jaunes-canelle-olivaces-verdatres-rouges\/\" \/>\n<meta property=\"og:site_name\" content=\"Champignons Lyon 1\" \/>\n<meta property=\"article:modified_time\" content=\"2023-11-14T16:40:36+00:00\" \/>\n<meta name=\"twitter:card\" content=\"summary_large_image\" \/>\n<meta name=\"twitter:label1\" content=\"Dur\u00e9e de lecture estim\u00e9e\" \/>\n\t<meta name=\"twitter:data1\" content=\"1 minute\" \/>\n<script type=\"application\/ld+json\" class=\"yoast-schema-graph\">{\"@context\":\"https:\/\/schema.org\",\"@graph\":[{\"@type\":\"WebPage\",\"@id\":\"https:\/\/campus.univ-lyon1.fr\/champignons\/cle-dorientation\/expert\/les-bolets\/chapeau-different\/stipe-different\/tubes-non-franchement-decurrents-souvent-adnes-emargines\/pores-differents-blancs-jaunes-canelle-olivaces-verdatres-rouges\/\",\"url\":\"https:\/\/campus.univ-lyon1.fr\/champignons\/cle-dorientation\/expert\/les-bolets\/chapeau-different\/stipe-different\/tubes-non-franchement-decurrents-souvent-adnes-emargines\/pores-differents-blancs-jaunes-canelle-olivaces-verdatres-rouges\/\",\"name\":\"Pores diff\u00e9rents (blancs, jaunes, canelle, olivac\u00e9s, verd\u00e2tres, rouges) - Champignons Lyon 1\",\"isPartOf\":{\"@id\":\"https:\/\/campus.univ-lyon1.fr\/champignons\/#website\"},\"datePublished\":\"2023-11-14T16:27:45+00:00\",\"dateModified\":\"2023-11-14T16:40:36+00:00\",\"breadcrumb\":{\"@id\":\"https:\/\/campus.univ-lyon1.fr\/champignons\/cle-dorientation\/expert\/les-bolets\/chapeau-different\/stipe-different\/tubes-non-franchement-decurrents-souvent-adnes-emargines\/pores-differents-blancs-jaunes-canelle-olivaces-verdatres-rouges\/#breadcrumb\"},\"inLanguage\":\"fr-FR\",\"potentialAction\":[{\"@type\":\"ReadAction\",\"target\":[\"https:\/\/campus.univ-lyon1.fr\/champignons\/cle-dorientation\/expert\/les-bolets\/chapeau-different\/stipe-different\/tubes-non-franchement-decurrents-souvent-adnes-emargines\/pores-differents-blancs-jaunes-canelle-olivaces-verdatres-rouges\/\"]}]},{\"@type\":\"BreadcrumbList\",\"@id\":\"https:\/\/campus.univ-lyon1.fr\/champignons\/cle-dorientation\/expert\/les-bolets\/chapeau-different\/stipe-different\/tubes-non-franchement-decurrents-souvent-adnes-emargines\/pores-differents-blancs-jaunes-canelle-olivaces-verdatres-rouges\/#breadcrumb\",\"itemListElement\":[{\"@type\":\"ListItem\",\"position\":1,\"name\":\"Accueil\",\"item\":\"https:\/\/campus.univ-lyon1.fr\/champignons\/\"},{\"@type\":\"ListItem\",\"position\":2,\"name\":\"Cl\u00e9 d&rsquo;orientation\",\"item\":\"https:\/\/campus.univ-lyon1.fr\/champignons\/cle-dorientation\/\"},{\"@type\":\"ListItem\",\"position\":3,\"name\":\"Expert\",\"item\":\"https:\/\/campus.univ-lyon1.fr\/champignons\/cle-dorientation\/expert\/\"},{\"@type\":\"ListItem\",\"position\":4,\"name\":\"Les Bolets\",\"item\":\"https:\/\/campus.univ-lyon1.fr\/champignons\/cle-dorientation\/expert\/les-bolets\/\"},{\"@type\":\"ListItem\",\"position\":5,\"name\":\"Chapeau diff\u00e9rent\",\"item\":\"https:\/\/campus.univ-lyon1.fr\/champignons\/cle-dorientation\/expert\/les-bolets\/chapeau-different\/\"},{\"@type\":\"ListItem\",\"position\":6,\"name\":\"Stipe diff\u00e9rent\",\"item\":\"https:\/\/campus.univ-lyon1.fr\/champignons\/cle-dorientation\/expert\/les-bolets\/chapeau-different\/stipe-different\/\"},{\"@type\":\"ListItem\",\"position\":7,\"name\":\"Tubes non franchement d\u00e9currents, souvent adn\u00e9s \u00e9margin\u00e9s\",\"item\":\"https:\/\/campus.univ-lyon1.fr\/champignons\/cle-dorientation\/expert\/les-bolets\/chapeau-different\/stipe-different\/tubes-non-franchement-decurrents-souvent-adnes-emargines\/\"},{\"@type\":\"ListItem\",\"position\":8,\"name\":\"Pores diff\u00e9rents (blancs, jaunes, canelle, olivac\u00e9s, verd\u00e2tres, rouges)\"}]},{\"@type\":\"WebSite\",\"@id\":\"https:\/\/campus.univ-lyon1.fr\/champignons\/#website\",\"url\":\"https:\/\/campus.univ-lyon1.fr\/champignons\/\",\"name\":\"Champignons Lyon 1\",\"description\":\"Bienvenue sur le site de mycologie de la facult\u00e9 de Lyon !\",\"publisher\":{\"@id\":\"https:\/\/campus.univ-lyon1.fr\/champignons\/#organization\"},\"potentialAction\":[{\"@type\":\"SearchAction\",\"target\":{\"@type\":\"EntryPoint\",\"urlTemplate\":\"https:\/\/campus.univ-lyon1.fr\/champignons\/?s={search_term_string}\"},\"query-input\":\"required name=search_term_string\"}],\"inLanguage\":\"fr-FR\"},{\"@type\":\"Organization\",\"@id\":\"https:\/\/campus.univ-lyon1.fr\/champignons\/#organization\",\"name\":\"Champignons Lyon 1\",\"url\":\"https:\/\/campus.univ-lyon1.fr\/champignons\/\",\"logo\":{\"@type\":\"ImageObject\",\"inLanguage\":\"fr-FR\",\"@id\":\"https:\/\/campus.univ-lyon1.fr\/champignons\/#\/schema\/logo\/image\/\",\"url\":\"https:\/\/campus.univ-lyon1.fr\/champignons\/files\/2023\/10\/cropped-Sans-titre-1-1-1.png\",\"contentUrl\":\"https:\/\/campus.univ-lyon1.fr\/champignons\/files\/2023\/10\/cropped-Sans-titre-1-1-1.png\",\"width\":200,\"height\":181,\"caption\":\"Champignons Lyon 1\"},\"image\":{\"@id\":\"https:\/\/campus.univ-lyon1.fr\/champignons\/#\/schema\/logo\/image\/\"}}]}<\/script>\n<!-- \/ Yoast SEO plugin. -->","yoast_head_json":{"title":"Pores diff\u00e9rents (blancs, jaunes, canelle, olivac\u00e9s, verd\u00e2tres, rouges) - Champignons Lyon 1","robots":{"index":"index","follow":"follow","max-snippet":"max-snippet:-1","max-image-preview":"max-image-preview:large","max-video-preview":"max-video-preview:-1"},"canonical":"https:\/\/campus.univ-lyon1.fr\/champignons\/cle-dorientation\/expert\/les-bolets\/chapeau-different\/stipe-different\/tubes-non-franchement-decurrents-souvent-adnes-emargines\/pores-differents-blancs-jaunes-canelle-olivaces-verdatres-rouges\/","og_locale":"fr_FR","og_type":"article","og_title":"Pores diff\u00e9rents (blancs, jaunes, canelle, olivac\u00e9s, verd\u00e2tres, rouges) - Champignons Lyon 1","og_description":"Les Bolets Sur bois pourri ou Esp\u00e8ce mycorhizique, jamais lignicole","og_url":"https:\/\/campus.univ-lyon1.fr\/champignons\/cle-dorientation\/expert\/les-bolets\/chapeau-different\/stipe-different\/tubes-non-franchement-decurrents-souvent-adnes-emargines\/pores-differents-blancs-jaunes-canelle-olivaces-verdatres-rouges\/","og_site_name":"Champignons Lyon 1","article_modified_time":"2023-11-14T16:40:36+00:00","twitter_card":"summary_large_image","twitter_misc":{"Dur\u00e9e de lecture estim\u00e9e":"1 minute"},"schema":{"@context":"https:\/\/schema.org","@graph":[{"@type":"WebPage","@id":"https:\/\/campus.univ-lyon1.fr\/champignons\/cle-dorientation\/expert\/les-bolets\/chapeau-different\/stipe-different\/tubes-non-franchement-decurrents-souvent-adnes-emargines\/pores-differents-blancs-jaunes-canelle-olivaces-verdatres-rouges\/","url":"https:\/\/campus.univ-lyon1.fr\/champignons\/cle-dorientation\/expert\/les-bolets\/chapeau-different\/stipe-different\/tubes-non-franchement-decurrents-souvent-adnes-emargines\/pores-differents-blancs-jaunes-canelle-olivaces-verdatres-rouges\/","name":"Pores diff\u00e9rents (blancs, jaunes, canelle, olivac\u00e9s, verd\u00e2tres, rouges) - Champignons Lyon 1","isPartOf":{"@id":"https:\/\/campus.univ-lyon1.fr\/champignons\/#website"},"datePublished":"2023-11-14T16:27:45+00:00","dateModified":"2023-11-14T16:40:36+00:00","breadcrumb":{"@id":"https:\/\/campus.univ-lyon1.fr\/champignons\/cle-dorientation\/expert\/les-bolets\/chapeau-different\/stipe-different\/tubes-non-franchement-decurrents-souvent-adnes-emargines\/pores-differents-blancs-jaunes-canelle-olivaces-verdatres-rouges\/#breadcrumb"},"inLanguage":"fr-FR","potentialAction":[{"@type":"ReadAction","target":["https:\/\/campus.univ-lyon1.fr\/champignons\/cle-dorientation\/expert\/les-bolets\/chapeau-different\/stipe-different\/tubes-non-franchement-decurrents-souvent-adnes-emargines\/pores-differents-blancs-jaunes-canelle-olivaces-verdatres-rouges\/"]}]},{"@type":"BreadcrumbList","@id":"https:\/\/campus.univ-lyon1.fr\/champignons\/cle-dorientation\/expert\/les-bolets\/chapeau-different\/stipe-different\/tubes-non-franchement-decurrents-souvent-adnes-emargines\/pores-differents-blancs-jaunes-canelle-olivaces-verdatres-rouges\/#breadcrumb","itemListElement":[{"@type":"ListItem","position":1,"name":"Accueil","item":"https:\/\/campus.univ-lyon1.fr\/champignons\/"},{"@type":"ListItem","position":2,"name":"Cl\u00e9 d&rsquo;orientation","item":"https:\/\/campus.univ-lyon1.fr\/champignons\/cle-dorientation\/"},{"@type":"ListItem","position":3,"name":"Expert","item":"https:\/\/campus.univ-lyon1.fr\/champignons\/cle-dorientation\/expert\/"},{"@type":"ListItem","position":4,"name":"Les Bolets","item":"https:\/\/campus.univ-lyon1.fr\/champignons\/cle-dorientation\/expert\/les-bolets\/"},{"@type":"ListItem","position":5,"name":"Chapeau diff\u00e9rent","item":"https:\/\/campus.univ-lyon1.fr\/champignons\/cle-dorientation\/expert\/les-bolets\/chapeau-different\/"},{"@type":"ListItem","position":6,"name":"Stipe diff\u00e9rent","item":"https:\/\/campus.univ-lyon1.fr\/champignons\/cle-dorientation\/expert\/les-bolets\/chapeau-different\/stipe-different\/"},{"@type":"ListItem","position":7,"name":"Tubes non franchement d\u00e9currents, souvent adn\u00e9s \u00e9margin\u00e9s","item":"https:\/\/campus.univ-lyon1.fr\/champignons\/cle-dorientation\/expert\/les-bolets\/chapeau-different\/stipe-different\/tubes-non-franchement-decurrents-souvent-adnes-emargines\/"},{"@type":"ListItem","position":8,"name":"Pores diff\u00e9rents (blancs, jaunes, canelle, olivac\u00e9s, verd\u00e2tres, rouges)"}]},{"@type":"WebSite","@id":"https:\/\/campus.univ-lyon1.fr\/champignons\/#website","url":"https:\/\/campus.univ-lyon1.fr\/champignons\/","name":"Champignons Lyon 1","description":"Bienvenue sur le site de mycologie de la facult\u00e9 de Lyon !","publisher":{"@id":"https:\/\/campus.univ-lyon1.fr\/champignons\/#organization"},"potentialAction":[{"@type":"SearchAction","target":{"@type":"EntryPoint","urlTemplate":"https:\/\/campus.univ-lyon1.fr\/champignons\/?s={search_term_string}"},"query-input":"required name=search_term_string"}],"inLanguage":"fr-FR"},{"@type":"Organization","@id":"https:\/\/campus.univ-lyon1.fr\/champignons\/#organization","name":"Champignons Lyon 1","url":"https:\/\/campus.univ-lyon1.fr\/champignons\/","logo":{"@type":"ImageObject","inLanguage":"fr-FR","@id":"https:\/\/campus.univ-lyon1.fr\/champignons\/#\/schema\/logo\/image\/","url":"https:\/\/campus.univ-lyon1.fr\/champignons\/files\/2023\/10\/cropped-Sans-titre-1-1-1.png","contentUrl":"https:\/\/campus.univ-lyon1.fr\/champignons\/files\/2023\/10\/cropped-Sans-titre-1-1-1.png","width":200,"height":181,"caption":"Champignons Lyon 1"},"image":{"@id":"https:\/\/campus.univ-lyon1.fr\/champignons\/#\/schema\/logo\/image\/"}}]}},"_links":{"self":[{"href":"https:\/\/campus.univ-lyon1.fr\/champignons\/wp-json\/wp\/v2\/pages\/6254"}],"collection":[{"href":"https:\/\/campus.univ-lyon1.fr\/champignons\/wp-json\/wp\/v2\/pages"}],"about":[{"href":"https:\/\/campus.univ-lyon1.fr\/champignons\/wp-json\/wp\/v2\/types\/page"}],"author":[{"embeddable":true,"href":"https:\/\/campus.univ-lyon1.fr\/champignons\/wp-json\/wp\/v2\/users\/2981"}],"replies":[{"embeddable":true,"href":"https:\/\/campus.univ-lyon1.fr\/champignons\/wp-json\/wp\/v2\/comments?post=6254"}],"version-history":[{"count":3,"href":"https:\/\/campus.univ-lyon1.fr\/champignons\/wp-json\/wp\/v2\/pages\/6254\/revisions"}],"predecessor-version":[{"id":6266,"href":"https:\/\/campus.univ-lyon1.fr\/champignons\/wp-json\/wp\/v2\/pages\/6254\/revisions\/6266"}],"up":[{"embeddable":true,"href":"https:\/\/campus.univ-lyon1.fr\/champignons\/wp-json\/wp\/v2\/pages\/6233"}],"wp:attachment":[{"href":"https:\/\/campus.univ-lyon1.fr\/champignons\/wp-json\/wp\/v2\/media?parent=6254"}],"curies":[{"name":"wp","href":"https:\/\/api.w.org\/{rel}","templated":true}]}}