{"id":5653,"date":"2023-11-05T16:43:24","date_gmt":"2023-11-05T15:43:24","guid":{"rendered":"https:\/\/campus.univ-lyon1.fr\/champignons\/?page_id=5653"},"modified":"2023-12-16T00:22:03","modified_gmt":"2023-12-15T23:22:03","slug":"especes-charnues-ou-coriaces-seches","status":"publish","type":"page","link":"https:\/\/campus.univ-lyon1.fr\/champignons\/cle-dorientation\/novice\/les-champignons-a-lames\/chair-de-structure-fibreuse-au-moins-dans-le-pied\/especes-a-lames-non-ou-exceptionnellement-fourchues-souvent-avec-lamellules\/pied-lateral-ou-absent\/especes-charnues-ou-coriaces-seches\/","title":{"rendered":"Esp\u00e8ces charnues ou coriaces, s\u00e8ches"},"content":{"rendered":"\n<div style=\"height:50px\" aria-hidden=\"true\" class=\"wp-block-spacer\"><\/div>\n\n\n\n<h2 class=\"wp-block-heading has-text-align-center\">Les Pleuroto\u00efdes<\/h2>\n\n\n<div class=\"yoast-breadcrumbs\"><span><span><a href=\"https:\/\/campus.univ-lyon1.fr\/champignons\/\">Accueil<\/a><\/span> \u00bb <span><a href=\"https:\/\/campus.univ-lyon1.fr\/champignons\/cle-dorientation\/\">Cl\u00e9 d&rsquo;orientation<\/a><\/span> \u00bb <span><a href=\"https:\/\/campus.univ-lyon1.fr\/champignons\/cle-dorientation\/novice\/\">Novice<\/a><\/span> \u00bb <span><a href=\"https:\/\/campus.univ-lyon1.fr\/champignons\/cle-dorientation\/novice\/les-champignons-a-lames\/\">Les champignons \u00e0 lames<\/a><\/span> \u00bb <span><a href=\"https:\/\/campus.univ-lyon1.fr\/champignons\/cle-dorientation\/novice\/les-champignons-a-lames\/chair-de-structure-fibreuse-au-moins-dans-le-pied\/\">Chair de structure fibreuse, au moins dans le pied<\/a><\/span> \u00bb <span><a href=\"https:\/\/campus.univ-lyon1.fr\/champignons\/cle-dorientation\/novice\/les-champignons-a-lames\/chair-de-structure-fibreuse-au-moins-dans-le-pied\/especes-a-lames-non-ou-exceptionnellement-fourchues-souvent-avec-lamellules\/\">Esp\u00e8ces \u00e0 lames non ou exceptionnellement fourchues, souvent avec lamellules<\/a><\/span> \u00bb <span><a href=\"https:\/\/campus.univ-lyon1.fr\/champignons\/cle-dorientation\/novice\/les-champignons-a-lames\/chair-de-structure-fibreuse-au-moins-dans-le-pied\/especes-a-lames-non-ou-exceptionnellement-fourchues-souvent-avec-lamellules\/pied-lateral-ou-absent\/\">Pied lat\u00e9ral ou absent<\/a><\/span> \u00bb <span class=\"breadcrumb_last\" aria-current=\"page\"><strong>Esp\u00e8ces charnues ou coriaces, s\u00e8ches<\/strong><\/span><\/span><\/div>\n\n\n<div style=\"height:50px\" aria-hidden=\"true\" class=\"wp-block-spacer\"><\/div>\n\n\n\n<div class=\"wp-block-columns is-layout-flex wp-container-3\">\n<div class=\"wp-block-column is-layout-flow\">\n<div class=\"wp-block-cover\" style=\"min-height:350px\"><span aria-hidden=\"true\" class=\"wp-block-cover__background has-neve-link-color-background-color has-background-dim-100 has-background-dim\"><\/span><div class=\"wp-block-cover__inner-container\">\n<p class=\"has-text-align-center has-large-font-size\"><\/p>\n<\/div><\/div>\n\n\n\n<div style=\"height:15px\" aria-hidden=\"true\" class=\"wp-block-spacer\"><\/div>\n\n\n\n<h2 class=\"wp-block-heading has-text-align-center\"><a href=\"https:\/\/campus.univ-lyon1.fr\/champignons\/cle-dorientation\/novice\/les-champignons-a-lames\/chair-de-structure-fibreuse-au-moins-dans-le-pied\/especes-a-lames-non-ou-exceptionnellement-fourchues-souvent-avec-lamellules\/pied-lateral-ou-absent\/especes-charnues-ou-coriaces-seches\/especes-fixees-par-le-dessus-a-bourrelet-central-au-point-de-concours-des-lames\/\">Esp\u00e8ces fix\u00e9es par le dessus, \u00e0 bourrelet central au point de concours des lames<\/a><\/h2>\n<\/div>\n\n\n\n<div class=\"wp-block-column is-layout-flow\">\n<div class=\"wp-block-cover\" style=\"min-height:350px\"><span aria-hidden=\"true\" class=\"wp-block-cover__background has-neve-link-color-background-color has-background-dim-0 has-background-dim\"><\/span><img decoding=\"async\" loading=\"lazy\" width=\"2126\" height=\"1417\" class=\"wp-block-cover__image-background wp-image-9697\" alt=\"\" src=\"https:\/\/campus.univ-lyon1.fr\/champignons\/files\/2023\/12\/DSC_8107-2.jpg\" data-object-fit=\"cover\" srcset=\"https:\/\/campus.univ-lyon1.fr\/champignons\/files\/2023\/12\/DSC_8107-2.jpg 2126w, https:\/\/campus.univ-lyon1.fr\/champignons\/files\/2023\/12\/DSC_8107-2-300x200.jpg 300w, https:\/\/campus.univ-lyon1.fr\/champignons\/files\/2023\/12\/DSC_8107-2-1024x683.jpg 1024w, https:\/\/campus.univ-lyon1.fr\/champignons\/files\/2023\/12\/DSC_8107-2-768x512.jpg 768w, https:\/\/campus.univ-lyon1.fr\/champignons\/files\/2023\/12\/DSC_8107-2-1536x1024.jpg 1536w, https:\/\/campus.univ-lyon1.fr\/champignons\/files\/2023\/12\/DSC_8107-2-2048x1365.jpg 2048w, https:\/\/campus.univ-lyon1.fr\/champignons\/files\/2023\/12\/DSC_8107-2-930x620.jpg 930w\" sizes=\"(max-width: 2126px) 100vw, 2126px\" \/><div class=\"wp-block-cover__inner-container\">\n<p class=\"has-text-align-center has-large-font-size\"><\/p>\n<\/div><\/div>\n\n\n\n<div style=\"height:15px\" aria-hidden=\"true\" class=\"wp-block-spacer\"><\/div>\n\n\n\n<h2 class=\"wp-block-heading has-text-align-center\"><a href=\"https:\/\/campus.univ-lyon1.fr\/champignons\/cle-dorientation\/novice\/les-champignons-a-lames\/chair-de-structure-fibreuse-au-moins-dans-le-pied\/especes-a-lames-non-ou-exceptionnellement-fourchues-souvent-avec-lamellules\/pied-lateral-ou-absent\/especes-charnues-ou-coriaces-seches\/especes-a-fixation-le-plus-souvent-laterale-sans-bourrelet\/\">Esp\u00e8ces \u00e0 fixation le plus souvent lat\u00e9rale, sans bourrelet central<\/a><\/h2>\n<\/div>\n<\/div>\n","protected":false},"excerpt":{"rendered":"<p>Les Pleuroto\u00efdes Esp\u00e8ces fix\u00e9es par le dessus, \u00e0 bourrelet central au point de concours des lames Esp\u00e8ces \u00e0 fixation le plus souvent lat\u00e9rale, sans bourrelet central<\/p>\n","protected":false},"author":2981,"featured_media":0,"parent":5641,"menu_order":0,"comment_status":"closed","ping_status":"closed","template":"","meta":{"neve_meta_sidebar":"","neve_meta_container":"","neve_meta_enable_content_width":"","neve_meta_content_width":0,"neve_meta_title_alignment":"","neve_meta_author_avatar":"","neve_post_elements_order":"","neve_meta_disable_header":"","neve_meta_disable_footer":"","neve_meta_disable_title":"on"},"yoast_head":"<!-- This site is optimized with the Yoast SEO plugin v21.8.1 - https:\/\/yoast.com\/wordpress\/plugins\/seo\/ -->\n<title>Esp\u00e8ces charnues ou coriaces, s\u00e8ches - Champignons Lyon 1<\/title>\n<meta name=\"robots\" content=\"index, follow, max-snippet:-1, max-image-preview:large, max-video-preview:-1\" \/>\n<link rel=\"canonical\" href=\"https:\/\/campus.univ-lyon1.fr\/champignons\/cle-dorientation\/novice\/les-champignons-a-lames\/chair-de-structure-fibreuse-au-moins-dans-le-pied\/especes-a-lames-non-ou-exceptionnellement-fourchues-souvent-avec-lamellules\/pied-lateral-ou-absent\/especes-charnues-ou-coriaces-seches\/\" \/>\n<meta property=\"og:locale\" content=\"fr_FR\" \/>\n<meta property=\"og:type\" content=\"article\" \/>\n<meta property=\"og:title\" content=\"Esp\u00e8ces charnues ou coriaces, s\u00e8ches - Champignons Lyon 1\" \/>\n<meta property=\"og:description\" content=\"Les Pleuroto\u00efdes Esp\u00e8ces fix\u00e9es par le dessus, \u00e0 bourrelet central au point de concours des lames Esp\u00e8ces \u00e0 fixation le plus souvent lat\u00e9rale, sans bourrelet central\" \/>\n<meta property=\"og:url\" content=\"https:\/\/campus.univ-lyon1.fr\/champignons\/cle-dorientation\/novice\/les-champignons-a-lames\/chair-de-structure-fibreuse-au-moins-dans-le-pied\/especes-a-lames-non-ou-exceptionnellement-fourchues-souvent-avec-lamellules\/pied-lateral-ou-absent\/especes-charnues-ou-coriaces-seches\/\" \/>\n<meta property=\"og:site_name\" content=\"Champignons Lyon 1\" \/>\n<meta property=\"article:modified_time\" content=\"2023-12-15T23:22:03+00:00\" \/>\n<meta property=\"og:image\" content=\"https:\/\/campus.univ-lyon1.fr\/champignons\/files\/2023\/12\/DSC_8107-2.jpg\" \/>\n<meta name=\"twitter:card\" content=\"summary_large_image\" \/>\n<meta name=\"twitter:label1\" content=\"Dur\u00e9e de lecture estim\u00e9e\" \/>\n\t<meta name=\"twitter:data1\" content=\"1 minute\" \/>\n<script type=\"application\/ld+json\" class=\"yoast-schema-graph\">{\"@context\":\"https:\/\/schema.org\",\"@graph\":[{\"@type\":\"WebPage\",\"@id\":\"https:\/\/campus.univ-lyon1.fr\/champignons\/cle-dorientation\/novice\/les-champignons-a-lames\/chair-de-structure-fibreuse-au-moins-dans-le-pied\/especes-a-lames-non-ou-exceptionnellement-fourchues-souvent-avec-lamellules\/pied-lateral-ou-absent\/especes-charnues-ou-coriaces-seches\/\",\"url\":\"https:\/\/campus.univ-lyon1.fr\/champignons\/cle-dorientation\/novice\/les-champignons-a-lames\/chair-de-structure-fibreuse-au-moins-dans-le-pied\/especes-a-lames-non-ou-exceptionnellement-fourchues-souvent-avec-lamellules\/pied-lateral-ou-absent\/especes-charnues-ou-coriaces-seches\/\",\"name\":\"Esp\u00e8ces charnues ou coriaces, s\u00e8ches - Champignons Lyon 1\",\"isPartOf\":{\"@id\":\"https:\/\/campus.univ-lyon1.fr\/champignons\/#website\"},\"datePublished\":\"2023-11-05T15:43:24+00:00\",\"dateModified\":\"2023-12-15T23:22:03+00:00\",\"breadcrumb\":{\"@id\":\"https:\/\/campus.univ-lyon1.fr\/champignons\/cle-dorientation\/novice\/les-champignons-a-lames\/chair-de-structure-fibreuse-au-moins-dans-le-pied\/especes-a-lames-non-ou-exceptionnellement-fourchues-souvent-avec-lamellules\/pied-lateral-ou-absent\/especes-charnues-ou-coriaces-seches\/#breadcrumb\"},\"inLanguage\":\"fr-FR\",\"potentialAction\":[{\"@type\":\"ReadAction\",\"target\":[\"https:\/\/campus.univ-lyon1.fr\/champignons\/cle-dorientation\/novice\/les-champignons-a-lames\/chair-de-structure-fibreuse-au-moins-dans-le-pied\/especes-a-lames-non-ou-exceptionnellement-fourchues-souvent-avec-lamellules\/pied-lateral-ou-absent\/especes-charnues-ou-coriaces-seches\/\"]}]},{\"@type\":\"BreadcrumbList\",\"@id\":\"https:\/\/campus.univ-lyon1.fr\/champignons\/cle-dorientation\/novice\/les-champignons-a-lames\/chair-de-structure-fibreuse-au-moins-dans-le-pied\/especes-a-lames-non-ou-exceptionnellement-fourchues-souvent-avec-lamellules\/pied-lateral-ou-absent\/especes-charnues-ou-coriaces-seches\/#breadcrumb\",\"itemListElement\":[{\"@type\":\"ListItem\",\"position\":1,\"name\":\"Accueil\",\"item\":\"https:\/\/campus.univ-lyon1.fr\/champignons\/\"},{\"@type\":\"ListItem\",\"position\":2,\"name\":\"Cl\u00e9 d&rsquo;orientation\",\"item\":\"https:\/\/campus.univ-lyon1.fr\/champignons\/cle-dorientation\/\"},{\"@type\":\"ListItem\",\"position\":3,\"name\":\"Novice\",\"item\":\"https:\/\/campus.univ-lyon1.fr\/champignons\/cle-dorientation\/novice\/\"},{\"@type\":\"ListItem\",\"position\":4,\"name\":\"Les champignons \u00e0 lames\",\"item\":\"https:\/\/campus.univ-lyon1.fr\/champignons\/cle-dorientation\/novice\/les-champignons-a-lames\/\"},{\"@type\":\"ListItem\",\"position\":5,\"name\":\"Chair de structure fibreuse, au moins dans le pied\",\"item\":\"https:\/\/campus.univ-lyon1.fr\/champignons\/cle-dorientation\/novice\/les-champignons-a-lames\/chair-de-structure-fibreuse-au-moins-dans-le-pied\/\"},{\"@type\":\"ListItem\",\"position\":6,\"name\":\"Esp\u00e8ces \u00e0 lames non ou exceptionnellement fourchues, souvent avec lamellules\",\"item\":\"https:\/\/campus.univ-lyon1.fr\/champignons\/cle-dorientation\/novice\/les-champignons-a-lames\/chair-de-structure-fibreuse-au-moins-dans-le-pied\/especes-a-lames-non-ou-exceptionnellement-fourchues-souvent-avec-lamellules\/\"},{\"@type\":\"ListItem\",\"position\":7,\"name\":\"Pied lat\u00e9ral ou absent\",\"item\":\"https:\/\/campus.univ-lyon1.fr\/champignons\/cle-dorientation\/novice\/les-champignons-a-lames\/chair-de-structure-fibreuse-au-moins-dans-le-pied\/especes-a-lames-non-ou-exceptionnellement-fourchues-souvent-avec-lamellules\/pied-lateral-ou-absent\/\"},{\"@type\":\"ListItem\",\"position\":8,\"name\":\"Esp\u00e8ces charnues ou coriaces, s\u00e8ches\"}]},{\"@type\":\"WebSite\",\"@id\":\"https:\/\/campus.univ-lyon1.fr\/champignons\/#website\",\"url\":\"https:\/\/campus.univ-lyon1.fr\/champignons\/\",\"name\":\"Champignons Lyon 1\",\"description\":\"Bienvenue sur le site de mycologie de la facult\u00e9 de Lyon !\",\"publisher\":{\"@id\":\"https:\/\/campus.univ-lyon1.fr\/champignons\/#organization\"},\"potentialAction\":[{\"@type\":\"SearchAction\",\"target\":{\"@type\":\"EntryPoint\",\"urlTemplate\":\"https:\/\/campus.univ-lyon1.fr\/champignons\/?s={search_term_string}\"},\"query-input\":\"required name=search_term_string\"}],\"inLanguage\":\"fr-FR\"},{\"@type\":\"Organization\",\"@id\":\"https:\/\/campus.univ-lyon1.fr\/champignons\/#organization\",\"name\":\"Champignons Lyon 1\",\"url\":\"https:\/\/campus.univ-lyon1.fr\/champignons\/\",\"logo\":{\"@type\":\"ImageObject\",\"inLanguage\":\"fr-FR\",\"@id\":\"https:\/\/campus.univ-lyon1.fr\/champignons\/#\/schema\/logo\/image\/\",\"url\":\"https:\/\/campus.univ-lyon1.fr\/champignons\/files\/2023\/10\/cropped-Sans-titre-1-1-1.png\",\"contentUrl\":\"https:\/\/campus.univ-lyon1.fr\/champignons\/files\/2023\/10\/cropped-Sans-titre-1-1-1.png\",\"width\":200,\"height\":181,\"caption\":\"Champignons Lyon 1\"},\"image\":{\"@id\":\"https:\/\/campus.univ-lyon1.fr\/champignons\/#\/schema\/logo\/image\/\"}}]}<\/script>\n<!-- \/ Yoast SEO plugin. -->","yoast_head_json":{"title":"Esp\u00e8ces charnues ou coriaces, s\u00e8ches - Champignons Lyon 1","robots":{"index":"index","follow":"follow","max-snippet":"max-snippet:-1","max-image-preview":"max-image-preview:large","max-video-preview":"max-video-preview:-1"},"canonical":"https:\/\/campus.univ-lyon1.fr\/champignons\/cle-dorientation\/novice\/les-champignons-a-lames\/chair-de-structure-fibreuse-au-moins-dans-le-pied\/especes-a-lames-non-ou-exceptionnellement-fourchues-souvent-avec-lamellules\/pied-lateral-ou-absent\/especes-charnues-ou-coriaces-seches\/","og_locale":"fr_FR","og_type":"article","og_title":"Esp\u00e8ces charnues ou coriaces, s\u00e8ches - Champignons Lyon 1","og_description":"Les Pleuroto\u00efdes Esp\u00e8ces fix\u00e9es par le dessus, \u00e0 bourrelet central au point de concours des lames Esp\u00e8ces \u00e0 fixation le plus souvent lat\u00e9rale, sans bourrelet central","og_url":"https:\/\/campus.univ-lyon1.fr\/champignons\/cle-dorientation\/novice\/les-champignons-a-lames\/chair-de-structure-fibreuse-au-moins-dans-le-pied\/especes-a-lames-non-ou-exceptionnellement-fourchues-souvent-avec-lamellules\/pied-lateral-ou-absent\/especes-charnues-ou-coriaces-seches\/","og_site_name":"Champignons Lyon 1","article_modified_time":"2023-12-15T23:22:03+00:00","og_image":[{"url":"https:\/\/campus.univ-lyon1.fr\/champignons\/files\/2023\/12\/DSC_8107-2.jpg"}],"twitter_card":"summary_large_image","twitter_misc":{"Dur\u00e9e de lecture estim\u00e9e":"1 minute"},"schema":{"@context":"https:\/\/schema.org","@graph":[{"@type":"WebPage","@id":"https:\/\/campus.univ-lyon1.fr\/champignons\/cle-dorientation\/novice\/les-champignons-a-lames\/chair-de-structure-fibreuse-au-moins-dans-le-pied\/especes-a-lames-non-ou-exceptionnellement-fourchues-souvent-avec-lamellules\/pied-lateral-ou-absent\/especes-charnues-ou-coriaces-seches\/","url":"https:\/\/campus.univ-lyon1.fr\/champignons\/cle-dorientation\/novice\/les-champignons-a-lames\/chair-de-structure-fibreuse-au-moins-dans-le-pied\/especes-a-lames-non-ou-exceptionnellement-fourchues-souvent-avec-lamellules\/pied-lateral-ou-absent\/especes-charnues-ou-coriaces-seches\/","name":"Esp\u00e8ces charnues ou coriaces, s\u00e8ches - Champignons Lyon 1","isPartOf":{"@id":"https:\/\/campus.univ-lyon1.fr\/champignons\/#website"},"datePublished":"2023-11-05T15:43:24+00:00","dateModified":"2023-12-15T23:22:03+00:00","breadcrumb":{"@id":"https:\/\/campus.univ-lyon1.fr\/champignons\/cle-dorientation\/novice\/les-champignons-a-lames\/chair-de-structure-fibreuse-au-moins-dans-le-pied\/especes-a-lames-non-ou-exceptionnellement-fourchues-souvent-avec-lamellules\/pied-lateral-ou-absent\/especes-charnues-ou-coriaces-seches\/#breadcrumb"},"inLanguage":"fr-FR","potentialAction":[{"@type":"ReadAction","target":["https:\/\/campus.univ-lyon1.fr\/champignons\/cle-dorientation\/novice\/les-champignons-a-lames\/chair-de-structure-fibreuse-au-moins-dans-le-pied\/especes-a-lames-non-ou-exceptionnellement-fourchues-souvent-avec-lamellules\/pied-lateral-ou-absent\/especes-charnues-ou-coriaces-seches\/"]}]},{"@type":"BreadcrumbList","@id":"https:\/\/campus.univ-lyon1.fr\/champignons\/cle-dorientation\/novice\/les-champignons-a-lames\/chair-de-structure-fibreuse-au-moins-dans-le-pied\/especes-a-lames-non-ou-exceptionnellement-fourchues-souvent-avec-lamellules\/pied-lateral-ou-absent\/especes-charnues-ou-coriaces-seches\/#breadcrumb","itemListElement":[{"@type":"ListItem","position":1,"name":"Accueil","item":"https:\/\/campus.univ-lyon1.fr\/champignons\/"},{"@type":"ListItem","position":2,"name":"Cl\u00e9 d&rsquo;orientation","item":"https:\/\/campus.univ-lyon1.fr\/champignons\/cle-dorientation\/"},{"@type":"ListItem","position":3,"name":"Novice","item":"https:\/\/campus.univ-lyon1.fr\/champignons\/cle-dorientation\/novice\/"},{"@type":"ListItem","position":4,"name":"Les champignons \u00e0 lames","item":"https:\/\/campus.univ-lyon1.fr\/champignons\/cle-dorientation\/novice\/les-champignons-a-lames\/"},{"@type":"ListItem","position":5,"name":"Chair de structure fibreuse, au moins dans le pied","item":"https:\/\/campus.univ-lyon1.fr\/champignons\/cle-dorientation\/novice\/les-champignons-a-lames\/chair-de-structure-fibreuse-au-moins-dans-le-pied\/"},{"@type":"ListItem","position":6,"name":"Esp\u00e8ces \u00e0 lames non ou exceptionnellement fourchues, souvent avec lamellules","item":"https:\/\/campus.univ-lyon1.fr\/champignons\/cle-dorientation\/novice\/les-champignons-a-lames\/chair-de-structure-fibreuse-au-moins-dans-le-pied\/especes-a-lames-non-ou-exceptionnellement-fourchues-souvent-avec-lamellules\/"},{"@type":"ListItem","position":7,"name":"Pied lat\u00e9ral ou absent","item":"https:\/\/campus.univ-lyon1.fr\/champignons\/cle-dorientation\/novice\/les-champignons-a-lames\/chair-de-structure-fibreuse-au-moins-dans-le-pied\/especes-a-lames-non-ou-exceptionnellement-fourchues-souvent-avec-lamellules\/pied-lateral-ou-absent\/"},{"@type":"ListItem","position":8,"name":"Esp\u00e8ces charnues ou coriaces, s\u00e8ches"}]},{"@type":"WebSite","@id":"https:\/\/campus.univ-lyon1.fr\/champignons\/#website","url":"https:\/\/campus.univ-lyon1.fr\/champignons\/","name":"Champignons Lyon 1","description":"Bienvenue sur le site de mycologie de la facult\u00e9 de Lyon !","publisher":{"@id":"https:\/\/campus.univ-lyon1.fr\/champignons\/#organization"},"potentialAction":[{"@type":"SearchAction","target":{"@type":"EntryPoint","urlTemplate":"https:\/\/campus.univ-lyon1.fr\/champignons\/?s={search_term_string}"},"query-input":"required name=search_term_string"}],"inLanguage":"fr-FR"},{"@type":"Organization","@id":"https:\/\/campus.univ-lyon1.fr\/champignons\/#organization","name":"Champignons Lyon 1","url":"https:\/\/campus.univ-lyon1.fr\/champignons\/","logo":{"@type":"ImageObject","inLanguage":"fr-FR","@id":"https:\/\/campus.univ-lyon1.fr\/champignons\/#\/schema\/logo\/image\/","url":"https:\/\/campus.univ-lyon1.fr\/champignons\/files\/2023\/10\/cropped-Sans-titre-1-1-1.png","contentUrl":"https:\/\/campus.univ-lyon1.fr\/champignons\/files\/2023\/10\/cropped-Sans-titre-1-1-1.png","width":200,"height":181,"caption":"Champignons Lyon 1"},"image":{"@id":"https:\/\/campus.univ-lyon1.fr\/champignons\/#\/schema\/logo\/image\/"}}]}},"_links":{"self":[{"href":"https:\/\/campus.univ-lyon1.fr\/champignons\/wp-json\/wp\/v2\/pages\/5653"}],"collection":[{"href":"https:\/\/campus.univ-lyon1.fr\/champignons\/wp-json\/wp\/v2\/pages"}],"about":[{"href":"https:\/\/campus.univ-lyon1.fr\/champignons\/wp-json\/wp\/v2\/types\/page"}],"author":[{"embeddable":true,"href":"https:\/\/campus.univ-lyon1.fr\/champignons\/wp-json\/wp\/v2\/users\/2981"}],"replies":[{"embeddable":true,"href":"https:\/\/campus.univ-lyon1.fr\/champignons\/wp-json\/wp\/v2\/comments?post=5653"}],"version-history":[{"count":8,"href":"https:\/\/campus.univ-lyon1.fr\/champignons\/wp-json\/wp\/v2\/pages\/5653\/revisions"}],"predecessor-version":[{"id":10278,"href":"https:\/\/campus.univ-lyon1.fr\/champignons\/wp-json\/wp\/v2\/pages\/5653\/revisions\/10278"}],"up":[{"embeddable":true,"href":"https:\/\/campus.univ-lyon1.fr\/champignons\/wp-json\/wp\/v2\/pages\/5641"}],"wp:attachment":[{"href":"https:\/\/campus.univ-lyon1.fr\/champignons\/wp-json\/wp\/v2\/media?parent=5653"}],"curies":[{"name":"wp","href":"https:\/\/api.w.org\/{rel}","templated":true}]}}