{"id":5629,"date":"2023-11-04T15:48:33","date_gmt":"2023-11-04T14:48:33","guid":{"rendered":"https:\/\/campus.univ-lyon1.fr\/champignons\/?page_id=5629"},"modified":"2023-12-15T20:04:26","modified_gmt":"2023-12-15T19:04:26","slug":"couleur-grise","status":"publish","type":"page","link":"https:\/\/campus.univ-lyon1.fr\/champignons\/cle-dorientation\/novice\/les-champignons-a-lames\/chair-de-structure-fibreuse-au-moins-dans-le-pied\/especes-a-lames-regulierement-fourchues-sans-lamellules\/couleur-grise\/","title":{"rendered":"Couleur grise"},"content":{"rendered":"\n<div style=\"height:50px\" aria-hidden=\"true\" class=\"wp-block-spacer\"><\/div>\n\n\n\n<h2 class=\"wp-block-heading has-text-align-center\">2\u00e8me caract\u00e8re : L&rsquo;aspect des lames<\/h2>\n\n\n<div class=\"yoast-breadcrumbs\"><span><span><a href=\"https:\/\/campus.univ-lyon1.fr\/champignons\/\">Accueil<\/a><\/span> \u00bb <span><a href=\"https:\/\/campus.univ-lyon1.fr\/champignons\/cle-dorientation\/\">Cl\u00e9 d&rsquo;orientation<\/a><\/span> \u00bb <span><a href=\"https:\/\/campus.univ-lyon1.fr\/champignons\/cle-dorientation\/novice\/\">Novice<\/a><\/span> \u00bb <span><a href=\"https:\/\/campus.univ-lyon1.fr\/champignons\/cle-dorientation\/novice\/les-champignons-a-lames\/\">Les champignons \u00e0 lames<\/a><\/span> \u00bb <span><a href=\"https:\/\/campus.univ-lyon1.fr\/champignons\/cle-dorientation\/novice\/les-champignons-a-lames\/chair-de-structure-fibreuse-au-moins-dans-le-pied\/\">Chair de structure fibreuse, au moins dans le pied<\/a><\/span> \u00bb <span><a href=\"https:\/\/campus.univ-lyon1.fr\/champignons\/cle-dorientation\/novice\/les-champignons-a-lames\/chair-de-structure-fibreuse-au-moins-dans-le-pied\/especes-a-lames-regulierement-fourchues-sans-lamellules\/\">Esp\u00e8ces \u00e0 lames r\u00e9guli\u00e8rement fourchues, sans lamellules<\/a><\/span> \u00bb <span class=\"breadcrumb_last\" aria-current=\"page\"><strong>Couleur grise<\/strong><\/span><\/span><\/div>\n\n\n<div style=\"height:25px\" aria-hidden=\"true\" class=\"wp-block-spacer\"><\/div>\n\n\n\n<h2 class=\"wp-block-heading\">Il semblerait que vous ayez ramass\u00e9 le genre&#8230;<\/h2>\n\n\n\n<div class=\"wp-block-cover\"><span aria-hidden=\"true\" class=\"wp-block-cover__background has-neve-link-color-background-color has-background-dim-100 has-background-dim\"><\/span><div class=\"wp-block-cover__inner-container\">\n<p class=\"has-text-align-center has-large-font-size\">Cantharellula<\/p>\n<\/div><\/div>\n\n\n\n<div style=\"height:25px\" aria-hidden=\"true\" class=\"wp-block-spacer\"><\/div>\n\n\n\n<p class=\"has-text-align-center has-nv-c-2-color has-text-color\"><em>Le contenu de cette cl\u00e9 n&rsquo;est pas exhaustif et ne permettra pas forc\u00e9ment l&rsquo;identification assur\u00e9e du genre.<\/em><\/p>\n","protected":false},"excerpt":{"rendered":"<p>2\u00e8me caract\u00e8re : L&rsquo;aspect des lames Il semblerait que vous ayez ramass\u00e9 le genre&#8230; Le contenu de cette cl\u00e9 n&rsquo;est pas exhaustif et ne permettra pas forc\u00e9ment l&rsquo;identification assur\u00e9e du genre.<\/p>\n","protected":false},"author":2981,"featured_media":0,"parent":5624,"menu_order":0,"comment_status":"closed","ping_status":"closed","template":"","meta":{"neve_meta_sidebar":"","neve_meta_container":"","neve_meta_enable_content_width":"","neve_meta_content_width":0,"neve_meta_title_alignment":"","neve_meta_author_avatar":"","neve_post_elements_order":"","neve_meta_disable_header":"","neve_meta_disable_footer":"","neve_meta_disable_title":"on"},"yoast_head":"<!-- This site is optimized with the Yoast SEO plugin v21.8.1 - https:\/\/yoast.com\/wordpress\/plugins\/seo\/ -->\n<title>Couleur grise - Champignons Lyon 1<\/title>\n<meta name=\"robots\" content=\"index, follow, max-snippet:-1, max-image-preview:large, max-video-preview:-1\" \/>\n<link rel=\"canonical\" href=\"http:\/\/campus.univ-lyon1.fr\/champignons\/cle-dorientation\/novice\/les-champignons-a-lames\/chair-de-structure-fibreuse-au-moins-dans-le-pied\/especes-a-lames-regulierement-fourchues-sans-lamellules\/couleur-grise\/\" \/>\n<meta property=\"og:locale\" content=\"fr_FR\" \/>\n<meta property=\"og:type\" content=\"article\" \/>\n<meta property=\"og:title\" content=\"Couleur grise - Champignons Lyon 1\" \/>\n<meta property=\"og:description\" content=\"2\u00e8me caract\u00e8re : L&rsquo;aspect des lames Il semblerait que vous ayez ramass\u00e9 le genre&#8230; Le contenu de cette cl\u00e9 n&rsquo;est pas exhaustif et ne permettra pas forc\u00e9ment l&rsquo;identification assur\u00e9e du genre.\" \/>\n<meta property=\"og:url\" content=\"http:\/\/campus.univ-lyon1.fr\/champignons\/cle-dorientation\/novice\/les-champignons-a-lames\/chair-de-structure-fibreuse-au-moins-dans-le-pied\/especes-a-lames-regulierement-fourchues-sans-lamellules\/couleur-grise\/\" \/>\n<meta property=\"og:site_name\" content=\"Champignons Lyon 1\" \/>\n<meta property=\"article:modified_time\" content=\"2023-12-15T19:04:26+00:00\" \/>\n<meta name=\"twitter:card\" content=\"summary_large_image\" \/>\n<meta name=\"twitter:label1\" content=\"Dur\u00e9e de lecture estim\u00e9e\" \/>\n\t<meta name=\"twitter:data1\" content=\"1 minute\" \/>\n<script type=\"application\/ld+json\" class=\"yoast-schema-graph\">{\"@context\":\"https:\/\/schema.org\",\"@graph\":[{\"@type\":\"WebPage\",\"@id\":\"http:\/\/campus.univ-lyon1.fr\/champignons\/cle-dorientation\/novice\/les-champignons-a-lames\/chair-de-structure-fibreuse-au-moins-dans-le-pied\/especes-a-lames-regulierement-fourchues-sans-lamellules\/couleur-grise\/\",\"url\":\"http:\/\/campus.univ-lyon1.fr\/champignons\/cle-dorientation\/novice\/les-champignons-a-lames\/chair-de-structure-fibreuse-au-moins-dans-le-pied\/especes-a-lames-regulierement-fourchues-sans-lamellules\/couleur-grise\/\",\"name\":\"Couleur grise - Champignons Lyon 1\",\"isPartOf\":{\"@id\":\"https:\/\/campus.univ-lyon1.fr\/champignons\/#website\"},\"datePublished\":\"2023-11-04T14:48:33+00:00\",\"dateModified\":\"2023-12-15T19:04:26+00:00\",\"breadcrumb\":{\"@id\":\"http:\/\/campus.univ-lyon1.fr\/champignons\/cle-dorientation\/novice\/les-champignons-a-lames\/chair-de-structure-fibreuse-au-moins-dans-le-pied\/especes-a-lames-regulierement-fourchues-sans-lamellules\/couleur-grise\/#breadcrumb\"},\"inLanguage\":\"fr-FR\",\"potentialAction\":[{\"@type\":\"ReadAction\",\"target\":[\"http:\/\/campus.univ-lyon1.fr\/champignons\/cle-dorientation\/novice\/les-champignons-a-lames\/chair-de-structure-fibreuse-au-moins-dans-le-pied\/especes-a-lames-regulierement-fourchues-sans-lamellules\/couleur-grise\/\"]}]},{\"@type\":\"BreadcrumbList\",\"@id\":\"http:\/\/campus.univ-lyon1.fr\/champignons\/cle-dorientation\/novice\/les-champignons-a-lames\/chair-de-structure-fibreuse-au-moins-dans-le-pied\/especes-a-lames-regulierement-fourchues-sans-lamellules\/couleur-grise\/#breadcrumb\",\"itemListElement\":[{\"@type\":\"ListItem\",\"position\":1,\"name\":\"Accueil\",\"item\":\"https:\/\/campus.univ-lyon1.fr\/champignons\/\"},{\"@type\":\"ListItem\",\"position\":2,\"name\":\"Cl\u00e9 d&rsquo;orientation\",\"item\":\"https:\/\/campus.univ-lyon1.fr\/champignons\/cle-dorientation\/\"},{\"@type\":\"ListItem\",\"position\":3,\"name\":\"Novice\",\"item\":\"https:\/\/campus.univ-lyon1.fr\/champignons\/cle-dorientation\/novice\/\"},{\"@type\":\"ListItem\",\"position\":4,\"name\":\"Les champignons \u00e0 lames\",\"item\":\"https:\/\/campus.univ-lyon1.fr\/champignons\/cle-dorientation\/novice\/les-champignons-a-lames\/\"},{\"@type\":\"ListItem\",\"position\":5,\"name\":\"Chair de structure fibreuse, au moins dans le pied\",\"item\":\"https:\/\/campus.univ-lyon1.fr\/champignons\/cle-dorientation\/novice\/les-champignons-a-lames\/chair-de-structure-fibreuse-au-moins-dans-le-pied\/\"},{\"@type\":\"ListItem\",\"position\":6,\"name\":\"Esp\u00e8ces \u00e0 lames r\u00e9guli\u00e8rement fourchues, sans lamellules\",\"item\":\"https:\/\/campus.univ-lyon1.fr\/champignons\/cle-dorientation\/novice\/les-champignons-a-lames\/chair-de-structure-fibreuse-au-moins-dans-le-pied\/especes-a-lames-regulierement-fourchues-sans-lamellules\/\"},{\"@type\":\"ListItem\",\"position\":7,\"name\":\"Couleur grise\"}]},{\"@type\":\"WebSite\",\"@id\":\"https:\/\/campus.univ-lyon1.fr\/champignons\/#website\",\"url\":\"https:\/\/campus.univ-lyon1.fr\/champignons\/\",\"name\":\"Champignons Lyon 1\",\"description\":\"Bienvenue sur le site de mycologie de la facult\u00e9 de Lyon !\",\"publisher\":{\"@id\":\"https:\/\/campus.univ-lyon1.fr\/champignons\/#organization\"},\"potentialAction\":[{\"@type\":\"SearchAction\",\"target\":{\"@type\":\"EntryPoint\",\"urlTemplate\":\"https:\/\/campus.univ-lyon1.fr\/champignons\/?s={search_term_string}\"},\"query-input\":\"required name=search_term_string\"}],\"inLanguage\":\"fr-FR\"},{\"@type\":\"Organization\",\"@id\":\"https:\/\/campus.univ-lyon1.fr\/champignons\/#organization\",\"name\":\"Champignons Lyon 1\",\"url\":\"https:\/\/campus.univ-lyon1.fr\/champignons\/\",\"logo\":{\"@type\":\"ImageObject\",\"inLanguage\":\"fr-FR\",\"@id\":\"https:\/\/campus.univ-lyon1.fr\/champignons\/#\/schema\/logo\/image\/\",\"url\":\"https:\/\/campus.univ-lyon1.fr\/champignons\/files\/2023\/10\/cropped-Sans-titre-1-1-1.png\",\"contentUrl\":\"https:\/\/campus.univ-lyon1.fr\/champignons\/files\/2023\/10\/cropped-Sans-titre-1-1-1.png\",\"width\":200,\"height\":181,\"caption\":\"Champignons Lyon 1\"},\"image\":{\"@id\":\"https:\/\/campus.univ-lyon1.fr\/champignons\/#\/schema\/logo\/image\/\"}}]}<\/script>\n<!-- \/ Yoast SEO plugin. -->","yoast_head_json":{"title":"Couleur grise - Champignons Lyon 1","robots":{"index":"index","follow":"follow","max-snippet":"max-snippet:-1","max-image-preview":"max-image-preview:large","max-video-preview":"max-video-preview:-1"},"canonical":"http:\/\/campus.univ-lyon1.fr\/champignons\/cle-dorientation\/novice\/les-champignons-a-lames\/chair-de-structure-fibreuse-au-moins-dans-le-pied\/especes-a-lames-regulierement-fourchues-sans-lamellules\/couleur-grise\/","og_locale":"fr_FR","og_type":"article","og_title":"Couleur grise - Champignons Lyon 1","og_description":"2\u00e8me caract\u00e8re : L&rsquo;aspect des lames Il semblerait que vous ayez ramass\u00e9 le genre&#8230; Le contenu de cette cl\u00e9 n&rsquo;est pas exhaustif et ne permettra pas forc\u00e9ment l&rsquo;identification assur\u00e9e du genre.","og_url":"http:\/\/campus.univ-lyon1.fr\/champignons\/cle-dorientation\/novice\/les-champignons-a-lames\/chair-de-structure-fibreuse-au-moins-dans-le-pied\/especes-a-lames-regulierement-fourchues-sans-lamellules\/couleur-grise\/","og_site_name":"Champignons Lyon 1","article_modified_time":"2023-12-15T19:04:26+00:00","twitter_card":"summary_large_image","twitter_misc":{"Dur\u00e9e de lecture estim\u00e9e":"1 minute"},"schema":{"@context":"https:\/\/schema.org","@graph":[{"@type":"WebPage","@id":"http:\/\/campus.univ-lyon1.fr\/champignons\/cle-dorientation\/novice\/les-champignons-a-lames\/chair-de-structure-fibreuse-au-moins-dans-le-pied\/especes-a-lames-regulierement-fourchues-sans-lamellules\/couleur-grise\/","url":"http:\/\/campus.univ-lyon1.fr\/champignons\/cle-dorientation\/novice\/les-champignons-a-lames\/chair-de-structure-fibreuse-au-moins-dans-le-pied\/especes-a-lames-regulierement-fourchues-sans-lamellules\/couleur-grise\/","name":"Couleur grise - Champignons Lyon 1","isPartOf":{"@id":"https:\/\/campus.univ-lyon1.fr\/champignons\/#website"},"datePublished":"2023-11-04T14:48:33+00:00","dateModified":"2023-12-15T19:04:26+00:00","breadcrumb":{"@id":"http:\/\/campus.univ-lyon1.fr\/champignons\/cle-dorientation\/novice\/les-champignons-a-lames\/chair-de-structure-fibreuse-au-moins-dans-le-pied\/especes-a-lames-regulierement-fourchues-sans-lamellules\/couleur-grise\/#breadcrumb"},"inLanguage":"fr-FR","potentialAction":[{"@type":"ReadAction","target":["http:\/\/campus.univ-lyon1.fr\/champignons\/cle-dorientation\/novice\/les-champignons-a-lames\/chair-de-structure-fibreuse-au-moins-dans-le-pied\/especes-a-lames-regulierement-fourchues-sans-lamellules\/couleur-grise\/"]}]},{"@type":"BreadcrumbList","@id":"http:\/\/campus.univ-lyon1.fr\/champignons\/cle-dorientation\/novice\/les-champignons-a-lames\/chair-de-structure-fibreuse-au-moins-dans-le-pied\/especes-a-lames-regulierement-fourchues-sans-lamellules\/couleur-grise\/#breadcrumb","itemListElement":[{"@type":"ListItem","position":1,"name":"Accueil","item":"https:\/\/campus.univ-lyon1.fr\/champignons\/"},{"@type":"ListItem","position":2,"name":"Cl\u00e9 d&rsquo;orientation","item":"https:\/\/campus.univ-lyon1.fr\/champignons\/cle-dorientation\/"},{"@type":"ListItem","position":3,"name":"Novice","item":"https:\/\/campus.univ-lyon1.fr\/champignons\/cle-dorientation\/novice\/"},{"@type":"ListItem","position":4,"name":"Les champignons \u00e0 lames","item":"https:\/\/campus.univ-lyon1.fr\/champignons\/cle-dorientation\/novice\/les-champignons-a-lames\/"},{"@type":"ListItem","position":5,"name":"Chair de structure fibreuse, au moins dans le pied","item":"https:\/\/campus.univ-lyon1.fr\/champignons\/cle-dorientation\/novice\/les-champignons-a-lames\/chair-de-structure-fibreuse-au-moins-dans-le-pied\/"},{"@type":"ListItem","position":6,"name":"Esp\u00e8ces \u00e0 lames r\u00e9guli\u00e8rement fourchues, sans lamellules","item":"https:\/\/campus.univ-lyon1.fr\/champignons\/cle-dorientation\/novice\/les-champignons-a-lames\/chair-de-structure-fibreuse-au-moins-dans-le-pied\/especes-a-lames-regulierement-fourchues-sans-lamellules\/"},{"@type":"ListItem","position":7,"name":"Couleur grise"}]},{"@type":"WebSite","@id":"https:\/\/campus.univ-lyon1.fr\/champignons\/#website","url":"https:\/\/campus.univ-lyon1.fr\/champignons\/","name":"Champignons Lyon 1","description":"Bienvenue sur le site de mycologie de la facult\u00e9 de Lyon !","publisher":{"@id":"https:\/\/campus.univ-lyon1.fr\/champignons\/#organization"},"potentialAction":[{"@type":"SearchAction","target":{"@type":"EntryPoint","urlTemplate":"https:\/\/campus.univ-lyon1.fr\/champignons\/?s={search_term_string}"},"query-input":"required name=search_term_string"}],"inLanguage":"fr-FR"},{"@type":"Organization","@id":"https:\/\/campus.univ-lyon1.fr\/champignons\/#organization","name":"Champignons Lyon 1","url":"https:\/\/campus.univ-lyon1.fr\/champignons\/","logo":{"@type":"ImageObject","inLanguage":"fr-FR","@id":"https:\/\/campus.univ-lyon1.fr\/champignons\/#\/schema\/logo\/image\/","url":"https:\/\/campus.univ-lyon1.fr\/champignons\/files\/2023\/10\/cropped-Sans-titre-1-1-1.png","contentUrl":"https:\/\/campus.univ-lyon1.fr\/champignons\/files\/2023\/10\/cropped-Sans-titre-1-1-1.png","width":200,"height":181,"caption":"Champignons Lyon 1"},"image":{"@id":"https:\/\/campus.univ-lyon1.fr\/champignons\/#\/schema\/logo\/image\/"}}]}},"_links":{"self":[{"href":"https:\/\/campus.univ-lyon1.fr\/champignons\/wp-json\/wp\/v2\/pages\/5629"}],"collection":[{"href":"https:\/\/campus.univ-lyon1.fr\/champignons\/wp-json\/wp\/v2\/pages"}],"about":[{"href":"https:\/\/campus.univ-lyon1.fr\/champignons\/wp-json\/wp\/v2\/types\/page"}],"author":[{"embeddable":true,"href":"https:\/\/campus.univ-lyon1.fr\/champignons\/wp-json\/wp\/v2\/users\/2981"}],"replies":[{"embeddable":true,"href":"https:\/\/campus.univ-lyon1.fr\/champignons\/wp-json\/wp\/v2\/comments?post=5629"}],"version-history":[{"count":3,"href":"https:\/\/campus.univ-lyon1.fr\/champignons\/wp-json\/wp\/v2\/pages\/5629\/revisions"}],"predecessor-version":[{"id":10266,"href":"https:\/\/campus.univ-lyon1.fr\/champignons\/wp-json\/wp\/v2\/pages\/5629\/revisions\/10266"}],"up":[{"embeddable":true,"href":"https:\/\/campus.univ-lyon1.fr\/champignons\/wp-json\/wp\/v2\/pages\/5624"}],"wp:attachment":[{"href":"https:\/\/campus.univ-lyon1.fr\/champignons\/wp-json\/wp\/v2\/media?parent=5629"}],"curies":[{"name":"wp","href":"https:\/\/api.w.org\/{rel}","templated":true}]}}