{"id":5620,"date":"2023-11-04T15:37:23","date_gmt":"2023-11-04T14:37:23","guid":{"rendered":"https:\/\/campus.univ-lyon1.fr\/champignons\/?page_id=5620"},"modified":"2023-12-16T18:32:11","modified_gmt":"2023-12-16T17:32:11","slug":"chair-de-structure-fibreuse-au-moins-dans-le-pied","status":"publish","type":"page","link":"https:\/\/campus.univ-lyon1.fr\/champignons\/cle-dorientation\/novice\/les-champignons-a-lames\/chair-de-structure-fibreuse-au-moins-dans-le-pied\/","title":{"rendered":"Chair de structure fibreuse, au moins dans le pied"},"content":{"rendered":"\n<div style=\"height:50px\" aria-hidden=\"true\" class=\"wp-block-spacer\"><\/div>\n\n\n\n<h2 class=\"wp-block-heading has-text-align-center\">2\u00e8me caract\u00e8re : L&rsquo;aspect des lames<\/h2>\n\n\n<div class=\"yoast-breadcrumbs\"><span><span><a href=\"https:\/\/campus.univ-lyon1.fr\/champignons\/\">Accueil<\/a><\/span> \u00bb <span><a href=\"https:\/\/campus.univ-lyon1.fr\/champignons\/cle-dorientation\/\">Cl\u00e9 d&rsquo;orientation<\/a><\/span> \u00bb <span><a href=\"https:\/\/campus.univ-lyon1.fr\/champignons\/cle-dorientation\/novice\/\">Novice<\/a><\/span> \u00bb <span><a href=\"https:\/\/campus.univ-lyon1.fr\/champignons\/cle-dorientation\/novice\/les-champignons-a-lames\/\">Les champignons \u00e0 lames<\/a><\/span> \u00bb <span class=\"breadcrumb_last\" aria-current=\"page\"><strong>Chair de structure fibreuse, au moins dans le pied<\/strong><\/span><\/span><\/div>\n\n\n<div style=\"height:50px\" aria-hidden=\"true\" class=\"wp-block-spacer\"><\/div>\n\n\n\n<div class=\"wp-block-columns is-layout-flex wp-container-4\">\n<div class=\"wp-block-column is-layout-flow\">\n<div class=\"wp-block-cover\" style=\"min-height:350px\"><span aria-hidden=\"true\" class=\"wp-block-cover__background has-neve-link-color-background-color has-background-dim-0 has-background-dim\"><\/span><img decoding=\"async\" loading=\"lazy\" width=\"2126\" height=\"1417\" class=\"wp-block-cover__image-background wp-image-10261\" alt=\"\" src=\"https:\/\/campus.univ-lyon1.fr\/champignons\/files\/2023\/12\/DSC_4478.jpg\" data-object-fit=\"cover\" srcset=\"https:\/\/campus.univ-lyon1.fr\/champignons\/files\/2023\/12\/DSC_4478.jpg 2126w, https:\/\/campus.univ-lyon1.fr\/champignons\/files\/2023\/12\/DSC_4478-300x200.jpg 300w, https:\/\/campus.univ-lyon1.fr\/champignons\/files\/2023\/12\/DSC_4478-1024x683.jpg 1024w, https:\/\/campus.univ-lyon1.fr\/champignons\/files\/2023\/12\/DSC_4478-768x512.jpg 768w, https:\/\/campus.univ-lyon1.fr\/champignons\/files\/2023\/12\/DSC_4478-1536x1024.jpg 1536w, https:\/\/campus.univ-lyon1.fr\/champignons\/files\/2023\/12\/DSC_4478-2048x1365.jpg 2048w, https:\/\/campus.univ-lyon1.fr\/champignons\/files\/2023\/12\/DSC_4478-930x620.jpg 930w\" sizes=\"(max-width: 2126px) 100vw, 2126px\" \/><div class=\"wp-block-cover__inner-container\">\n<p class=\"has-text-align-center has-large-font-size\"><\/p>\n<\/div><\/div>\n\n\n\n<div style=\"height:15px\" aria-hidden=\"true\" class=\"wp-block-spacer\"><\/div>\n\n\n\n<h2 class=\"wp-block-heading has-text-align-center\"><a href=\"https:\/\/campus.univ-lyon1.fr\/champignons\/cle-dorientation\/novice\/champignon-lisse-ou-a-plis\/\">Esp\u00e8ces \u00e0 lames \u00ab\u00a0mal form\u00e9es\u00a0\u00bb, irr\u00e9guli\u00e8rement fourchues, sans lamellules<\/a><\/h2>\n<\/div>\n\n\n\n<div class=\"wp-block-column is-layout-flow\">\n<div class=\"wp-block-cover\" style=\"min-height:350px\"><span aria-hidden=\"true\" class=\"wp-block-cover__background has-neve-link-color-background-color has-background-dim-0 has-background-dim\"><\/span><img decoding=\"async\" loading=\"lazy\" width=\"2126\" height=\"1417\" class=\"wp-block-cover__image-background wp-image-10019\" alt=\"\" src=\"https:\/\/campus.univ-lyon1.fr\/champignons\/files\/2023\/12\/hygrophoropsis-aurantica_z1.jpg\" data-object-fit=\"cover\" srcset=\"https:\/\/campus.univ-lyon1.fr\/champignons\/files\/2023\/12\/hygrophoropsis-aurantica_z1.jpg 2126w, https:\/\/campus.univ-lyon1.fr\/champignons\/files\/2023\/12\/hygrophoropsis-aurantica_z1-300x200.jpg 300w, https:\/\/campus.univ-lyon1.fr\/champignons\/files\/2023\/12\/hygrophoropsis-aurantica_z1-1024x683.jpg 1024w, https:\/\/campus.univ-lyon1.fr\/champignons\/files\/2023\/12\/hygrophoropsis-aurantica_z1-768x512.jpg 768w, https:\/\/campus.univ-lyon1.fr\/champignons\/files\/2023\/12\/hygrophoropsis-aurantica_z1-1536x1024.jpg 1536w, https:\/\/campus.univ-lyon1.fr\/champignons\/files\/2023\/12\/hygrophoropsis-aurantica_z1-2048x1365.jpg 2048w, https:\/\/campus.univ-lyon1.fr\/champignons\/files\/2023\/12\/hygrophoropsis-aurantica_z1-930x620.jpg 930w\" sizes=\"(max-width: 2126px) 100vw, 2126px\" \/><div class=\"wp-block-cover__inner-container\">\n<p class=\"has-text-align-center has-large-font-size\"><\/p>\n<\/div><\/div>\n\n\n\n<div style=\"height:15px\" aria-hidden=\"true\" class=\"wp-block-spacer\"><\/div>\n\n\n\n<h2 class=\"wp-block-heading has-text-align-center\"><a href=\"https:\/\/campus.univ-lyon1.fr\/champignons\/cle-dorientation\/novice\/les-champignons-a-lames\/chair-de-structure-fibreuse-au-moins-dans-le-pied\/especes-a-lames-regulierement-fourchues-sans-lamellules\/\">Esp\u00e8ces \u00e0 lames r\u00e9guli\u00e8rement fourchues, sans lamellules<\/a><\/h2>\n<\/div>\n\n\n\n<div class=\"wp-block-column is-layout-flow\">\n<div class=\"wp-block-cover\" style=\"min-height:350px\"><span aria-hidden=\"true\" class=\"wp-block-cover__background has-neve-link-color-background-color has-background-dim-0 has-background-dim\"><\/span><img decoding=\"async\" loading=\"lazy\" width=\"2126\" height=\"1417\" class=\"wp-block-cover__image-background wp-image-10054\" alt=\"\" src=\"https:\/\/campus.univ-lyon1.fr\/champignons\/files\/2023\/12\/Lepista_nuda_z2-1.jpg\" data-object-fit=\"cover\" \/><div class=\"wp-block-cover__inner-container\">\n<p class=\"has-text-align-center has-large-font-size\"><\/p>\n<\/div><\/div>\n\n\n\n<div style=\"height:15px\" aria-hidden=\"true\" class=\"wp-block-spacer\"><\/div>\n\n\n\n<h2 class=\"wp-block-heading has-text-align-center\"><a href=\"https:\/\/campus.univ-lyon1.fr\/champignons\/cle-dorientation\/novice\/les-champignons-a-lames\/chair-de-structure-fibreuse-au-moins-dans-le-pied\/especes-a-lames-non-ou-exceptionnellement-fourchues-souvent-avec-lamellules\/\">Esp\u00e8ces \u00e0 lames non ou exceptionnellement fourchues, souvent avec lamellules<\/a><\/h2>\n<\/div>\n<\/div>\n","protected":false},"excerpt":{"rendered":"<p>2\u00e8me caract\u00e8re : L&rsquo;aspect des lames Esp\u00e8ces \u00e0 lames \u00ab\u00a0mal form\u00e9es\u00a0\u00bb, irr\u00e9guli\u00e8rement fourchues, sans lamellules Esp\u00e8ces \u00e0 lames r\u00e9guli\u00e8rement fourchues, sans lamellules Esp\u00e8ces \u00e0 lames non ou exceptionnellement fourchues, souvent avec lamellules<\/p>\n","protected":false},"author":2981,"featured_media":0,"parent":5599,"menu_order":0,"comment_status":"closed","ping_status":"closed","template":"","meta":{"neve_meta_sidebar":"","neve_meta_container":"","neve_meta_enable_content_width":"","neve_meta_content_width":0,"neve_meta_title_alignment":"","neve_meta_author_avatar":"","neve_post_elements_order":"","neve_meta_disable_header":"","neve_meta_disable_footer":"","neve_meta_disable_title":"on"},"yoast_head":"<!-- This site is optimized with the Yoast SEO plugin v21.8.1 - https:\/\/yoast.com\/wordpress\/plugins\/seo\/ -->\n<title>Chair de structure fibreuse, au moins dans le pied - Champignons Lyon 1<\/title>\n<meta name=\"robots\" content=\"index, follow, max-snippet:-1, max-image-preview:large, max-video-preview:-1\" \/>\n<link rel=\"canonical\" href=\"https:\/\/campus.univ-lyon1.fr\/champignons\/cle-dorientation\/novice\/les-champignons-a-lames\/chair-de-structure-fibreuse-au-moins-dans-le-pied\/\" \/>\n<meta property=\"og:locale\" content=\"fr_FR\" \/>\n<meta property=\"og:type\" content=\"article\" \/>\n<meta property=\"og:title\" content=\"Chair de structure fibreuse, au moins dans le pied - Champignons Lyon 1\" \/>\n<meta property=\"og:description\" content=\"2\u00e8me caract\u00e8re : L&rsquo;aspect des lames Esp\u00e8ces \u00e0 lames \u00ab\u00a0mal form\u00e9es\u00a0\u00bb, irr\u00e9guli\u00e8rement fourchues, sans lamellules Esp\u00e8ces \u00e0 lames r\u00e9guli\u00e8rement fourchues, sans lamellules Esp\u00e8ces \u00e0 lames non ou exceptionnellement fourchues, souvent avec lamellules\" \/>\n<meta property=\"og:url\" content=\"https:\/\/campus.univ-lyon1.fr\/champignons\/cle-dorientation\/novice\/les-champignons-a-lames\/chair-de-structure-fibreuse-au-moins-dans-le-pied\/\" \/>\n<meta property=\"og:site_name\" content=\"Champignons Lyon 1\" \/>\n<meta property=\"article:modified_time\" content=\"2023-12-16T17:32:11+00:00\" \/>\n<meta property=\"og:image\" content=\"https:\/\/campus.univ-lyon1.fr\/champignons\/files\/2023\/12\/DSC_4478.jpg\" \/>\n<meta name=\"twitter:card\" content=\"summary_large_image\" \/>\n<meta name=\"twitter:label1\" content=\"Dur\u00e9e de lecture estim\u00e9e\" \/>\n\t<meta name=\"twitter:data1\" content=\"1 minute\" \/>\n<script type=\"application\/ld+json\" class=\"yoast-schema-graph\">{\"@context\":\"https:\/\/schema.org\",\"@graph\":[{\"@type\":\"WebPage\",\"@id\":\"https:\/\/campus.univ-lyon1.fr\/champignons\/cle-dorientation\/novice\/les-champignons-a-lames\/chair-de-structure-fibreuse-au-moins-dans-le-pied\/\",\"url\":\"https:\/\/campus.univ-lyon1.fr\/champignons\/cle-dorientation\/novice\/les-champignons-a-lames\/chair-de-structure-fibreuse-au-moins-dans-le-pied\/\",\"name\":\"Chair de structure fibreuse, au moins dans le pied - Champignons Lyon 1\",\"isPartOf\":{\"@id\":\"https:\/\/campus.univ-lyon1.fr\/champignons\/#website\"},\"datePublished\":\"2023-11-04T14:37:23+00:00\",\"dateModified\":\"2023-12-16T17:32:11+00:00\",\"breadcrumb\":{\"@id\":\"https:\/\/campus.univ-lyon1.fr\/champignons\/cle-dorientation\/novice\/les-champignons-a-lames\/chair-de-structure-fibreuse-au-moins-dans-le-pied\/#breadcrumb\"},\"inLanguage\":\"fr-FR\",\"potentialAction\":[{\"@type\":\"ReadAction\",\"target\":[\"https:\/\/campus.univ-lyon1.fr\/champignons\/cle-dorientation\/novice\/les-champignons-a-lames\/chair-de-structure-fibreuse-au-moins-dans-le-pied\/\"]}]},{\"@type\":\"BreadcrumbList\",\"@id\":\"https:\/\/campus.univ-lyon1.fr\/champignons\/cle-dorientation\/novice\/les-champignons-a-lames\/chair-de-structure-fibreuse-au-moins-dans-le-pied\/#breadcrumb\",\"itemListElement\":[{\"@type\":\"ListItem\",\"position\":1,\"name\":\"Accueil\",\"item\":\"https:\/\/campus.univ-lyon1.fr\/champignons\/\"},{\"@type\":\"ListItem\",\"position\":2,\"name\":\"Cl\u00e9 d&rsquo;orientation\",\"item\":\"https:\/\/campus.univ-lyon1.fr\/champignons\/cle-dorientation\/\"},{\"@type\":\"ListItem\",\"position\":3,\"name\":\"Novice\",\"item\":\"https:\/\/campus.univ-lyon1.fr\/champignons\/cle-dorientation\/novice\/\"},{\"@type\":\"ListItem\",\"position\":4,\"name\":\"Les champignons \u00e0 lames\",\"item\":\"https:\/\/campus.univ-lyon1.fr\/champignons\/cle-dorientation\/novice\/les-champignons-a-lames\/\"},{\"@type\":\"ListItem\",\"position\":5,\"name\":\"Chair de structure fibreuse, au moins dans le pied\"}]},{\"@type\":\"WebSite\",\"@id\":\"https:\/\/campus.univ-lyon1.fr\/champignons\/#website\",\"url\":\"https:\/\/campus.univ-lyon1.fr\/champignons\/\",\"name\":\"Champignons Lyon 1\",\"description\":\"Bienvenue sur le site de mycologie de la facult\u00e9 de Lyon !\",\"publisher\":{\"@id\":\"https:\/\/campus.univ-lyon1.fr\/champignons\/#organization\"},\"potentialAction\":[{\"@type\":\"SearchAction\",\"target\":{\"@type\":\"EntryPoint\",\"urlTemplate\":\"https:\/\/campus.univ-lyon1.fr\/champignons\/?s={search_term_string}\"},\"query-input\":\"required name=search_term_string\"}],\"inLanguage\":\"fr-FR\"},{\"@type\":\"Organization\",\"@id\":\"https:\/\/campus.univ-lyon1.fr\/champignons\/#organization\",\"name\":\"Champignons Lyon 1\",\"url\":\"https:\/\/campus.univ-lyon1.fr\/champignons\/\",\"logo\":{\"@type\":\"ImageObject\",\"inLanguage\":\"fr-FR\",\"@id\":\"https:\/\/campus.univ-lyon1.fr\/champignons\/#\/schema\/logo\/image\/\",\"url\":\"https:\/\/campus.univ-lyon1.fr\/champignons\/files\/2023\/10\/cropped-Sans-titre-1-1-1.png\",\"contentUrl\":\"https:\/\/campus.univ-lyon1.fr\/champignons\/files\/2023\/10\/cropped-Sans-titre-1-1-1.png\",\"width\":200,\"height\":181,\"caption\":\"Champignons Lyon 1\"},\"image\":{\"@id\":\"https:\/\/campus.univ-lyon1.fr\/champignons\/#\/schema\/logo\/image\/\"}}]}<\/script>\n<!-- \/ Yoast SEO plugin. -->","yoast_head_json":{"title":"Chair de structure fibreuse, au moins dans le pied - Champignons Lyon 1","robots":{"index":"index","follow":"follow","max-snippet":"max-snippet:-1","max-image-preview":"max-image-preview:large","max-video-preview":"max-video-preview:-1"},"canonical":"https:\/\/campus.univ-lyon1.fr\/champignons\/cle-dorientation\/novice\/les-champignons-a-lames\/chair-de-structure-fibreuse-au-moins-dans-le-pied\/","og_locale":"fr_FR","og_type":"article","og_title":"Chair de structure fibreuse, au moins dans le pied - Champignons Lyon 1","og_description":"2\u00e8me caract\u00e8re : L&rsquo;aspect des lames Esp\u00e8ces \u00e0 lames \u00ab\u00a0mal form\u00e9es\u00a0\u00bb, irr\u00e9guli\u00e8rement fourchues, sans lamellules Esp\u00e8ces \u00e0 lames r\u00e9guli\u00e8rement fourchues, sans lamellules Esp\u00e8ces \u00e0 lames non ou exceptionnellement fourchues, souvent avec lamellules","og_url":"https:\/\/campus.univ-lyon1.fr\/champignons\/cle-dorientation\/novice\/les-champignons-a-lames\/chair-de-structure-fibreuse-au-moins-dans-le-pied\/","og_site_name":"Champignons Lyon 1","article_modified_time":"2023-12-16T17:32:11+00:00","og_image":[{"url":"https:\/\/campus.univ-lyon1.fr\/champignons\/files\/2023\/12\/DSC_4478.jpg"}],"twitter_card":"summary_large_image","twitter_misc":{"Dur\u00e9e de lecture estim\u00e9e":"1 minute"},"schema":{"@context":"https:\/\/schema.org","@graph":[{"@type":"WebPage","@id":"https:\/\/campus.univ-lyon1.fr\/champignons\/cle-dorientation\/novice\/les-champignons-a-lames\/chair-de-structure-fibreuse-au-moins-dans-le-pied\/","url":"https:\/\/campus.univ-lyon1.fr\/champignons\/cle-dorientation\/novice\/les-champignons-a-lames\/chair-de-structure-fibreuse-au-moins-dans-le-pied\/","name":"Chair de structure fibreuse, au moins dans le pied - Champignons Lyon 1","isPartOf":{"@id":"https:\/\/campus.univ-lyon1.fr\/champignons\/#website"},"datePublished":"2023-11-04T14:37:23+00:00","dateModified":"2023-12-16T17:32:11+00:00","breadcrumb":{"@id":"https:\/\/campus.univ-lyon1.fr\/champignons\/cle-dorientation\/novice\/les-champignons-a-lames\/chair-de-structure-fibreuse-au-moins-dans-le-pied\/#breadcrumb"},"inLanguage":"fr-FR","potentialAction":[{"@type":"ReadAction","target":["https:\/\/campus.univ-lyon1.fr\/champignons\/cle-dorientation\/novice\/les-champignons-a-lames\/chair-de-structure-fibreuse-au-moins-dans-le-pied\/"]}]},{"@type":"BreadcrumbList","@id":"https:\/\/campus.univ-lyon1.fr\/champignons\/cle-dorientation\/novice\/les-champignons-a-lames\/chair-de-structure-fibreuse-au-moins-dans-le-pied\/#breadcrumb","itemListElement":[{"@type":"ListItem","position":1,"name":"Accueil","item":"https:\/\/campus.univ-lyon1.fr\/champignons\/"},{"@type":"ListItem","position":2,"name":"Cl\u00e9 d&rsquo;orientation","item":"https:\/\/campus.univ-lyon1.fr\/champignons\/cle-dorientation\/"},{"@type":"ListItem","position":3,"name":"Novice","item":"https:\/\/campus.univ-lyon1.fr\/champignons\/cle-dorientation\/novice\/"},{"@type":"ListItem","position":4,"name":"Les champignons \u00e0 lames","item":"https:\/\/campus.univ-lyon1.fr\/champignons\/cle-dorientation\/novice\/les-champignons-a-lames\/"},{"@type":"ListItem","position":5,"name":"Chair de structure fibreuse, au moins dans le pied"}]},{"@type":"WebSite","@id":"https:\/\/campus.univ-lyon1.fr\/champignons\/#website","url":"https:\/\/campus.univ-lyon1.fr\/champignons\/","name":"Champignons Lyon 1","description":"Bienvenue sur le site de mycologie de la facult\u00e9 de Lyon !","publisher":{"@id":"https:\/\/campus.univ-lyon1.fr\/champignons\/#organization"},"potentialAction":[{"@type":"SearchAction","target":{"@type":"EntryPoint","urlTemplate":"https:\/\/campus.univ-lyon1.fr\/champignons\/?s={search_term_string}"},"query-input":"required name=search_term_string"}],"inLanguage":"fr-FR"},{"@type":"Organization","@id":"https:\/\/campus.univ-lyon1.fr\/champignons\/#organization","name":"Champignons Lyon 1","url":"https:\/\/campus.univ-lyon1.fr\/champignons\/","logo":{"@type":"ImageObject","inLanguage":"fr-FR","@id":"https:\/\/campus.univ-lyon1.fr\/champignons\/#\/schema\/logo\/image\/","url":"https:\/\/campus.univ-lyon1.fr\/champignons\/files\/2023\/10\/cropped-Sans-titre-1-1-1.png","contentUrl":"https:\/\/campus.univ-lyon1.fr\/champignons\/files\/2023\/10\/cropped-Sans-titre-1-1-1.png","width":200,"height":181,"caption":"Champignons Lyon 1"},"image":{"@id":"https:\/\/campus.univ-lyon1.fr\/champignons\/#\/schema\/logo\/image\/"}}]}},"_links":{"self":[{"href":"https:\/\/campus.univ-lyon1.fr\/champignons\/wp-json\/wp\/v2\/pages\/5620"}],"collection":[{"href":"https:\/\/campus.univ-lyon1.fr\/champignons\/wp-json\/wp\/v2\/pages"}],"about":[{"href":"https:\/\/campus.univ-lyon1.fr\/champignons\/wp-json\/wp\/v2\/types\/page"}],"author":[{"embeddable":true,"href":"https:\/\/campus.univ-lyon1.fr\/champignons\/wp-json\/wp\/v2\/users\/2981"}],"replies":[{"embeddable":true,"href":"https:\/\/campus.univ-lyon1.fr\/champignons\/wp-json\/wp\/v2\/comments?post=5620"}],"version-history":[{"count":5,"href":"https:\/\/campus.univ-lyon1.fr\/champignons\/wp-json\/wp\/v2\/pages\/5620\/revisions"}],"predecessor-version":[{"id":10263,"href":"https:\/\/campus.univ-lyon1.fr\/champignons\/wp-json\/wp\/v2\/pages\/5620\/revisions\/10263"}],"up":[{"embeddable":true,"href":"https:\/\/campus.univ-lyon1.fr\/champignons\/wp-json\/wp\/v2\/pages\/5599"}],"wp:attachment":[{"href":"https:\/\/campus.univ-lyon1.fr\/champignons\/wp-json\/wp\/v2\/media?parent=5620"}],"curies":[{"name":"wp","href":"https:\/\/api.w.org\/{rel}","templated":true}]}}