{"id":5578,"date":"2023-11-03T17:18:27","date_gmt":"2023-11-03T16:18:27","guid":{"rendered":"https:\/\/campus.univ-lyon1.fr\/champignons\/?page_id=5578"},"modified":"2023-12-16T17:32:05","modified_gmt":"2023-12-16T16:32:05","slug":"pas-ces-caracteres-particuliers","status":"publish","type":"page","link":"https:\/\/campus.univ-lyon1.fr\/champignons\/cle-dorientation\/novice\/champignons-en-massue-ou-en-corail\/especes-ramifiees\/especes-cassantes-fragiles-ou-charnues\/pas-ces-caracteres-particuliers\/","title":{"rendered":"Pas ces caract\u00e8res particuliers"},"content":{"rendered":"\n<div style=\"height:50px\" aria-hidden=\"true\" class=\"wp-block-spacer\"><\/div>\n\n\n\n<h2 class=\"wp-block-heading has-text-align-center\">Champignons en massue ou en corail<\/h2>\n\n\n<div class=\"yoast-breadcrumbs\"><span><span><a href=\"https:\/\/campus.univ-lyon1.fr\/champignons\/\">Accueil<\/a><\/span> \u00bb <span><a href=\"https:\/\/campus.univ-lyon1.fr\/champignons\/cle-dorientation\/\">Cl\u00e9 d&rsquo;orientation<\/a><\/span> \u00bb <span><a href=\"https:\/\/campus.univ-lyon1.fr\/champignons\/cle-dorientation\/novice\/\">Novice<\/a><\/span> \u00bb <span><a href=\"https:\/\/campus.univ-lyon1.fr\/champignons\/cle-dorientation\/novice\/champignons-en-massue-ou-en-corail\/\">Champignons en massue ou en corail<\/a><\/span> \u00bb <span><a href=\"https:\/\/campus.univ-lyon1.fr\/champignons\/cle-dorientation\/novice\/champignons-en-massue-ou-en-corail\/especes-ramifiees\/\">Esp\u00e8ces ramifi\u00e9es<\/a><\/span> \u00bb <span><a href=\"https:\/\/campus.univ-lyon1.fr\/champignons\/cle-dorientation\/novice\/champignons-en-massue-ou-en-corail\/especes-ramifiees\/especes-cassantes-fragiles-ou-charnues\/\">Esp\u00e8ces cassantes, fragiles ou charnues<\/a><\/span> \u00bb <span class=\"breadcrumb_last\" aria-current=\"page\"><strong>Pas ces caract\u00e8res particuliers<\/strong><\/span><\/span><\/div>\n\n\n<div style=\"height:50px\" aria-hidden=\"true\" class=\"wp-block-spacer\"><\/div>\n\n\n\n<div class=\"wp-block-columns is-layout-flex wp-container-4\">\n<div class=\"wp-block-column is-layout-flow\">\n<div class=\"wp-block-cover\" style=\"min-height:350px\"><span aria-hidden=\"true\" class=\"wp-block-cover__background has-neve-link-color-background-color has-background-dim-100 has-background-dim\"><\/span><div class=\"wp-block-cover__inner-container\">\n<p class=\"has-text-align-center has-large-font-size\"><\/p>\n<\/div><\/div>\n\n\n\n<div style=\"height:15px\" aria-hidden=\"true\" class=\"wp-block-spacer\"><\/div>\n\n\n\n<h2 class=\"wp-block-heading has-text-align-center\"><a href=\"https:\/\/campus.univ-lyon1.fr\/champignons\/cle-dorientation\/novice\/champignons-en-massue-ou-en-corail\/especes-ramifiees\/especes-cassantes-fragiles-ou-charnues\/pas-ces-caracteres-particuliers\/couleurs-jaunes-vifs-especes-greles-et-fragiles\/\">Couleurs jaunes vifs, esp\u00e8ces gr\u00eales et fragiles<\/a><\/h2>\n<\/div>\n\n\n\n<div class=\"wp-block-column is-layout-flow\">\n<div class=\"wp-block-cover\" style=\"min-height:350px\"><span aria-hidden=\"true\" class=\"wp-block-cover__background has-neve-link-color-background-color has-background-dim-0 has-background-dim\"><\/span><img decoding=\"async\" loading=\"lazy\" width=\"2126\" height=\"1417\" class=\"wp-block-cover__image-background wp-image-10672\" alt=\"\" src=\"https:\/\/campus.univ-lyon1.fr\/champignons\/files\/2023\/12\/ramaria-sp_z1-1.jpg\" data-object-fit=\"cover\" \/><div class=\"wp-block-cover__inner-container\">\n<p class=\"has-text-align-center has-large-font-size\"><\/p>\n<\/div><\/div>\n\n\n\n<div style=\"height:15px\" aria-hidden=\"true\" class=\"wp-block-spacer\"><\/div>\n\n\n\n<h2 class=\"wp-block-heading has-text-align-center\"><a href=\"https:\/\/campus.univ-lyon1.fr\/champignons\/cle-dorientation\/novice\/champignons-en-massue-ou-en-corail\/especes-ramifiees\/especes-cassantes-fragiles-ou-charnues\/pas-ces-caracteres-particuliers\/couleurs-blanchatres-jaunes-orangees-rosees-ou-brunes-souvent-grandes-et-charnues\/\">Couleurs blanch\u00e2tres, jaunes, orang\u00e9es, ros\u00e9es ou brunes, souvent grandes et charnues<\/a><\/h2>\n<\/div>\n\n\n\n<div class=\"wp-block-column is-layout-flow\">\n<div class=\"wp-block-cover\" style=\"min-height:350px\"><span aria-hidden=\"true\" class=\"wp-block-cover__background has-neve-link-color-background-color has-background-dim-100 has-background-dim\"><\/span><div class=\"wp-block-cover__inner-container\">\n<p class=\"has-text-align-center has-large-font-size\"><\/p>\n<\/div><\/div>\n\n\n\n<div style=\"height:15px\" aria-hidden=\"true\" class=\"wp-block-spacer\"><\/div>\n\n\n\n<h2 class=\"wp-block-heading has-text-align-center\"><a href=\"https:\/\/campus.univ-lyon1.fr\/champignons\/cle-dorientation\/novice\/champignons-en-massue-ou-en-corail\/especes-ramifiees\/especes-cassantes-fragiles-ou-charnues\/pas-ces-caracteres-particuliers\/couleurs-blanches-a-gris-violete-extremites-des-rameaux-poilues-ou-obtuses-lobees\/\">Couleurs blanches \u00e0 gris violet\u00e9, extr\u00e9mit\u00e9s des rameaux poilues ou obtuses-lob\u00e9es<\/a><\/h2>\n<\/div>\n<\/div>\n","protected":false},"excerpt":{"rendered":"<p>Champignons en massue ou en corail Couleurs jaunes vifs, esp\u00e8ces gr\u00eales et fragiles Couleurs blanch\u00e2tres, jaunes, orang\u00e9es, ros\u00e9es ou brunes, souvent grandes et charnues Couleurs blanches \u00e0 gris violet\u00e9, extr\u00e9mit\u00e9s des rameaux poilues ou obtuses-lob\u00e9es<\/p>\n","protected":false},"author":2981,"featured_media":0,"parent":5569,"menu_order":0,"comment_status":"closed","ping_status":"closed","template":"","meta":{"neve_meta_sidebar":"","neve_meta_container":"","neve_meta_enable_content_width":"","neve_meta_content_width":0,"neve_meta_title_alignment":"","neve_meta_author_avatar":"","neve_post_elements_order":"","neve_meta_disable_header":"","neve_meta_disable_footer":"","neve_meta_disable_title":"on"},"yoast_head":"<!-- This site is optimized with the Yoast SEO plugin v21.8.1 - https:\/\/yoast.com\/wordpress\/plugins\/seo\/ -->\n<title>Pas ces caract\u00e8res particuliers - Champignons Lyon 1<\/title>\n<meta name=\"robots\" content=\"index, follow, max-snippet:-1, max-image-preview:large, max-video-preview:-1\" \/>\n<link rel=\"canonical\" href=\"https:\/\/campus.univ-lyon1.fr\/champignons\/cle-dorientation\/novice\/champignons-en-massue-ou-en-corail\/especes-ramifiees\/especes-cassantes-fragiles-ou-charnues\/pas-ces-caracteres-particuliers\/\" \/>\n<meta property=\"og:locale\" content=\"fr_FR\" \/>\n<meta property=\"og:type\" content=\"article\" \/>\n<meta property=\"og:title\" content=\"Pas ces caract\u00e8res particuliers - Champignons Lyon 1\" \/>\n<meta property=\"og:description\" content=\"Champignons en massue ou en corail Couleurs jaunes vifs, esp\u00e8ces gr\u00eales et fragiles Couleurs blanch\u00e2tres, jaunes, orang\u00e9es, ros\u00e9es ou brunes, souvent grandes et charnues Couleurs blanches \u00e0 gris violet\u00e9, extr\u00e9mit\u00e9s des rameaux poilues ou obtuses-lob\u00e9es\" \/>\n<meta property=\"og:url\" content=\"https:\/\/campus.univ-lyon1.fr\/champignons\/cle-dorientation\/novice\/champignons-en-massue-ou-en-corail\/especes-ramifiees\/especes-cassantes-fragiles-ou-charnues\/pas-ces-caracteres-particuliers\/\" \/>\n<meta property=\"og:site_name\" content=\"Champignons Lyon 1\" \/>\n<meta property=\"article:modified_time\" content=\"2023-12-16T16:32:05+00:00\" \/>\n<meta property=\"og:image\" content=\"https:\/\/campus.univ-lyon1.fr\/champignons\/files\/2023\/12\/ramaria-sp_z1-1.jpg\" \/>\n<meta name=\"twitter:card\" content=\"summary_large_image\" \/>\n<meta name=\"twitter:label1\" content=\"Dur\u00e9e de lecture estim\u00e9e\" \/>\n\t<meta name=\"twitter:data1\" content=\"1 minute\" \/>\n<script type=\"application\/ld+json\" class=\"yoast-schema-graph\">{\"@context\":\"https:\/\/schema.org\",\"@graph\":[{\"@type\":\"WebPage\",\"@id\":\"https:\/\/campus.univ-lyon1.fr\/champignons\/cle-dorientation\/novice\/champignons-en-massue-ou-en-corail\/especes-ramifiees\/especes-cassantes-fragiles-ou-charnues\/pas-ces-caracteres-particuliers\/\",\"url\":\"https:\/\/campus.univ-lyon1.fr\/champignons\/cle-dorientation\/novice\/champignons-en-massue-ou-en-corail\/especes-ramifiees\/especes-cassantes-fragiles-ou-charnues\/pas-ces-caracteres-particuliers\/\",\"name\":\"Pas ces caract\u00e8res particuliers - Champignons Lyon 1\",\"isPartOf\":{\"@id\":\"https:\/\/campus.univ-lyon1.fr\/champignons\/#website\"},\"datePublished\":\"2023-11-03T16:18:27+00:00\",\"dateModified\":\"2023-12-16T16:32:05+00:00\",\"breadcrumb\":{\"@id\":\"https:\/\/campus.univ-lyon1.fr\/champignons\/cle-dorientation\/novice\/champignons-en-massue-ou-en-corail\/especes-ramifiees\/especes-cassantes-fragiles-ou-charnues\/pas-ces-caracteres-particuliers\/#breadcrumb\"},\"inLanguage\":\"fr-FR\",\"potentialAction\":[{\"@type\":\"ReadAction\",\"target\":[\"https:\/\/campus.univ-lyon1.fr\/champignons\/cle-dorientation\/novice\/champignons-en-massue-ou-en-corail\/especes-ramifiees\/especes-cassantes-fragiles-ou-charnues\/pas-ces-caracteres-particuliers\/\"]}]},{\"@type\":\"BreadcrumbList\",\"@id\":\"https:\/\/campus.univ-lyon1.fr\/champignons\/cle-dorientation\/novice\/champignons-en-massue-ou-en-corail\/especes-ramifiees\/especes-cassantes-fragiles-ou-charnues\/pas-ces-caracteres-particuliers\/#breadcrumb\",\"itemListElement\":[{\"@type\":\"ListItem\",\"position\":1,\"name\":\"Accueil\",\"item\":\"https:\/\/campus.univ-lyon1.fr\/champignons\/\"},{\"@type\":\"ListItem\",\"position\":2,\"name\":\"Cl\u00e9 d&rsquo;orientation\",\"item\":\"https:\/\/campus.univ-lyon1.fr\/champignons\/cle-dorientation\/\"},{\"@type\":\"ListItem\",\"position\":3,\"name\":\"Novice\",\"item\":\"https:\/\/campus.univ-lyon1.fr\/champignons\/cle-dorientation\/novice\/\"},{\"@type\":\"ListItem\",\"position\":4,\"name\":\"Champignons en massue ou en corail\",\"item\":\"https:\/\/campus.univ-lyon1.fr\/champignons\/cle-dorientation\/novice\/champignons-en-massue-ou-en-corail\/\"},{\"@type\":\"ListItem\",\"position\":5,\"name\":\"Esp\u00e8ces ramifi\u00e9es\",\"item\":\"https:\/\/campus.univ-lyon1.fr\/champignons\/cle-dorientation\/novice\/champignons-en-massue-ou-en-corail\/especes-ramifiees\/\"},{\"@type\":\"ListItem\",\"position\":6,\"name\":\"Esp\u00e8ces cassantes, fragiles ou charnues\",\"item\":\"https:\/\/campus.univ-lyon1.fr\/champignons\/cle-dorientation\/novice\/champignons-en-massue-ou-en-corail\/especes-ramifiees\/especes-cassantes-fragiles-ou-charnues\/\"},{\"@type\":\"ListItem\",\"position\":7,\"name\":\"Pas ces caract\u00e8res particuliers\"}]},{\"@type\":\"WebSite\",\"@id\":\"https:\/\/campus.univ-lyon1.fr\/champignons\/#website\",\"url\":\"https:\/\/campus.univ-lyon1.fr\/champignons\/\",\"name\":\"Champignons Lyon 1\",\"description\":\"Bienvenue sur le site de mycologie de la facult\u00e9 de Lyon !\",\"publisher\":{\"@id\":\"https:\/\/campus.univ-lyon1.fr\/champignons\/#organization\"},\"potentialAction\":[{\"@type\":\"SearchAction\",\"target\":{\"@type\":\"EntryPoint\",\"urlTemplate\":\"https:\/\/campus.univ-lyon1.fr\/champignons\/?s={search_term_string}\"},\"query-input\":\"required name=search_term_string\"}],\"inLanguage\":\"fr-FR\"},{\"@type\":\"Organization\",\"@id\":\"https:\/\/campus.univ-lyon1.fr\/champignons\/#organization\",\"name\":\"Champignons Lyon 1\",\"url\":\"https:\/\/campus.univ-lyon1.fr\/champignons\/\",\"logo\":{\"@type\":\"ImageObject\",\"inLanguage\":\"fr-FR\",\"@id\":\"https:\/\/campus.univ-lyon1.fr\/champignons\/#\/schema\/logo\/image\/\",\"url\":\"https:\/\/campus.univ-lyon1.fr\/champignons\/files\/2023\/10\/cropped-Sans-titre-1-1-1.png\",\"contentUrl\":\"https:\/\/campus.univ-lyon1.fr\/champignons\/files\/2023\/10\/cropped-Sans-titre-1-1-1.png\",\"width\":200,\"height\":181,\"caption\":\"Champignons Lyon 1\"},\"image\":{\"@id\":\"https:\/\/campus.univ-lyon1.fr\/champignons\/#\/schema\/logo\/image\/\"}}]}<\/script>\n<!-- \/ Yoast SEO plugin. -->","yoast_head_json":{"title":"Pas ces caract\u00e8res particuliers - Champignons Lyon 1","robots":{"index":"index","follow":"follow","max-snippet":"max-snippet:-1","max-image-preview":"max-image-preview:large","max-video-preview":"max-video-preview:-1"},"canonical":"https:\/\/campus.univ-lyon1.fr\/champignons\/cle-dorientation\/novice\/champignons-en-massue-ou-en-corail\/especes-ramifiees\/especes-cassantes-fragiles-ou-charnues\/pas-ces-caracteres-particuliers\/","og_locale":"fr_FR","og_type":"article","og_title":"Pas ces caract\u00e8res particuliers - Champignons Lyon 1","og_description":"Champignons en massue ou en corail Couleurs jaunes vifs, esp\u00e8ces gr\u00eales et fragiles Couleurs blanch\u00e2tres, jaunes, orang\u00e9es, ros\u00e9es ou brunes, souvent grandes et charnues Couleurs blanches \u00e0 gris violet\u00e9, extr\u00e9mit\u00e9s des rameaux poilues ou obtuses-lob\u00e9es","og_url":"https:\/\/campus.univ-lyon1.fr\/champignons\/cle-dorientation\/novice\/champignons-en-massue-ou-en-corail\/especes-ramifiees\/especes-cassantes-fragiles-ou-charnues\/pas-ces-caracteres-particuliers\/","og_site_name":"Champignons Lyon 1","article_modified_time":"2023-12-16T16:32:05+00:00","og_image":[{"url":"https:\/\/campus.univ-lyon1.fr\/champignons\/files\/2023\/12\/ramaria-sp_z1-1.jpg"}],"twitter_card":"summary_large_image","twitter_misc":{"Dur\u00e9e de lecture estim\u00e9e":"1 minute"},"schema":{"@context":"https:\/\/schema.org","@graph":[{"@type":"WebPage","@id":"https:\/\/campus.univ-lyon1.fr\/champignons\/cle-dorientation\/novice\/champignons-en-massue-ou-en-corail\/especes-ramifiees\/especes-cassantes-fragiles-ou-charnues\/pas-ces-caracteres-particuliers\/","url":"https:\/\/campus.univ-lyon1.fr\/champignons\/cle-dorientation\/novice\/champignons-en-massue-ou-en-corail\/especes-ramifiees\/especes-cassantes-fragiles-ou-charnues\/pas-ces-caracteres-particuliers\/","name":"Pas ces caract\u00e8res particuliers - Champignons Lyon 1","isPartOf":{"@id":"https:\/\/campus.univ-lyon1.fr\/champignons\/#website"},"datePublished":"2023-11-03T16:18:27+00:00","dateModified":"2023-12-16T16:32:05+00:00","breadcrumb":{"@id":"https:\/\/campus.univ-lyon1.fr\/champignons\/cle-dorientation\/novice\/champignons-en-massue-ou-en-corail\/especes-ramifiees\/especes-cassantes-fragiles-ou-charnues\/pas-ces-caracteres-particuliers\/#breadcrumb"},"inLanguage":"fr-FR","potentialAction":[{"@type":"ReadAction","target":["https:\/\/campus.univ-lyon1.fr\/champignons\/cle-dorientation\/novice\/champignons-en-massue-ou-en-corail\/especes-ramifiees\/especes-cassantes-fragiles-ou-charnues\/pas-ces-caracteres-particuliers\/"]}]},{"@type":"BreadcrumbList","@id":"https:\/\/campus.univ-lyon1.fr\/champignons\/cle-dorientation\/novice\/champignons-en-massue-ou-en-corail\/especes-ramifiees\/especes-cassantes-fragiles-ou-charnues\/pas-ces-caracteres-particuliers\/#breadcrumb","itemListElement":[{"@type":"ListItem","position":1,"name":"Accueil","item":"https:\/\/campus.univ-lyon1.fr\/champignons\/"},{"@type":"ListItem","position":2,"name":"Cl\u00e9 d&rsquo;orientation","item":"https:\/\/campus.univ-lyon1.fr\/champignons\/cle-dorientation\/"},{"@type":"ListItem","position":3,"name":"Novice","item":"https:\/\/campus.univ-lyon1.fr\/champignons\/cle-dorientation\/novice\/"},{"@type":"ListItem","position":4,"name":"Champignons en massue ou en corail","item":"https:\/\/campus.univ-lyon1.fr\/champignons\/cle-dorientation\/novice\/champignons-en-massue-ou-en-corail\/"},{"@type":"ListItem","position":5,"name":"Esp\u00e8ces ramifi\u00e9es","item":"https:\/\/campus.univ-lyon1.fr\/champignons\/cle-dorientation\/novice\/champignons-en-massue-ou-en-corail\/especes-ramifiees\/"},{"@type":"ListItem","position":6,"name":"Esp\u00e8ces cassantes, fragiles ou charnues","item":"https:\/\/campus.univ-lyon1.fr\/champignons\/cle-dorientation\/novice\/champignons-en-massue-ou-en-corail\/especes-ramifiees\/especes-cassantes-fragiles-ou-charnues\/"},{"@type":"ListItem","position":7,"name":"Pas ces caract\u00e8res particuliers"}]},{"@type":"WebSite","@id":"https:\/\/campus.univ-lyon1.fr\/champignons\/#website","url":"https:\/\/campus.univ-lyon1.fr\/champignons\/","name":"Champignons Lyon 1","description":"Bienvenue sur le site de mycologie de la facult\u00e9 de Lyon !","publisher":{"@id":"https:\/\/campus.univ-lyon1.fr\/champignons\/#organization"},"potentialAction":[{"@type":"SearchAction","target":{"@type":"EntryPoint","urlTemplate":"https:\/\/campus.univ-lyon1.fr\/champignons\/?s={search_term_string}"},"query-input":"required name=search_term_string"}],"inLanguage":"fr-FR"},{"@type":"Organization","@id":"https:\/\/campus.univ-lyon1.fr\/champignons\/#organization","name":"Champignons Lyon 1","url":"https:\/\/campus.univ-lyon1.fr\/champignons\/","logo":{"@type":"ImageObject","inLanguage":"fr-FR","@id":"https:\/\/campus.univ-lyon1.fr\/champignons\/#\/schema\/logo\/image\/","url":"https:\/\/campus.univ-lyon1.fr\/champignons\/files\/2023\/10\/cropped-Sans-titre-1-1-1.png","contentUrl":"https:\/\/campus.univ-lyon1.fr\/champignons\/files\/2023\/10\/cropped-Sans-titre-1-1-1.png","width":200,"height":181,"caption":"Champignons Lyon 1"},"image":{"@id":"https:\/\/campus.univ-lyon1.fr\/champignons\/#\/schema\/logo\/image\/"}}]}},"_links":{"self":[{"href":"https:\/\/campus.univ-lyon1.fr\/champignons\/wp-json\/wp\/v2\/pages\/5578"}],"collection":[{"href":"https:\/\/campus.univ-lyon1.fr\/champignons\/wp-json\/wp\/v2\/pages"}],"about":[{"href":"https:\/\/campus.univ-lyon1.fr\/champignons\/wp-json\/wp\/v2\/types\/page"}],"author":[{"embeddable":true,"href":"https:\/\/campus.univ-lyon1.fr\/champignons\/wp-json\/wp\/v2\/users\/2981"}],"replies":[{"embeddable":true,"href":"https:\/\/campus.univ-lyon1.fr\/champignons\/wp-json\/wp\/v2\/comments?post=5578"}],"version-history":[{"count":4,"href":"https:\/\/campus.univ-lyon1.fr\/champignons\/wp-json\/wp\/v2\/pages\/5578\/revisions"}],"predecessor-version":[{"id":10682,"href":"https:\/\/campus.univ-lyon1.fr\/champignons\/wp-json\/wp\/v2\/pages\/5578\/revisions\/10682"}],"up":[{"embeddable":true,"href":"https:\/\/campus.univ-lyon1.fr\/champignons\/wp-json\/wp\/v2\/pages\/5569"}],"wp:attachment":[{"href":"https:\/\/campus.univ-lyon1.fr\/champignons\/wp-json\/wp\/v2\/media?parent=5578"}],"curies":[{"name":"wp","href":"https:\/\/api.w.org\/{rel}","templated":true}]}}