{"id":5192,"date":"2023-10-16T17:17:17","date_gmt":"2023-10-16T15:17:17","guid":{"rendered":"https:\/\/campus.univ-lyon1.fr\/champignons\/?page_id=5192"},"modified":"2023-12-16T17:19:10","modified_gmt":"2023-12-16T16:19:10","slug":"blanchatre-sans-granules","status":"publish","type":"page","link":"https:\/\/campus.univ-lyon1.fr\/champignons\/cle-dorientation\/novice\/champignons-gelatineux\/formes-plus-simples-globuleuses-boursouflees-ou-en-cone-renverse\/plus-gros-1cm-non-jaune-ni-orange\/couleurs-pales-ou-claires\/blanchatre-sans-granules\/","title":{"rendered":"Blanch\u00e2tre, sans granules"},"content":{"rendered":"\n<div style=\"height:50px\" aria-hidden=\"true\" class=\"wp-block-spacer\"><\/div>\n\n\n\n<h2 class=\"wp-block-heading has-text-align-center\">Les Bulgaries<\/h2>\n\n\n<div class=\"yoast-breadcrumbs\"><span><span><a href=\"https:\/\/campus.univ-lyon1.fr\/champignons\/\">Accueil<\/a><\/span> \u00bb <span><a href=\"https:\/\/campus.univ-lyon1.fr\/champignons\/cle-dorientation\/\">Cl\u00e9 d&rsquo;orientation<\/a><\/span> \u00bb <span><a href=\"https:\/\/campus.univ-lyon1.fr\/champignons\/cle-dorientation\/novice\/\">Novice<\/a><\/span> \u00bb <span><a href=\"https:\/\/campus.univ-lyon1.fr\/champignons\/cle-dorientation\/novice\/champignons-gelatineux\/\">Champignons g\u00e9latineux<\/a><\/span> \u00bb <span><a href=\"https:\/\/campus.univ-lyon1.fr\/champignons\/cle-dorientation\/novice\/champignons-gelatineux\/formes-plus-simples-globuleuses-boursouflees-ou-en-cone-renverse\/\">Formes plus simples, globuleuses, boursoufl\u00e9es ou en c\u00f4ne renvers\u00e9<\/a><\/span> \u00bb <span><a href=\"https:\/\/campus.univ-lyon1.fr\/champignons\/cle-dorientation\/novice\/champignons-gelatineux\/formes-plus-simples-globuleuses-boursouflees-ou-en-cone-renverse\/plus-gros-1cm-non-jaune-ni-orange\/\">Plus gros (&gt; 1cm), non jaune ni orang\u00e9<\/a><\/span> \u00bb <span><a href=\"https:\/\/campus.univ-lyon1.fr\/champignons\/cle-dorientation\/novice\/champignons-gelatineux\/formes-plus-simples-globuleuses-boursouflees-ou-en-cone-renverse\/plus-gros-1cm-non-jaune-ni-orange\/couleurs-pales-ou-claires\/\">Couleurs p\u00e2les ou claires<\/a><\/span> \u00bb <span class=\"breadcrumb_last\" aria-current=\"page\"><strong>Blanch\u00e2tre, sans granules<\/strong><\/span><\/span><\/div>\n\n\n<div style=\"height:25px\" aria-hidden=\"true\" class=\"wp-block-spacer\"><\/div>\n\n\n\n<h2 class=\"wp-block-heading\">Il semblerait que vous ayez ramass\u00e9 le genre&#8230;<\/h2>\n\n\n\n<div class=\"wp-block-cover is-light\"><span aria-hidden=\"true\" class=\"wp-block-cover__background has-nv-text-dark-bg-background-color has-background-dim-10 has-background-dim\"><\/span><img decoding=\"async\" loading=\"lazy\" width=\"2126\" height=\"1417\" class=\"wp-block-cover__image-background wp-image-9113\" alt=\"\" src=\"https:\/\/campus.univ-lyon1.fr\/champignons\/files\/2023\/12\/Neobulgaria-pura_z1.jpg\" data-object-fit=\"cover\" srcset=\"https:\/\/campus.univ-lyon1.fr\/champignons\/files\/2023\/12\/Neobulgaria-pura_z1.jpg 2126w, https:\/\/campus.univ-lyon1.fr\/champignons\/files\/2023\/12\/Neobulgaria-pura_z1-300x200.jpg 300w, https:\/\/campus.univ-lyon1.fr\/champignons\/files\/2023\/12\/Neobulgaria-pura_z1-1024x683.jpg 1024w, https:\/\/campus.univ-lyon1.fr\/champignons\/files\/2023\/12\/Neobulgaria-pura_z1-768x512.jpg 768w, https:\/\/campus.univ-lyon1.fr\/champignons\/files\/2023\/12\/Neobulgaria-pura_z1-1536x1024.jpg 1536w, https:\/\/campus.univ-lyon1.fr\/champignons\/files\/2023\/12\/Neobulgaria-pura_z1-2048x1365.jpg 2048w, https:\/\/campus.univ-lyon1.fr\/champignons\/files\/2023\/12\/Neobulgaria-pura_z1-930x620.jpg 930w\" sizes=\"(max-width: 2126px) 100vw, 2126px\" \/><div class=\"wp-block-cover__inner-container\">\n<p class=\"has-text-align-center has-large-font-size\"><a href=\"https:\/\/campus.univ-lyon1.fr\/champignons\/genre\/neobulgaria\/\">Neobulgaria<\/a><\/p>\n<\/div><\/div>\n\n\n\n<div style=\"height:25px\" aria-hidden=\"true\" class=\"wp-block-spacer\"><\/div>\n\n\n\n<p class=\"has-text-align-center has-nv-c-2-color has-text-color\"><em>Le contenu de cette cl\u00e9 n&rsquo;est pas exhaustif et ne permettra pas forc\u00e9ment l&rsquo;identification assur\u00e9e du genre.<\/em><\/p>\n","protected":false},"excerpt":{"rendered":"<p>Les Bulgaries Il semblerait que vous ayez ramass\u00e9 le genre&#8230; Le contenu de cette cl\u00e9 n&rsquo;est pas exhaustif et ne permettra pas forc\u00e9ment l&rsquo;identification assur\u00e9e du genre.<\/p>\n","protected":false},"author":2981,"featured_media":0,"parent":5179,"menu_order":0,"comment_status":"closed","ping_status":"closed","template":"","meta":{"neve_meta_sidebar":"","neve_meta_container":"","neve_meta_enable_content_width":"","neve_meta_content_width":0,"neve_meta_title_alignment":"","neve_meta_author_avatar":"","neve_post_elements_order":"","neve_meta_disable_header":"","neve_meta_disable_footer":"","neve_meta_disable_title":"on"},"yoast_head":"<!-- This site is optimized with the Yoast SEO plugin v21.8.1 - https:\/\/yoast.com\/wordpress\/plugins\/seo\/ -->\n<title>Blanch\u00e2tre, sans granules - Champignons Lyon 1<\/title>\n<meta name=\"robots\" content=\"index, follow, max-snippet:-1, max-image-preview:large, max-video-preview:-1\" \/>\n<link rel=\"canonical\" href=\"https:\/\/campus.univ-lyon1.fr\/champignons\/cle-dorientation\/novice\/champignons-gelatineux\/formes-plus-simples-globuleuses-boursouflees-ou-en-cone-renverse\/plus-gros-1cm-non-jaune-ni-orange\/couleurs-pales-ou-claires\/blanchatre-sans-granules\/\" \/>\n<meta property=\"og:locale\" content=\"fr_FR\" \/>\n<meta property=\"og:type\" content=\"article\" \/>\n<meta property=\"og:title\" content=\"Blanch\u00e2tre, sans granules - Champignons Lyon 1\" \/>\n<meta property=\"og:description\" content=\"Les Bulgaries Il semblerait que vous ayez ramass\u00e9 le genre&#8230; Le contenu de cette cl\u00e9 n&rsquo;est pas exhaustif et ne permettra pas forc\u00e9ment l&rsquo;identification assur\u00e9e du genre.\" \/>\n<meta property=\"og:url\" content=\"https:\/\/campus.univ-lyon1.fr\/champignons\/cle-dorientation\/novice\/champignons-gelatineux\/formes-plus-simples-globuleuses-boursouflees-ou-en-cone-renverse\/plus-gros-1cm-non-jaune-ni-orange\/couleurs-pales-ou-claires\/blanchatre-sans-granules\/\" \/>\n<meta property=\"og:site_name\" content=\"Champignons Lyon 1\" \/>\n<meta property=\"article:modified_time\" content=\"2023-12-16T16:19:10+00:00\" \/>\n<meta property=\"og:image\" content=\"https:\/\/campus.univ-lyon1.fr\/champignons\/files\/2023\/12\/Neobulgaria-pura_z1.jpg\" \/>\n<meta name=\"twitter:card\" content=\"summary_large_image\" \/>\n<script type=\"application\/ld+json\" class=\"yoast-schema-graph\">{\"@context\":\"https:\/\/schema.org\",\"@graph\":[{\"@type\":\"WebPage\",\"@id\":\"https:\/\/campus.univ-lyon1.fr\/champignons\/cle-dorientation\/novice\/champignons-gelatineux\/formes-plus-simples-globuleuses-boursouflees-ou-en-cone-renverse\/plus-gros-1cm-non-jaune-ni-orange\/couleurs-pales-ou-claires\/blanchatre-sans-granules\/\",\"url\":\"https:\/\/campus.univ-lyon1.fr\/champignons\/cle-dorientation\/novice\/champignons-gelatineux\/formes-plus-simples-globuleuses-boursouflees-ou-en-cone-renverse\/plus-gros-1cm-non-jaune-ni-orange\/couleurs-pales-ou-claires\/blanchatre-sans-granules\/\",\"name\":\"Blanch\u00e2tre, sans granules - Champignons Lyon 1\",\"isPartOf\":{\"@id\":\"https:\/\/campus.univ-lyon1.fr\/champignons\/#website\"},\"datePublished\":\"2023-10-16T15:17:17+00:00\",\"dateModified\":\"2023-12-16T16:19:10+00:00\",\"breadcrumb\":{\"@id\":\"https:\/\/campus.univ-lyon1.fr\/champignons\/cle-dorientation\/novice\/champignons-gelatineux\/formes-plus-simples-globuleuses-boursouflees-ou-en-cone-renverse\/plus-gros-1cm-non-jaune-ni-orange\/couleurs-pales-ou-claires\/blanchatre-sans-granules\/#breadcrumb\"},\"inLanguage\":\"fr-FR\",\"potentialAction\":[{\"@type\":\"ReadAction\",\"target\":[\"https:\/\/campus.univ-lyon1.fr\/champignons\/cle-dorientation\/novice\/champignons-gelatineux\/formes-plus-simples-globuleuses-boursouflees-ou-en-cone-renverse\/plus-gros-1cm-non-jaune-ni-orange\/couleurs-pales-ou-claires\/blanchatre-sans-granules\/\"]}]},{\"@type\":\"BreadcrumbList\",\"@id\":\"https:\/\/campus.univ-lyon1.fr\/champignons\/cle-dorientation\/novice\/champignons-gelatineux\/formes-plus-simples-globuleuses-boursouflees-ou-en-cone-renverse\/plus-gros-1cm-non-jaune-ni-orange\/couleurs-pales-ou-claires\/blanchatre-sans-granules\/#breadcrumb\",\"itemListElement\":[{\"@type\":\"ListItem\",\"position\":1,\"name\":\"Accueil\",\"item\":\"https:\/\/campus.univ-lyon1.fr\/champignons\/\"},{\"@type\":\"ListItem\",\"position\":2,\"name\":\"Cl\u00e9 d&rsquo;orientation\",\"item\":\"https:\/\/campus.univ-lyon1.fr\/champignons\/cle-dorientation\/\"},{\"@type\":\"ListItem\",\"position\":3,\"name\":\"Novice\",\"item\":\"https:\/\/campus.univ-lyon1.fr\/champignons\/cle-dorientation\/novice\/\"},{\"@type\":\"ListItem\",\"position\":4,\"name\":\"Champignons g\u00e9latineux\",\"item\":\"https:\/\/campus.univ-lyon1.fr\/champignons\/cle-dorientation\/novice\/champignons-gelatineux\/\"},{\"@type\":\"ListItem\",\"position\":5,\"name\":\"Formes plus simples, globuleuses, boursoufl\u00e9es ou en c\u00f4ne renvers\u00e9\",\"item\":\"https:\/\/campus.univ-lyon1.fr\/champignons\/cle-dorientation\/novice\/champignons-gelatineux\/formes-plus-simples-globuleuses-boursouflees-ou-en-cone-renverse\/\"},{\"@type\":\"ListItem\",\"position\":6,\"name\":\"Plus gros (&gt; 1cm), non jaune ni orang\u00e9\",\"item\":\"https:\/\/campus.univ-lyon1.fr\/champignons\/cle-dorientation\/novice\/champignons-gelatineux\/formes-plus-simples-globuleuses-boursouflees-ou-en-cone-renverse\/plus-gros-1cm-non-jaune-ni-orange\/\"},{\"@type\":\"ListItem\",\"position\":7,\"name\":\"Couleurs p\u00e2les ou claires\",\"item\":\"https:\/\/campus.univ-lyon1.fr\/champignons\/cle-dorientation\/novice\/champignons-gelatineux\/formes-plus-simples-globuleuses-boursouflees-ou-en-cone-renverse\/plus-gros-1cm-non-jaune-ni-orange\/couleurs-pales-ou-claires\/\"},{\"@type\":\"ListItem\",\"position\":8,\"name\":\"Blanch\u00e2tre, sans granules\"}]},{\"@type\":\"WebSite\",\"@id\":\"https:\/\/campus.univ-lyon1.fr\/champignons\/#website\",\"url\":\"https:\/\/campus.univ-lyon1.fr\/champignons\/\",\"name\":\"Champignons Lyon 1\",\"description\":\"Bienvenue sur le site de mycologie de la facult\u00e9 de Lyon !\",\"publisher\":{\"@id\":\"https:\/\/campus.univ-lyon1.fr\/champignons\/#organization\"},\"potentialAction\":[{\"@type\":\"SearchAction\",\"target\":{\"@type\":\"EntryPoint\",\"urlTemplate\":\"https:\/\/campus.univ-lyon1.fr\/champignons\/?s={search_term_string}\"},\"query-input\":\"required name=search_term_string\"}],\"inLanguage\":\"fr-FR\"},{\"@type\":\"Organization\",\"@id\":\"https:\/\/campus.univ-lyon1.fr\/champignons\/#organization\",\"name\":\"Champignons Lyon 1\",\"url\":\"https:\/\/campus.univ-lyon1.fr\/champignons\/\",\"logo\":{\"@type\":\"ImageObject\",\"inLanguage\":\"fr-FR\",\"@id\":\"https:\/\/campus.univ-lyon1.fr\/champignons\/#\/schema\/logo\/image\/\",\"url\":\"https:\/\/campus.univ-lyon1.fr\/champignons\/files\/2023\/10\/cropped-Sans-titre-1-1-1.png\",\"contentUrl\":\"https:\/\/campus.univ-lyon1.fr\/champignons\/files\/2023\/10\/cropped-Sans-titre-1-1-1.png\",\"width\":200,\"height\":181,\"caption\":\"Champignons Lyon 1\"},\"image\":{\"@id\":\"https:\/\/campus.univ-lyon1.fr\/champignons\/#\/schema\/logo\/image\/\"}}]}<\/script>\n<!-- \/ Yoast SEO plugin. -->","yoast_head_json":{"title":"Blanch\u00e2tre, sans granules - Champignons Lyon 1","robots":{"index":"index","follow":"follow","max-snippet":"max-snippet:-1","max-image-preview":"max-image-preview:large","max-video-preview":"max-video-preview:-1"},"canonical":"https:\/\/campus.univ-lyon1.fr\/champignons\/cle-dorientation\/novice\/champignons-gelatineux\/formes-plus-simples-globuleuses-boursouflees-ou-en-cone-renverse\/plus-gros-1cm-non-jaune-ni-orange\/couleurs-pales-ou-claires\/blanchatre-sans-granules\/","og_locale":"fr_FR","og_type":"article","og_title":"Blanch\u00e2tre, sans granules - Champignons Lyon 1","og_description":"Les Bulgaries Il semblerait que vous ayez ramass\u00e9 le genre&#8230; Le contenu de cette cl\u00e9 n&rsquo;est pas exhaustif et ne permettra pas forc\u00e9ment l&rsquo;identification assur\u00e9e du genre.","og_url":"https:\/\/campus.univ-lyon1.fr\/champignons\/cle-dorientation\/novice\/champignons-gelatineux\/formes-plus-simples-globuleuses-boursouflees-ou-en-cone-renverse\/plus-gros-1cm-non-jaune-ni-orange\/couleurs-pales-ou-claires\/blanchatre-sans-granules\/","og_site_name":"Champignons Lyon 1","article_modified_time":"2023-12-16T16:19:10+00:00","og_image":[{"url":"https:\/\/campus.univ-lyon1.fr\/champignons\/files\/2023\/12\/Neobulgaria-pura_z1.jpg"}],"twitter_card":"summary_large_image","schema":{"@context":"https:\/\/schema.org","@graph":[{"@type":"WebPage","@id":"https:\/\/campus.univ-lyon1.fr\/champignons\/cle-dorientation\/novice\/champignons-gelatineux\/formes-plus-simples-globuleuses-boursouflees-ou-en-cone-renverse\/plus-gros-1cm-non-jaune-ni-orange\/couleurs-pales-ou-claires\/blanchatre-sans-granules\/","url":"https:\/\/campus.univ-lyon1.fr\/champignons\/cle-dorientation\/novice\/champignons-gelatineux\/formes-plus-simples-globuleuses-boursouflees-ou-en-cone-renverse\/plus-gros-1cm-non-jaune-ni-orange\/couleurs-pales-ou-claires\/blanchatre-sans-granules\/","name":"Blanch\u00e2tre, sans granules - Champignons Lyon 1","isPartOf":{"@id":"https:\/\/campus.univ-lyon1.fr\/champignons\/#website"},"datePublished":"2023-10-16T15:17:17+00:00","dateModified":"2023-12-16T16:19:10+00:00","breadcrumb":{"@id":"https:\/\/campus.univ-lyon1.fr\/champignons\/cle-dorientation\/novice\/champignons-gelatineux\/formes-plus-simples-globuleuses-boursouflees-ou-en-cone-renverse\/plus-gros-1cm-non-jaune-ni-orange\/couleurs-pales-ou-claires\/blanchatre-sans-granules\/#breadcrumb"},"inLanguage":"fr-FR","potentialAction":[{"@type":"ReadAction","target":["https:\/\/campus.univ-lyon1.fr\/champignons\/cle-dorientation\/novice\/champignons-gelatineux\/formes-plus-simples-globuleuses-boursouflees-ou-en-cone-renverse\/plus-gros-1cm-non-jaune-ni-orange\/couleurs-pales-ou-claires\/blanchatre-sans-granules\/"]}]},{"@type":"BreadcrumbList","@id":"https:\/\/campus.univ-lyon1.fr\/champignons\/cle-dorientation\/novice\/champignons-gelatineux\/formes-plus-simples-globuleuses-boursouflees-ou-en-cone-renverse\/plus-gros-1cm-non-jaune-ni-orange\/couleurs-pales-ou-claires\/blanchatre-sans-granules\/#breadcrumb","itemListElement":[{"@type":"ListItem","position":1,"name":"Accueil","item":"https:\/\/campus.univ-lyon1.fr\/champignons\/"},{"@type":"ListItem","position":2,"name":"Cl\u00e9 d&rsquo;orientation","item":"https:\/\/campus.univ-lyon1.fr\/champignons\/cle-dorientation\/"},{"@type":"ListItem","position":3,"name":"Novice","item":"https:\/\/campus.univ-lyon1.fr\/champignons\/cle-dorientation\/novice\/"},{"@type":"ListItem","position":4,"name":"Champignons g\u00e9latineux","item":"https:\/\/campus.univ-lyon1.fr\/champignons\/cle-dorientation\/novice\/champignons-gelatineux\/"},{"@type":"ListItem","position":5,"name":"Formes plus simples, globuleuses, boursoufl\u00e9es ou en c\u00f4ne renvers\u00e9","item":"https:\/\/campus.univ-lyon1.fr\/champignons\/cle-dorientation\/novice\/champignons-gelatineux\/formes-plus-simples-globuleuses-boursouflees-ou-en-cone-renverse\/"},{"@type":"ListItem","position":6,"name":"Plus gros (&gt; 1cm), non jaune ni orang\u00e9","item":"https:\/\/campus.univ-lyon1.fr\/champignons\/cle-dorientation\/novice\/champignons-gelatineux\/formes-plus-simples-globuleuses-boursouflees-ou-en-cone-renverse\/plus-gros-1cm-non-jaune-ni-orange\/"},{"@type":"ListItem","position":7,"name":"Couleurs p\u00e2les ou claires","item":"https:\/\/campus.univ-lyon1.fr\/champignons\/cle-dorientation\/novice\/champignons-gelatineux\/formes-plus-simples-globuleuses-boursouflees-ou-en-cone-renverse\/plus-gros-1cm-non-jaune-ni-orange\/couleurs-pales-ou-claires\/"},{"@type":"ListItem","position":8,"name":"Blanch\u00e2tre, sans granules"}]},{"@type":"WebSite","@id":"https:\/\/campus.univ-lyon1.fr\/champignons\/#website","url":"https:\/\/campus.univ-lyon1.fr\/champignons\/","name":"Champignons Lyon 1","description":"Bienvenue sur le site de mycologie de la facult\u00e9 de Lyon !","publisher":{"@id":"https:\/\/campus.univ-lyon1.fr\/champignons\/#organization"},"potentialAction":[{"@type":"SearchAction","target":{"@type":"EntryPoint","urlTemplate":"https:\/\/campus.univ-lyon1.fr\/champignons\/?s={search_term_string}"},"query-input":"required name=search_term_string"}],"inLanguage":"fr-FR"},{"@type":"Organization","@id":"https:\/\/campus.univ-lyon1.fr\/champignons\/#organization","name":"Champignons Lyon 1","url":"https:\/\/campus.univ-lyon1.fr\/champignons\/","logo":{"@type":"ImageObject","inLanguage":"fr-FR","@id":"https:\/\/campus.univ-lyon1.fr\/champignons\/#\/schema\/logo\/image\/","url":"https:\/\/campus.univ-lyon1.fr\/champignons\/files\/2023\/10\/cropped-Sans-titre-1-1-1.png","contentUrl":"https:\/\/campus.univ-lyon1.fr\/champignons\/files\/2023\/10\/cropped-Sans-titre-1-1-1.png","width":200,"height":181,"caption":"Champignons Lyon 1"},"image":{"@id":"https:\/\/campus.univ-lyon1.fr\/champignons\/#\/schema\/logo\/image\/"}}]}},"_links":{"self":[{"href":"https:\/\/campus.univ-lyon1.fr\/champignons\/wp-json\/wp\/v2\/pages\/5192"}],"collection":[{"href":"https:\/\/campus.univ-lyon1.fr\/champignons\/wp-json\/wp\/v2\/pages"}],"about":[{"href":"https:\/\/campus.univ-lyon1.fr\/champignons\/wp-json\/wp\/v2\/types\/page"}],"author":[{"embeddable":true,"href":"https:\/\/campus.univ-lyon1.fr\/champignons\/wp-json\/wp\/v2\/users\/2981"}],"replies":[{"embeddable":true,"href":"https:\/\/campus.univ-lyon1.fr\/champignons\/wp-json\/wp\/v2\/comments?post=5192"}],"version-history":[{"count":4,"href":"https:\/\/campus.univ-lyon1.fr\/champignons\/wp-json\/wp\/v2\/pages\/5192\/revisions"}],"predecessor-version":[{"id":10663,"href":"https:\/\/campus.univ-lyon1.fr\/champignons\/wp-json\/wp\/v2\/pages\/5192\/revisions\/10663"}],"up":[{"embeddable":true,"href":"https:\/\/campus.univ-lyon1.fr\/champignons\/wp-json\/wp\/v2\/pages\/5179"}],"wp:attachment":[{"href":"https:\/\/campus.univ-lyon1.fr\/champignons\/wp-json\/wp\/v2\/media?parent=5192"}],"curies":[{"name":"wp","href":"https:\/\/api.w.org\/{rel}","templated":true}]}}