{"id":4747,"date":"2023-10-05T16:12:47","date_gmt":"2023-10-05T14:12:47","guid":{"rendered":"https:\/\/campus.univ-lyon1.fr\/champignons\/?page_id=4747"},"modified":"2023-12-17T21:13:32","modified_gmt":"2023-12-17T20:13:32","slug":"equipe-et-partenaires","status":"publish","type":"page","link":"https:\/\/campus.univ-lyon1.fr\/champignons\/equipe-et-partenaires\/","title":{"rendered":"\u00c9quipe et partenaires"},"content":{"rendered":"\n<h2 class=\"wp-block-heading\">\u00c9quipe p\u00e9dagogique<\/h2>\n\n\n\n<p><strong>Didier Blaha<\/strong>, MCU I.S.P.B Lyon 1 &#8211; Pharmacie<br><strong>Caroline Paliard<\/strong>, Charg\u00e9e d&rsquo;enseignement \u00e0 l&rsquo;I.S.P.B Lyon 1 en \u00ab\u00a0champignologie appliqu\u00e9e\u00a0\u00bb<\/p>\n\n\n\n<h2 class=\"wp-block-heading\">Partenaires<\/h2>\n\n\n\n<p><strong>STOLON<\/strong> : Association des Enseignants-Chercheurs des Sciences V\u00e9g\u00e9tales et Fongiques des Facult\u00e9s de Pharmacie de Langue Fran\u00e7aise<br><strong>Marie-Laure Groult<\/strong>, MCU Facult\u00e9 de pharmacie ROUEN &#8211; Marie-Laure.Groult@univ-rouen.fr<br><strong>Dr. Caroline St\u00e9vigny<\/strong>, Enseignante pharmacienne, Universit\u00e9 Libre de Bruxelles, Laboratoire de Pharmacognosie, de Bromatologie et de Nutrition Humaine, Bruxelles, Belgium<br><strong>Dr. Alain Decendit<\/strong>, MCU Universit\u00e9 de pharmacie Bordeaux 2, Laboratoire de Mycologie et Biotechnologie V\u00e9g\u00e9tale GESVAB EA3675<br><strong>Dr. Annick Simon<\/strong>, MCU Universit\u00e9 Paris Sud 11, laboratoire de Botanique, Mycologie et Mycologie m\u00e9dicale<br><strong>Dr. Laetitia Delort<\/strong>, MCU Facult\u00e9 de Pharmacie Clermont-Ferrand, Laboratoire SVFp, EA 4233 \u00ab\u00a0Nutrition, Canc\u00e9rogen\u00e8se et Th\u00e9rapie anti-tumorale\u00a0\u00bb<br><strong>Gilbert Bonthoux<\/strong>, Vice-pr\u00e9sident de la soci\u00e9t\u00e9 Mycologique et Botanique de SEYSSINET-PARISET : <a href=\"https:\/\/champignon38-smbsp.fr\/\">SMBSP<\/a><br><strong>Dr. Nathalie Seguy<\/strong>, MCU, Universit\u00e9 de Bourgogne, Laboratoire de Mycologie-Botanique v\u00e9g\u00e9tale<br><strong>Pierre-arthur Moreau<\/strong>, MCU, Universit\u00e9 de Lille, Laboratoire de mycologie<br><strong>Fran\u00e7ois Armada<\/strong>, Mycologue de la soci\u00e9t\u00e9 de mycologie de Meyzieu<br><strong>Mme Dani\u00e8le Carbonnel<\/strong>, Enseignante \u00e0 la retraite qui \u00e0 cr\u00e9\u00e9 le site <a href=\"https:\/\/lignicoles.fr\/\">Lignicoles<\/a> et membres de la <a href=\"http:\/\/www.smsgl.fr\/wp2\/\">SMSGL<\/a> :<br>&#8211; <strong>\u00ab\u00a0La soci\u00e9t\u00e9 mycologique de Saint Genis Laval\u00a0\u00bb<\/strong>, qui soutient l&rsquo;universit\u00e9 depuis de longues ann\u00e9es, tant par ses ramassages (souvent retrouv\u00e9s dans nos photos) que par l&rsquo;accueil des \u00e9tudiants sur leur exposition annuelle au centre commercial de St Genis 2<br>&#8211; <strong>Lignicoles<\/strong>, site consacr\u00e9 aux structures macroscopiques et microscopiques de l&rsquo;ordre des aphylophoralles (pour le n\u00e9phyte, les polypores et les croutes) qui commence \u00e0 \u00eatre int\u00e9gr\u00e9 dans cette base de donn\u00e9es \u00e0 partir de 2023<br><strong><a href=\"http:\/\/fetemycologique.canalblog.com\/\">Le blog de la f\u00eate mycologique de Lus la croix haute (26)<\/a><\/strong>, ce partenariat a pendant 13 ans, entre 2006 et 2019, permis d&rsquo;apporter des donn\u00e9es et de nourrir le site<\/p>\n\n\n\n<h2 class=\"wp-block-heading\">Collaborations (photographies)<\/h2>\n\n\n\n<p><strong><strong>Dr. Annick Simon<\/strong><\/strong>, MCU Universit\u00e9 Paris Sud 11, laboratoire de Botanique, Mycologie et Mycologie m\u00e9dicale<br><strong>Isabelle Ferrand<\/strong>, Blog <a href=\"https:\/\/champisart.fr\/\">champisart<\/a><br><strong>Thomas Bleton<\/strong>, Photographe amateur<br><strong>Eric Le Roux<\/strong>, Photographe officiel du service de communication de l&rsquo;UCBL Lyon 1<\/p>\n\n\n\n<h2 class=\"wp-block-heading\">Th\u00e8ses<\/h2>\n\n\n\n<p>Ont collabor\u00e9 dans le cadre des th\u00e8ses de pharmacie :<\/p>\n\n\n\n<p><strong>Pierre Fran\u00e7ois<\/strong> (Section photo et fiches)<br><strong>Cl\u00e9ment Aznar<\/strong> (Section photo et vid\u00e9o)<br><strong>Jessica Brugeron<\/strong> (Section photo et fiches)<br><strong>Marine Gibert<\/strong> (Section vid\u00e9o)<br><strong>Guillaume Davier<\/strong> (Section vid\u00e9o)<br><strong>Axel Bordonnali<\/strong> (Section photo et fiches)<br><strong>Gaelle Picon<\/strong> (Section fiches)<br><strong>Jeremy Bouvard<\/strong> (Section photo et fiches)<br><strong>Victoria Franusic<\/strong> (Section photo, vid\u00e9o et fiches)<br><strong>Olivier Payen de la garanderie<\/strong> (Section photo et fiches)<br><strong>Romain Collomb<\/strong> (Site web, section photo, vid\u00e9o, fiches et intoxication)<br><strong>Alain Bachour<\/strong> (Site web, section photo, vid\u00e9o, fiches et intoxication)<\/p>\n","protected":false},"excerpt":{"rendered":"<p>\u00c9quipe p\u00e9dagogique Didier Blaha, MCU I.S.P.B Lyon 1 &#8211; PharmacieCaroline Paliard, Charg\u00e9e d&rsquo;enseignement \u00e0 l&rsquo;I.S.P.B Lyon 1 en \u00ab\u00a0champignologie appliqu\u00e9e\u00a0\u00bb Partenaires STOLON : Association des Enseignants-Chercheurs des Sciences V\u00e9g\u00e9tales et Fongiques des Facult\u00e9s de Pharmacie de Langue Fran\u00e7aiseMarie-Laure Groult, MCU Facult\u00e9 de pharmacie ROUEN &#8211; Marie-Laure.Groult@univ-rouen.frDr. Caroline St\u00e9vigny, Enseignante pharmacienne, Universit\u00e9 Libre de Bruxelles, Laboratoire&hellip;&nbsp;<a href=\"https:\/\/campus.univ-lyon1.fr\/champignons\/equipe-et-partenaires\/\" rel=\"bookmark\">Lire la suite &raquo;<span class=\"screen-reader-text\">\u00c9quipe et partenaires<\/span><\/a><\/p>\n","protected":false},"author":2981,"featured_media":0,"parent":0,"menu_order":0,"comment_status":"closed","ping_status":"closed","template":"","meta":{"neve_meta_sidebar":"","neve_meta_container":"","neve_meta_enable_content_width":"","neve_meta_content_width":0,"neve_meta_title_alignment":"","neve_meta_author_avatar":"","neve_post_elements_order":"","neve_meta_disable_header":"","neve_meta_disable_footer":"","neve_meta_disable_title":""},"yoast_head":"<!-- This site is optimized with the Yoast SEO plugin v21.8.1 - https:\/\/yoast.com\/wordpress\/plugins\/seo\/ -->\n<title>\u00c9quipe et partenaires - Champignons Lyon 1<\/title>\n<meta name=\"robots\" content=\"index, follow, max-snippet:-1, max-image-preview:large, max-video-preview:-1\" \/>\n<link rel=\"canonical\" href=\"https:\/\/campus.univ-lyon1.fr\/champignons\/equipe-et-partenaires\/\" \/>\n<meta property=\"og:locale\" content=\"fr_FR\" \/>\n<meta property=\"og:type\" content=\"article\" \/>\n<meta property=\"og:title\" content=\"\u00c9quipe et partenaires - Champignons Lyon 1\" \/>\n<meta property=\"og:description\" content=\"\u00c9quipe p\u00e9dagogique Didier Blaha, MCU I.S.P.B Lyon 1 &#8211; PharmacieCaroline Paliard, Charg\u00e9e d&rsquo;enseignement \u00e0 l&rsquo;I.S.P.B Lyon 1 en \u00ab\u00a0champignologie appliqu\u00e9e\u00a0\u00bb Partenaires STOLON : Association des Enseignants-Chercheurs des Sciences V\u00e9g\u00e9tales et Fongiques des Facult\u00e9s de Pharmacie de Langue Fran\u00e7aiseMarie-Laure Groult, MCU Facult\u00e9 de pharmacie ROUEN &#8211; Marie-Laure.Groult@univ-rouen.frDr. Caroline St\u00e9vigny, Enseignante pharmacienne, Universit\u00e9 Libre de Bruxelles, Laboratoire&hellip;&nbsp;Lire la suite &raquo;\u00c9quipe et partenaires\" \/>\n<meta property=\"og:url\" content=\"https:\/\/campus.univ-lyon1.fr\/champignons\/equipe-et-partenaires\/\" \/>\n<meta property=\"og:site_name\" content=\"Champignons Lyon 1\" \/>\n<meta property=\"article:modified_time\" content=\"2023-12-17T20:13:32+00:00\" \/>\n<meta name=\"twitter:card\" content=\"summary_large_image\" \/>\n<meta name=\"twitter:label1\" content=\"Dur\u00e9e de lecture estim\u00e9e\" \/>\n\t<meta name=\"twitter:data1\" content=\"3 minutes\" \/>\n<script type=\"application\/ld+json\" class=\"yoast-schema-graph\">{\"@context\":\"https:\/\/schema.org\",\"@graph\":[{\"@type\":\"WebPage\",\"@id\":\"https:\/\/campus.univ-lyon1.fr\/champignons\/equipe-et-partenaires\/\",\"url\":\"https:\/\/campus.univ-lyon1.fr\/champignons\/equipe-et-partenaires\/\",\"name\":\"\u00c9quipe et partenaires - Champignons Lyon 1\",\"isPartOf\":{\"@id\":\"https:\/\/campus.univ-lyon1.fr\/champignons\/#website\"},\"datePublished\":\"2023-10-05T14:12:47+00:00\",\"dateModified\":\"2023-12-17T20:13:32+00:00\",\"breadcrumb\":{\"@id\":\"https:\/\/campus.univ-lyon1.fr\/champignons\/equipe-et-partenaires\/#breadcrumb\"},\"inLanguage\":\"fr-FR\",\"potentialAction\":[{\"@type\":\"ReadAction\",\"target\":[\"https:\/\/campus.univ-lyon1.fr\/champignons\/equipe-et-partenaires\/\"]}]},{\"@type\":\"BreadcrumbList\",\"@id\":\"https:\/\/campus.univ-lyon1.fr\/champignons\/equipe-et-partenaires\/#breadcrumb\",\"itemListElement\":[{\"@type\":\"ListItem\",\"position\":1,\"name\":\"Accueil\",\"item\":\"https:\/\/campus.univ-lyon1.fr\/champignons\/\"},{\"@type\":\"ListItem\",\"position\":2,\"name\":\"\u00c9quipe et partenaires\"}]},{\"@type\":\"WebSite\",\"@id\":\"https:\/\/campus.univ-lyon1.fr\/champignons\/#website\",\"url\":\"https:\/\/campus.univ-lyon1.fr\/champignons\/\",\"name\":\"Champignons Lyon 1\",\"description\":\"Bienvenue sur le site de mycologie de la facult\u00e9 de Lyon !\",\"publisher\":{\"@id\":\"https:\/\/campus.univ-lyon1.fr\/champignons\/#organization\"},\"potentialAction\":[{\"@type\":\"SearchAction\",\"target\":{\"@type\":\"EntryPoint\",\"urlTemplate\":\"https:\/\/campus.univ-lyon1.fr\/champignons\/?s={search_term_string}\"},\"query-input\":\"required name=search_term_string\"}],\"inLanguage\":\"fr-FR\"},{\"@type\":\"Organization\",\"@id\":\"https:\/\/campus.univ-lyon1.fr\/champignons\/#organization\",\"name\":\"Champignons Lyon 1\",\"url\":\"https:\/\/campus.univ-lyon1.fr\/champignons\/\",\"logo\":{\"@type\":\"ImageObject\",\"inLanguage\":\"fr-FR\",\"@id\":\"https:\/\/campus.univ-lyon1.fr\/champignons\/#\/schema\/logo\/image\/\",\"url\":\"https:\/\/campus.univ-lyon1.fr\/champignons\/files\/2023\/10\/cropped-Sans-titre-1-1-1.png\",\"contentUrl\":\"https:\/\/campus.univ-lyon1.fr\/champignons\/files\/2023\/10\/cropped-Sans-titre-1-1-1.png\",\"width\":200,\"height\":181,\"caption\":\"Champignons Lyon 1\"},\"image\":{\"@id\":\"https:\/\/campus.univ-lyon1.fr\/champignons\/#\/schema\/logo\/image\/\"}}]}<\/script>\n<!-- \/ Yoast SEO plugin. -->","yoast_head_json":{"title":"\u00c9quipe et partenaires - Champignons Lyon 1","robots":{"index":"index","follow":"follow","max-snippet":"max-snippet:-1","max-image-preview":"max-image-preview:large","max-video-preview":"max-video-preview:-1"},"canonical":"https:\/\/campus.univ-lyon1.fr\/champignons\/equipe-et-partenaires\/","og_locale":"fr_FR","og_type":"article","og_title":"\u00c9quipe et partenaires - Champignons Lyon 1","og_description":"\u00c9quipe p\u00e9dagogique Didier Blaha, MCU I.S.P.B Lyon 1 &#8211; PharmacieCaroline Paliard, Charg\u00e9e d&rsquo;enseignement \u00e0 l&rsquo;I.S.P.B Lyon 1 en \u00ab\u00a0champignologie appliqu\u00e9e\u00a0\u00bb Partenaires STOLON : Association des Enseignants-Chercheurs des Sciences V\u00e9g\u00e9tales et Fongiques des Facult\u00e9s de Pharmacie de Langue Fran\u00e7aiseMarie-Laure Groult, MCU Facult\u00e9 de pharmacie ROUEN &#8211; Marie-Laure.Groult@univ-rouen.frDr. Caroline St\u00e9vigny, Enseignante pharmacienne, Universit\u00e9 Libre de Bruxelles, Laboratoire&hellip;&nbsp;Lire la suite &raquo;\u00c9quipe et partenaires","og_url":"https:\/\/campus.univ-lyon1.fr\/champignons\/equipe-et-partenaires\/","og_site_name":"Champignons Lyon 1","article_modified_time":"2023-12-17T20:13:32+00:00","twitter_card":"summary_large_image","twitter_misc":{"Dur\u00e9e de lecture estim\u00e9e":"3 minutes"},"schema":{"@context":"https:\/\/schema.org","@graph":[{"@type":"WebPage","@id":"https:\/\/campus.univ-lyon1.fr\/champignons\/equipe-et-partenaires\/","url":"https:\/\/campus.univ-lyon1.fr\/champignons\/equipe-et-partenaires\/","name":"\u00c9quipe et partenaires - Champignons Lyon 1","isPartOf":{"@id":"https:\/\/campus.univ-lyon1.fr\/champignons\/#website"},"datePublished":"2023-10-05T14:12:47+00:00","dateModified":"2023-12-17T20:13:32+00:00","breadcrumb":{"@id":"https:\/\/campus.univ-lyon1.fr\/champignons\/equipe-et-partenaires\/#breadcrumb"},"inLanguage":"fr-FR","potentialAction":[{"@type":"ReadAction","target":["https:\/\/campus.univ-lyon1.fr\/champignons\/equipe-et-partenaires\/"]}]},{"@type":"BreadcrumbList","@id":"https:\/\/campus.univ-lyon1.fr\/champignons\/equipe-et-partenaires\/#breadcrumb","itemListElement":[{"@type":"ListItem","position":1,"name":"Accueil","item":"https:\/\/campus.univ-lyon1.fr\/champignons\/"},{"@type":"ListItem","position":2,"name":"\u00c9quipe et partenaires"}]},{"@type":"WebSite","@id":"https:\/\/campus.univ-lyon1.fr\/champignons\/#website","url":"https:\/\/campus.univ-lyon1.fr\/champignons\/","name":"Champignons Lyon 1","description":"Bienvenue sur le site de mycologie de la facult\u00e9 de Lyon !","publisher":{"@id":"https:\/\/campus.univ-lyon1.fr\/champignons\/#organization"},"potentialAction":[{"@type":"SearchAction","target":{"@type":"EntryPoint","urlTemplate":"https:\/\/campus.univ-lyon1.fr\/champignons\/?s={search_term_string}"},"query-input":"required name=search_term_string"}],"inLanguage":"fr-FR"},{"@type":"Organization","@id":"https:\/\/campus.univ-lyon1.fr\/champignons\/#organization","name":"Champignons Lyon 1","url":"https:\/\/campus.univ-lyon1.fr\/champignons\/","logo":{"@type":"ImageObject","inLanguage":"fr-FR","@id":"https:\/\/campus.univ-lyon1.fr\/champignons\/#\/schema\/logo\/image\/","url":"https:\/\/campus.univ-lyon1.fr\/champignons\/files\/2023\/10\/cropped-Sans-titre-1-1-1.png","contentUrl":"https:\/\/campus.univ-lyon1.fr\/champignons\/files\/2023\/10\/cropped-Sans-titre-1-1-1.png","width":200,"height":181,"caption":"Champignons Lyon 1"},"image":{"@id":"https:\/\/campus.univ-lyon1.fr\/champignons\/#\/schema\/logo\/image\/"}}]}},"_links":{"self":[{"href":"https:\/\/campus.univ-lyon1.fr\/champignons\/wp-json\/wp\/v2\/pages\/4747"}],"collection":[{"href":"https:\/\/campus.univ-lyon1.fr\/champignons\/wp-json\/wp\/v2\/pages"}],"about":[{"href":"https:\/\/campus.univ-lyon1.fr\/champignons\/wp-json\/wp\/v2\/types\/page"}],"author":[{"embeddable":true,"href":"https:\/\/campus.univ-lyon1.fr\/champignons\/wp-json\/wp\/v2\/users\/2981"}],"replies":[{"embeddable":true,"href":"https:\/\/campus.univ-lyon1.fr\/champignons\/wp-json\/wp\/v2\/comments?post=4747"}],"version-history":[{"count":5,"href":"https:\/\/campus.univ-lyon1.fr\/champignons\/wp-json\/wp\/v2\/pages\/4747\/revisions"}],"predecessor-version":[{"id":10757,"href":"https:\/\/campus.univ-lyon1.fr\/champignons\/wp-json\/wp\/v2\/pages\/4747\/revisions\/10757"}],"wp:attachment":[{"href":"https:\/\/campus.univ-lyon1.fr\/champignons\/wp-json\/wp\/v2\/media?parent=4747"}],"curies":[{"name":"wp","href":"https:\/\/api.w.org\/{rel}","templated":true}]}}