{"id":4735,"date":"2023-10-05T15:28:26","date_gmt":"2023-10-05T13:28:26","guid":{"rendered":"https:\/\/campus.univ-lyon1.fr\/champignons\/?page_id=4735"},"modified":"2023-12-14T00:48:28","modified_gmt":"2023-12-13T23:48:28","slug":"conseil-de-cueillette","status":"publish","type":"page","link":"https:\/\/campus.univ-lyon1.fr\/champignons\/conseil-de-cueillette\/","title":{"rendered":"Conseil de ramassage"},"content":{"rendered":"\n<div class=\"wp-block-file aligncenter\"><a href=\"https:\/\/campus.univ-lyon1.fr\/champignons\/files\/2023\/12\/Flyer-conseil-de-ramassage-1.pdf\" class=\"wp-block-file__button wp-element-button\" download>T\u00e9l\u00e9charger<\/a><\/div>\n\n\n\n<div style=\"height:30px\" aria-hidden=\"true\" class=\"wp-block-spacer\"><\/div>\n\n\n\n<div class=\"wp-block-columns alignwide is-layout-flex wp-container-4\">\n<div class=\"wp-block-column is-layout-flow\"><div class=\"wp-block-image\">\n<figure class=\"aligncenter size-full is-resized\"><img decoding=\"async\" src=\"https:\/\/campus.univ-lyon1.fr\/champignons\/files\/2023\/10\/image-4-2.png\" alt=\"\" class=\"wp-image-5354\" height=\"275\" srcset=\"https:\/\/campus.univ-lyon1.fr\/champignons\/files\/2023\/10\/image-4-2.png 406w, https:\/\/campus.univ-lyon1.fr\/champignons\/files\/2023\/10\/image-4-2-300x200.png 300w\" sizes=\"(max-width: 406px) 100vw, 406px\" \/><\/figure><\/div>\n\n\n<h3 class=\"wp-block-heading\">Avant le ramassage<\/h3>\n\n\n\n<h5 class=\"wp-block-heading has-text-align-center has-neve-link-hover-color-background-color has-background\">Quels habits ?<\/h5>\n\n\n\n<p>On privil\u00e9gie des v\u00eatements qui couvrent l&rsquo;ensemble du corps ainsi qu&rsquo;une paire de chaussures\/bottes en fonction de la m\u00e9t\u00e9o.<\/p>\n\n\n\n<h5 class=\"wp-block-heading has-text-align-center has-neve-link-hover-color-background-color has-background\">O\u00f9 cueillir ?<\/h5>\n\n\n\n<p>Bien choisir un lieu loin des sites potentiellement pollu\u00e9s de type bords de route, proches d&rsquo;industries ou de centrales nucl\u00e9aires\u2026 Sinon les esp\u00e8ces risquent de se gorger de compos\u00e9s toxiques.<\/p>\n\n\n\n<div style=\"height:18px\" aria-hidden=\"true\" class=\"wp-block-spacer\"><\/div>\n\n\n\n<h5 class=\"wp-block-heading has-text-align-center has-neve-link-hover-color-background-color has-background\">Quel mat\u00e9riel <br>pour la cueillette ?<\/h5>\n\n\n\n<p>Se munir d&rsquo;un panier en osier ou d&rsquo;une caisse en bois, de pr\u00e9f\u00e9rence assez grand afin de ne pas m\u00e9langer les esp\u00e8ces pour \u00e9viter la contamination. JAMAIS de sacs en plastique.<\/p>\n<\/div>\n\n\n\n<div class=\"wp-block-column is-layout-flow\"><div class=\"wp-block-image\">\n<figure class=\"aligncenter size-full is-resized\"><img decoding=\"async\" loading=\"lazy\" src=\"https:\/\/campus.univ-lyon1.fr\/champignons\/files\/2023\/10\/image-2-1.png\" alt=\"\" class=\"wp-image-5350\" width=\"396\" height=\"275\" \/><\/figure><\/div>\n\n\n<h3 class=\"wp-block-heading\">Le ramassage<\/h3>\n\n\n\n<h5 class=\"wp-block-heading has-text-align-center has-neve-link-hover-color-background-color has-background\">Quelles quantit\u00e9s ?<\/h5>\n\n\n\n<p>Un maximum de <strong>5L <\/strong>est autoris\u00e9. Si plus, une autorisation est n\u00e9cessaire ou vous risquez une amende.<\/p>\n\n\n\n<h5 class=\"wp-block-heading has-text-align-center has-neve-link-hover-color-background-color has-background\">Comment ramasser ?<\/h5>\n\n\n\n<p>Il est conseill\u00e9 de ne ramasser que les champignons que l&rsquo;on reconna\u00eet, au moindre doute on pr\u00e9f\u00e8re ne pas ramasser. On privil\u00e9gie les esp\u00e8ces adultes, en bon \u00e9tat; les vieux sp\u00e9cimens peuvent \u00eatre ab\u00eem\u00e9s ou parasit\u00e9s.<br>Ne pas h\u00e9siter \u00e0 consulter des sp\u00e9cialistes ou des sites avec de la documentation de source v\u00e9rifi\u00e9e pour v\u00e9rifier l&rsquo;identit\u00e9 de nos esp\u00e8ces.<br>Enfin comme dit pr\u00e9c\u00e9demment, on s\u00e9pare les esp\u00e8ces dans le panier pour \u00e9viter les contaminations. <\/p>\n<\/div>\n\n\n\n<div class=\"wp-block-column is-layout-flow\"><div class=\"wp-block-image\">\n<figure class=\"aligncenter size-full is-resized\"><img decoding=\"async\" loading=\"lazy\" src=\"https:\/\/campus.univ-lyon1.fr\/champignons\/files\/2023\/10\/image-3-1.png\" alt=\"\" class=\"wp-image-5355\" width=\"406\" height=\"275\" \/><\/figure><\/div>\n\n\n<h3 class=\"wp-block-heading\">Apr\u00e8s le ramassage<\/h3>\n\n\n\n<h5 class=\"wp-block-heading has-text-align-center has-neve-link-hover-color-background-color has-background\">La pr\u00e9vention<\/h5>\n\n\n\n<p>Bien se laver les mains. <br>Prendre en photo la r\u00e9colte pour permettre une identification en cas d&rsquo;intoxication.<\/p>\n\n\n\n<h5 class=\"wp-block-heading has-text-align-center has-neve-link-hover-color-background-color has-background\">Population \u00e0 risque<\/h5>\n\n\n\n<p>On ne consomme que ce que l&rsquo;on a cueilli soi-m\u00eame. On ne les propose jamais \u00e0 un enfant jeune de moins de 15 ans <sub>(1)<\/sub>, \u00e0 une femme enceinte ou allaitante <sub>(2)<\/sub>, \u00e0 une personne \u00e2g\u00e9e ou \u00e0 une personne fragile <sub>(3)<\/sub>.<\/p>\n\n\n\n<h5 class=\"wp-block-heading has-text-align-center has-neve-link-hover-color-background-color has-background\">Conservation<br>Consommation<\/h5>\n\n\n\n<p>Au frigidaire, 48H maximum. Ne jamais les consommer crus, toujours les faire cuire durant 30 minutes \u00e0 la po\u00eale ou 15 minutes \u00e0 l&rsquo;eau bouillante ou en les faisant s\u00e9cher. Consommer des quantit\u00e9s raisonnables, une assiette pleine n&rsquo;est pas raisonnable. Consulter des ouvrages ou sp\u00e9cialistes pour plus de d\u00e9tails par esp\u00e8ce.<\/p>\n<\/div>\n<\/div>\n\n\n\n<p class=\"has-text-align-center has-small-font-size\">(1) Cela correspond \u00e0 la population p\u00e9diatrique en m\u00e9decine &#8211; (2) Il y a des risques pour le b\u00e9b\u00e9, des cas d&rsquo;intoxication sont connus &#8211; (3) Pathologie h\u00e9patique ou r\u00e9nale connue<\/p>\n\n\n\n<h4 class=\"wp-block-heading has-text-align-center has-neve-link-hover-color-background-color has-background\">Que faire en cas d&rsquo;intoxication ?<\/h4>\n\n\n\n<p>L&rsquo;objectif sera d&rsquo;\u00eatre pris en charge en ad\u00e9quation avec le syndrome rencontr\u00e9.<br>Ne pas boire, ni eau, ni lait.<br>On contacte donc directement le Centre antipoison de sa r\u00e9gion (sympt\u00f4mes digestifs, fi\u00e8vre, tremblements, troubles cardiaques\u2026) ou directement les secours 15 ou 112 en cas de sympt\u00f4mes graves (perte de connaissance, d\u00e9tresse respiratoire\u2026)<br>Il faut r\u00e9unir le maximum d&rsquo;informations pour permettre l&rsquo;identification du champignon en question : heures, contextes, lieux, photos, etc.<\/p>\n\n\n\n<p>En fonction de votre localisation, contactez les num\u00e9ros suivants :<\/p>\n\n\n\n<div class=\"wp-block-columns is-layout-flex wp-container-9\">\n<div class=\"wp-block-column is-layout-flow\">\n<h3 class=\"wp-block-heading has-text-align-center\">ANGERS<\/h3>\n<\/div>\n\n\n\n<div class=\"wp-block-column is-layout-flow\">\n<h2 class=\"wp-block-heading\">02 41 48 21 21<\/h2>\n<\/div>\n\n\n\n<div class=\"wp-block-column is-layout-flow\">\n<h3 class=\"wp-block-heading has-text-align-center\">BORDEAUX<\/h3>\n<\/div>\n\n\n\n<div class=\"wp-block-column is-layout-flow\">\n<h2 class=\"wp-block-heading\">05 56 96 40 80<\/h2>\n<\/div>\n<\/div>\n\n\n\n<div class=\"wp-block-columns is-layout-flex wp-container-14\">\n<div class=\"wp-block-column is-layout-flow\">\n<h3 class=\"wp-block-heading has-text-align-center\">LILLE<\/h3>\n<\/div>\n\n\n\n<div class=\"wp-block-column is-layout-flow\">\n<h2 class=\"wp-block-heading\">08 00 59 59 59<\/h2>\n<\/div>\n\n\n\n<div class=\"wp-block-column is-layout-flow\">\n<h3 class=\"wp-block-heading has-text-align-center\">LYON<\/h3>\n<\/div>\n\n\n\n<div class=\"wp-block-column is-layout-flow\">\n<h2 class=\"wp-block-heading\">04 72 11 69 11<\/h2>\n<\/div>\n<\/div>\n\n\n\n<div class=\"wp-block-columns is-layout-flex wp-container-19\">\n<div class=\"wp-block-column is-layout-flow\">\n<h3 class=\"wp-block-heading has-text-align-center\">MARSEILLE<\/h3>\n<\/div>\n\n\n\n<div class=\"wp-block-column is-layout-flow\">\n<h2 class=\"wp-block-heading\">04 91 75 25 25<\/h2>\n<\/div>\n\n\n\n<div class=\"wp-block-column is-layout-flow\">\n<h3 class=\"wp-block-heading has-text-align-center\">NANCY<\/h3>\n<\/div>\n\n\n\n<div class=\"wp-block-column is-layout-flow\">\n<h2 class=\"wp-block-heading\">03 83 22 50 50<\/h2>\n<\/div>\n<\/div>\n\n\n\n<div class=\"wp-block-columns is-layout-flex wp-container-24\">\n<div class=\"wp-block-column is-layout-flow\">\n<h3 class=\"wp-block-heading has-text-align-center\">PARIS<\/h3>\n<\/div>\n\n\n\n<div class=\"wp-block-column is-layout-flow\">\n<h2 class=\"wp-block-heading\">01 40 05 48 48<\/h2>\n<\/div>\n\n\n\n<div class=\"wp-block-column is-layout-flow\">\n<h3 class=\"wp-block-heading has-text-align-center\">TOULOUSE<\/h3>\n<\/div>\n\n\n\n<div class=\"wp-block-column is-layout-flow\">\n<h2 class=\"wp-block-heading\">05 61 77 74 47<\/h2>\n<\/div>\n<\/div>\n\n\n\n<div class=\"wp-block-columns is-layout-flex wp-container-27\">\n<div class=\"wp-block-column is-layout-flow\">\n<figure class=\"wp-block-embed aligncenter is-type-video is-provider-youtube wp-block-embed-youtube wp-embed-aspect-4-3 wp-has-aspect-ratio\"><div class=\"wp-block-embed__wrapper\">\n<div class=\"nv-iframe-embed\"><iframe loading=\"lazy\" title=\"Mat\u00e9riel de ramassage et l\u00e9gislation\" width=\"1200\" height=\"900\" src=\"https:\/\/www.youtube.com\/embed\/9C1hnRP6TwE?feature=oembed\" frameborder=\"0\" allow=\"accelerometer; autoplay; clipboard-write; encrypted-media; gyroscope; picture-in-picture; web-share\" allowfullscreen><\/iframe><\/div>\n<\/div><\/figure>\n<\/div>\n\n\n\n<div class=\"wp-block-column is-layout-flow\">\n<figure class=\"wp-block-embed aligncenter is-type-video is-provider-youtube wp-block-embed-youtube wp-embed-aspect-4-3 wp-has-aspect-ratio\"><div class=\"wp-block-embed__wrapper\">\n<div class=\"nv-iframe-embed\"><iframe loading=\"lazy\" title=\"La reconnaissance des champignons\" width=\"1200\" height=\"900\" src=\"https:\/\/www.youtube.com\/embed\/fmHEUdxlOYE?feature=oembed\" frameborder=\"0\" allow=\"accelerometer; autoplay; clipboard-write; encrypted-media; gyroscope; picture-in-picture; web-share\" allowfullscreen><\/iframe><\/div>\n<\/div><\/figure>\n<\/div>\n<\/div>\n","protected":false},"excerpt":{"rendered":"<p>Avant le ramassage Quels habits ? On privil\u00e9gie des v\u00eatements qui couvrent l&rsquo;ensemble du corps ainsi qu&rsquo;une paire de chaussures\/bottes en fonction de la m\u00e9t\u00e9o. O\u00f9 cueillir ? Bien choisir un lieu loin des sites potentiellement pollu\u00e9s de type bords de route, proches d&rsquo;industries ou de centrales nucl\u00e9aires\u2026 Sinon les esp\u00e8ces risquent de se gorger&hellip;&nbsp;<a href=\"https:\/\/campus.univ-lyon1.fr\/champignons\/conseil-de-cueillette\/\" rel=\"bookmark\">Lire la suite &raquo;<span class=\"screen-reader-text\">Conseil de ramassage<\/span><\/a><\/p>\n","protected":false},"author":2981,"featured_media":0,"parent":0,"menu_order":0,"comment_status":"closed","ping_status":"closed","template":"","meta":{"neve_meta_sidebar":"","neve_meta_container":"","neve_meta_enable_content_width":"","neve_meta_content_width":0,"neve_meta_title_alignment":"","neve_meta_author_avatar":"","neve_post_elements_order":"","neve_meta_disable_header":"","neve_meta_disable_footer":"","neve_meta_disable_title":""},"yoast_head":"<!-- This site is optimized with the Yoast SEO plugin v21.8.1 - https:\/\/yoast.com\/wordpress\/plugins\/seo\/ -->\n<title>Conseil de ramassage - Champignons Lyon 1<\/title>\n<meta name=\"robots\" content=\"index, follow, max-snippet:-1, max-image-preview:large, max-video-preview:-1\" \/>\n<link rel=\"canonical\" href=\"http:\/\/campus.univ-lyon1.fr\/champignons\/conseil-de-cueillette\/\" \/>\n<meta property=\"og:locale\" content=\"fr_FR\" \/>\n<meta property=\"og:type\" content=\"article\" \/>\n<meta property=\"og:title\" content=\"Conseil de ramassage - Champignons Lyon 1\" \/>\n<meta property=\"og:description\" content=\"Avant le ramassage Quels habits ? On privil\u00e9gie des v\u00eatements qui couvrent l&rsquo;ensemble du corps ainsi qu&rsquo;une paire de chaussures\/bottes en fonction de la m\u00e9t\u00e9o. O\u00f9 cueillir ? Bien choisir un lieu loin des sites potentiellement pollu\u00e9s de type bords de route, proches d&rsquo;industries ou de centrales nucl\u00e9aires\u2026 Sinon les esp\u00e8ces risquent de se gorger&hellip;&nbsp;Lire la suite &raquo;Conseil de ramassage\" \/>\n<meta property=\"og:url\" content=\"http:\/\/campus.univ-lyon1.fr\/champignons\/conseil-de-cueillette\/\" \/>\n<meta property=\"og:site_name\" content=\"Champignons Lyon 1\" \/>\n<meta property=\"article:modified_time\" content=\"2023-12-13T23:48:28+00:00\" \/>\n<meta property=\"og:image\" content=\"https:\/\/campus.univ-lyon1.fr\/champignons\/files\/2023\/10\/image-4-2.png\" \/>\n<meta name=\"twitter:card\" content=\"summary_large_image\" \/>\n<meta name=\"twitter:label1\" content=\"Dur\u00e9e de lecture estim\u00e9e\" \/>\n\t<meta name=\"twitter:data1\" content=\"4 minutes\" \/>\n<script type=\"application\/ld+json\" class=\"yoast-schema-graph\">{\"@context\":\"https:\/\/schema.org\",\"@graph\":[{\"@type\":\"WebPage\",\"@id\":\"http:\/\/campus.univ-lyon1.fr\/champignons\/conseil-de-cueillette\/\",\"url\":\"http:\/\/campus.univ-lyon1.fr\/champignons\/conseil-de-cueillette\/\",\"name\":\"Conseil de ramassage - Champignons Lyon 1\",\"isPartOf\":{\"@id\":\"https:\/\/campus.univ-lyon1.fr\/champignons\/#website\"},\"datePublished\":\"2023-10-05T13:28:26+00:00\",\"dateModified\":\"2023-12-13T23:48:28+00:00\",\"breadcrumb\":{\"@id\":\"http:\/\/campus.univ-lyon1.fr\/champignons\/conseil-de-cueillette\/#breadcrumb\"},\"inLanguage\":\"fr-FR\",\"potentialAction\":[{\"@type\":\"ReadAction\",\"target\":[\"http:\/\/campus.univ-lyon1.fr\/champignons\/conseil-de-cueillette\/\"]}]},{\"@type\":\"BreadcrumbList\",\"@id\":\"http:\/\/campus.univ-lyon1.fr\/champignons\/conseil-de-cueillette\/#breadcrumb\",\"itemListElement\":[{\"@type\":\"ListItem\",\"position\":1,\"name\":\"Accueil\",\"item\":\"https:\/\/campus.univ-lyon1.fr\/champignons\/\"},{\"@type\":\"ListItem\",\"position\":2,\"name\":\"Conseil de ramassage\"}]},{\"@type\":\"WebSite\",\"@id\":\"https:\/\/campus.univ-lyon1.fr\/champignons\/#website\",\"url\":\"https:\/\/campus.univ-lyon1.fr\/champignons\/\",\"name\":\"Champignons Lyon 1\",\"description\":\"Bienvenue sur le site de mycologie de la facult\u00e9 de Lyon !\",\"publisher\":{\"@id\":\"https:\/\/campus.univ-lyon1.fr\/champignons\/#organization\"},\"potentialAction\":[{\"@type\":\"SearchAction\",\"target\":{\"@type\":\"EntryPoint\",\"urlTemplate\":\"https:\/\/campus.univ-lyon1.fr\/champignons\/?s={search_term_string}\"},\"query-input\":\"required name=search_term_string\"}],\"inLanguage\":\"fr-FR\"},{\"@type\":\"Organization\",\"@id\":\"https:\/\/campus.univ-lyon1.fr\/champignons\/#organization\",\"name\":\"Champignons Lyon 1\",\"url\":\"https:\/\/campus.univ-lyon1.fr\/champignons\/\",\"logo\":{\"@type\":\"ImageObject\",\"inLanguage\":\"fr-FR\",\"@id\":\"https:\/\/campus.univ-lyon1.fr\/champignons\/#\/schema\/logo\/image\/\",\"url\":\"https:\/\/campus.univ-lyon1.fr\/champignons\/files\/2023\/10\/cropped-Sans-titre-1-1-1.png\",\"contentUrl\":\"https:\/\/campus.univ-lyon1.fr\/champignons\/files\/2023\/10\/cropped-Sans-titre-1-1-1.png\",\"width\":200,\"height\":181,\"caption\":\"Champignons Lyon 1\"},\"image\":{\"@id\":\"https:\/\/campus.univ-lyon1.fr\/champignons\/#\/schema\/logo\/image\/\"}}]}<\/script>\n<!-- \/ Yoast SEO plugin. -->","yoast_head_json":{"title":"Conseil de ramassage - Champignons Lyon 1","robots":{"index":"index","follow":"follow","max-snippet":"max-snippet:-1","max-image-preview":"max-image-preview:large","max-video-preview":"max-video-preview:-1"},"canonical":"http:\/\/campus.univ-lyon1.fr\/champignons\/conseil-de-cueillette\/","og_locale":"fr_FR","og_type":"article","og_title":"Conseil de ramassage - Champignons Lyon 1","og_description":"Avant le ramassage Quels habits ? On privil\u00e9gie des v\u00eatements qui couvrent l&rsquo;ensemble du corps ainsi qu&rsquo;une paire de chaussures\/bottes en fonction de la m\u00e9t\u00e9o. O\u00f9 cueillir ? Bien choisir un lieu loin des sites potentiellement pollu\u00e9s de type bords de route, proches d&rsquo;industries ou de centrales nucl\u00e9aires\u2026 Sinon les esp\u00e8ces risquent de se gorger&hellip;&nbsp;Lire la suite &raquo;Conseil de ramassage","og_url":"http:\/\/campus.univ-lyon1.fr\/champignons\/conseil-de-cueillette\/","og_site_name":"Champignons Lyon 1","article_modified_time":"2023-12-13T23:48:28+00:00","og_image":[{"url":"https:\/\/campus.univ-lyon1.fr\/champignons\/files\/2023\/10\/image-4-2.png"}],"twitter_card":"summary_large_image","twitter_misc":{"Dur\u00e9e de lecture estim\u00e9e":"4 minutes"},"schema":{"@context":"https:\/\/schema.org","@graph":[{"@type":"WebPage","@id":"http:\/\/campus.univ-lyon1.fr\/champignons\/conseil-de-cueillette\/","url":"http:\/\/campus.univ-lyon1.fr\/champignons\/conseil-de-cueillette\/","name":"Conseil de ramassage - Champignons Lyon 1","isPartOf":{"@id":"https:\/\/campus.univ-lyon1.fr\/champignons\/#website"},"datePublished":"2023-10-05T13:28:26+00:00","dateModified":"2023-12-13T23:48:28+00:00","breadcrumb":{"@id":"http:\/\/campus.univ-lyon1.fr\/champignons\/conseil-de-cueillette\/#breadcrumb"},"inLanguage":"fr-FR","potentialAction":[{"@type":"ReadAction","target":["http:\/\/campus.univ-lyon1.fr\/champignons\/conseil-de-cueillette\/"]}]},{"@type":"BreadcrumbList","@id":"http:\/\/campus.univ-lyon1.fr\/champignons\/conseil-de-cueillette\/#breadcrumb","itemListElement":[{"@type":"ListItem","position":1,"name":"Accueil","item":"https:\/\/campus.univ-lyon1.fr\/champignons\/"},{"@type":"ListItem","position":2,"name":"Conseil de ramassage"}]},{"@type":"WebSite","@id":"https:\/\/campus.univ-lyon1.fr\/champignons\/#website","url":"https:\/\/campus.univ-lyon1.fr\/champignons\/","name":"Champignons Lyon 1","description":"Bienvenue sur le site de mycologie de la facult\u00e9 de Lyon !","publisher":{"@id":"https:\/\/campus.univ-lyon1.fr\/champignons\/#organization"},"potentialAction":[{"@type":"SearchAction","target":{"@type":"EntryPoint","urlTemplate":"https:\/\/campus.univ-lyon1.fr\/champignons\/?s={search_term_string}"},"query-input":"required name=search_term_string"}],"inLanguage":"fr-FR"},{"@type":"Organization","@id":"https:\/\/campus.univ-lyon1.fr\/champignons\/#organization","name":"Champignons Lyon 1","url":"https:\/\/campus.univ-lyon1.fr\/champignons\/","logo":{"@type":"ImageObject","inLanguage":"fr-FR","@id":"https:\/\/campus.univ-lyon1.fr\/champignons\/#\/schema\/logo\/image\/","url":"https:\/\/campus.univ-lyon1.fr\/champignons\/files\/2023\/10\/cropped-Sans-titre-1-1-1.png","contentUrl":"https:\/\/campus.univ-lyon1.fr\/champignons\/files\/2023\/10\/cropped-Sans-titre-1-1-1.png","width":200,"height":181,"caption":"Champignons Lyon 1"},"image":{"@id":"https:\/\/campus.univ-lyon1.fr\/champignons\/#\/schema\/logo\/image\/"}}]}},"_links":{"self":[{"href":"https:\/\/campus.univ-lyon1.fr\/champignons\/wp-json\/wp\/v2\/pages\/4735"}],"collection":[{"href":"https:\/\/campus.univ-lyon1.fr\/champignons\/wp-json\/wp\/v2\/pages"}],"about":[{"href":"https:\/\/campus.univ-lyon1.fr\/champignons\/wp-json\/wp\/v2\/types\/page"}],"author":[{"embeddable":true,"href":"https:\/\/campus.univ-lyon1.fr\/champignons\/wp-json\/wp\/v2\/users\/2981"}],"replies":[{"embeddable":true,"href":"https:\/\/campus.univ-lyon1.fr\/champignons\/wp-json\/wp\/v2\/comments?post=4735"}],"version-history":[{"count":14,"href":"https:\/\/campus.univ-lyon1.fr\/champignons\/wp-json\/wp\/v2\/pages\/4735\/revisions"}],"predecessor-version":[{"id":9787,"href":"https:\/\/campus.univ-lyon1.fr\/champignons\/wp-json\/wp\/v2\/pages\/4735\/revisions\/9787"}],"wp:attachment":[{"href":"https:\/\/campus.univ-lyon1.fr\/champignons\/wp-json\/wp\/v2\/media?parent=4735"}],"curies":[{"name":"wp","href":"https:\/\/api.w.org\/{rel}","templated":true}]}}