{"id":3368,"date":"2023-05-10T11:01:57","date_gmt":"2023-05-10T09:01:57","guid":{"rendered":"https:\/\/campus.univ-lyon1.fr\/champignons\/?page_id=3368"},"modified":"2023-10-31T14:06:16","modified_gmt":"2023-10-31T13:06:16","slug":"hydnoporia-corrugata","status":"publish","type":"page","link":"https:\/\/campus.univ-lyon1.fr\/champignons\/base-de-donnees\/hydnoporia-corrugata\/","title":{"rendered":"Hydnoporia corrugata"},"content":{"rendered":"\n<div class=\"wp-block-file aligncenter\" id=\"UP\"><a href=\"https:\/\/campus.univ-lyon1.fr\/champignons\/files\/2023\/10\/Hydnoporia-corrugata.pdf\" class=\"wp-block-file__button wp-element-button\" download>T\u00e9l\u00e9charger<\/a><\/div>\n\n\n\n<div style=\"height:10px\" aria-hidden=\"true\" class=\"wp-block-spacer\"><\/div>\n\n\n\n<div class=\"wp-block-columns is-layout-flex wp-container-3\">\n<div class=\"wp-block-column is-layout-flow\">\n<p class=\"has-text-align-center\" style=\"font-size:25px\"><strong>Ordre <\/strong>: <a href=\"https:\/\/campus.univ-lyon1.fr\/champignons\/hymenochaetales\/\" data-type=\"page\" data-id=\"3583\">Hymenochaetales<\/a><\/p>\n<\/div>\n\n\n\n<div class=\"wp-block-column is-layout-flow\">\n<p class=\"has-text-align-center\" style=\"font-size:25px\"><strong>Genre <\/strong>: <a href=\"https:\/\/campus.univ-lyon1.fr\/champignons\/hydnoporia\/\" data-type=\"page\" data-id=\"3603\">Hydnoporia<\/a><\/p>\n<\/div>\n<\/div>\n\n\n<div class=\"wp-block-image is-style-rounded\">\n<figure class=\"aligncenter size-full is-resized\"><img decoding=\"async\" loading=\"lazy\" src=\"https:\/\/campus.univ-lyon1.fr\/champignons\/files\/2023\/05\/hymenochaete_corugata_macro.jpg\" alt=\"\" class=\"wp-image-3369\" width=\"536\" height=\"240\" srcset=\"https:\/\/campus.univ-lyon1.fr\/champignons\/files\/2023\/05\/hymenochaete_corugata_macro.jpg 2143w, https:\/\/campus.univ-lyon1.fr\/champignons\/files\/2023\/05\/hymenochaete_corugata_macro-300x135.jpg 300w, https:\/\/campus.univ-lyon1.fr\/champignons\/files\/2023\/05\/hymenochaete_corugata_macro-1024x459.jpg 1024w, https:\/\/campus.univ-lyon1.fr\/champignons\/files\/2023\/05\/hymenochaete_corugata_macro-768x344.jpg 768w, https:\/\/campus.univ-lyon1.fr\/champignons\/files\/2023\/05\/hymenochaete_corugata_macro-1536x689.jpg 1536w, https:\/\/campus.univ-lyon1.fr\/champignons\/files\/2023\/05\/hymenochaete_corugata_macro-2048x918.jpg 2048w\" sizes=\"(max-width: 536px) 100vw, 536px\" \/><\/figure><\/div>\n\n\n<div style=\"height:40px\" aria-hidden=\"true\" class=\"wp-block-spacer\"><\/div>\n\n\n\n<div class=\"wp-block-columns is-layout-flex wp-container-8\">\n<div class=\"wp-block-column is-layout-flow\">\n<div class=\"wp-block-cover\" style=\"min-height:350px\"><span aria-hidden=\"true\" class=\"wp-block-cover__background has-neve-link-color-background-color has-background-dim\"><\/span><img decoding=\"async\" loading=\"lazy\" width=\"2143\" height=\"961\" class=\"wp-block-cover__image-background wp-image-3369\" alt=\"\" src=\"https:\/\/campus.univ-lyon1.fr\/champignons\/files\/2023\/05\/hymenochaete_corugata_macro.jpg\" data-object-fit=\"cover\" srcset=\"https:\/\/campus.univ-lyon1.fr\/champignons\/files\/2023\/05\/hymenochaete_corugata_macro.jpg 2143w, https:\/\/campus.univ-lyon1.fr\/champignons\/files\/2023\/05\/hymenochaete_corugata_macro-300x135.jpg 300w, https:\/\/campus.univ-lyon1.fr\/champignons\/files\/2023\/05\/hymenochaete_corugata_macro-1024x459.jpg 1024w, https:\/\/campus.univ-lyon1.fr\/champignons\/files\/2023\/05\/hymenochaete_corugata_macro-768x344.jpg 768w, https:\/\/campus.univ-lyon1.fr\/champignons\/files\/2023\/05\/hymenochaete_corugata_macro-1536x689.jpg 1536w, https:\/\/campus.univ-lyon1.fr\/champignons\/files\/2023\/05\/hymenochaete_corugata_macro-2048x918.jpg 2048w\" sizes=\"(max-width: 2143px) 100vw, 2143px\" \/><div class=\"wp-block-cover__inner-container\">\n<div class=\"wp-block-cover\" style=\"min-height:100px\"><span aria-hidden=\"true\" class=\"wp-block-cover__background has-neve-link-color-background-color has-background-dim-0 has-background-dim\"><\/span><div class=\"wp-block-cover__inner-container\">\n<p class=\"has-text-align-center has-nv-text-dark-bg-color has-text-color has-large-font-size\">Macroscopie<\/p>\n<\/div><\/div>\n\n\n\n<p class=\"has-nv-text-dark-bg-color has-text-color\">Consistance dure, cassante, brun cr\u00e8me. Basidiome r\u00e9supin\u00e9 puis r\u00e9fl\u00e9chi (semi-pli\u00e9), adn\u00e9, rouge \u00e0 brun fonc\u00e9. Formation de chapeaux imbriqu\u00e9s ou en s\u00e9rie lat\u00e9rale. Surface st\u00e9rile brun\u00e2tre plus ou moins zon\u00e9e, marge orange \u00e0 jaune. Hym\u00e9nophore lisse \u00e0 granuleux, irr\u00e9guli\u00e8rement craquel\u00e9, noir avec KOH. <\/p>\n\n\n\n<div class=\"wp-block-buttons is-layout-flex\">\n<div class=\"wp-block-button is-style-primary\"><a class=\"wp-block-button__link wp-element-button\" href=\"https:\/\/campus.univ-lyon1.fr\/champignons\/files\/2023\/05\/hymenochaete_corugata_macro.jpg\" style=\"border-radius:50px\" target=\"_blank\" rel=\"noreferrer noopener\">Zoom<\/a><\/div>\n<\/div>\n<\/div><\/div>\n<\/div>\n\n\n\n<div class=\"wp-block-column is-vertically-aligned-center is-layout-flow\">\n<div class=\"wp-block-cover is-light\" style=\"min-height:350px\"><span aria-hidden=\"true\" class=\"wp-block-cover__background has-black-background-color has-background-dim\"><\/span><img decoding=\"async\" loading=\"lazy\" width=\"440\" height=\"382\" class=\"wp-block-cover__image-background wp-image-3370\" alt=\"\" src=\"https:\/\/campus.univ-lyon1.fr\/champignons\/files\/2023\/05\/hymenochaete_corugata_soie.jpg\" data-object-fit=\"cover\" srcset=\"https:\/\/campus.univ-lyon1.fr\/champignons\/files\/2023\/05\/hymenochaete_corugata_soie.jpg 440w, https:\/\/campus.univ-lyon1.fr\/champignons\/files\/2023\/05\/hymenochaete_corugata_soie-300x260.jpg 300w\" sizes=\"(max-width: 440px) 100vw, 440px\" \/><div class=\"wp-block-cover__inner-container\">\n<div class=\"wp-block-cover is-light\" style=\"min-height:77px\"><span aria-hidden=\"true\" class=\"wp-block-cover__background has-background-dim-0 has-background-dim\"><\/span><div class=\"wp-block-cover__inner-container\">\n<p class=\"has-text-align-center has-white-color has-text-color has-large-font-size\">Microscopie de l&rsquo;hym\u00e9nophore<\/p>\n<\/div><\/div>\n\n\n\n<p class=\"has-nv-text-dark-bg-color has-text-color\">Syst\u00e8me hyphal monomitique. Hyphes non boucl\u00e9es, \u00e0 paroi mmince ou \u00e9paissie. Soies fusiformes \u00e0 paroi \u00e9paisse, avec un sommet parfois \u00e9mouss\u00e9 et pr\u00e9sentant des grains \u00e9pars amorphes (non cristallis\u00e9s) et hyalins. <\/p>\n\n\n\n<div class=\"wp-block-buttons is-layout-flex wp-container-6\">\n<div class=\"wp-block-button is-style-primary\"><a class=\"wp-block-button__link wp-element-button\" href=\"https:\/\/campus.univ-lyon1.fr\/champignons\/files\/2023\/05\/hymenochaete_corugata_soie.jpg\" style=\"border-radius:50px\" target=\"_blank\" rel=\"noreferrer noopener\">Zoom<\/a><\/div>\n<\/div>\n<\/div><\/div>\n<\/div>\n<\/div>\n\n\n\n<div class=\"wp-block-columns is-layout-flex wp-container-11\">\n<div class=\"wp-block-column is-layout-flow\">\n<div class=\"wp-block-cover is-light\" style=\"min-height:350px\"><span aria-hidden=\"true\" class=\"wp-block-cover__background has-black-background-color has-background-dim\"><\/span><img decoding=\"async\" loading=\"lazy\" width=\"495\" height=\"397\" class=\"wp-block-cover__image-background wp-image-3407\" alt=\"\" src=\"https:\/\/campus.univ-lyon1.fr\/champignons\/files\/2023\/06\/spores_hymenochaete_corugata.jpg\" data-object-fit=\"cover\" srcset=\"https:\/\/campus.univ-lyon1.fr\/champignons\/files\/2023\/06\/spores_hymenochaete_corugata.jpg 495w, https:\/\/campus.univ-lyon1.fr\/champignons\/files\/2023\/06\/spores_hymenochaete_corugata-300x241.jpg 300w\" sizes=\"(max-width: 495px) 100vw, 495px\" \/><div class=\"wp-block-cover__inner-container\">\n<div class=\"wp-block-cover is-light\" style=\"min-height:77px\"><span aria-hidden=\"true\" class=\"wp-block-cover__background has-background-dim-0 has-background-dim\"><\/span><div class=\"wp-block-cover__inner-container\">\n<p class=\"has-text-align-center has-white-color has-text-color has-large-font-size\">Spores<\/p>\n<\/div><\/div>\n\n\n\n<p class=\"has-nv-text-dark-bg-color has-text-color\">Spores cylindriques, l\u00e9g\u00e8rement allanto\u00efdes, lisses \u00e0 paroi mince. Taille des spores : 4,5-6 x 1,8-2,3 \u00b5m.<\/p>\n\n\n\n<div class=\"wp-block-buttons is-layout-flex wp-container-9\">\n<div class=\"wp-block-button is-style-primary\"><a class=\"wp-block-button__link wp-element-button\" href=\"https:\/\/campus.univ-lyon1.fr\/champignons\/files\/2023\/06\/spores_hymenochaete_corugata.jpg\" style=\"border-radius:50px\" target=\"_blank\" rel=\"noreferrer noopener\">Zoom<\/a><\/div>\n<\/div>\n<\/div><\/div>\n<\/div>\n<\/div>\n\n\n\n<div class=\"wp-block-columns is-layout-flex wp-container-19\">\n<div class=\"wp-block-column is-layout-flow\">\n<div class=\"wp-block-columns is-not-stacked-on-mobile is-layout-flex wp-container-13\">\n<div class=\"wp-block-column is-layout-flow\" style=\"flex-basis:100%\">\n<div class=\"wp-block-cover\" style=\"min-height:350px\"><span aria-hidden=\"true\" class=\"wp-block-cover__background has-neve-link-color-background-color has-background-dim-100 has-background-dim\"><\/span><div class=\"wp-block-cover__inner-container\">\n<div class=\"wp-block-cover is-light\" style=\"min-height:77px\"><span aria-hidden=\"true\" class=\"wp-block-cover__background has-background-dim-0 has-background-dim\"><\/span><div class=\"wp-block-cover__inner-container\">\n<p class=\"has-text-align-center has-white-color has-text-color has-large-font-size\">Habitat<\/p>\n<\/div><\/div>\n\n\n\n<p class=\"has-text-align-left\">Sur branches pendantes ou tomb\u00e9es, sur troncs, sur bois mort de Corylus, mais \u00e9galement de Quercus, Fagus, Populus, Prunus, Ulmus, Betula, Crataegus, Calluna, Rubus. Pourriture blanche massive sur Corylus. Retrouv\u00e9 toute l&rsquo;ann\u00e9e de mani\u00e8re peu fr\u00e9quente, de pr\u00e9f\u00e9rence aux endroits abrit\u00e9s.<\/p>\n<\/div><\/div>\n<\/div>\n<\/div>\n<\/div>\n\n\n\n<div class=\"wp-block-column is-layout-flow\">\n<div class=\"wp-block-columns is-not-stacked-on-mobile is-layout-flex wp-container-17\">\n<div class=\"wp-block-column is-layout-flow\" style=\"flex-basis:100%\">\n<div class=\"wp-block-cover\" style=\"min-height:350px\"><span aria-hidden=\"true\" class=\"wp-block-cover__background has-neve-link-color-background-color has-background-dim-100 has-background-dim\"><\/span><div class=\"wp-block-cover__inner-container\">\n<div class=\"wp-block-cover is-light\" style=\"min-height:77px\"><span aria-hidden=\"true\" class=\"wp-block-cover__background has-background-dim-0 has-background-dim\"><\/span><div class=\"wp-block-cover__inner-container\">\n<p class=\"has-text-align-center has-white-color has-text-color has-large-font-size\">Comestibilit\u00e9<\/p>\n<\/div><\/div>\n\n\n\n<p class=\"has-text-align-left\">Ce champignon a une consistance ligneuse tr\u00e8s coriace \u00e0 l\u2019\u00e9tat sec, ce qui n\u2019incite pas \u00e0 essayer de le consommer. Il est sans int\u00e9r\u00eat comestible.<\/p>\n<\/div><\/div>\n<\/div>\n\n\n\n<div class=\"wp-block-column is-vertically-aligned-center is-layout-flow\" style=\"flex-basis:30%\">\n<figure class=\"wp-block-image size-full\"><img decoding=\"async\" loading=\"lazy\" width=\"123\" height=\"123\" src=\"https:\/\/campus.univ-lyon1.fr\/champignons\/files\/2023\/09\/icone-smile.png\" alt=\"\" class=\"wp-image-3636\" \/><\/figure>\n<\/div>\n<\/div>\n<\/div>\n<\/div>\n\n\n\n<div class=\"wp-block-buttons is-content-justification-center is-layout-flex wp-container-20\">\n<div class=\"wp-block-button is-style-secondary\"><a class=\"wp-block-button__link wp-element-button\" href=\"#UP\">Retour en haut<\/a><\/div>\n<\/div>\n\n\n\n<div style=\"height:40px\" aria-hidden=\"true\" class=\"wp-block-spacer\"><\/div>\n","protected":false},"excerpt":{"rendered":"<p>Ordre : Hymenochaetales Genre : Hydnoporia<\/p>\n","protected":false},"author":3129,"featured_media":0,"parent":29,"menu_order":0,"comment_status":"closed","ping_status":"closed","template":"","meta":{"neve_meta_sidebar":"","neve_meta_container":"","neve_meta_enable_content_width":"","neve_meta_content_width":0,"neve_meta_title_alignment":"","neve_meta_author_avatar":"","neve_post_elements_order":"","neve_meta_disable_header":"","neve_meta_disable_footer":"","neve_meta_disable_title":""},"yoast_head":"<!-- This site is optimized with the Yoast SEO plugin v21.8.1 - https:\/\/yoast.com\/wordpress\/plugins\/seo\/ -->\n<title>Hydnoporia corrugata - Champignons Lyon 1<\/title>\n<meta name=\"robots\" content=\"index, follow, max-snippet:-1, max-image-preview:large, max-video-preview:-1\" \/>\n<link rel=\"canonical\" href=\"https:\/\/campus.univ-lyon1.fr\/champignons\/base-de-donnees\/hydnoporia-corrugata\/\" \/>\n<meta property=\"og:locale\" content=\"fr_FR\" \/>\n<meta property=\"og:type\" content=\"article\" \/>\n<meta property=\"og:title\" content=\"Hydnoporia corrugata - Champignons Lyon 1\" \/>\n<meta property=\"og:description\" content=\"Ordre : Hymenochaetales Genre : Hydnoporia\" \/>\n<meta property=\"og:url\" content=\"https:\/\/campus.univ-lyon1.fr\/champignons\/base-de-donnees\/hydnoporia-corrugata\/\" \/>\n<meta property=\"og:site_name\" content=\"Champignons Lyon 1\" \/>\n<meta property=\"article:modified_time\" content=\"2023-10-31T13:06:16+00:00\" \/>\n<meta property=\"og:image\" content=\"https:\/\/campus.univ-lyon1.fr\/champignons\/files\/2023\/05\/hymenochaete_corugata_macro.jpg\" \/>\n<meta name=\"twitter:card\" content=\"summary_large_image\" \/>\n<meta name=\"twitter:label1\" content=\"Dur\u00e9e de lecture estim\u00e9e\" \/>\n\t<meta name=\"twitter:data1\" content=\"2 minutes\" \/>\n<script type=\"application\/ld+json\" class=\"yoast-schema-graph\">{\"@context\":\"https:\/\/schema.org\",\"@graph\":[{\"@type\":\"WebPage\",\"@id\":\"https:\/\/campus.univ-lyon1.fr\/champignons\/base-de-donnees\/hydnoporia-corrugata\/\",\"url\":\"https:\/\/campus.univ-lyon1.fr\/champignons\/base-de-donnees\/hydnoporia-corrugata\/\",\"name\":\"Hydnoporia corrugata - Champignons Lyon 1\",\"isPartOf\":{\"@id\":\"https:\/\/campus.univ-lyon1.fr\/champignons\/#website\"},\"datePublished\":\"2023-05-10T09:01:57+00:00\",\"dateModified\":\"2023-10-31T13:06:16+00:00\",\"breadcrumb\":{\"@id\":\"https:\/\/campus.univ-lyon1.fr\/champignons\/base-de-donnees\/hydnoporia-corrugata\/#breadcrumb\"},\"inLanguage\":\"fr-FR\",\"potentialAction\":[{\"@type\":\"ReadAction\",\"target\":[\"https:\/\/campus.univ-lyon1.fr\/champignons\/base-de-donnees\/hydnoporia-corrugata\/\"]}]},{\"@type\":\"BreadcrumbList\",\"@id\":\"https:\/\/campus.univ-lyon1.fr\/champignons\/base-de-donnees\/hydnoporia-corrugata\/#breadcrumb\",\"itemListElement\":[{\"@type\":\"ListItem\",\"position\":1,\"name\":\"Accueil\",\"item\":\"https:\/\/campus.univ-lyon1.fr\/champignons\/\"},{\"@type\":\"ListItem\",\"position\":2,\"name\":\"Base de donn\u00e9es\",\"item\":\"https:\/\/campus.univ-lyon1.fr\/champignons\/base-de-donnees\/\"},{\"@type\":\"ListItem\",\"position\":3,\"name\":\"Hydnoporia corrugata\"}]},{\"@type\":\"WebSite\",\"@id\":\"https:\/\/campus.univ-lyon1.fr\/champignons\/#website\",\"url\":\"https:\/\/campus.univ-lyon1.fr\/champignons\/\",\"name\":\"Champignons Lyon 1\",\"description\":\"Bienvenue sur le site de mycologie de la facult\u00e9 de Lyon !\",\"publisher\":{\"@id\":\"https:\/\/campus.univ-lyon1.fr\/champignons\/#organization\"},\"potentialAction\":[{\"@type\":\"SearchAction\",\"target\":{\"@type\":\"EntryPoint\",\"urlTemplate\":\"https:\/\/campus.univ-lyon1.fr\/champignons\/?s={search_term_string}\"},\"query-input\":\"required name=search_term_string\"}],\"inLanguage\":\"fr-FR\"},{\"@type\":\"Organization\",\"@id\":\"https:\/\/campus.univ-lyon1.fr\/champignons\/#organization\",\"name\":\"Champignons Lyon 1\",\"url\":\"https:\/\/campus.univ-lyon1.fr\/champignons\/\",\"logo\":{\"@type\":\"ImageObject\",\"inLanguage\":\"fr-FR\",\"@id\":\"https:\/\/campus.univ-lyon1.fr\/champignons\/#\/schema\/logo\/image\/\",\"url\":\"https:\/\/campus.univ-lyon1.fr\/champignons\/files\/2023\/10\/cropped-Sans-titre-1-1-1.png\",\"contentUrl\":\"https:\/\/campus.univ-lyon1.fr\/champignons\/files\/2023\/10\/cropped-Sans-titre-1-1-1.png\",\"width\":200,\"height\":181,\"caption\":\"Champignons Lyon 1\"},\"image\":{\"@id\":\"https:\/\/campus.univ-lyon1.fr\/champignons\/#\/schema\/logo\/image\/\"}}]}<\/script>\n<!-- \/ Yoast SEO plugin. -->","yoast_head_json":{"title":"Hydnoporia corrugata - Champignons Lyon 1","robots":{"index":"index","follow":"follow","max-snippet":"max-snippet:-1","max-image-preview":"max-image-preview:large","max-video-preview":"max-video-preview:-1"},"canonical":"https:\/\/campus.univ-lyon1.fr\/champignons\/base-de-donnees\/hydnoporia-corrugata\/","og_locale":"fr_FR","og_type":"article","og_title":"Hydnoporia corrugata - Champignons Lyon 1","og_description":"Ordre : Hymenochaetales Genre : Hydnoporia","og_url":"https:\/\/campus.univ-lyon1.fr\/champignons\/base-de-donnees\/hydnoporia-corrugata\/","og_site_name":"Champignons Lyon 1","article_modified_time":"2023-10-31T13:06:16+00:00","og_image":[{"url":"https:\/\/campus.univ-lyon1.fr\/champignons\/files\/2023\/05\/hymenochaete_corugata_macro.jpg"}],"twitter_card":"summary_large_image","twitter_misc":{"Dur\u00e9e de lecture estim\u00e9e":"2 minutes"},"schema":{"@context":"https:\/\/schema.org","@graph":[{"@type":"WebPage","@id":"https:\/\/campus.univ-lyon1.fr\/champignons\/base-de-donnees\/hydnoporia-corrugata\/","url":"https:\/\/campus.univ-lyon1.fr\/champignons\/base-de-donnees\/hydnoporia-corrugata\/","name":"Hydnoporia corrugata - Champignons Lyon 1","isPartOf":{"@id":"https:\/\/campus.univ-lyon1.fr\/champignons\/#website"},"datePublished":"2023-05-10T09:01:57+00:00","dateModified":"2023-10-31T13:06:16+00:00","breadcrumb":{"@id":"https:\/\/campus.univ-lyon1.fr\/champignons\/base-de-donnees\/hydnoporia-corrugata\/#breadcrumb"},"inLanguage":"fr-FR","potentialAction":[{"@type":"ReadAction","target":["https:\/\/campus.univ-lyon1.fr\/champignons\/base-de-donnees\/hydnoporia-corrugata\/"]}]},{"@type":"BreadcrumbList","@id":"https:\/\/campus.univ-lyon1.fr\/champignons\/base-de-donnees\/hydnoporia-corrugata\/#breadcrumb","itemListElement":[{"@type":"ListItem","position":1,"name":"Accueil","item":"https:\/\/campus.univ-lyon1.fr\/champignons\/"},{"@type":"ListItem","position":2,"name":"Base de donn\u00e9es","item":"https:\/\/campus.univ-lyon1.fr\/champignons\/base-de-donnees\/"},{"@type":"ListItem","position":3,"name":"Hydnoporia corrugata"}]},{"@type":"WebSite","@id":"https:\/\/campus.univ-lyon1.fr\/champignons\/#website","url":"https:\/\/campus.univ-lyon1.fr\/champignons\/","name":"Champignons Lyon 1","description":"Bienvenue sur le site de mycologie de la facult\u00e9 de Lyon !","publisher":{"@id":"https:\/\/campus.univ-lyon1.fr\/champignons\/#organization"},"potentialAction":[{"@type":"SearchAction","target":{"@type":"EntryPoint","urlTemplate":"https:\/\/campus.univ-lyon1.fr\/champignons\/?s={search_term_string}"},"query-input":"required name=search_term_string"}],"inLanguage":"fr-FR"},{"@type":"Organization","@id":"https:\/\/campus.univ-lyon1.fr\/champignons\/#organization","name":"Champignons Lyon 1","url":"https:\/\/campus.univ-lyon1.fr\/champignons\/","logo":{"@type":"ImageObject","inLanguage":"fr-FR","@id":"https:\/\/campus.univ-lyon1.fr\/champignons\/#\/schema\/logo\/image\/","url":"https:\/\/campus.univ-lyon1.fr\/champignons\/files\/2023\/10\/cropped-Sans-titre-1-1-1.png","contentUrl":"https:\/\/campus.univ-lyon1.fr\/champignons\/files\/2023\/10\/cropped-Sans-titre-1-1-1.png","width":200,"height":181,"caption":"Champignons Lyon 1"},"image":{"@id":"https:\/\/campus.univ-lyon1.fr\/champignons\/#\/schema\/logo\/image\/"}}]}},"_links":{"self":[{"href":"https:\/\/campus.univ-lyon1.fr\/champignons\/wp-json\/wp\/v2\/pages\/3368"}],"collection":[{"href":"https:\/\/campus.univ-lyon1.fr\/champignons\/wp-json\/wp\/v2\/pages"}],"about":[{"href":"https:\/\/campus.univ-lyon1.fr\/champignons\/wp-json\/wp\/v2\/types\/page"}],"author":[{"embeddable":true,"href":"https:\/\/campus.univ-lyon1.fr\/champignons\/wp-json\/wp\/v2\/users\/3129"}],"replies":[{"embeddable":true,"href":"https:\/\/campus.univ-lyon1.fr\/champignons\/wp-json\/wp\/v2\/comments?post=3368"}],"version-history":[{"count":9,"href":"https:\/\/campus.univ-lyon1.fr\/champignons\/wp-json\/wp\/v2\/pages\/3368\/revisions"}],"predecessor-version":[{"id":5489,"href":"https:\/\/campus.univ-lyon1.fr\/champignons\/wp-json\/wp\/v2\/pages\/3368\/revisions\/5489"}],"up":[{"embeddable":true,"href":"https:\/\/campus.univ-lyon1.fr\/champignons\/wp-json\/wp\/v2\/pages\/29"}],"wp:attachment":[{"href":"https:\/\/campus.univ-lyon1.fr\/champignons\/wp-json\/wp\/v2\/media?parent=3368"}],"curies":[{"name":"wp","href":"https:\/\/api.w.org\/{rel}","templated":true}]}}