{"id":193,"date":"2022-09-20T16:34:37","date_gmt":"2022-09-20T14:34:37","guid":{"rendered":"https:\/\/campus.univ-lyon1.fr\/champignons\/?page_id=193"},"modified":"2023-12-11T16:45:32","modified_gmt":"2023-12-11T15:45:32","slug":"xerocomus","status":"publish","type":"page","link":"https:\/\/campus.univ-lyon1.fr\/champignons\/genre\/xerocomus\/","title":{"rendered":"Xerocomus"},"content":{"rendered":"\n<figure class=\"wp-block-pullquote has-small-font-size\"><blockquote><p>Hym\u00e9nium \u00e0 tubes longs, mous, facilement s\u00e9parable de la chair du chapeau. Chapeau sec. Pied cylindrique.<\/p><\/blockquote><\/figure>\n\n\n\n<div class=\"wp-block-media-text alignwide is-stacked-on-mobile is-vertically-aligned-center is-image-fill\" style=\"grid-template-columns:34% auto\"><figure class=\"wp-block-media-text__media\" style=\"background-image:url(https:\/\/campus.univ-lyon1.fr\/champignons\/files\/2023\/03\/DSC_3050-2-1024x683.jpg);background-position:58% 30%\"><img decoding=\"async\" loading=\"lazy\" width=\"1024\" height=\"683\" src=\"https:\/\/campus.univ-lyon1.fr\/champignons\/files\/2023\/03\/DSC_3050-2-1024x683.jpg\" alt=\"\" class=\"wp-image-2666 size-full\" srcset=\"https:\/\/campus.univ-lyon1.fr\/champignons\/files\/2023\/03\/DSC_3050-2-1024x683.jpg 1024w, https:\/\/campus.univ-lyon1.fr\/champignons\/files\/2023\/03\/DSC_3050-2-300x200.jpg 300w, https:\/\/campus.univ-lyon1.fr\/champignons\/files\/2023\/03\/DSC_3050-2-768x512.jpg 768w, https:\/\/campus.univ-lyon1.fr\/champignons\/files\/2023\/03\/DSC_3050-2-1536x1024.jpg 1536w, https:\/\/campus.univ-lyon1.fr\/champignons\/files\/2023\/03\/DSC_3050-2-2048x1365.jpg 2048w, https:\/\/campus.univ-lyon1.fr\/champignons\/files\/2023\/03\/DSC_3050-2-930x620.jpg 930w\" sizes=\"(max-width: 1024px) 100vw, 1024px\" \/><\/figure><div class=\"wp-block-media-text__content\">\n<h1 class=\"wp-block-heading has-text-align-left\"><a href=\"https:\/\/campus.univ-lyon1.fr\/champignons\/xerocomus-armeniacus\/\">Xerocomus armeniacus \/ Rheubarbariboletus armeniacus<\/a><\/h1>\n<\/div><\/div>\n\n\n\n<div style=\"height:15px\" aria-hidden=\"true\" class=\"wp-block-spacer\"><\/div>\n\n\n\n<div class=\"wp-block-media-text alignwide is-stacked-on-mobile is-vertically-aligned-center is-image-fill\" style=\"grid-template-columns:34% auto\"><figure class=\"wp-block-media-text__media\" style=\"background-image:url(https:\/\/campus.univ-lyon1.fr\/champignons\/files\/2023\/03\/Xerocomus_badiorufus_z1-1024x683.jpg);background-position:50% 50%\"><img decoding=\"async\" loading=\"lazy\" width=\"1024\" height=\"683\" src=\"https:\/\/campus.univ-lyon1.fr\/champignons\/files\/2023\/03\/Xerocomus_badiorufus_z1-1024x683.jpg\" alt=\"\" class=\"wp-image-2672 size-full\" srcset=\"https:\/\/campus.univ-lyon1.fr\/champignons\/files\/2023\/03\/Xerocomus_badiorufus_z1-1024x683.jpg 1024w, https:\/\/campus.univ-lyon1.fr\/champignons\/files\/2023\/03\/Xerocomus_badiorufus_z1-300x200.jpg 300w, https:\/\/campus.univ-lyon1.fr\/champignons\/files\/2023\/03\/Xerocomus_badiorufus_z1-768x512.jpg 768w, https:\/\/campus.univ-lyon1.fr\/champignons\/files\/2023\/03\/Xerocomus_badiorufus_z1-1536x1024.jpg 1536w, https:\/\/campus.univ-lyon1.fr\/champignons\/files\/2023\/03\/Xerocomus_badiorufus_z1-2048x1365.jpg 2048w, https:\/\/campus.univ-lyon1.fr\/champignons\/files\/2023\/03\/Xerocomus_badiorufus_z1-930x620.jpg 930w\" sizes=\"(max-width: 1024px) 100vw, 1024px\" \/><\/figure><div class=\"wp-block-media-text__content\">\n<h1 class=\"wp-block-heading has-text-align-left\"><a href=\"https:\/\/campus.univ-lyon1.fr\/champignons\/xerocomus-badiorufus\/\">Xerocomus badiorufus<\/a><\/h1>\n<\/div><\/div>\n\n\n\n<div style=\"height:15px\" aria-hidden=\"true\" class=\"wp-block-spacer\"><\/div>\n\n\n\n<div class=\"wp-block-media-text alignwide is-stacked-on-mobile is-vertically-aligned-center is-image-fill\" style=\"grid-template-columns:34% auto\"><figure class=\"wp-block-media-text__media\" style=\"background-image:url(https:\/\/campus.univ-lyon1.fr\/champignons\/files\/2023\/03\/DSC_2736-1024x683.jpg);background-position:73% 23%\"><img decoding=\"async\" loading=\"lazy\" width=\"1024\" height=\"683\" src=\"https:\/\/campus.univ-lyon1.fr\/champignons\/files\/2023\/03\/DSC_2736-1024x683.jpg\" alt=\"\" class=\"wp-image-2682 size-full\" srcset=\"https:\/\/campus.univ-lyon1.fr\/champignons\/files\/2023\/03\/DSC_2736-1024x683.jpg 1024w, https:\/\/campus.univ-lyon1.fr\/champignons\/files\/2023\/03\/DSC_2736-300x200.jpg 300w, https:\/\/campus.univ-lyon1.fr\/champignons\/files\/2023\/03\/DSC_2736-768x512.jpg 768w, https:\/\/campus.univ-lyon1.fr\/champignons\/files\/2023\/03\/DSC_2736-1536x1024.jpg 1536w, https:\/\/campus.univ-lyon1.fr\/champignons\/files\/2023\/03\/DSC_2736-2048x1365.jpg 2048w, https:\/\/campus.univ-lyon1.fr\/champignons\/files\/2023\/03\/DSC_2736-930x620.jpg 930w\" sizes=\"(max-width: 1024px) 100vw, 1024px\" \/><\/figure><div class=\"wp-block-media-text__content\">\n<h1 class=\"wp-block-heading has-text-align-left\"><a href=\"https:\/\/campus.univ-lyon1.fr\/champignons\/xerocomus-badius\/\">Xerocomus badius \/ Imleria badia<\/a><\/h1>\n<\/div><\/div>\n\n\n\n<div style=\"height:15px\" aria-hidden=\"true\" class=\"wp-block-spacer\"><\/div>\n\n\n\n<div class=\"wp-block-media-text alignwide is-stacked-on-mobile is-vertically-aligned-center is-image-fill\" style=\"grid-template-columns:34% auto\"><figure class=\"wp-block-media-text__media\" style=\"background-image:url(https:\/\/campus.univ-lyon1.fr\/champignons\/files\/2023\/03\/DSC_3830-1024x683.jpg);background-position:56% 30%\"><img decoding=\"async\" loading=\"lazy\" width=\"1024\" height=\"683\" src=\"https:\/\/campus.univ-lyon1.fr\/champignons\/files\/2023\/03\/DSC_3830-1024x683.jpg\" alt=\"\" class=\"wp-image-2688 size-full\" srcset=\"https:\/\/campus.univ-lyon1.fr\/champignons\/files\/2023\/03\/DSC_3830-1024x683.jpg 1024w, https:\/\/campus.univ-lyon1.fr\/champignons\/files\/2023\/03\/DSC_3830-300x200.jpg 300w, https:\/\/campus.univ-lyon1.fr\/champignons\/files\/2023\/03\/DSC_3830-768x512.jpg 768w, https:\/\/campus.univ-lyon1.fr\/champignons\/files\/2023\/03\/DSC_3830-1536x1024.jpg 1536w, https:\/\/campus.univ-lyon1.fr\/champignons\/files\/2023\/03\/DSC_3830-2048x1365.jpg 2048w, https:\/\/campus.univ-lyon1.fr\/champignons\/files\/2023\/03\/DSC_3830-930x620.jpg 930w\" sizes=\"(max-width: 1024px) 100vw, 1024px\" \/><\/figure><div class=\"wp-block-media-text__content\">\n<h1 class=\"wp-block-heading has-text-align-left\"><a href=\"https:\/\/campus.univ-lyon1.fr\/champignons\/xerocomus-chrysenteron\/\">Xerocomus chrysenteron \/ Xerocomellus chrysenteron<\/a><\/h1>\n<\/div><\/div>\n\n\n\n<div style=\"height:15px\" aria-hidden=\"true\" class=\"wp-block-spacer\"><\/div>\n\n\n\n<div class=\"wp-block-media-text alignwide is-stacked-on-mobile is-vertically-aligned-center is-image-fill\" style=\"grid-template-columns:34% auto\"><figure class=\"wp-block-media-text__media\" style=\"background-image:url(https:\/\/campus.univ-lyon1.fr\/champignons\/files\/2023\/12\/Xerocomus_parasiticus_z3-1024x683.jpg);background-position:84% 58%\"><img decoding=\"async\" loading=\"lazy\" width=\"1024\" height=\"683\" src=\"https:\/\/campus.univ-lyon1.fr\/champignons\/files\/2023\/12\/Xerocomus_parasiticus_z3-1024x683.jpg\" alt=\"\" class=\"wp-image-9424 size-full\" srcset=\"https:\/\/campus.univ-lyon1.fr\/champignons\/files\/2023\/12\/Xerocomus_parasiticus_z3-1024x683.jpg 1024w, https:\/\/campus.univ-lyon1.fr\/champignons\/files\/2023\/12\/Xerocomus_parasiticus_z3-300x200.jpg 300w, https:\/\/campus.univ-lyon1.fr\/champignons\/files\/2023\/12\/Xerocomus_parasiticus_z3-768x512.jpg 768w, https:\/\/campus.univ-lyon1.fr\/champignons\/files\/2023\/12\/Xerocomus_parasiticus_z3-1536x1024.jpg 1536w, https:\/\/campus.univ-lyon1.fr\/champignons\/files\/2023\/12\/Xerocomus_parasiticus_z3-2048x1365.jpg 2048w, https:\/\/campus.univ-lyon1.fr\/champignons\/files\/2023\/12\/Xerocomus_parasiticus_z3-930x620.jpg 930w\" sizes=\"(max-width: 1024px) 100vw, 1024px\" \/><\/figure><div class=\"wp-block-media-text__content\">\n<h1 class=\"wp-block-heading has-text-align-left\"><a href=\"https:\/\/campus.univ-lyon1.fr\/champignons\/base-de-donnees\/xerocomus-parasiticus-pseudoboletus-parasiticus\/\">Xerocomus parasiticus \/ Pseudoboletus parasiticus<\/a><\/h1>\n\n\n\n<p>(Pas de fiche d&rsquo;identification)<\/p>\n<\/div><\/div>\n\n\n\n<div style=\"height:15px\" aria-hidden=\"true\" class=\"wp-block-spacer\"><\/div>\n\n\n\n<div class=\"wp-block-media-text alignwide is-stacked-on-mobile is-vertically-aligned-center is-image-fill\" style=\"grid-template-columns:34% auto\"><figure class=\"wp-block-media-text__media\" style=\"background-image:url(https:\/\/campus.univ-lyon1.fr\/champignons\/files\/2023\/03\/DSC_2781-683x1024.jpg);background-position:61% 8%\"><img decoding=\"async\" loading=\"lazy\" width=\"683\" height=\"1024\" src=\"https:\/\/campus.univ-lyon1.fr\/champignons\/files\/2023\/03\/DSC_2781-683x1024.jpg\" alt=\"\" class=\"wp-image-2694 size-full\" srcset=\"https:\/\/campus.univ-lyon1.fr\/champignons\/files\/2023\/03\/DSC_2781-683x1024.jpg 683w, https:\/\/campus.univ-lyon1.fr\/champignons\/files\/2023\/03\/DSC_2781-200x300.jpg 200w, https:\/\/campus.univ-lyon1.fr\/champignons\/files\/2023\/03\/DSC_2781-768x1152.jpg 768w, https:\/\/campus.univ-lyon1.fr\/champignons\/files\/2023\/03\/DSC_2781-1024x1536.jpg 1024w, https:\/\/campus.univ-lyon1.fr\/champignons\/files\/2023\/03\/DSC_2781-1365x2048.jpg 1365w, https:\/\/campus.univ-lyon1.fr\/champignons\/files\/2023\/03\/DSC_2781.jpg 1417w\" sizes=\"(max-width: 683px) 100vw, 683px\" \/><\/figure><div class=\"wp-block-media-text__content\">\n<h1 class=\"wp-block-heading has-text-align-left\"><a href=\"https:\/\/campus.univ-lyon1.fr\/champignons\/xerocomus-porosporus\/\">Xerocomus porosporus \/ Xerocomellus porosporus<\/a><\/h1>\n<\/div><\/div>\n\n\n\n<div style=\"height:15px\" aria-hidden=\"true\" class=\"wp-block-spacer\"><\/div>\n\n\n\n<div class=\"wp-block-media-text alignwide is-stacked-on-mobile is-vertically-aligned-center is-image-fill\" style=\"grid-template-columns:34% auto\"><figure class=\"wp-block-media-text__media\" style=\"background-image:url(https:\/\/campus.univ-lyon1.fr\/champignons\/files\/2023\/12\/Xerocomus_roseoalbidus_z1-1024x680.jpg);background-position:50% 50%\"><img decoding=\"async\" loading=\"lazy\" width=\"1024\" height=\"680\" src=\"https:\/\/campus.univ-lyon1.fr\/champignons\/files\/2023\/12\/Xerocomus_roseoalbidus_z1-1024x680.jpg\" alt=\"\" class=\"wp-image-9432 size-full\" srcset=\"https:\/\/campus.univ-lyon1.fr\/champignons\/files\/2023\/12\/Xerocomus_roseoalbidus_z1-1024x680.jpg 1024w, https:\/\/campus.univ-lyon1.fr\/champignons\/files\/2023\/12\/Xerocomus_roseoalbidus_z1-300x199.jpg 300w, https:\/\/campus.univ-lyon1.fr\/champignons\/files\/2023\/12\/Xerocomus_roseoalbidus_z1-768x510.jpg 768w, https:\/\/campus.univ-lyon1.fr\/champignons\/files\/2023\/12\/Xerocomus_roseoalbidus_z1-1536x1020.jpg 1536w, https:\/\/campus.univ-lyon1.fr\/champignons\/files\/2023\/12\/Xerocomus_roseoalbidus_z1-2048x1360.jpg 2048w\" sizes=\"(max-width: 1024px) 100vw, 1024px\" \/><\/figure><div class=\"wp-block-media-text__content\">\n<h1 class=\"wp-block-heading has-text-align-left\"><a href=\"https:\/\/campus.univ-lyon1.fr\/champignons\/base-de-donnees\/xerocomus-roseoalbidus-pulchroboletus-roseoalbidus\/\">Xerocomus roseoalbidus \/ Pulchroboletus roseoalbidus<\/a><\/h1>\n\n\n\n<p>(Pas de fiche d&rsquo;identification)<\/p>\n<\/div><\/div>\n\n\n\n<div style=\"height:15px\" aria-hidden=\"true\" class=\"wp-block-spacer\"><\/div>\n\n\n\n<div class=\"wp-block-media-text alignwide is-stacked-on-mobile is-vertically-aligned-center is-image-fill\" style=\"grid-template-columns:34% auto\"><figure class=\"wp-block-media-text__media\" style=\"background-image:url(https:\/\/campus.univ-lyon1.fr\/champignons\/files\/2023\/03\/Xerocomus_rubellus_z3-1024x683.jpg);background-position:50% 50%\"><img decoding=\"async\" loading=\"lazy\" width=\"1024\" height=\"683\" src=\"https:\/\/campus.univ-lyon1.fr\/champignons\/files\/2023\/03\/Xerocomus_rubellus_z3-1024x683.jpg\" alt=\"\" class=\"wp-image-2701 size-full\" srcset=\"https:\/\/campus.univ-lyon1.fr\/champignons\/files\/2023\/03\/Xerocomus_rubellus_z3-1024x683.jpg 1024w, https:\/\/campus.univ-lyon1.fr\/champignons\/files\/2023\/03\/Xerocomus_rubellus_z3-300x200.jpg 300w, https:\/\/campus.univ-lyon1.fr\/champignons\/files\/2023\/03\/Xerocomus_rubellus_z3-768x512.jpg 768w, https:\/\/campus.univ-lyon1.fr\/champignons\/files\/2023\/03\/Xerocomus_rubellus_z3-1536x1024.jpg 1536w, https:\/\/campus.univ-lyon1.fr\/champignons\/files\/2023\/03\/Xerocomus_rubellus_z3-2048x1365.jpg 2048w, https:\/\/campus.univ-lyon1.fr\/champignons\/files\/2023\/03\/Xerocomus_rubellus_z3-930x620.jpg 930w\" sizes=\"(max-width: 1024px) 100vw, 1024px\" \/><\/figure><div class=\"wp-block-media-text__content\">\n<h1 class=\"wp-block-heading has-text-align-left\"><a href=\"https:\/\/campus.univ-lyon1.fr\/champignons\/xerocomus-rubellus\/\">Xerocomus rubellus \/ Hortiboletus rubellus<\/a><\/h1>\n<\/div><\/div>\n\n\n\n<div style=\"height:15px\" aria-hidden=\"true\" class=\"wp-block-spacer\"><\/div>\n\n\n\n<div class=\"wp-block-media-text alignwide is-stacked-on-mobile is-vertically-aligned-center is-image-fill\" style=\"grid-template-columns:34% auto\"><figure class=\"wp-block-media-text__media\" style=\"background-image:url(https:\/\/campus.univ-lyon1.fr\/champignons\/files\/2023\/03\/DSC_2778-683x1024.jpg);background-position:66% 2%\"><img decoding=\"async\" loading=\"lazy\" width=\"683\" height=\"1024\" src=\"https:\/\/campus.univ-lyon1.fr\/champignons\/files\/2023\/03\/DSC_2778-683x1024.jpg\" alt=\"\" class=\"wp-image-2709 size-full\" srcset=\"https:\/\/campus.univ-lyon1.fr\/champignons\/files\/2023\/03\/DSC_2778-683x1024.jpg 683w, https:\/\/campus.univ-lyon1.fr\/champignons\/files\/2023\/03\/DSC_2778-200x300.jpg 200w, https:\/\/campus.univ-lyon1.fr\/champignons\/files\/2023\/03\/DSC_2778-768x1152.jpg 768w, https:\/\/campus.univ-lyon1.fr\/champignons\/files\/2023\/03\/DSC_2778-1024x1536.jpg 1024w, https:\/\/campus.univ-lyon1.fr\/champignons\/files\/2023\/03\/DSC_2778-1365x2048.jpg 1365w, https:\/\/campus.univ-lyon1.fr\/champignons\/files\/2023\/03\/DSC_2778.jpg 1417w\" sizes=\"(max-width: 683px) 100vw, 683px\" \/><\/figure><div class=\"wp-block-media-text__content\">\n<h1 class=\"wp-block-heading has-text-align-left\"><a href=\"https:\/\/campus.univ-lyon1.fr\/champignons\/xerocomus-subtomentosus\/\">Xerocomus subtomentosus<\/a><\/h1>\n<\/div><\/div>\n\n\n\n<div style=\"height:15px\" aria-hidden=\"true\" class=\"wp-block-spacer\"><\/div>\n","protected":false},"excerpt":{"rendered":"<p>Hym\u00e9nium \u00e0 tubes longs, mous, facilement s\u00e9parable de la chair du chapeau. Chapeau sec. Pied cylindrique. Xerocomus armeniacus \/ Rheubarbariboletus armeniacus Xerocomus badiorufus Xerocomus badius \/ Imleria badia Xerocomus chrysenteron \/ Xerocomellus chrysenteron Xerocomus parasiticus \/ Pseudoboletus parasiticus (Pas de fiche d&rsquo;identification) Xerocomus porosporus \/ Xerocomellus porosporus Xerocomus roseoalbidus \/ Pulchroboletus roseoalbidus (Pas de fiche&hellip;&nbsp;<a href=\"https:\/\/campus.univ-lyon1.fr\/champignons\/genre\/xerocomus\/\" rel=\"bookmark\">Lire la suite &raquo;<span class=\"screen-reader-text\">Xerocomus<\/span><\/a><\/p>\n","protected":false},"author":2981,"featured_media":0,"parent":46,"menu_order":1,"comment_status":"closed","ping_status":"closed","template":"","meta":{"neve_meta_sidebar":"","neve_meta_container":"","neve_meta_enable_content_width":"","neve_meta_content_width":0,"neve_meta_title_alignment":"","neve_meta_author_avatar":"","neve_post_elements_order":"","neve_meta_disable_header":"","neve_meta_disable_footer":"","neve_meta_disable_title":""},"yoast_head":"<!-- This site is optimized with the Yoast SEO plugin v21.8.1 - https:\/\/yoast.com\/wordpress\/plugins\/seo\/ -->\n<title>Xerocomus - Champignons Lyon 1<\/title>\n<meta name=\"robots\" content=\"index, follow, max-snippet:-1, max-image-preview:large, max-video-preview:-1\" \/>\n<link rel=\"canonical\" href=\"https:\/\/campus.univ-lyon1.fr\/champignons\/genre\/xerocomus\/\" \/>\n<meta property=\"og:locale\" content=\"fr_FR\" \/>\n<meta property=\"og:type\" content=\"article\" \/>\n<meta property=\"og:title\" content=\"Xerocomus - Champignons Lyon 1\" \/>\n<meta property=\"og:description\" content=\"Hym\u00e9nium \u00e0 tubes longs, mous, facilement s\u00e9parable de la chair du chapeau. Chapeau sec. Pied cylindrique. Xerocomus armeniacus \/ Rheubarbariboletus armeniacus Xerocomus badiorufus Xerocomus badius \/ Imleria badia Xerocomus chrysenteron \/ Xerocomellus chrysenteron Xerocomus parasiticus \/ Pseudoboletus parasiticus (Pas de fiche d&rsquo;identification) Xerocomus porosporus \/ Xerocomellus porosporus Xerocomus roseoalbidus \/ Pulchroboletus roseoalbidus (Pas de fiche&hellip;&nbsp;Lire la suite &raquo;Xerocomus\" \/>\n<meta property=\"og:url\" content=\"https:\/\/campus.univ-lyon1.fr\/champignons\/genre\/xerocomus\/\" \/>\n<meta property=\"og:site_name\" content=\"Champignons Lyon 1\" \/>\n<meta property=\"article:modified_time\" content=\"2023-12-11T15:45:32+00:00\" \/>\n<meta property=\"og:image\" content=\"https:\/\/campus.univ-lyon1.fr\/champignons\/files\/2023\/03\/DSC_3050-2-1024x683.jpg\" \/>\n<meta name=\"twitter:card\" content=\"summary_large_image\" \/>\n<meta name=\"twitter:label1\" content=\"Dur\u00e9e de lecture estim\u00e9e\" \/>\n\t<meta name=\"twitter:data1\" content=\"3 minutes\" \/>\n<script type=\"application\/ld+json\" class=\"yoast-schema-graph\">{\"@context\":\"https:\/\/schema.org\",\"@graph\":[{\"@type\":\"WebPage\",\"@id\":\"https:\/\/campus.univ-lyon1.fr\/champignons\/genre\/xerocomus\/\",\"url\":\"https:\/\/campus.univ-lyon1.fr\/champignons\/genre\/xerocomus\/\",\"name\":\"Xerocomus - Champignons Lyon 1\",\"isPartOf\":{\"@id\":\"https:\/\/campus.univ-lyon1.fr\/champignons\/#website\"},\"datePublished\":\"2022-09-20T14:34:37+00:00\",\"dateModified\":\"2023-12-11T15:45:32+00:00\",\"breadcrumb\":{\"@id\":\"https:\/\/campus.univ-lyon1.fr\/champignons\/genre\/xerocomus\/#breadcrumb\"},\"inLanguage\":\"fr-FR\",\"potentialAction\":[{\"@type\":\"ReadAction\",\"target\":[\"https:\/\/campus.univ-lyon1.fr\/champignons\/genre\/xerocomus\/\"]}]},{\"@type\":\"BreadcrumbList\",\"@id\":\"https:\/\/campus.univ-lyon1.fr\/champignons\/genre\/xerocomus\/#breadcrumb\",\"itemListElement\":[{\"@type\":\"ListItem\",\"position\":1,\"name\":\"Accueil\",\"item\":\"https:\/\/campus.univ-lyon1.fr\/champignons\/\"},{\"@type\":\"ListItem\",\"position\":2,\"name\":\"Par genre\",\"item\":\"https:\/\/campus.univ-lyon1.fr\/champignons\/genre\/\"},{\"@type\":\"ListItem\",\"position\":3,\"name\":\"Xerocomus\"}]},{\"@type\":\"WebSite\",\"@id\":\"https:\/\/campus.univ-lyon1.fr\/champignons\/#website\",\"url\":\"https:\/\/campus.univ-lyon1.fr\/champignons\/\",\"name\":\"Champignons Lyon 1\",\"description\":\"Bienvenue sur le site de mycologie de la facult\u00e9 de Lyon !\",\"publisher\":{\"@id\":\"https:\/\/campus.univ-lyon1.fr\/champignons\/#organization\"},\"potentialAction\":[{\"@type\":\"SearchAction\",\"target\":{\"@type\":\"EntryPoint\",\"urlTemplate\":\"https:\/\/campus.univ-lyon1.fr\/champignons\/?s={search_term_string}\"},\"query-input\":\"required name=search_term_string\"}],\"inLanguage\":\"fr-FR\"},{\"@type\":\"Organization\",\"@id\":\"https:\/\/campus.univ-lyon1.fr\/champignons\/#organization\",\"name\":\"Champignons Lyon 1\",\"url\":\"https:\/\/campus.univ-lyon1.fr\/champignons\/\",\"logo\":{\"@type\":\"ImageObject\",\"inLanguage\":\"fr-FR\",\"@id\":\"https:\/\/campus.univ-lyon1.fr\/champignons\/#\/schema\/logo\/image\/\",\"url\":\"https:\/\/campus.univ-lyon1.fr\/champignons\/files\/2023\/10\/cropped-Sans-titre-1-1-1.png\",\"contentUrl\":\"https:\/\/campus.univ-lyon1.fr\/champignons\/files\/2023\/10\/cropped-Sans-titre-1-1-1.png\",\"width\":200,\"height\":181,\"caption\":\"Champignons Lyon 1\"},\"image\":{\"@id\":\"https:\/\/campus.univ-lyon1.fr\/champignons\/#\/schema\/logo\/image\/\"}}]}<\/script>\n<!-- \/ Yoast SEO plugin. -->","yoast_head_json":{"title":"Xerocomus - Champignons Lyon 1","robots":{"index":"index","follow":"follow","max-snippet":"max-snippet:-1","max-image-preview":"max-image-preview:large","max-video-preview":"max-video-preview:-1"},"canonical":"https:\/\/campus.univ-lyon1.fr\/champignons\/genre\/xerocomus\/","og_locale":"fr_FR","og_type":"article","og_title":"Xerocomus - Champignons Lyon 1","og_description":"Hym\u00e9nium \u00e0 tubes longs, mous, facilement s\u00e9parable de la chair du chapeau. Chapeau sec. Pied cylindrique. Xerocomus armeniacus \/ Rheubarbariboletus armeniacus Xerocomus badiorufus Xerocomus badius \/ Imleria badia Xerocomus chrysenteron \/ Xerocomellus chrysenteron Xerocomus parasiticus \/ Pseudoboletus parasiticus (Pas de fiche d&rsquo;identification) Xerocomus porosporus \/ Xerocomellus porosporus Xerocomus roseoalbidus \/ Pulchroboletus roseoalbidus (Pas de fiche&hellip;&nbsp;Lire la suite &raquo;Xerocomus","og_url":"https:\/\/campus.univ-lyon1.fr\/champignons\/genre\/xerocomus\/","og_site_name":"Champignons Lyon 1","article_modified_time":"2023-12-11T15:45:32+00:00","og_image":[{"url":"https:\/\/campus.univ-lyon1.fr\/champignons\/files\/2023\/03\/DSC_3050-2-1024x683.jpg"}],"twitter_card":"summary_large_image","twitter_misc":{"Dur\u00e9e de lecture estim\u00e9e":"3 minutes"},"schema":{"@context":"https:\/\/schema.org","@graph":[{"@type":"WebPage","@id":"https:\/\/campus.univ-lyon1.fr\/champignons\/genre\/xerocomus\/","url":"https:\/\/campus.univ-lyon1.fr\/champignons\/genre\/xerocomus\/","name":"Xerocomus - Champignons Lyon 1","isPartOf":{"@id":"https:\/\/campus.univ-lyon1.fr\/champignons\/#website"},"datePublished":"2022-09-20T14:34:37+00:00","dateModified":"2023-12-11T15:45:32+00:00","breadcrumb":{"@id":"https:\/\/campus.univ-lyon1.fr\/champignons\/genre\/xerocomus\/#breadcrumb"},"inLanguage":"fr-FR","potentialAction":[{"@type":"ReadAction","target":["https:\/\/campus.univ-lyon1.fr\/champignons\/genre\/xerocomus\/"]}]},{"@type":"BreadcrumbList","@id":"https:\/\/campus.univ-lyon1.fr\/champignons\/genre\/xerocomus\/#breadcrumb","itemListElement":[{"@type":"ListItem","position":1,"name":"Accueil","item":"https:\/\/campus.univ-lyon1.fr\/champignons\/"},{"@type":"ListItem","position":2,"name":"Par genre","item":"https:\/\/campus.univ-lyon1.fr\/champignons\/genre\/"},{"@type":"ListItem","position":3,"name":"Xerocomus"}]},{"@type":"WebSite","@id":"https:\/\/campus.univ-lyon1.fr\/champignons\/#website","url":"https:\/\/campus.univ-lyon1.fr\/champignons\/","name":"Champignons Lyon 1","description":"Bienvenue sur le site de mycologie de la facult\u00e9 de Lyon !","publisher":{"@id":"https:\/\/campus.univ-lyon1.fr\/champignons\/#organization"},"potentialAction":[{"@type":"SearchAction","target":{"@type":"EntryPoint","urlTemplate":"https:\/\/campus.univ-lyon1.fr\/champignons\/?s={search_term_string}"},"query-input":"required name=search_term_string"}],"inLanguage":"fr-FR"},{"@type":"Organization","@id":"https:\/\/campus.univ-lyon1.fr\/champignons\/#organization","name":"Champignons Lyon 1","url":"https:\/\/campus.univ-lyon1.fr\/champignons\/","logo":{"@type":"ImageObject","inLanguage":"fr-FR","@id":"https:\/\/campus.univ-lyon1.fr\/champignons\/#\/schema\/logo\/image\/","url":"https:\/\/campus.univ-lyon1.fr\/champignons\/files\/2023\/10\/cropped-Sans-titre-1-1-1.png","contentUrl":"https:\/\/campus.univ-lyon1.fr\/champignons\/files\/2023\/10\/cropped-Sans-titre-1-1-1.png","width":200,"height":181,"caption":"Champignons Lyon 1"},"image":{"@id":"https:\/\/campus.univ-lyon1.fr\/champignons\/#\/schema\/logo\/image\/"}}]}},"_links":{"self":[{"href":"https:\/\/campus.univ-lyon1.fr\/champignons\/wp-json\/wp\/v2\/pages\/193"}],"collection":[{"href":"https:\/\/campus.univ-lyon1.fr\/champignons\/wp-json\/wp\/v2\/pages"}],"about":[{"href":"https:\/\/campus.univ-lyon1.fr\/champignons\/wp-json\/wp\/v2\/types\/page"}],"author":[{"embeddable":true,"href":"https:\/\/campus.univ-lyon1.fr\/champignons\/wp-json\/wp\/v2\/users\/2981"}],"replies":[{"embeddable":true,"href":"https:\/\/campus.univ-lyon1.fr\/champignons\/wp-json\/wp\/v2\/comments?post=193"}],"version-history":[{"count":10,"href":"https:\/\/campus.univ-lyon1.fr\/champignons\/wp-json\/wp\/v2\/pages\/193\/revisions"}],"predecessor-version":[{"id":9439,"href":"https:\/\/campus.univ-lyon1.fr\/champignons\/wp-json\/wp\/v2\/pages\/193\/revisions\/9439"}],"up":[{"embeddable":true,"href":"https:\/\/campus.univ-lyon1.fr\/champignons\/wp-json\/wp\/v2\/pages\/46"}],"wp:attachment":[{"href":"https:\/\/campus.univ-lyon1.fr\/champignons\/wp-json\/wp\/v2\/media?parent=193"}],"curies":[{"name":"wp","href":"https:\/\/api.w.org\/{rel}","templated":true}]}}