{"id":163,"date":"2022-09-20T16:20:13","date_gmt":"2022-09-20T14:20:13","guid":{"rendered":"https:\/\/campus.univ-lyon1.fr\/champignons\/?page_id=163"},"modified":"2023-12-05T17:49:47","modified_gmt":"2023-12-05T16:49:47","slug":"macrolepiota","status":"publish","type":"page","link":"https:\/\/campus.univ-lyon1.fr\/champignons\/genre\/macrolepiota\/","title":{"rendered":"Macrolepiota"},"content":{"rendered":"\n<figure class=\"wp-block-pullquote has-small-font-size\"><blockquote><p>Chair fibreuse. Lames libres. Pied facilement s\u00e9parable du chapeau. Spor\u00e9e blanche. Pr\u00e9sence d&rsquo;un voile partiel.<\/p><\/blockquote><\/figure>\n\n\n\n<div class=\"wp-block-media-text alignwide is-stacked-on-mobile is-vertically-aligned-center is-image-fill\" style=\"grid-template-columns:34% auto\"><figure class=\"wp-block-media-text__media\" style=\"background-image:url(https:\/\/campus.univ-lyon1.fr\/champignons\/files\/2023\/11\/DSC_3581.jpg);background-position:52% 12%\"><img decoding=\"async\" loading=\"lazy\" width=\"2126\" height=\"1417\" src=\"https:\/\/campus.univ-lyon1.fr\/champignons\/files\/2023\/11\/DSC_3581.jpg\" alt=\"\" class=\"wp-image-7218 size-full\" \/><\/figure><div class=\"wp-block-media-text__content\">\n<h1 class=\"wp-block-heading has-text-align-left\"><a href=\"https:\/\/campus.univ-lyon1.fr\/champignons\/base-de-donnees\/macrolepiota-excoriata\/\">Macrolepiota excoriata<\/a><\/h1>\n\n\n\n<p>(Pas de fiche d&rsquo;identification)<\/p>\n<\/div><\/div>\n\n\n\n<div style=\"height:15px\" aria-hidden=\"true\" class=\"wp-block-spacer\"><\/div>\n\n\n\n<div class=\"wp-block-media-text alignwide is-stacked-on-mobile is-vertically-aligned-center is-image-fill\" style=\"grid-template-columns:34% auto\"><figure class=\"wp-block-media-text__media\" style=\"background-image:url(https:\/\/campus.univ-lyon1.fr\/champignons\/files\/2023\/12\/macrolepiota_gracilenta_z2-1024x683.jpg);background-position:50% 50%\"><img decoding=\"async\" loading=\"lazy\" width=\"1024\" height=\"683\" src=\"https:\/\/campus.univ-lyon1.fr\/champignons\/files\/2023\/12\/macrolepiota_gracilenta_z2-1024x683.jpg\" alt=\"\" class=\"wp-image-8051 size-full\" srcset=\"https:\/\/campus.univ-lyon1.fr\/champignons\/files\/2023\/12\/macrolepiota_gracilenta_z2-1024x683.jpg 1024w, https:\/\/campus.univ-lyon1.fr\/champignons\/files\/2023\/12\/macrolepiota_gracilenta_z2-300x200.jpg 300w, https:\/\/campus.univ-lyon1.fr\/champignons\/files\/2023\/12\/macrolepiota_gracilenta_z2-768x512.jpg 768w, https:\/\/campus.univ-lyon1.fr\/champignons\/files\/2023\/12\/macrolepiota_gracilenta_z2-1536x1024.jpg 1536w, https:\/\/campus.univ-lyon1.fr\/champignons\/files\/2023\/12\/macrolepiota_gracilenta_z2-2048x1365.jpg 2048w, https:\/\/campus.univ-lyon1.fr\/champignons\/files\/2023\/12\/macrolepiota_gracilenta_z2-930x620.jpg 930w\" sizes=\"(max-width: 1024px) 100vw, 1024px\" \/><\/figure><div class=\"wp-block-media-text__content\">\n<h1 class=\"wp-block-heading has-text-align-left\"><a href=\"https:\/\/campus.univ-lyon1.fr\/champignons\/base-de-donnees\/macrolepiota-gracilenta-macrolepiota-rickenii\/\">Macrolepiota gracilenta \/ Macrolepiota rickenii<\/a><\/h1>\n\n\n\n<p>(Pas de fiche d&rsquo;identification)<\/p>\n<\/div><\/div>\n\n\n\n<div style=\"height:15px\" aria-hidden=\"true\" class=\"wp-block-spacer\"><\/div>\n\n\n\n<div class=\"wp-block-media-text alignwide is-stacked-on-mobile is-vertically-aligned-center is-image-fill\" style=\"grid-template-columns:34% auto\"><figure class=\"wp-block-media-text__media\" style=\"background-image:url(https:\/\/campus.univ-lyon1.fr\/champignons\/files\/2023\/12\/Macrolepiota_konradii_z4-1024x683.jpg);background-position:50% 50%\"><img decoding=\"async\" loading=\"lazy\" width=\"1024\" height=\"683\" src=\"https:\/\/campus.univ-lyon1.fr\/champignons\/files\/2023\/12\/Macrolepiota_konradii_z4-1024x683.jpg\" alt=\"\" class=\"wp-image-8056 size-full\" srcset=\"https:\/\/campus.univ-lyon1.fr\/champignons\/files\/2023\/12\/Macrolepiota_konradii_z4-1024x683.jpg 1024w, https:\/\/campus.univ-lyon1.fr\/champignons\/files\/2023\/12\/Macrolepiota_konradii_z4-300x200.jpg 300w, https:\/\/campus.univ-lyon1.fr\/champignons\/files\/2023\/12\/Macrolepiota_konradii_z4-768x512.jpg 768w, https:\/\/campus.univ-lyon1.fr\/champignons\/files\/2023\/12\/Macrolepiota_konradii_z4-1536x1024.jpg 1536w, https:\/\/campus.univ-lyon1.fr\/champignons\/files\/2023\/12\/Macrolepiota_konradii_z4-2048x1365.jpg 2048w, https:\/\/campus.univ-lyon1.fr\/champignons\/files\/2023\/12\/Macrolepiota_konradii_z4-930x620.jpg 930w\" sizes=\"(max-width: 1024px) 100vw, 1024px\" \/><\/figure><div class=\"wp-block-media-text__content\">\n<h1 class=\"wp-block-heading has-text-align-left\"><a href=\"https:\/\/campus.univ-lyon1.fr\/champignons\/base-de-donnees\/macrolepiota-konradii\/\">Macrolepiota konradii<\/a><\/h1>\n\n\n\n<p>(Pas de fiche d&rsquo;identification)<\/p>\n<\/div><\/div>\n\n\n\n<div style=\"height:15px\" aria-hidden=\"true\" class=\"wp-block-spacer\"><\/div>\n\n\n\n<div class=\"wp-block-media-text alignwide is-stacked-on-mobile is-vertically-aligned-center is-image-fill\" style=\"grid-template-columns:34% auto\"><figure class=\"wp-block-media-text__media\" style=\"background-image:url(https:\/\/campus.univ-lyon1.fr\/champignons\/files\/2023\/03\/Macrolepiota_mastoidea_z7-1024x683.jpg);background-position:50% 50%\"><img decoding=\"async\" loading=\"lazy\" width=\"1024\" height=\"683\" src=\"https:\/\/campus.univ-lyon1.fr\/champignons\/files\/2023\/03\/Macrolepiota_mastoidea_z7-1024x683.jpg\" alt=\"\" class=\"wp-image-2360 size-full\" srcset=\"https:\/\/campus.univ-lyon1.fr\/champignons\/files\/2023\/03\/Macrolepiota_mastoidea_z7-1024x683.jpg 1024w, https:\/\/campus.univ-lyon1.fr\/champignons\/files\/2023\/03\/Macrolepiota_mastoidea_z7-300x200.jpg 300w, https:\/\/campus.univ-lyon1.fr\/champignons\/files\/2023\/03\/Macrolepiota_mastoidea_z7-768x512.jpg 768w, https:\/\/campus.univ-lyon1.fr\/champignons\/files\/2023\/03\/Macrolepiota_mastoidea_z7-1536x1024.jpg 1536w, https:\/\/campus.univ-lyon1.fr\/champignons\/files\/2023\/03\/Macrolepiota_mastoidea_z7-2048x1365.jpg 2048w, https:\/\/campus.univ-lyon1.fr\/champignons\/files\/2023\/03\/Macrolepiota_mastoidea_z7-930x620.jpg 930w\" sizes=\"(max-width: 1024px) 100vw, 1024px\" \/><\/figure><div class=\"wp-block-media-text__content\">\n<h1 class=\"wp-block-heading has-text-align-left\"><a href=\"https:\/\/campus.univ-lyon1.fr\/champignons\/macrolepiota-mastoida\/\">Macrolepiota mastoidea<\/a><\/h1>\n<\/div><\/div>\n\n\n\n<div style=\"height:15px\" aria-hidden=\"true\" class=\"wp-block-spacer\"><\/div>\n\n\n\n<div class=\"wp-block-media-text alignwide is-stacked-on-mobile is-vertically-aligned-center is-image-fill\" style=\"grid-template-columns:34% auto\"><figure class=\"wp-block-media-text__media\" style=\"background-image:url(https:\/\/campus.univ-lyon1.fr\/champignons\/files\/2023\/12\/DSC_2904-2-e1701794964135-1024x1017.jpg);background-position:50% 50%\"><img decoding=\"async\" loading=\"lazy\" width=\"1024\" height=\"1017\" src=\"https:\/\/campus.univ-lyon1.fr\/champignons\/files\/2023\/12\/DSC_2904-2-e1701794964135-1024x1017.jpg\" alt=\"\" class=\"wp-image-8067 size-full\" srcset=\"https:\/\/campus.univ-lyon1.fr\/champignons\/files\/2023\/12\/DSC_2904-2-e1701794964135-1024x1017.jpg 1024w, https:\/\/campus.univ-lyon1.fr\/champignons\/files\/2023\/12\/DSC_2904-2-e1701794964135-150x150.jpg 150w, https:\/\/campus.univ-lyon1.fr\/champignons\/files\/2023\/12\/DSC_2904-2-e1701794964135-300x298.jpg 300w, https:\/\/campus.univ-lyon1.fr\/champignons\/files\/2023\/12\/DSC_2904-2-e1701794964135-768x763.jpg 768w, https:\/\/campus.univ-lyon1.fr\/champignons\/files\/2023\/12\/DSC_2904-2-e1701794964135.jpg 1417w\" sizes=\"(max-width: 1024px) 100vw, 1024px\" \/><\/figure><div class=\"wp-block-media-text__content\">\n<h1 class=\"wp-block-heading has-text-align-left\"><a href=\"https:\/\/campus.univ-lyon1.fr\/champignons\/base-de-donnees\/macrolepiota-permixta\/\">Macrolepiota permixta<\/a><\/h1>\n\n\n\n<p>(Pas de fiche d&rsquo;identification)<\/p>\n<\/div><\/div>\n\n\n\n<div style=\"height:15px\" aria-hidden=\"true\" class=\"wp-block-spacer\"><\/div>\n\n\n\n<div class=\"wp-block-media-text alignwide is-stacked-on-mobile is-vertically-aligned-center is-image-fill\" style=\"grid-template-columns:34% auto\"><figure class=\"wp-block-media-text__media\" style=\"background-image:url(https:\/\/campus.univ-lyon1.fr\/champignons\/files\/2023\/03\/DSC_4037-1024x683.jpg);background-position:50% 50%\"><img decoding=\"async\" loading=\"lazy\" width=\"1024\" height=\"683\" src=\"https:\/\/campus.univ-lyon1.fr\/champignons\/files\/2023\/03\/DSC_4037-1024x683.jpg\" alt=\"\" class=\"wp-image-2370 size-full\" srcset=\"https:\/\/campus.univ-lyon1.fr\/champignons\/files\/2023\/03\/DSC_4037-1024x683.jpg 1024w, https:\/\/campus.univ-lyon1.fr\/champignons\/files\/2023\/03\/DSC_4037-300x200.jpg 300w, https:\/\/campus.univ-lyon1.fr\/champignons\/files\/2023\/03\/DSC_4037-768x512.jpg 768w, https:\/\/campus.univ-lyon1.fr\/champignons\/files\/2023\/03\/DSC_4037-1536x1024.jpg 1536w, https:\/\/campus.univ-lyon1.fr\/champignons\/files\/2023\/03\/DSC_4037-2048x1365.jpg 2048w, https:\/\/campus.univ-lyon1.fr\/champignons\/files\/2023\/03\/DSC_4037-930x620.jpg 930w\" sizes=\"(max-width: 1024px) 100vw, 1024px\" \/><\/figure><div class=\"wp-block-media-text__content\">\n<h1 class=\"wp-block-heading has-text-align-left\"><a href=\"https:\/\/campus.univ-lyon1.fr\/champignons\/macrolepiota-procera\/\">Macrolepiota procera<\/a><\/h1>\n<\/div><\/div>\n\n\n\n<div style=\"height:15px\" aria-hidden=\"true\" class=\"wp-block-spacer\"><\/div>\n\n\n\n<div class=\"wp-block-media-text alignwide is-stacked-on-mobile is-vertically-aligned-center is-image-fill\" style=\"grid-template-columns:34% auto\"><figure class=\"wp-block-media-text__media\" style=\"background-image:url(https:\/\/campus.univ-lyon1.fr\/champignons\/files\/2023\/03\/Macrolepiota_rhacodes_z1-1024x683.jpg);background-position:58% 38%\"><img decoding=\"async\" loading=\"lazy\" width=\"1024\" height=\"683\" src=\"https:\/\/campus.univ-lyon1.fr\/champignons\/files\/2023\/03\/Macrolepiota_rhacodes_z1-1024x683.jpg\" alt=\"\" class=\"wp-image-2402 size-full\" srcset=\"https:\/\/campus.univ-lyon1.fr\/champignons\/files\/2023\/03\/Macrolepiota_rhacodes_z1-1024x683.jpg 1024w, https:\/\/campus.univ-lyon1.fr\/champignons\/files\/2023\/03\/Macrolepiota_rhacodes_z1-300x200.jpg 300w, https:\/\/campus.univ-lyon1.fr\/champignons\/files\/2023\/03\/Macrolepiota_rhacodes_z1-768x512.jpg 768w, https:\/\/campus.univ-lyon1.fr\/champignons\/files\/2023\/03\/Macrolepiota_rhacodes_z1-1536x1024.jpg 1536w, https:\/\/campus.univ-lyon1.fr\/champignons\/files\/2023\/03\/Macrolepiota_rhacodes_z1-2048x1365.jpg 2048w, https:\/\/campus.univ-lyon1.fr\/champignons\/files\/2023\/03\/Macrolepiota_rhacodes_z1-930x620.jpg 930w\" sizes=\"(max-width: 1024px) 100vw, 1024px\" \/><\/figure><div class=\"wp-block-media-text__content\">\n<h1 class=\"wp-block-heading has-text-align-left\"><a href=\"https:\/\/campus.univ-lyon1.fr\/champignons\/macrolepiota-rhacodes\/\">Macrolepiota rhacodes \/ Chlorophyllum rhacodes<\/a><\/h1>\n<\/div><\/div>\n\n\n\n<div style=\"height:15px\" aria-hidden=\"true\" class=\"wp-block-spacer\"><\/div>\n","protected":false},"excerpt":{"rendered":"<p>Chair fibreuse. Lames libres. Pied facilement s\u00e9parable du chapeau. Spor\u00e9e blanche. Pr\u00e9sence d&rsquo;un voile partiel. Macrolepiota excoriata (Pas de fiche d&rsquo;identification) Macrolepiota gracilenta \/ Macrolepiota rickenii (Pas de fiche d&rsquo;identification) Macrolepiota konradii (Pas de fiche d&rsquo;identification) Macrolepiota mastoidea Macrolepiota permixta (Pas de fiche d&rsquo;identification) Macrolepiota procera Macrolepiota rhacodes \/ Chlorophyllum rhacodes<\/p>\n","protected":false},"author":2981,"featured_media":0,"parent":46,"menu_order":1,"comment_status":"closed","ping_status":"closed","template":"","meta":{"neve_meta_sidebar":"","neve_meta_container":"","neve_meta_enable_content_width":"","neve_meta_content_width":0,"neve_meta_title_alignment":"","neve_meta_author_avatar":"","neve_post_elements_order":"","neve_meta_disable_header":"","neve_meta_disable_footer":"","neve_meta_disable_title":""},"yoast_head":"<!-- This site is optimized with the Yoast SEO plugin v21.8.1 - https:\/\/yoast.com\/wordpress\/plugins\/seo\/ -->\n<title>Macrolepiota - Champignons Lyon 1<\/title>\n<meta name=\"robots\" content=\"index, follow, max-snippet:-1, max-image-preview:large, max-video-preview:-1\" \/>\n<link rel=\"canonical\" href=\"https:\/\/campus.univ-lyon1.fr\/champignons\/genre\/macrolepiota\/\" \/>\n<meta property=\"og:locale\" content=\"fr_FR\" \/>\n<meta property=\"og:type\" content=\"article\" \/>\n<meta property=\"og:title\" content=\"Macrolepiota - Champignons Lyon 1\" \/>\n<meta property=\"og:description\" content=\"Chair fibreuse. Lames libres. Pied facilement s\u00e9parable du chapeau. Spor\u00e9e blanche. Pr\u00e9sence d&rsquo;un voile partiel. Macrolepiota excoriata (Pas de fiche d&rsquo;identification) Macrolepiota gracilenta \/ Macrolepiota rickenii (Pas de fiche d&rsquo;identification) Macrolepiota konradii (Pas de fiche d&rsquo;identification) Macrolepiota mastoidea Macrolepiota permixta (Pas de fiche d&rsquo;identification) Macrolepiota procera Macrolepiota rhacodes \/ Chlorophyllum rhacodes\" \/>\n<meta property=\"og:url\" content=\"https:\/\/campus.univ-lyon1.fr\/champignons\/genre\/macrolepiota\/\" \/>\n<meta property=\"og:site_name\" content=\"Champignons Lyon 1\" \/>\n<meta property=\"article:modified_time\" content=\"2023-12-05T16:49:47+00:00\" \/>\n<meta property=\"og:image\" content=\"https:\/\/campus.univ-lyon1.fr\/champignons\/files\/2023\/11\/DSC_3581.jpg\" \/>\n<meta name=\"twitter:card\" content=\"summary_large_image\" \/>\n<meta name=\"twitter:label1\" content=\"Dur\u00e9e de lecture estim\u00e9e\" \/>\n\t<meta name=\"twitter:data1\" content=\"2 minutes\" \/>\n<script type=\"application\/ld+json\" class=\"yoast-schema-graph\">{\"@context\":\"https:\/\/schema.org\",\"@graph\":[{\"@type\":\"WebPage\",\"@id\":\"https:\/\/campus.univ-lyon1.fr\/champignons\/genre\/macrolepiota\/\",\"url\":\"https:\/\/campus.univ-lyon1.fr\/champignons\/genre\/macrolepiota\/\",\"name\":\"Macrolepiota - Champignons Lyon 1\",\"isPartOf\":{\"@id\":\"https:\/\/campus.univ-lyon1.fr\/champignons\/#website\"},\"datePublished\":\"2022-09-20T14:20:13+00:00\",\"dateModified\":\"2023-12-05T16:49:47+00:00\",\"breadcrumb\":{\"@id\":\"https:\/\/campus.univ-lyon1.fr\/champignons\/genre\/macrolepiota\/#breadcrumb\"},\"inLanguage\":\"fr-FR\",\"potentialAction\":[{\"@type\":\"ReadAction\",\"target\":[\"https:\/\/campus.univ-lyon1.fr\/champignons\/genre\/macrolepiota\/\"]}]},{\"@type\":\"BreadcrumbList\",\"@id\":\"https:\/\/campus.univ-lyon1.fr\/champignons\/genre\/macrolepiota\/#breadcrumb\",\"itemListElement\":[{\"@type\":\"ListItem\",\"position\":1,\"name\":\"Accueil\",\"item\":\"https:\/\/campus.univ-lyon1.fr\/champignons\/\"},{\"@type\":\"ListItem\",\"position\":2,\"name\":\"Par genre\",\"item\":\"https:\/\/campus.univ-lyon1.fr\/champignons\/genre\/\"},{\"@type\":\"ListItem\",\"position\":3,\"name\":\"Macrolepiota\"}]},{\"@type\":\"WebSite\",\"@id\":\"https:\/\/campus.univ-lyon1.fr\/champignons\/#website\",\"url\":\"https:\/\/campus.univ-lyon1.fr\/champignons\/\",\"name\":\"Champignons Lyon 1\",\"description\":\"Bienvenue sur le site de mycologie de la facult\u00e9 de Lyon !\",\"publisher\":{\"@id\":\"https:\/\/campus.univ-lyon1.fr\/champignons\/#organization\"},\"potentialAction\":[{\"@type\":\"SearchAction\",\"target\":{\"@type\":\"EntryPoint\",\"urlTemplate\":\"https:\/\/campus.univ-lyon1.fr\/champignons\/?s={search_term_string}\"},\"query-input\":\"required name=search_term_string\"}],\"inLanguage\":\"fr-FR\"},{\"@type\":\"Organization\",\"@id\":\"https:\/\/campus.univ-lyon1.fr\/champignons\/#organization\",\"name\":\"Champignons Lyon 1\",\"url\":\"https:\/\/campus.univ-lyon1.fr\/champignons\/\",\"logo\":{\"@type\":\"ImageObject\",\"inLanguage\":\"fr-FR\",\"@id\":\"https:\/\/campus.univ-lyon1.fr\/champignons\/#\/schema\/logo\/image\/\",\"url\":\"https:\/\/campus.univ-lyon1.fr\/champignons\/files\/2023\/10\/cropped-Sans-titre-1-1-1.png\",\"contentUrl\":\"https:\/\/campus.univ-lyon1.fr\/champignons\/files\/2023\/10\/cropped-Sans-titre-1-1-1.png\",\"width\":200,\"height\":181,\"caption\":\"Champignons Lyon 1\"},\"image\":{\"@id\":\"https:\/\/campus.univ-lyon1.fr\/champignons\/#\/schema\/logo\/image\/\"}}]}<\/script>\n<!-- \/ Yoast SEO plugin. -->","yoast_head_json":{"title":"Macrolepiota - Champignons Lyon 1","robots":{"index":"index","follow":"follow","max-snippet":"max-snippet:-1","max-image-preview":"max-image-preview:large","max-video-preview":"max-video-preview:-1"},"canonical":"https:\/\/campus.univ-lyon1.fr\/champignons\/genre\/macrolepiota\/","og_locale":"fr_FR","og_type":"article","og_title":"Macrolepiota - Champignons Lyon 1","og_description":"Chair fibreuse. Lames libres. Pied facilement s\u00e9parable du chapeau. Spor\u00e9e blanche. Pr\u00e9sence d&rsquo;un voile partiel. Macrolepiota excoriata (Pas de fiche d&rsquo;identification) Macrolepiota gracilenta \/ Macrolepiota rickenii (Pas de fiche d&rsquo;identification) Macrolepiota konradii (Pas de fiche d&rsquo;identification) Macrolepiota mastoidea Macrolepiota permixta (Pas de fiche d&rsquo;identification) Macrolepiota procera Macrolepiota rhacodes \/ Chlorophyllum rhacodes","og_url":"https:\/\/campus.univ-lyon1.fr\/champignons\/genre\/macrolepiota\/","og_site_name":"Champignons Lyon 1","article_modified_time":"2023-12-05T16:49:47+00:00","og_image":[{"url":"https:\/\/campus.univ-lyon1.fr\/champignons\/files\/2023\/11\/DSC_3581.jpg"}],"twitter_card":"summary_large_image","twitter_misc":{"Dur\u00e9e de lecture estim\u00e9e":"2 minutes"},"schema":{"@context":"https:\/\/schema.org","@graph":[{"@type":"WebPage","@id":"https:\/\/campus.univ-lyon1.fr\/champignons\/genre\/macrolepiota\/","url":"https:\/\/campus.univ-lyon1.fr\/champignons\/genre\/macrolepiota\/","name":"Macrolepiota - Champignons Lyon 1","isPartOf":{"@id":"https:\/\/campus.univ-lyon1.fr\/champignons\/#website"},"datePublished":"2022-09-20T14:20:13+00:00","dateModified":"2023-12-05T16:49:47+00:00","breadcrumb":{"@id":"https:\/\/campus.univ-lyon1.fr\/champignons\/genre\/macrolepiota\/#breadcrumb"},"inLanguage":"fr-FR","potentialAction":[{"@type":"ReadAction","target":["https:\/\/campus.univ-lyon1.fr\/champignons\/genre\/macrolepiota\/"]}]},{"@type":"BreadcrumbList","@id":"https:\/\/campus.univ-lyon1.fr\/champignons\/genre\/macrolepiota\/#breadcrumb","itemListElement":[{"@type":"ListItem","position":1,"name":"Accueil","item":"https:\/\/campus.univ-lyon1.fr\/champignons\/"},{"@type":"ListItem","position":2,"name":"Par genre","item":"https:\/\/campus.univ-lyon1.fr\/champignons\/genre\/"},{"@type":"ListItem","position":3,"name":"Macrolepiota"}]},{"@type":"WebSite","@id":"https:\/\/campus.univ-lyon1.fr\/champignons\/#website","url":"https:\/\/campus.univ-lyon1.fr\/champignons\/","name":"Champignons Lyon 1","description":"Bienvenue sur le site de mycologie de la facult\u00e9 de Lyon !","publisher":{"@id":"https:\/\/campus.univ-lyon1.fr\/champignons\/#organization"},"potentialAction":[{"@type":"SearchAction","target":{"@type":"EntryPoint","urlTemplate":"https:\/\/campus.univ-lyon1.fr\/champignons\/?s={search_term_string}"},"query-input":"required name=search_term_string"}],"inLanguage":"fr-FR"},{"@type":"Organization","@id":"https:\/\/campus.univ-lyon1.fr\/champignons\/#organization","name":"Champignons Lyon 1","url":"https:\/\/campus.univ-lyon1.fr\/champignons\/","logo":{"@type":"ImageObject","inLanguage":"fr-FR","@id":"https:\/\/campus.univ-lyon1.fr\/champignons\/#\/schema\/logo\/image\/","url":"https:\/\/campus.univ-lyon1.fr\/champignons\/files\/2023\/10\/cropped-Sans-titre-1-1-1.png","contentUrl":"https:\/\/campus.univ-lyon1.fr\/champignons\/files\/2023\/10\/cropped-Sans-titre-1-1-1.png","width":200,"height":181,"caption":"Champignons Lyon 1"},"image":{"@id":"https:\/\/campus.univ-lyon1.fr\/champignons\/#\/schema\/logo\/image\/"}}]}},"_links":{"self":[{"href":"https:\/\/campus.univ-lyon1.fr\/champignons\/wp-json\/wp\/v2\/pages\/163"}],"collection":[{"href":"https:\/\/campus.univ-lyon1.fr\/champignons\/wp-json\/wp\/v2\/pages"}],"about":[{"href":"https:\/\/campus.univ-lyon1.fr\/champignons\/wp-json\/wp\/v2\/types\/page"}],"author":[{"embeddable":true,"href":"https:\/\/campus.univ-lyon1.fr\/champignons\/wp-json\/wp\/v2\/users\/2981"}],"replies":[{"embeddable":true,"href":"https:\/\/campus.univ-lyon1.fr\/champignons\/wp-json\/wp\/v2\/comments?post=163"}],"version-history":[{"count":9,"href":"https:\/\/campus.univ-lyon1.fr\/champignons\/wp-json\/wp\/v2\/pages\/163\/revisions"}],"predecessor-version":[{"id":8083,"href":"https:\/\/campus.univ-lyon1.fr\/champignons\/wp-json\/wp\/v2\/pages\/163\/revisions\/8083"}],"up":[{"embeddable":true,"href":"https:\/\/campus.univ-lyon1.fr\/champignons\/wp-json\/wp\/v2\/pages\/46"}],"wp:attachment":[{"href":"https:\/\/campus.univ-lyon1.fr\/champignons\/wp-json\/wp\/v2\/media?parent=163"}],"curies":[{"name":"wp","href":"https:\/\/api.w.org\/{rel}","templated":true}]}}