{"id":153,"date":"2022-09-20T16:14:59","date_gmt":"2022-09-20T14:14:59","guid":{"rendered":"https:\/\/campus.univ-lyon1.fr\/champignons\/?page_id=153"},"modified":"2023-12-12T12:04:17","modified_gmt":"2023-12-12T11:04:17","slug":"leccinum","status":"publish","type":"page","link":"https:\/\/campus.univ-lyon1.fr\/champignons\/genre\/leccinum\/","title":{"rendered":"Leccinum"},"content":{"rendered":"\n<figure class=\"wp-block-pullquote has-small-font-size\"><blockquote><p>Hym\u00e9nium \u00e0 tubes longs, mous, facilement s\u00e9parable de la chair du chapeau. Pied \u00e9lanc\u00e9, fibreux, couvert de&nbsp;m\u00e9chules.<\/p><\/blockquote><\/figure>\n\n\n\n<div class=\"wp-block-media-text alignwide is-stacked-on-mobile is-vertically-aligned-center is-image-fill\" style=\"grid-template-columns:34% auto\"><figure class=\"wp-block-media-text__media\" style=\"background-image:url(https:\/\/campus.univ-lyon1.fr\/champignons\/files\/2023\/02\/DSC_3726-2-1024x683.jpg);background-position:29% 46%\"><img decoding=\"async\" loading=\"lazy\" width=\"1024\" height=\"683\" src=\"https:\/\/campus.univ-lyon1.fr\/champignons\/files\/2023\/02\/DSC_3726-2-1024x683.jpg\" alt=\"\" class=\"wp-image-2187 size-full\" srcset=\"https:\/\/campus.univ-lyon1.fr\/champignons\/files\/2023\/02\/DSC_3726-2-1024x683.jpg 1024w, https:\/\/campus.univ-lyon1.fr\/champignons\/files\/2023\/02\/DSC_3726-2-300x200.jpg 300w, https:\/\/campus.univ-lyon1.fr\/champignons\/files\/2023\/02\/DSC_3726-2-768x512.jpg 768w, https:\/\/campus.univ-lyon1.fr\/champignons\/files\/2023\/02\/DSC_3726-2-1536x1024.jpg 1536w, https:\/\/campus.univ-lyon1.fr\/champignons\/files\/2023\/02\/DSC_3726-2-2048x1365.jpg 2048w, https:\/\/campus.univ-lyon1.fr\/champignons\/files\/2023\/02\/DSC_3726-2-930x620.jpg 930w\" sizes=\"(max-width: 1024px) 100vw, 1024px\" \/><\/figure><div class=\"wp-block-media-text__content\">\n<h1 class=\"wp-block-heading has-text-align-left\"><a href=\"https:\/\/campus.univ-lyon1.fr\/champignons\/leccinum-aurantiacum\/\">Leccinum aurantiacum \/ quercinum<\/a><\/h1>\n<\/div><\/div>\n\n\n\n<div style=\"height:15px\" aria-hidden=\"true\" class=\"wp-block-spacer\"><\/div>\n\n\n\n<div class=\"wp-block-media-text alignwide is-stacked-on-mobile is-vertically-aligned-center is-image-fill\" style=\"grid-template-columns:34% auto\"><figure class=\"wp-block-media-text__media\" style=\"background-image:url(https:\/\/campus.univ-lyon1.fr\/champignons\/files\/2023\/02\/DSC_4157-1024x683.jpg);background-position:50% 50%\"><img decoding=\"async\" loading=\"lazy\" width=\"1024\" height=\"683\" src=\"https:\/\/campus.univ-lyon1.fr\/champignons\/files\/2023\/02\/DSC_4157-1024x683.jpg\" alt=\"\" class=\"wp-image-2211 size-full\" srcset=\"https:\/\/campus.univ-lyon1.fr\/champignons\/files\/2023\/02\/DSC_4157-1024x683.jpg 1024w, https:\/\/campus.univ-lyon1.fr\/champignons\/files\/2023\/02\/DSC_4157-300x200.jpg 300w, https:\/\/campus.univ-lyon1.fr\/champignons\/files\/2023\/02\/DSC_4157-768x512.jpg 768w, https:\/\/campus.univ-lyon1.fr\/champignons\/files\/2023\/02\/DSC_4157-1536x1024.jpg 1536w, https:\/\/campus.univ-lyon1.fr\/champignons\/files\/2023\/02\/DSC_4157-2048x1365.jpg 2048w, https:\/\/campus.univ-lyon1.fr\/champignons\/files\/2023\/02\/DSC_4157-930x620.jpg 930w\" sizes=\"(max-width: 1024px) 100vw, 1024px\" \/><\/figure><div class=\"wp-block-media-text__content\">\n<h1 class=\"wp-block-heading has-text-align-left\"><a href=\"https:\/\/campus.univ-lyon1.fr\/champignons\/leccinum-brunneogriseolum\/\">Leccinum brunneogriseolum<\/a><\/h1>\n<\/div><\/div>\n\n\n\n<div style=\"height:15px\" aria-hidden=\"true\" class=\"wp-block-spacer\"><\/div>\n\n\n\n<div class=\"wp-block-media-text alignwide is-stacked-on-mobile is-vertically-aligned-center is-image-fill\" style=\"grid-template-columns:34% auto\"><figure class=\"wp-block-media-text__media\" style=\"background-image:url(https:\/\/campus.univ-lyon1.fr\/champignons\/files\/2023\/02\/DSC_4208-1024x683.jpg);background-position:55% 23%\"><img decoding=\"async\" loading=\"lazy\" width=\"1024\" height=\"683\" src=\"https:\/\/campus.univ-lyon1.fr\/champignons\/files\/2023\/02\/DSC_4208-1024x683.jpg\" alt=\"\" class=\"wp-image-2219 size-full\" srcset=\"https:\/\/campus.univ-lyon1.fr\/champignons\/files\/2023\/02\/DSC_4208-1024x683.jpg 1024w, https:\/\/campus.univ-lyon1.fr\/champignons\/files\/2023\/02\/DSC_4208-300x200.jpg 300w, https:\/\/campus.univ-lyon1.fr\/champignons\/files\/2023\/02\/DSC_4208-768x512.jpg 768w, https:\/\/campus.univ-lyon1.fr\/champignons\/files\/2023\/02\/DSC_4208-1536x1024.jpg 1536w, https:\/\/campus.univ-lyon1.fr\/champignons\/files\/2023\/02\/DSC_4208-2048x1365.jpg 2048w, https:\/\/campus.univ-lyon1.fr\/champignons\/files\/2023\/02\/DSC_4208-930x620.jpg 930w\" sizes=\"(max-width: 1024px) 100vw, 1024px\" \/><\/figure><div class=\"wp-block-media-text__content\">\n<h1 class=\"wp-block-heading has-text-align-left\"><a href=\"https:\/\/campus.univ-lyon1.fr\/champignons\/leccinum-carpini\/\">Leccinum carpini \/ Leccinellum pseudoscabrum<\/a><\/h1>\n<\/div><\/div>\n\n\n\n<div style=\"height:15px\" aria-hidden=\"true\" class=\"wp-block-spacer\"><\/div>\n\n\n\n<div class=\"wp-block-media-text alignwide is-stacked-on-mobile is-vertically-aligned-center is-image-fill\" style=\"grid-template-columns:34% auto\"><figure class=\"wp-block-media-text__media\" style=\"background-image:url(https:\/\/campus.univ-lyon1.fr\/champignons\/files\/2023\/02\/DSC_4280-1024x683.jpg);background-position:50% 50%\"><img decoding=\"async\" loading=\"lazy\" width=\"1024\" height=\"683\" src=\"https:\/\/campus.univ-lyon1.fr\/champignons\/files\/2023\/02\/DSC_4280-1024x683.jpg\" alt=\"\" class=\"wp-image-2226 size-full\" srcset=\"https:\/\/campus.univ-lyon1.fr\/champignons\/files\/2023\/02\/DSC_4280-1024x683.jpg 1024w, https:\/\/campus.univ-lyon1.fr\/champignons\/files\/2023\/02\/DSC_4280-300x200.jpg 300w, https:\/\/campus.univ-lyon1.fr\/champignons\/files\/2023\/02\/DSC_4280-768x512.jpg 768w, https:\/\/campus.univ-lyon1.fr\/champignons\/files\/2023\/02\/DSC_4280-1536x1024.jpg 1536w, https:\/\/campus.univ-lyon1.fr\/champignons\/files\/2023\/02\/DSC_4280-2048x1365.jpg 2048w, https:\/\/campus.univ-lyon1.fr\/champignons\/files\/2023\/02\/DSC_4280-930x620.jpg 930w\" sizes=\"(max-width: 1024px) 100vw, 1024px\" \/><\/figure><div class=\"wp-block-media-text__content\">\n<h1 class=\"wp-block-heading has-text-align-left\"><a href=\"https:\/\/campus.univ-lyon1.fr\/champignons\/leccinum-crocipodium\/\">Leccinum crocipodium \/ Leccinellum crocipodium<\/a><\/h1>\n<\/div><\/div>\n\n\n\n<div style=\"height:15px\" aria-hidden=\"true\" class=\"wp-block-spacer\"><\/div>\n\n\n\n<div class=\"wp-block-media-text alignwide is-stacked-on-mobile is-vertically-aligned-center is-image-fill\" style=\"grid-template-columns:34% auto\"><figure class=\"wp-block-media-text__media\" style=\"background-image:url(https:\/\/campus.univ-lyon1.fr\/champignons\/files\/2023\/02\/DSC_3045-1024x683.jpg);background-position:50% 50%\"><img decoding=\"async\" loading=\"lazy\" width=\"1024\" height=\"683\" src=\"https:\/\/campus.univ-lyon1.fr\/champignons\/files\/2023\/02\/DSC_3045-1024x683.jpg\" alt=\"\" class=\"wp-image-2239 size-full\" srcset=\"https:\/\/campus.univ-lyon1.fr\/champignons\/files\/2023\/02\/DSC_3045-1024x683.jpg 1024w, https:\/\/campus.univ-lyon1.fr\/champignons\/files\/2023\/02\/DSC_3045-300x200.jpg 300w, https:\/\/campus.univ-lyon1.fr\/champignons\/files\/2023\/02\/DSC_3045-768x512.jpg 768w, https:\/\/campus.univ-lyon1.fr\/champignons\/files\/2023\/02\/DSC_3045-1536x1024.jpg 1536w, https:\/\/campus.univ-lyon1.fr\/champignons\/files\/2023\/02\/DSC_3045-2048x1365.jpg 2048w, https:\/\/campus.univ-lyon1.fr\/champignons\/files\/2023\/02\/DSC_3045-930x620.jpg 930w\" sizes=\"(max-width: 1024px) 100vw, 1024px\" \/><\/figure><div class=\"wp-block-media-text__content\">\n<h1 class=\"wp-block-heading has-text-align-left\"><a href=\"https:\/\/campus.univ-lyon1.fr\/champignons\/leccinum-molle\/\">Leccinum molle<\/a><\/h1>\n<\/div><\/div>\n\n\n\n<div style=\"height:15px\" aria-hidden=\"true\" class=\"wp-block-spacer\"><\/div>\n\n\n\n<div class=\"wp-block-media-text alignwide is-stacked-on-mobile is-vertically-aligned-center is-image-fill\" style=\"grid-template-columns:34% auto\"><figure class=\"wp-block-media-text__media\" style=\"background-image:url(https:\/\/campus.univ-lyon1.fr\/champignons\/files\/2023\/02\/DSC_3089-683x1024.jpg);background-position:57% 4%\"><img decoding=\"async\" loading=\"lazy\" width=\"683\" height=\"1024\" src=\"https:\/\/campus.univ-lyon1.fr\/champignons\/files\/2023\/02\/DSC_3089-683x1024.jpg\" alt=\"\" class=\"wp-image-2245 size-full\" srcset=\"https:\/\/campus.univ-lyon1.fr\/champignons\/files\/2023\/02\/DSC_3089-683x1024.jpg 683w, https:\/\/campus.univ-lyon1.fr\/champignons\/files\/2023\/02\/DSC_3089-200x300.jpg 200w, https:\/\/campus.univ-lyon1.fr\/champignons\/files\/2023\/02\/DSC_3089-768x1152.jpg 768w, https:\/\/campus.univ-lyon1.fr\/champignons\/files\/2023\/02\/DSC_3089-1024x1536.jpg 1024w, https:\/\/campus.univ-lyon1.fr\/champignons\/files\/2023\/02\/DSC_3089-1365x2048.jpg 1365w, https:\/\/campus.univ-lyon1.fr\/champignons\/files\/2023\/02\/DSC_3089.jpg 1417w\" sizes=\"(max-width: 683px) 100vw, 683px\" \/><\/figure><div class=\"wp-block-media-text__content\">\n<h1 class=\"wp-block-heading has-text-align-left\"><a href=\"https:\/\/campus.univ-lyon1.fr\/champignons\/leccinum-pulchrum\/\">Leccinum pulchrum<\/a><\/h1>\n<\/div><\/div>\n\n\n\n<div style=\"height:15px\" aria-hidden=\"true\" class=\"wp-block-spacer\"><\/div>\n\n\n\n<div class=\"wp-block-media-text alignwide is-stacked-on-mobile is-vertically-aligned-center is-image-fill\" style=\"grid-template-columns:34% auto\"><figure class=\"wp-block-media-text__media\" style=\"background-image:url(https:\/\/campus.univ-lyon1.fr\/champignons\/files\/2023\/02\/Leccinum_roseofractum_z1-683x1024.jpg);background-position:58% 2%\"><img decoding=\"async\" loading=\"lazy\" width=\"683\" height=\"1024\" src=\"https:\/\/campus.univ-lyon1.fr\/champignons\/files\/2023\/02\/Leccinum_roseofractum_z1-683x1024.jpg\" alt=\"\" class=\"wp-image-2259 size-full\" srcset=\"https:\/\/campus.univ-lyon1.fr\/champignons\/files\/2023\/02\/Leccinum_roseofractum_z1-683x1024.jpg 683w, https:\/\/campus.univ-lyon1.fr\/champignons\/files\/2023\/02\/Leccinum_roseofractum_z1-200x300.jpg 200w, https:\/\/campus.univ-lyon1.fr\/champignons\/files\/2023\/02\/Leccinum_roseofractum_z1-768x1152.jpg 768w, https:\/\/campus.univ-lyon1.fr\/champignons\/files\/2023\/02\/Leccinum_roseofractum_z1-1024x1536.jpg 1024w, https:\/\/campus.univ-lyon1.fr\/champignons\/files\/2023\/02\/Leccinum_roseofractum_z1-1365x2048.jpg 1365w, https:\/\/campus.univ-lyon1.fr\/champignons\/files\/2023\/02\/Leccinum_roseofractum_z1.jpg 1417w\" sizes=\"(max-width: 683px) 100vw, 683px\" \/><\/figure><div class=\"wp-block-media-text__content\">\n<h1 class=\"wp-block-heading has-text-align-left\"><a href=\"https:\/\/campus.univ-lyon1.fr\/champignons\/leccinum-roseafractum\/\">Leccinum roseofractum<\/a><\/h1>\n<\/div><\/div>\n\n\n\n<div style=\"height:15px\" aria-hidden=\"true\" class=\"wp-block-spacer\"><\/div>\n\n\n\n<div class=\"wp-block-media-text alignwide is-stacked-on-mobile is-vertically-aligned-center is-image-fill\" style=\"grid-template-columns:34% auto\"><figure class=\"wp-block-media-text__media\" style=\"background-image:url(https:\/\/campus.univ-lyon1.fr\/champignons\/files\/2023\/02\/Leccinum_scabrum_z4-1024x683.jpg);background-position:50% 50%\"><img decoding=\"async\" loading=\"lazy\" width=\"1024\" height=\"683\" src=\"https:\/\/campus.univ-lyon1.fr\/champignons\/files\/2023\/02\/Leccinum_scabrum_z4-1024x683.jpg\" alt=\"\" class=\"wp-image-2271 size-full\" srcset=\"https:\/\/campus.univ-lyon1.fr\/champignons\/files\/2023\/02\/Leccinum_scabrum_z4-1024x683.jpg 1024w, https:\/\/campus.univ-lyon1.fr\/champignons\/files\/2023\/02\/Leccinum_scabrum_z4-300x200.jpg 300w, https:\/\/campus.univ-lyon1.fr\/champignons\/files\/2023\/02\/Leccinum_scabrum_z4-768x512.jpg 768w, https:\/\/campus.univ-lyon1.fr\/champignons\/files\/2023\/02\/Leccinum_scabrum_z4-1536x1024.jpg 1536w, https:\/\/campus.univ-lyon1.fr\/champignons\/files\/2023\/02\/Leccinum_scabrum_z4-2048x1365.jpg 2048w, https:\/\/campus.univ-lyon1.fr\/champignons\/files\/2023\/02\/Leccinum_scabrum_z4-930x620.jpg 930w\" sizes=\"(max-width: 1024px) 100vw, 1024px\" \/><\/figure><div class=\"wp-block-media-text__content\">\n<h1 class=\"wp-block-heading has-text-align-left\"><a href=\"https:\/\/campus.univ-lyon1.fr\/champignons\/leccinum-scabrum\/\">Leccinum scabrum<\/a><\/h1>\n<\/div><\/div>\n\n\n\n<div style=\"height:15px\" aria-hidden=\"true\" class=\"wp-block-spacer\"><\/div>\n\n\n\n<div class=\"wp-block-media-text alignwide is-stacked-on-mobile is-vertically-aligned-center is-image-fill\" style=\"grid-template-columns:34% auto\"><figure class=\"wp-block-media-text__media\" style=\"background-image:url(https:\/\/campus.univ-lyon1.fr\/champignons\/files\/2023\/02\/DSC_2794-683x1024.jpg);background-position:75% 5%\"><img decoding=\"async\" loading=\"lazy\" width=\"683\" height=\"1024\" src=\"https:\/\/campus.univ-lyon1.fr\/champignons\/files\/2023\/02\/DSC_2794-683x1024.jpg\" alt=\"\" class=\"wp-image-2277 size-full\" srcset=\"https:\/\/campus.univ-lyon1.fr\/champignons\/files\/2023\/02\/DSC_2794-683x1024.jpg 683w, https:\/\/campus.univ-lyon1.fr\/champignons\/files\/2023\/02\/DSC_2794-200x300.jpg 200w, https:\/\/campus.univ-lyon1.fr\/champignons\/files\/2023\/02\/DSC_2794-768x1152.jpg 768w, https:\/\/campus.univ-lyon1.fr\/champignons\/files\/2023\/02\/DSC_2794-1024x1536.jpg 1024w, https:\/\/campus.univ-lyon1.fr\/champignons\/files\/2023\/02\/DSC_2794-1365x2048.jpg 1365w, https:\/\/campus.univ-lyon1.fr\/champignons\/files\/2023\/02\/DSC_2794.jpg 1417w\" sizes=\"(max-width: 683px) 100vw, 683px\" \/><\/figure><div class=\"wp-block-media-text__content\">\n<h1 class=\"wp-block-heading has-text-align-left\"><a href=\"https:\/\/campus.univ-lyon1.fr\/champignons\/leccinum-variicolor\/\">Leccinum variicolor<\/a><\/h1>\n<\/div><\/div>\n\n\n\n<div style=\"height:15px\" aria-hidden=\"true\" class=\"wp-block-spacer\"><\/div>\n","protected":false},"excerpt":{"rendered":"<p>Hym\u00e9nium \u00e0 tubes longs, mous, facilement s\u00e9parable de la chair du chapeau. Pied \u00e9lanc\u00e9, fibreux, couvert de&nbsp;m\u00e9chules. Leccinum aurantiacum \/ quercinum Leccinum brunneogriseolum Leccinum carpini \/ Leccinellum pseudoscabrum Leccinum crocipodium \/ Leccinellum crocipodium Leccinum molle Leccinum pulchrum Leccinum roseofractum Leccinum scabrum Leccinum variicolor<\/p>\n","protected":false},"author":2981,"featured_media":0,"parent":46,"menu_order":1,"comment_status":"closed","ping_status":"closed","template":"","meta":{"neve_meta_sidebar":"","neve_meta_container":"","neve_meta_enable_content_width":"","neve_meta_content_width":0,"neve_meta_title_alignment":"","neve_meta_author_avatar":"","neve_post_elements_order":"","neve_meta_disable_header":"","neve_meta_disable_footer":"","neve_meta_disable_title":""},"yoast_head":"<!-- This site is optimized with the Yoast SEO plugin v21.8.1 - https:\/\/yoast.com\/wordpress\/plugins\/seo\/ -->\n<title>Leccinum - Champignons Lyon 1<\/title>\n<meta name=\"robots\" content=\"index, follow, max-snippet:-1, max-image-preview:large, max-video-preview:-1\" \/>\n<link rel=\"canonical\" href=\"https:\/\/campus.univ-lyon1.fr\/champignons\/genre\/leccinum\/\" \/>\n<meta property=\"og:locale\" content=\"fr_FR\" \/>\n<meta property=\"og:type\" content=\"article\" \/>\n<meta property=\"og:title\" content=\"Leccinum - Champignons Lyon 1\" \/>\n<meta property=\"og:description\" content=\"Hym\u00e9nium \u00e0 tubes longs, mous, facilement s\u00e9parable de la chair du chapeau. Pied \u00e9lanc\u00e9, fibreux, couvert de&nbsp;m\u00e9chules. Leccinum aurantiacum \/ quercinum Leccinum brunneogriseolum Leccinum carpini \/ Leccinellum pseudoscabrum Leccinum crocipodium \/ Leccinellum crocipodium Leccinum molle Leccinum pulchrum Leccinum roseofractum Leccinum scabrum Leccinum variicolor\" \/>\n<meta property=\"og:url\" content=\"https:\/\/campus.univ-lyon1.fr\/champignons\/genre\/leccinum\/\" \/>\n<meta property=\"og:site_name\" content=\"Champignons Lyon 1\" \/>\n<meta property=\"article:modified_time\" content=\"2023-12-12T11:04:17+00:00\" \/>\n<meta property=\"og:image\" content=\"https:\/\/campus.univ-lyon1.fr\/champignons\/files\/2023\/02\/DSC_3726-2-1024x683.jpg\" \/>\n<meta name=\"twitter:card\" content=\"summary_large_image\" \/>\n<meta name=\"twitter:label1\" content=\"Dur\u00e9e de lecture estim\u00e9e\" \/>\n\t<meta name=\"twitter:data1\" content=\"2 minutes\" \/>\n<script type=\"application\/ld+json\" class=\"yoast-schema-graph\">{\"@context\":\"https:\/\/schema.org\",\"@graph\":[{\"@type\":\"WebPage\",\"@id\":\"https:\/\/campus.univ-lyon1.fr\/champignons\/genre\/leccinum\/\",\"url\":\"https:\/\/campus.univ-lyon1.fr\/champignons\/genre\/leccinum\/\",\"name\":\"Leccinum - Champignons Lyon 1\",\"isPartOf\":{\"@id\":\"https:\/\/campus.univ-lyon1.fr\/champignons\/#website\"},\"datePublished\":\"2022-09-20T14:14:59+00:00\",\"dateModified\":\"2023-12-12T11:04:17+00:00\",\"breadcrumb\":{\"@id\":\"https:\/\/campus.univ-lyon1.fr\/champignons\/genre\/leccinum\/#breadcrumb\"},\"inLanguage\":\"fr-FR\",\"potentialAction\":[{\"@type\":\"ReadAction\",\"target\":[\"https:\/\/campus.univ-lyon1.fr\/champignons\/genre\/leccinum\/\"]}]},{\"@type\":\"BreadcrumbList\",\"@id\":\"https:\/\/campus.univ-lyon1.fr\/champignons\/genre\/leccinum\/#breadcrumb\",\"itemListElement\":[{\"@type\":\"ListItem\",\"position\":1,\"name\":\"Accueil\",\"item\":\"https:\/\/campus.univ-lyon1.fr\/champignons\/\"},{\"@type\":\"ListItem\",\"position\":2,\"name\":\"Par genre\",\"item\":\"https:\/\/campus.univ-lyon1.fr\/champignons\/genre\/\"},{\"@type\":\"ListItem\",\"position\":3,\"name\":\"Leccinum\"}]},{\"@type\":\"WebSite\",\"@id\":\"https:\/\/campus.univ-lyon1.fr\/champignons\/#website\",\"url\":\"https:\/\/campus.univ-lyon1.fr\/champignons\/\",\"name\":\"Champignons Lyon 1\",\"description\":\"Bienvenue sur le site de mycologie de la facult\u00e9 de Lyon !\",\"publisher\":{\"@id\":\"https:\/\/campus.univ-lyon1.fr\/champignons\/#organization\"},\"potentialAction\":[{\"@type\":\"SearchAction\",\"target\":{\"@type\":\"EntryPoint\",\"urlTemplate\":\"https:\/\/campus.univ-lyon1.fr\/champignons\/?s={search_term_string}\"},\"query-input\":\"required name=search_term_string\"}],\"inLanguage\":\"fr-FR\"},{\"@type\":\"Organization\",\"@id\":\"https:\/\/campus.univ-lyon1.fr\/champignons\/#organization\",\"name\":\"Champignons Lyon 1\",\"url\":\"https:\/\/campus.univ-lyon1.fr\/champignons\/\",\"logo\":{\"@type\":\"ImageObject\",\"inLanguage\":\"fr-FR\",\"@id\":\"https:\/\/campus.univ-lyon1.fr\/champignons\/#\/schema\/logo\/image\/\",\"url\":\"https:\/\/campus.univ-lyon1.fr\/champignons\/files\/2023\/10\/cropped-Sans-titre-1-1-1.png\",\"contentUrl\":\"https:\/\/campus.univ-lyon1.fr\/champignons\/files\/2023\/10\/cropped-Sans-titre-1-1-1.png\",\"width\":200,\"height\":181,\"caption\":\"Champignons Lyon 1\"},\"image\":{\"@id\":\"https:\/\/campus.univ-lyon1.fr\/champignons\/#\/schema\/logo\/image\/\"}}]}<\/script>\n<!-- \/ Yoast SEO plugin. -->","yoast_head_json":{"title":"Leccinum - Champignons Lyon 1","robots":{"index":"index","follow":"follow","max-snippet":"max-snippet:-1","max-image-preview":"max-image-preview:large","max-video-preview":"max-video-preview:-1"},"canonical":"https:\/\/campus.univ-lyon1.fr\/champignons\/genre\/leccinum\/","og_locale":"fr_FR","og_type":"article","og_title":"Leccinum - Champignons Lyon 1","og_description":"Hym\u00e9nium \u00e0 tubes longs, mous, facilement s\u00e9parable de la chair du chapeau. Pied \u00e9lanc\u00e9, fibreux, couvert de&nbsp;m\u00e9chules. Leccinum aurantiacum \/ quercinum Leccinum brunneogriseolum Leccinum carpini \/ Leccinellum pseudoscabrum Leccinum crocipodium \/ Leccinellum crocipodium Leccinum molle Leccinum pulchrum Leccinum roseofractum Leccinum scabrum Leccinum variicolor","og_url":"https:\/\/campus.univ-lyon1.fr\/champignons\/genre\/leccinum\/","og_site_name":"Champignons Lyon 1","article_modified_time":"2023-12-12T11:04:17+00:00","og_image":[{"url":"https:\/\/campus.univ-lyon1.fr\/champignons\/files\/2023\/02\/DSC_3726-2-1024x683.jpg"}],"twitter_card":"summary_large_image","twitter_misc":{"Dur\u00e9e de lecture estim\u00e9e":"2 minutes"},"schema":{"@context":"https:\/\/schema.org","@graph":[{"@type":"WebPage","@id":"https:\/\/campus.univ-lyon1.fr\/champignons\/genre\/leccinum\/","url":"https:\/\/campus.univ-lyon1.fr\/champignons\/genre\/leccinum\/","name":"Leccinum - Champignons Lyon 1","isPartOf":{"@id":"https:\/\/campus.univ-lyon1.fr\/champignons\/#website"},"datePublished":"2022-09-20T14:14:59+00:00","dateModified":"2023-12-12T11:04:17+00:00","breadcrumb":{"@id":"https:\/\/campus.univ-lyon1.fr\/champignons\/genre\/leccinum\/#breadcrumb"},"inLanguage":"fr-FR","potentialAction":[{"@type":"ReadAction","target":["https:\/\/campus.univ-lyon1.fr\/champignons\/genre\/leccinum\/"]}]},{"@type":"BreadcrumbList","@id":"https:\/\/campus.univ-lyon1.fr\/champignons\/genre\/leccinum\/#breadcrumb","itemListElement":[{"@type":"ListItem","position":1,"name":"Accueil","item":"https:\/\/campus.univ-lyon1.fr\/champignons\/"},{"@type":"ListItem","position":2,"name":"Par genre","item":"https:\/\/campus.univ-lyon1.fr\/champignons\/genre\/"},{"@type":"ListItem","position":3,"name":"Leccinum"}]},{"@type":"WebSite","@id":"https:\/\/campus.univ-lyon1.fr\/champignons\/#website","url":"https:\/\/campus.univ-lyon1.fr\/champignons\/","name":"Champignons Lyon 1","description":"Bienvenue sur le site de mycologie de la facult\u00e9 de Lyon !","publisher":{"@id":"https:\/\/campus.univ-lyon1.fr\/champignons\/#organization"},"potentialAction":[{"@type":"SearchAction","target":{"@type":"EntryPoint","urlTemplate":"https:\/\/campus.univ-lyon1.fr\/champignons\/?s={search_term_string}"},"query-input":"required name=search_term_string"}],"inLanguage":"fr-FR"},{"@type":"Organization","@id":"https:\/\/campus.univ-lyon1.fr\/champignons\/#organization","name":"Champignons Lyon 1","url":"https:\/\/campus.univ-lyon1.fr\/champignons\/","logo":{"@type":"ImageObject","inLanguage":"fr-FR","@id":"https:\/\/campus.univ-lyon1.fr\/champignons\/#\/schema\/logo\/image\/","url":"https:\/\/campus.univ-lyon1.fr\/champignons\/files\/2023\/10\/cropped-Sans-titre-1-1-1.png","contentUrl":"https:\/\/campus.univ-lyon1.fr\/champignons\/files\/2023\/10\/cropped-Sans-titre-1-1-1.png","width":200,"height":181,"caption":"Champignons Lyon 1"},"image":{"@id":"https:\/\/campus.univ-lyon1.fr\/champignons\/#\/schema\/logo\/image\/"}}]}},"_links":{"self":[{"href":"https:\/\/campus.univ-lyon1.fr\/champignons\/wp-json\/wp\/v2\/pages\/153"}],"collection":[{"href":"https:\/\/campus.univ-lyon1.fr\/champignons\/wp-json\/wp\/v2\/pages"}],"about":[{"href":"https:\/\/campus.univ-lyon1.fr\/champignons\/wp-json\/wp\/v2\/types\/page"}],"author":[{"embeddable":true,"href":"https:\/\/campus.univ-lyon1.fr\/champignons\/wp-json\/wp\/v2\/users\/2981"}],"replies":[{"embeddable":true,"href":"https:\/\/campus.univ-lyon1.fr\/champignons\/wp-json\/wp\/v2\/comments?post=153"}],"version-history":[{"count":15,"href":"https:\/\/campus.univ-lyon1.fr\/champignons\/wp-json\/wp\/v2\/pages\/153\/revisions"}],"predecessor-version":[{"id":9664,"href":"https:\/\/campus.univ-lyon1.fr\/champignons\/wp-json\/wp\/v2\/pages\/153\/revisions\/9664"}],"up":[{"embeddable":true,"href":"https:\/\/campus.univ-lyon1.fr\/champignons\/wp-json\/wp\/v2\/pages\/46"}],"wp:attachment":[{"href":"https:\/\/campus.univ-lyon1.fr\/champignons\/wp-json\/wp\/v2\/media?parent=153"}],"curies":[{"name":"wp","href":"https:\/\/api.w.org\/{rel}","templated":true}]}}