{"id":13,"date":"2022-07-13T10:51:43","date_gmt":"2022-07-13T08:51:43","guid":{"rendered":"https:\/\/campus.univ-lyon1.fr\/champignons\/?page_id=13"},"modified":"2023-12-14T18:34:21","modified_gmt":"2023-12-14T17:34:21","slug":"accueil","status":"publish","type":"page","link":"https:\/\/campus.univ-lyon1.fr\/champignons\/","title":{"rendered":"Accueil"},"content":{"rendered":"\n<div style=\"height:10px\" aria-hidden=\"true\" class=\"wp-block-spacer\"><\/div>\n\n\n<h1 class=\"has-text-align-center wp-block-site-title\">Champignons Lyon 1<\/h1>\n\n<p style=\"font-size:28px;\" class=\"has-text-align-center wp-block-site-tagline\">Bienvenue sur le site de mycologie de la facult\u00e9 de Lyon !<\/p>\n\n\n<div style=\"height:10px\" aria-hidden=\"true\" class=\"wp-block-spacer\"><\/div>\n\n\n\n<div class=\"wp-block-group is-layout-flow\"><div class=\"wp-block-group__inner-container\">\n<figure class=\"wp-block-gallery has-nested-images columns-4 is-cropped wp-block-gallery-1 is-layout-flex\">\n<figure class=\"wp-block-image size-full\"><img decoding=\"async\" loading=\"lazy\" width=\"2126\" height=\"1417\" src=\"https:\/\/campus.univ-lyon1.fr\/champignons\/files\/2023\/10\/Calocera_viscosa_Z7.jpg\" alt=\"\" class=\"wp-image-5308\" \/><\/figure>\n\n\n\n<figure class=\"wp-block-image size-large\"><img decoding=\"async\" loading=\"lazy\" width=\"1024\" height=\"683\" src=\"https:\/\/campus.univ-lyon1.fr\/champignons\/files\/2023\/03\/DSC_3729-1024x683.jpg\" alt=\"\" class=\"wp-image-2436\" srcset=\"https:\/\/campus.univ-lyon1.fr\/champignons\/files\/2023\/03\/DSC_3729-1024x683.jpg 1024w, https:\/\/campus.univ-lyon1.fr\/champignons\/files\/2023\/03\/DSC_3729-300x200.jpg 300w, https:\/\/campus.univ-lyon1.fr\/champignons\/files\/2023\/03\/DSC_3729-768x512.jpg 768w, https:\/\/campus.univ-lyon1.fr\/champignons\/files\/2023\/03\/DSC_3729-1536x1024.jpg 1536w, https:\/\/campus.univ-lyon1.fr\/champignons\/files\/2023\/03\/DSC_3729-2048x1365.jpg 2048w, https:\/\/campus.univ-lyon1.fr\/champignons\/files\/2023\/03\/DSC_3729-930x620.jpg 930w\" sizes=\"(max-width: 1024px) 100vw, 1024px\" \/><\/figure>\n\n\n\n<figure class=\"wp-block-image size-large\"><img decoding=\"async\" loading=\"lazy\" width=\"683\" height=\"1024\" src=\"https:\/\/campus.univ-lyon1.fr\/champignons\/files\/2023\/03\/DSC_8070-2-683x1024.jpg\" alt=\"\" class=\"wp-image-2420\" srcset=\"https:\/\/campus.univ-lyon1.fr\/champignons\/files\/2023\/03\/DSC_8070-2-683x1024.jpg 683w, https:\/\/campus.univ-lyon1.fr\/champignons\/files\/2023\/03\/DSC_8070-2-200x300.jpg 200w, https:\/\/campus.univ-lyon1.fr\/champignons\/files\/2023\/03\/DSC_8070-2-768x1152.jpg 768w, https:\/\/campus.univ-lyon1.fr\/champignons\/files\/2023\/03\/DSC_8070-2-1024x1536.jpg 1024w, https:\/\/campus.univ-lyon1.fr\/champignons\/files\/2023\/03\/DSC_8070-2-1365x2048.jpg 1365w, https:\/\/campus.univ-lyon1.fr\/champignons\/files\/2023\/03\/DSC_8070-2.jpg 1417w\" sizes=\"(max-width: 683px) 100vw, 683px\" \/><\/figure>\n\n\n\n<figure class=\"wp-block-image size-large is-style-default\"><img decoding=\"async\" loading=\"lazy\" width=\"1024\" height=\"683\" src=\"https:\/\/campus.univ-lyon1.fr\/champignons\/files\/2023\/02\/DSC_3754-1024x683.jpg\" alt=\"\" class=\"wp-image-2191\" srcset=\"https:\/\/campus.univ-lyon1.fr\/champignons\/files\/2023\/02\/DSC_3754-1024x683.jpg 1024w, https:\/\/campus.univ-lyon1.fr\/champignons\/files\/2023\/02\/DSC_3754-300x200.jpg 300w, https:\/\/campus.univ-lyon1.fr\/champignons\/files\/2023\/02\/DSC_3754-768x512.jpg 768w, https:\/\/campus.univ-lyon1.fr\/champignons\/files\/2023\/02\/DSC_3754-1536x1024.jpg 1536w, https:\/\/campus.univ-lyon1.fr\/champignons\/files\/2023\/02\/DSC_3754-2048x1365.jpg 2048w, https:\/\/campus.univ-lyon1.fr\/champignons\/files\/2023\/02\/DSC_3754-930x620.jpg 930w\" sizes=\"(max-width: 1024px) 100vw, 1024px\" \/><\/figure>\n\n\n\n<figure class=\"wp-block-image size-large\"><img decoding=\"async\" loading=\"lazy\" width=\"1024\" height=\"683\" src=\"https:\/\/campus.univ-lyon1.fr\/champignons\/files\/2022\/11\/DSC_3855-1024x683.jpg\" alt=\"\" class=\"wp-image-840\" srcset=\"https:\/\/campus.univ-lyon1.fr\/champignons\/files\/2022\/11\/DSC_3855-1024x683.jpg 1024w, https:\/\/campus.univ-lyon1.fr\/champignons\/files\/2022\/11\/DSC_3855-300x200.jpg 300w, https:\/\/campus.univ-lyon1.fr\/champignons\/files\/2022\/11\/DSC_3855-768x512.jpg 768w, https:\/\/campus.univ-lyon1.fr\/champignons\/files\/2022\/11\/DSC_3855-1536x1024.jpg 1536w, https:\/\/campus.univ-lyon1.fr\/champignons\/files\/2022\/11\/DSC_3855-2048x1365.jpg 2048w, https:\/\/campus.univ-lyon1.fr\/champignons\/files\/2022\/11\/DSC_3855-930x620.jpg 930w\" sizes=\"(max-width: 1024px) 100vw, 1024px\" \/><\/figure>\n\n\n\n<figure class=\"wp-block-image size-large\"><img decoding=\"async\" loading=\"lazy\" width=\"1024\" height=\"683\" src=\"https:\/\/campus.univ-lyon1.fr\/champignons\/files\/2023\/02\/DSC_3822-1024x683.jpg\" alt=\"\" class=\"wp-image-1660\" srcset=\"https:\/\/campus.univ-lyon1.fr\/champignons\/files\/2023\/02\/DSC_3822-1024x683.jpg 1024w, https:\/\/campus.univ-lyon1.fr\/champignons\/files\/2023\/02\/DSC_3822-300x200.jpg 300w, https:\/\/campus.univ-lyon1.fr\/champignons\/files\/2023\/02\/DSC_3822-768x512.jpg 768w, https:\/\/campus.univ-lyon1.fr\/champignons\/files\/2023\/02\/DSC_3822-1536x1024.jpg 1536w, https:\/\/campus.univ-lyon1.fr\/champignons\/files\/2023\/02\/DSC_3822-2048x1365.jpg 2048w, https:\/\/campus.univ-lyon1.fr\/champignons\/files\/2023\/02\/DSC_3822-930x620.jpg 930w\" sizes=\"(max-width: 1024px) 100vw, 1024px\" \/><\/figure>\n\n\n\n<figure class=\"wp-block-image size-large\"><img decoding=\"async\" loading=\"lazy\" width=\"1024\" height=\"683\" src=\"https:\/\/campus.univ-lyon1.fr\/champignons\/files\/2023\/02\/DSC_4346-1024x683.jpg\" alt=\"\" class=\"wp-image-1768\" srcset=\"https:\/\/campus.univ-lyon1.fr\/champignons\/files\/2023\/02\/DSC_4346-1024x683.jpg 1024w, https:\/\/campus.univ-lyon1.fr\/champignons\/files\/2023\/02\/DSC_4346-300x200.jpg 300w, https:\/\/campus.univ-lyon1.fr\/champignons\/files\/2023\/02\/DSC_4346-768x512.jpg 768w, https:\/\/campus.univ-lyon1.fr\/champignons\/files\/2023\/02\/DSC_4346-1536x1024.jpg 1536w, https:\/\/campus.univ-lyon1.fr\/champignons\/files\/2023\/02\/DSC_4346-2048x1365.jpg 2048w, https:\/\/campus.univ-lyon1.fr\/champignons\/files\/2023\/02\/DSC_4346-930x620.jpg 930w\" sizes=\"(max-width: 1024px) 100vw, 1024px\" \/><\/figure>\n<\/figure>\n<\/div><\/div>\n\n\n\n<hr class=\"wp-block-separator has-text-color has-neve-link-hover-color-color has-alpha-channel-opacity has-neve-link-hover-color-background-color has-background is-style-wide\" \/>\n\n\n\n<div style=\"height:20px\" aria-hidden=\"true\" class=\"wp-block-spacer\"><\/div>\n\n\n\n<h1 class=\"wp-block-heading has-text-align-center\" style=\"text-transform:uppercase\"><a href=\"https:\/\/campus.univ-lyon1.fr\/champignons\/actualites\/\">LES Derni\u00e8res ACTUALIT\u00c9S<\/a><\/h1>\n\n\n\n<div style=\"height:40px\" aria-hidden=\"true\" class=\"wp-block-spacer\"><\/div>\n\n\n\n<div class=\"wp-block-query alignwide is-layout-flow\"><ul class=\"is-flex-container columns-3 wp-block-post-template is-layout-flow\"><li class=\"wp-block-post post-4050 post type-post status-publish format-standard has-post-thumbnail hentry category-non-classe\">\n<h2 class=\"wp-block-post-title\"><a href=\"https:\/\/campus.univ-lyon1.fr\/champignons\/de-nouvelles-fiches-disponibles\/\" target=\"_self\" >De nouvelles fiches disponibles!<\/a><\/h2>\n\n<div class=\"wp-block-post-excerpt\"><p class=\"wp-block-post-excerpt__excerpt\">Gr\u00e2ce \u00e0 la th\u00e8se et au travail d&rsquo;Olivier Payen, 11 nouvelles fiches sur les Aphyllophorales sont disponibles. Voici leurs liens : Aphanobasidium pseudotsugae Hydnoporia corrugata Peniopherella praetermissa Resinicium bicolor Tubulicrinis borealis Antrodia albida Aleurobotrys botryosus Aleurocystidiellum disciforme Aleurodiscus amorphus Asterostroma medium Gloeocystidiellum luridum <\/p><\/div>\n\n\n<hr class=\"wp-block-separator has-css-opacity\" \/>\n\n\n<div class=\"wp-block-post-date\"><time datetime=\"2023-09-18T21:59:04+02:00\">18 septembre 2023<\/time><\/div>\n<\/li><li class=\"wp-block-post post-3198 post type-post status-publish format-standard has-post-thumbnail hentry category-non-classe\">\n<h2 class=\"wp-block-post-title\"><a href=\"https:\/\/campus.univ-lyon1.fr\/champignons\/le-site-de-mycologie-de-lispb-fait-peau-neuve\/\" target=\"_self\" >Le site de mycologie de l&rsquo;ISPB fait peau neuve!<\/a><\/h2>\n\n<div class=\"wp-block-post-excerpt\"><p class=\"wp-block-post-excerpt__excerpt\">Gr\u00e2ce \u00e0 deux \u00e9tudiants en 6\u00e8me ann\u00e9e d&rsquo;officine, le site de mycologie est de nouveau fonctionnel. Vous retrouverez des donn\u00e9es sur plus de 323 esp\u00e8ces. De plus, une nouvelle fonctionnalit\u00e9 \u00ab\u00a0cl\u00e9 d&rsquo;orientation\u00a0\u00bb est d\u00e9sormais disponible et vous pouvez donc vous exercer \u00e0 la reconnaissance de champignon. N&rsquo;h\u00e9sitez pas \u00e0 vous aventurer sur le site pour [&hellip;] <\/p><\/div>\n\n\n<hr class=\"wp-block-separator has-css-opacity\" \/>\n\n\n<div class=\"wp-block-post-date\"><time datetime=\"2023-03-31T02:32:35+02:00\">31 mars 2023<\/time><\/div>\n<\/li><\/ul><\/div>\n","protected":false},"excerpt":{"rendered":"<p>LES Derni\u00e8res ACTUALIT\u00c9S<\/p>\n","protected":false},"author":1432,"featured_media":0,"parent":0,"menu_order":0,"comment_status":"closed","ping_status":"closed","template":"","meta":{"neve_meta_sidebar":"full-width","neve_meta_container":"full-width","neve_meta_enable_content_width":"on","neve_meta_content_width":95,"neve_meta_title_alignment":"","neve_meta_author_avatar":"","neve_post_elements_order":"","neve_meta_disable_header":"off","neve_meta_disable_footer":"","neve_meta_disable_title":"on"},"yoast_head":"<!-- This site is optimized with the Yoast SEO plugin v21.8.1 - https:\/\/yoast.com\/wordpress\/plugins\/seo\/ -->\n<title>Accueil - Champignons Lyon 1<\/title>\n<meta name=\"description\" content=\"Bienvenue sur le site de mycologie de la facult\u00e9 de Lyon !\" \/>\n<meta name=\"robots\" content=\"index, follow, max-snippet:-1, max-image-preview:large, max-video-preview:-1\" \/>\n<link rel=\"canonical\" href=\"https:\/\/campus.univ-lyon1.fr\/champignons\/\" \/>\n<meta property=\"og:locale\" content=\"fr_FR\" \/>\n<meta property=\"og:type\" content=\"article\" \/>\n<meta property=\"og:title\" content=\"Accueil - Champignons Lyon 1\" \/>\n<meta property=\"og:description\" content=\"Bienvenue sur le site de mycologie de la facult\u00e9 de Lyon !\" \/>\n<meta property=\"og:url\" content=\"https:\/\/campus.univ-lyon1.fr\/champignons\/\" \/>\n<meta property=\"og:site_name\" content=\"Champignons Lyon 1\" \/>\n<meta property=\"article:modified_time\" content=\"2023-12-14T17:34:21+00:00\" \/>\n<meta property=\"og:image\" content=\"https:\/\/campus.univ-lyon1.fr\/champignons\/files\/2023\/10\/Calocera_viscosa_Z7.jpg\" \/>\n<meta name=\"twitter:card\" content=\"summary_large_image\" \/>\n<meta name=\"twitter:label1\" content=\"Dur\u00e9e de lecture estim\u00e9e\" \/>\n\t<meta name=\"twitter:data1\" content=\"2 minutes\" \/>\n<script type=\"application\/ld+json\" class=\"yoast-schema-graph\">{\"@context\":\"https:\/\/schema.org\",\"@graph\":[{\"@type\":\"WebPage\",\"@id\":\"https:\/\/campus.univ-lyon1.fr\/champignons\/\",\"url\":\"https:\/\/campus.univ-lyon1.fr\/champignons\/\",\"name\":\"Accueil - Champignons Lyon 1\",\"isPartOf\":{\"@id\":\"https:\/\/campus.univ-lyon1.fr\/champignons\/#website\"},\"datePublished\":\"2022-07-13T08:51:43+00:00\",\"dateModified\":\"2023-12-14T17:34:21+00:00\",\"description\":\"Bienvenue sur le site de mycologie de la facult\u00e9 de Lyon !\",\"breadcrumb\":{\"@id\":\"https:\/\/campus.univ-lyon1.fr\/champignons\/#breadcrumb\"},\"inLanguage\":\"fr-FR\",\"potentialAction\":[{\"@type\":\"ReadAction\",\"target\":[\"https:\/\/campus.univ-lyon1.fr\/champignons\/\"]}]},{\"@type\":\"BreadcrumbList\",\"@id\":\"https:\/\/campus.univ-lyon1.fr\/champignons\/#breadcrumb\",\"itemListElement\":[{\"@type\":\"ListItem\",\"position\":1,\"name\":\"Accueil\",\"item\":\"https:\/\/campus.univ-lyon1.fr\/champignons\/\"},{\"@type\":\"ListItem\",\"position\":2,\"name\":\"Accueil\"}]},{\"@type\":\"WebSite\",\"@id\":\"https:\/\/campus.univ-lyon1.fr\/champignons\/#website\",\"url\":\"https:\/\/campus.univ-lyon1.fr\/champignons\/\",\"name\":\"Champignons Lyon 1\",\"description\":\"Bienvenue sur le site de mycologie de la facult\u00e9 de Lyon !\",\"publisher\":{\"@id\":\"https:\/\/campus.univ-lyon1.fr\/champignons\/#organization\"},\"potentialAction\":[{\"@type\":\"SearchAction\",\"target\":{\"@type\":\"EntryPoint\",\"urlTemplate\":\"https:\/\/campus.univ-lyon1.fr\/champignons\/?s={search_term_string}\"},\"query-input\":\"required name=search_term_string\"}],\"inLanguage\":\"fr-FR\"},{\"@type\":\"Organization\",\"@id\":\"https:\/\/campus.univ-lyon1.fr\/champignons\/#organization\",\"name\":\"Champignons Lyon 1\",\"url\":\"https:\/\/campus.univ-lyon1.fr\/champignons\/\",\"logo\":{\"@type\":\"ImageObject\",\"inLanguage\":\"fr-FR\",\"@id\":\"https:\/\/campus.univ-lyon1.fr\/champignons\/#\/schema\/logo\/image\/\",\"url\":\"https:\/\/campus.univ-lyon1.fr\/champignons\/files\/2023\/10\/cropped-Sans-titre-1-1-1.png\",\"contentUrl\":\"https:\/\/campus.univ-lyon1.fr\/champignons\/files\/2023\/10\/cropped-Sans-titre-1-1-1.png\",\"width\":200,\"height\":181,\"caption\":\"Champignons Lyon 1\"},\"image\":{\"@id\":\"https:\/\/campus.univ-lyon1.fr\/champignons\/#\/schema\/logo\/image\/\"}}]}<\/script>\n<!-- \/ Yoast SEO plugin. -->","yoast_head_json":{"title":"Accueil - Champignons Lyon 1","description":"Bienvenue sur le site de mycologie de la facult\u00e9 de Lyon !","robots":{"index":"index","follow":"follow","max-snippet":"max-snippet:-1","max-image-preview":"max-image-preview:large","max-video-preview":"max-video-preview:-1"},"canonical":"https:\/\/campus.univ-lyon1.fr\/champignons\/","og_locale":"fr_FR","og_type":"article","og_title":"Accueil - Champignons Lyon 1","og_description":"Bienvenue sur le site de mycologie de la facult\u00e9 de Lyon !","og_url":"https:\/\/campus.univ-lyon1.fr\/champignons\/","og_site_name":"Champignons Lyon 1","article_modified_time":"2023-12-14T17:34:21+00:00","og_image":[{"url":"https:\/\/campus.univ-lyon1.fr\/champignons\/files\/2023\/10\/Calocera_viscosa_Z7.jpg"}],"twitter_card":"summary_large_image","twitter_misc":{"Dur\u00e9e de lecture estim\u00e9e":"2 minutes"},"schema":{"@context":"https:\/\/schema.org","@graph":[{"@type":"WebPage","@id":"https:\/\/campus.univ-lyon1.fr\/champignons\/","url":"https:\/\/campus.univ-lyon1.fr\/champignons\/","name":"Accueil - Champignons Lyon 1","isPartOf":{"@id":"https:\/\/campus.univ-lyon1.fr\/champignons\/#website"},"datePublished":"2022-07-13T08:51:43+00:00","dateModified":"2023-12-14T17:34:21+00:00","description":"Bienvenue sur le site de mycologie de la facult\u00e9 de Lyon !","breadcrumb":{"@id":"https:\/\/campus.univ-lyon1.fr\/champignons\/#breadcrumb"},"inLanguage":"fr-FR","potentialAction":[{"@type":"ReadAction","target":["https:\/\/campus.univ-lyon1.fr\/champignons\/"]}]},{"@type":"BreadcrumbList","@id":"https:\/\/campus.univ-lyon1.fr\/champignons\/#breadcrumb","itemListElement":[{"@type":"ListItem","position":1,"name":"Accueil","item":"https:\/\/campus.univ-lyon1.fr\/champignons\/"},{"@type":"ListItem","position":2,"name":"Accueil"}]},{"@type":"WebSite","@id":"https:\/\/campus.univ-lyon1.fr\/champignons\/#website","url":"https:\/\/campus.univ-lyon1.fr\/champignons\/","name":"Champignons Lyon 1","description":"Bienvenue sur le site de mycologie de la facult\u00e9 de Lyon !","publisher":{"@id":"https:\/\/campus.univ-lyon1.fr\/champignons\/#organization"},"potentialAction":[{"@type":"SearchAction","target":{"@type":"EntryPoint","urlTemplate":"https:\/\/campus.univ-lyon1.fr\/champignons\/?s={search_term_string}"},"query-input":"required name=search_term_string"}],"inLanguage":"fr-FR"},{"@type":"Organization","@id":"https:\/\/campus.univ-lyon1.fr\/champignons\/#organization","name":"Champignons Lyon 1","url":"https:\/\/campus.univ-lyon1.fr\/champignons\/","logo":{"@type":"ImageObject","inLanguage":"fr-FR","@id":"https:\/\/campus.univ-lyon1.fr\/champignons\/#\/schema\/logo\/image\/","url":"https:\/\/campus.univ-lyon1.fr\/champignons\/files\/2023\/10\/cropped-Sans-titre-1-1-1.png","contentUrl":"https:\/\/campus.univ-lyon1.fr\/champignons\/files\/2023\/10\/cropped-Sans-titre-1-1-1.png","width":200,"height":181,"caption":"Champignons Lyon 1"},"image":{"@id":"https:\/\/campus.univ-lyon1.fr\/champignons\/#\/schema\/logo\/image\/"}}]}},"_links":{"self":[{"href":"https:\/\/campus.univ-lyon1.fr\/champignons\/wp-json\/wp\/v2\/pages\/13"}],"collection":[{"href":"https:\/\/campus.univ-lyon1.fr\/champignons\/wp-json\/wp\/v2\/pages"}],"about":[{"href":"https:\/\/campus.univ-lyon1.fr\/champignons\/wp-json\/wp\/v2\/types\/page"}],"author":[{"embeddable":true,"href":"https:\/\/campus.univ-lyon1.fr\/champignons\/wp-json\/wp\/v2\/users\/1432"}],"replies":[{"embeddable":true,"href":"https:\/\/campus.univ-lyon1.fr\/champignons\/wp-json\/wp\/v2\/comments?post=13"}],"version-history":[{"count":15,"href":"https:\/\/campus.univ-lyon1.fr\/champignons\/wp-json\/wp\/v2\/pages\/13\/revisions"}],"predecessor-version":[{"id":9868,"href":"https:\/\/campus.univ-lyon1.fr\/champignons\/wp-json\/wp\/v2\/pages\/13\/revisions\/9868"}],"wp:attachment":[{"href":"https:\/\/campus.univ-lyon1.fr\/champignons\/wp-json\/wp\/v2\/media?parent=13"}],"curies":[{"name":"wp","href":"https:\/\/api.w.org\/{rel}","templated":true}]}}