{"id":539,"date":"2022-03-10T10:12:06","date_gmt":"2022-03-10T09:12:06","guid":{"rendered":"https:\/\/campus.univ-lyon1.fr\/cclyonest\/?page_id=539"},"modified":"2023-03-08T19:55:43","modified_gmt":"2023-03-08T18:55:43","slug":"objectifs-2","status":"publish","type":"page","link":"https:\/\/campus.univ-lyon1.fr\/cclyonest\/objectifs-2\/","title":{"rendered":"Objectifs"},"content":{"rendered":"\t\t<div data-elementor-type=\"wp-page\" data-elementor-id=\"539\" class=\"elementor elementor-539\">\n\t\t\t\t\t\t<section class=\"elementor-section elementor-top-section elementor-element elementor-element-3f0732e elementor-section-boxed elementor-section-height-default elementor-section-height-default\" data-id=\"3f0732e\" data-element_type=\"section\">\n\t\t\t\t\t\t<div class=\"elementor-container elementor-column-gap-default\">\n\t\t\t\t\t<div class=\"elementor-column elementor-col-50 elementor-top-column elementor-element elementor-element-1e3c28b\" data-id=\"1e3c28b\" data-element_type=\"column\">\n\t\t\t<div class=\"elementor-widget-wrap elementor-element-populated\">\n\t\t\t\t\t\t<div class=\"elementor-element elementor-element-9f37fb7 elementor-widget elementor-widget-image\" data-id=\"9f37fb7\" data-element_type=\"widget\" data-widget_type=\"image.default\">\n\t\t\t\t<div class=\"elementor-widget-container\">\n\t\t\t\t\t\t\t\t\t\t\t\t\t<img decoding=\"async\" width=\"300\" height=\"133\" src=\"https:\/\/campus.univ-lyon1.fr\/cclyonest\/files\/2022\/03\/logo-commission-copie.png\" class=\"attachment-full size-full wp-image-386\" alt=\"\" \/>\t\t\t\t\t\t\t\t\t\t\t\t\t<\/div>\n\t\t\t\t<\/div>\n\t\t\t\t\t<\/div>\n\t\t<\/div>\n\t\t\t\t<div class=\"elementor-column elementor-col-50 elementor-top-column elementor-element elementor-element-19a37f3\" data-id=\"19a37f3\" data-element_type=\"column\">\n\t\t\t<div class=\"elementor-widget-wrap elementor-element-populated\">\n\t\t\t\t\t\t<div class=\"elementor-element elementor-element-2b01f55 elementor-widget elementor-widget-text-editor\" data-id=\"2b01f55\" data-element_type=\"widget\" data-widget_type=\"text-editor.default\">\n\t\t\t\t<div class=\"elementor-widget-container\">\n\t\t\t\t\t\t\t<h6><i>\u00ab\u00a0L&rsquo;art, c&rsquo;est le plus court chemin de l&rsquo;homme \u00e0 l&rsquo;homme\u00a0\u00bb<br \/><\/i>Andr\u00e9 Malraux<\/h6>\t\t\t\t\t\t<\/div>\n\t\t\t\t<\/div>\n\t\t\t\t<div class=\"elementor-element elementor-element-c57c7fe elementor-widget elementor-widget-image\" data-id=\"c57c7fe\" data-element_type=\"widget\" data-widget_type=\"image.default\">\n\t\t\t\t<div class=\"elementor-widget-container\">\n\t\t\t\t\t\t\t\t\t\t\t\t\t<img decoding=\"async\" width=\"230\" height=\"127\" src=\"https:\/\/campus.univ-lyon1.fr\/cclyonest\/files\/2022\/02\/logo-lyonEst.png\" class=\"attachment-full size-full wp-image-282\" alt=\"\" \/>\t\t\t\t\t\t\t\t\t\t\t\t\t<\/div>\n\t\t\t\t<\/div>\n\t\t\t\t\t<\/div>\n\t\t<\/div>\n\t\t\t\t\t<\/div>\n\t\t<\/section>\n\t\t\t\t<section class=\"elementor-section elementor-top-section elementor-element elementor-element-f37a29b elementor-section-boxed elementor-section-height-default elementor-section-height-default\" data-id=\"f37a29b\" data-element_type=\"section\">\n\t\t\t\t\t\t<div class=\"elementor-container elementor-column-gap-default\">\n\t\t\t\t\t<div class=\"elementor-column elementor-col-100 elementor-top-column elementor-element elementor-element-112dea1\" data-id=\"112dea1\" data-element_type=\"column\">\n\t\t\t<div class=\"elementor-widget-wrap elementor-element-populated\">\n\t\t\t\t\t\t<div class=\"elementor-element elementor-element-9815e0f elementor-widget__width-initial elementor-absolute elementor-widget elementor-widget-spacer\" data-id=\"9815e0f\" data-element_type=\"widget\" data-settings=\"{&quot;_position&quot;:&quot;absolute&quot;}\" data-widget_type=\"spacer.default\">\n\t\t\t\t<div class=\"elementor-widget-container\">\n\t\t\t\t\t<div class=\"elementor-spacer\">\n\t\t\t<div class=\"elementor-spacer-inner\"><\/div>\n\t\t<\/div>\n\t\t\t\t<\/div>\n\t\t\t\t<\/div>\n\t\t\t\t<div class=\"elementor-element elementor-element-c149fa9 elementor-arrows-position-inside elementor-invisible elementor-widget elementor-widget-image-carousel\" data-id=\"c149fa9\" data-element_type=\"widget\" data-settings=\"{&quot;slides_to_show&quot;:&quot;1&quot;,&quot;navigation&quot;:&quot;arrows&quot;,&quot;_animation&quot;:&quot;fadeIn&quot;,&quot;autoplay&quot;:&quot;yes&quot;,&quot;pause_on_hover&quot;:&quot;yes&quot;,&quot;pause_on_interaction&quot;:&quot;yes&quot;,&quot;autoplay_speed&quot;:5000,&quot;infinite&quot;:&quot;yes&quot;,&quot;effect&quot;:&quot;slide&quot;,&quot;speed&quot;:500}\" data-widget_type=\"image-carousel.default\">\n\t\t\t\t<div class=\"elementor-widget-container\">\n\t\t\t\t\t<div class=\"elementor-image-carousel-wrapper swiper\" dir=\"ltr\">\n\t\t\t<div class=\"elementor-image-carousel swiper-wrapper swiper-image-stretch\" aria-live=\"off\">\n\t\t\t\t\t\t\t\t<div class=\"swiper-slide\" role=\"group\" aria-roledescription=\"slide\" aria-label=\"1 of 17\"><figure class=\"swiper-slide-inner\"><img decoding=\"async\" class=\"swiper-slide-image\" src=\"https:\/\/campus.univ-lyon1.fr\/cclyonest\/files\/elementor\/thumbs\/AdobeStock_24194350-scaled-pivd012lela9g784shzvc0obtwd0uebmwrx3r4yh40.jpeg\" alt=\"Mus\u00e9e\" \/><\/figure><\/div><div class=\"swiper-slide\" role=\"group\" aria-roledescription=\"slide\" aria-label=\"2 of 17\"><figure class=\"swiper-slide-inner\"><img decoding=\"async\" class=\"swiper-slide-image\" src=\"https:\/\/campus.univ-lyon1.fr\/cclyonest\/files\/elementor\/thumbs\/AdobeStock_30665978-scaled-pivd05rscrgp291b12106hhmstpuwvualf6j5iri8w.jpeg\" alt=\"Close up shot of piano keyboard with spot light on\" \/><\/figure><\/div><div class=\"swiper-slide\" role=\"group\" aria-roledescription=\"slide\" aria-label=\"3 of 17\"><figure class=\"swiper-slide-inner\"><img decoding=\"async\" class=\"swiper-slide-image\" src=\"https:\/\/campus.univ-lyon1.fr\/cclyonest\/files\/elementor\/thumbs\/AdobeStock_58543327-scaled-pivd0dahvfqzn4qdt5a0qflbjwosmgo5ageezqgcv4.jpeg\" alt=\"Classical music concept: cello, violin, piano and a score\" \/><\/figure><\/div><div class=\"swiper-slide\" role=\"group\" aria-roledescription=\"slide\" aria-label=\"4 of 17\"><figure class=\"swiper-slide-inner\"><img decoding=\"async\" class=\"swiper-slide-image\" src=\"https:\/\/campus.univ-lyon1.fr\/cclyonest\/files\/elementor\/thumbs\/AdobeStock_67790620-scaled-pivd0okk5g6fig9zza5jkcquoj576twxc088r1zmsg.jpeg\" alt=\"Classical music concept: cello, violin, piano and a score\" \/><\/figure><\/div><div class=\"swiper-slide\" role=\"group\" aria-roledescription=\"slide\" aria-label=\"5 of 17\"><figure class=\"swiper-slide-inner\"><img decoding=\"async\" class=\"swiper-slide-image\" src=\"https:\/\/campus.univ-lyon1.fr\/cclyonest\/files\/elementor\/thumbs\/AdobeStock_71759386-scaled-pivd11qat4og0zqvufubj9fazxcc6ld61td1gxg4dc.jpeg\" alt=\"Conductor directing symphony orchestra with performers on background, hands close-up.\" \/><\/figure><\/div><div class=\"swiper-slide\" role=\"group\" aria-roledescription=\"slide\" aria-label=\"6 of 17\"><figure class=\"swiper-slide-inner\"><img decoding=\"async\" class=\"swiper-slide-image\" src=\"https:\/\/campus.univ-lyon1.fr\/cclyonest\/files\/elementor\/thumbs\/AdobeStock_143925690-scaled-pivd1grpuh916r51emccn5moi3a7lr0vfvst5cttls.jpeg\" alt=\"musician hands on guitar neck. black and white, music background\" \/><\/figure><\/div><div class=\"swiper-slide\" role=\"group\" aria-roledescription=\"slide\" aria-label=\"7 of 17\"><figure class=\"swiper-slide-inner\"><img decoding=\"async\" class=\"swiper-slide-image\" src=\"https:\/\/campus.univ-lyon1.fr\/cclyonest\/files\/elementor\/thumbs\/AdobeStock_144325026-scaled-pivd1oafd5jbrmu46pld73qd9695bbuq4x0ozkio80.jpeg\" alt=\"TEL AVIV, ISRAEL - APRIL 12, 2016: Girl looks at a painting at the Museum of Art\" \/><\/figure><\/div><div class=\"swiper-slide\" role=\"group\" aria-roledescription=\"slide\" aria-label=\"8 of 17\"><figure class=\"swiper-slide-inner\"><img decoding=\"async\" class=\"swiper-slide-image\" src=\"https:\/\/campus.univ-lyon1.fr\/cclyonest\/files\/elementor\/thumbs\/AdobeStock_176065833-scaled-pivd1vt4vttmcij6ysudr1u209830wokty8kts7iu8.jpeg\" alt=\"Musicians playing the violin close up.\" \/><\/figure><\/div><div class=\"swiper-slide\" role=\"group\" aria-roledescription=\"slide\" aria-label=\"9 of 17\"><figure class=\"swiper-slide-inner\"><img decoding=\"async\" class=\"swiper-slide-image\" src=\"https:\/\/campus.univ-lyon1.fr\/cclyonest\/files\/elementor\/thumbs\/AdobeStock_224223239-scaled-pivd265cz07rw846afba0h84jht4dktmjdex3ts6xs.jpeg\" alt=\"part of a violin on a black background with hard light\" \/><\/figure><\/div><div class=\"swiper-slide\" role=\"group\" aria-roledescription=\"slide\" aria-label=\"10 of 17\"><figure class=\"swiper-slide-inner\"><img decoding=\"async\" class=\"swiper-slide-image\" src=\"https:\/\/campus.univ-lyon1.fr\/cclyonest\/files\/elementor\/thumbs\/AdobeStock_239332001-scaled-pivd2id9fuoi35mfb2lfew549i4w5n64x1w8cfa2ow.jpeg\" alt=\"violoncelle musique classique orchestre archet corde instrument symphonique musicien concert\" \/><\/figure><\/div><div class=\"swiper-slide\" role=\"group\" aria-roledescription=\"slide\" aria-label=\"11 of 17\"><figure class=\"swiper-slide-inner\"><img decoding=\"async\" class=\"swiper-slide-image\" src=\"https:\/\/campus.univ-lyon1.fr\/cclyonest\/files\/elementor\/thumbs\/AdobeStock_249763817-scaled-pivd2tnbpv3xyh61h7gy8tane4laq0ewylq23qtcm8.jpeg\" alt=\"retro violin on a black background\" \/><\/figure><\/div><div class=\"swiper-slide\" role=\"group\" aria-roledescription=\"slide\" aria-label=\"12 of 17\"><figure class=\"swiper-slide-inner\"><img decoding=\"async\" class=\"swiper-slide-image\" src=\"https:\/\/campus.univ-lyon1.fr\/cclyonest\/files\/elementor\/thumbs\/AdobeStock_262617562-scaled-pivd331pm7gt6ksdybj7xqx9bzayuzg8bw8wwifew0.jpeg\" alt=\"Group of dancer in colored clothes dancing on the stage in long exposure. Dark background\" \/><\/figure><\/div><div class=\"swiper-slide\" role=\"group\" aria-roledescription=\"slide\" aria-label=\"13 of 17\"><figure class=\"swiper-slide-inner\"><img decoding=\"async\" class=\"swiper-slide-image\" src=\"https:\/\/campus.univ-lyon1.fr\/cclyonest\/files\/elementor\/thumbs\/AdobeStock_288513054-scaled-pivd3ddxpduyqadd9y0476bbv7w07nla1bf96k02zk.jpeg\" alt=\"Rome, Italy - June 22, 2018: Baroque marble sculpture Rape of Proserpine by Bernini 1621 in Galleria Borghese of Villa Borghese\" \/><\/figure><\/div><div class=\"swiper-slide\" role=\"group\" aria-roledescription=\"slide\" aria-label=\"14 of 17\"><figure class=\"swiper-slide-inner\"><img decoding=\"async\" class=\"swiper-slide-image\" src=\"https:\/\/campus.univ-lyon1.fr\/cclyonest\/files\/elementor\/thumbs\/AdobeStock_302747789-scaled-pivd3y2dvqn9tpjbx6xwq13gxp22wzvdg5rxqn5f6o.jpeg\" alt=\"David sculpture by Michelangelo. Close up with dark background.\" \/><\/figure><\/div><div class=\"swiper-slide\" role=\"group\" aria-roledescription=\"slide\" aria-label=\"15 of 17\"><figure class=\"swiper-slide-inner\"><img decoding=\"async\" class=\"swiper-slide-image\" src=\"https:\/\/campus.univ-lyon1.fr\/cclyonest\/files\/elementor\/thumbs\/AdobeStock_339859118-scaled-pivd4ezharafmour6e96ywtrmmqorjqjihiodmgc2o.jpeg\" alt=\"classic retro violin music string instrumt with old music note sheet paper on old oak wood wooden background. classical musical romantic valentines day concept.\" \/><\/figure><\/div><div class=\"swiper-slide\" role=\"group\" aria-roledescription=\"slide\" aria-label=\"16 of 17\"><figure class=\"swiper-slide-inner\"><img decoding=\"async\" class=\"swiper-slide-image\" src=\"https:\/\/campus.univ-lyon1.fr\/cclyonest\/files\/elementor\/thumbs\/AdobeStock_340543778-scaled-pivd4q9jkrpvi0edcj4pstzar973bwzbk1ci4xzm00.jpeg\" alt=\"Concert of voice and orchestra\" \/><\/figure><\/div><div class=\"swiper-slide\" role=\"group\" aria-roledescription=\"slide\" aria-label=\"17 of 17\"><figure class=\"swiper-slide-inner\"><img decoding=\"async\" class=\"swiper-slide-image\" src=\"https:\/\/campus.univ-lyon1.fr\/cclyonest\/files\/elementor\/thumbs\/AdobeStock_364847331_Editorial_Use_Only-scaled-pivd4yq3aa1gei22z4scx9ug3q1e96wwl77vgfn2g0.jpeg\" alt=\"NEW YORK, USA - SEP 25, 2015: European painter&#039;s picture gallery in the Metropolitan Museum of Art (the Met), the largest art museum in the United States of America\" \/><\/figure><\/div>\t\t\t<\/div>\n\t\t\t\t\t\t\t\t\t\t\t\t<div class=\"elementor-swiper-button elementor-swiper-button-prev\" role=\"button\" tabindex=\"0\">\n\t\t\t\t\t\t<i aria-hidden=\"true\" class=\"eicon-chevron-left\"><\/i>\t\t\t\t\t<\/div>\n\t\t\t\t\t<div class=\"elementor-swiper-button elementor-swiper-button-next\" role=\"button\" tabindex=\"0\">\n\t\t\t\t\t\t<i aria-hidden=\"true\" class=\"eicon-chevron-right\"><\/i>\t\t\t\t\t<\/div>\n\t\t\t\t\n\t\t\t\t\t\t\t\t\t<\/div>\n\t\t\t\t<\/div>\n\t\t\t\t<\/div>\n\t\t\t\t\t<\/div>\n\t\t<\/div>\n\t\t\t\t\t<\/div>\n\t\t<\/section>\n\t\t\t\t<section class=\"elementor-section elementor-top-section elementor-element elementor-element-d04808a elementor-section-boxed elementor-section-height-default elementor-section-height-default\" data-id=\"d04808a\" data-element_type=\"section\">\n\t\t\t\t\t\t<div class=\"elementor-container elementor-column-gap-default\">\n\t\t\t\t\t<div class=\"elementor-column elementor-col-100 elementor-top-column elementor-element elementor-element-719d462\" data-id=\"719d462\" data-element_type=\"column\">\n\t\t\t<div class=\"elementor-widget-wrap elementor-element-populated\">\n\t\t\t\t\t\t<div class=\"elementor-element elementor-element-5277407 eael_simple_menu_hamburger_disable_selected_menu_hide eael-simple-menu-hamburger-align-center eael-hamburger--tablet elementor-widget elementor-widget-eael-simple-menu\" data-id=\"5277407\" data-element_type=\"widget\" data-widget_type=\"eael-simple-menu.default\">\n\t\t\t\t<div class=\"elementor-widget-container\">\n\t\t\t<style>\n                        @media screen and (max-width: 1024px) {\n                            .eael-hamburger--tablet {\n                                .eael-simple-menu-horizontal,\n                                .eael-simple-menu-vertical {\n                                    display: none;\n                                }\n                            }\n                            .eael-hamburger--tablet {\n                                .eael-simple-menu-container .eael-simple-menu-toggle {\n                                    display: block;\n                                }\n                            }\n                        }\n                    <\/style>            <div data-hamburger-icon=\"&lt;i aria-hidden=&quot;true&quot; class=&quot;fas fa-bars&quot;&gt;&lt;\/i&gt;\" data-indicator-icon=\"&lt;i aria-hidden=&quot;true&quot; class=&quot;fas fa-angle-down&quot;&gt;&lt;\/i&gt;\" data-dropdown-indicator-icon=\"&lt;i class=&quot;fas fa-angle-down&quot;&gt;&lt;\/i&gt;\" class=\"eael-simple-menu-container eael-simple-menu-align-center eael-simple-menu--stretch eael-simple-menu-dropdown-align-left preset-3\" data-hamburger-breakpoints=\"{&quot;mobile&quot;:&quot;Mobile Portrait (&gt; 767px)&quot;,&quot;tablet&quot;:&quot;Tablet Portrait (&gt; 1024px)&quot;,&quot;desktop&quot;:&quot;Desktop (&gt; 2400px)&quot;,&quot;none&quot;:&quot;None&quot;}\" data-hamburger-device=\"tablet\">\n                <ul id=\"menu-principal\" class=\"eael-simple-menu eael-simple-menu-dropdown-animate-fade eael-simple-menu-indicator eael-simple-menu-horizontal\"><li id=\"menu-item-137\" class=\"menu-item menu-item-type-post_type menu-item-object-page menu-item-home menu-item-137\"><a href=\"https:\/\/campus.univ-lyon1.fr\/cclyonest\/\">Accueil<\/a><\/li>\n<li id=\"menu-item-1314\" class=\"menu-item menu-item-type-post_type menu-item-object-page menu-item-has-children menu-item-1314\"><a href=\"https:\/\/campus.univ-lyon1.fr\/cclyonest\/la-commission-culture\/\">La Commission<\/a>\n<ul class=\"sub-menu\">\n\t<li id=\"menu-item-506\" class=\"menu-item menu-item-type-post_type menu-item-object-page menu-item-506\"><a href=\"https:\/\/campus.univ-lyon1.fr\/cclyonest\/membres\/\">Membres<\/a><\/li>\n\t<li id=\"menu-item-562\" class=\"menu-item menu-item-type-post_type menu-item-object-page menu-item-562\"><a href=\"https:\/\/campus.univ-lyon1.fr\/cclyonest\/objectifs-2\/\">Objectifs<\/a><\/li>\n\t<li id=\"menu-item-792\" class=\"menu-item menu-item-type-post_type menu-item-object-page menu-item-792\"><a href=\"https:\/\/campus.univ-lyon1.fr\/cclyonest\/projets\/\">Projets<\/a><\/li>\n\t<li id=\"menu-item-507\" class=\"menu-item menu-item-type-post_type menu-item-object-page menu-item-507\"><a href=\"https:\/\/campus.univ-lyon1.fr\/cclyonest\/residence-dartistes\/\">R\u00e9sidence d\u2019artistes<\/a><\/li>\n\t<li id=\"menu-item-192\" class=\"menu-item menu-item-type-post_type menu-item-object-page menu-item-192\"><a href=\"https:\/\/campus.univ-lyon1.fr\/cclyonest\/partenaires\/\">Partenaires<\/a><\/li>\n<\/ul>\n<\/li>\n<li id=\"menu-item-1226\" class=\"menu-item menu-item-type-custom menu-item-object-custom menu-item-has-children menu-item-1226\"><a href=\"#\">Ev\u00e8nements<\/a>\n<ul class=\"sub-menu\">\n\t<li id=\"menu-item-194\" class=\"menu-item menu-item-type-post_type menu-item-object-page menu-item-194\"><a href=\"https:\/\/campus.univ-lyon1.fr\/cclyonest\/agenda\/\">Agenda<\/a><\/li>\n\t<li id=\"menu-item-197\" class=\"menu-item menu-item-type-post_type menu-item-object-page menu-item-197\"><a href=\"https:\/\/campus.univ-lyon1.fr\/cclyonest\/conferences\/\">Conf\u00e9rences<\/a><\/li>\n\t<li id=\"menu-item-508\" class=\"menu-item menu-item-type-post_type menu-item-object-page menu-item-508\"><a href=\"https:\/\/campus.univ-lyon1.fr\/cclyonest\/expositions-2\/\">Expositions<\/a><\/li>\n<\/ul>\n<\/li>\n<li id=\"menu-item-1238\" class=\"menu-item menu-item-type-custom menu-item-object-custom menu-item-has-children menu-item-1238\"><a href=\"#\">C\u00e9r\u00e9monies<\/a>\n<ul class=\"sub-menu\">\n\t<li id=\"menu-item-201\" class=\"menu-item menu-item-type-post_type menu-item-object-page menu-item-201\"><a href=\"https:\/\/campus.univ-lyon1.fr\/cclyonest\/baptemes\/\">Bapt\u00eame de promotion<\/a><\/li>\n\t<li id=\"menu-item-509\" class=\"menu-item menu-item-type-post_type menu-item-object-page menu-item-509\"><a href=\"https:\/\/campus.univ-lyon1.fr\/cclyonest\/remise-de-diplomes\/\">Remise de dipl\u00f4mes<\/a><\/li>\n<\/ul>\n<\/li>\n<li id=\"menu-item-534\" class=\"menu-item menu-item-type-post_type menu-item-object-page menu-item-534\"><a href=\"https:\/\/campus.univ-lyon1.fr\/cclyonest\/uelc-mmn\/\">UELC MMN<\/a><\/li>\n<\/ul>                <button class=\"eael-simple-menu-toggle\">\n                    <span class=\"sr-only \">Hamburger Toggle Menu<\/span>\n                    <i aria-hidden=\"true\" class=\"fas fa-bars\"><\/i>                <\/button>\n            <\/div>\n            \t\t<\/div>\n\t\t\t\t<\/div>\n\t\t\t\t\t<\/div>\n\t\t<\/div>\n\t\t\t\t\t<\/div>\n\t\t<\/section>\n\t\t\t\t<section class=\"elementor-section elementor-top-section elementor-element elementor-element-117d0e1 elementor-section-boxed elementor-section-height-default elementor-section-height-default\" data-id=\"117d0e1\" data-element_type=\"section\">\n\t\t\t\t\t\t<div class=\"elementor-container elementor-column-gap-default\">\n\t\t\t\t\t<div class=\"elementor-column elementor-col-100 elementor-top-column elementor-element elementor-element-5cf1d13\" data-id=\"5cf1d13\" data-element_type=\"column\">\n\t\t\t<div class=\"elementor-widget-wrap elementor-element-populated\">\n\t\t\t\t\t\t<div class=\"elementor-element elementor-element-d14b753 elementor-widget elementor-widget-image\" data-id=\"d14b753\" data-element_type=\"widget\" data-widget_type=\"image.default\">\n\t\t\t\t<div class=\"elementor-widget-container\">\n\t\t\t\t\t\t\t\t\t\t\t\t\t<img decoding=\"async\" src=\"https:\/\/campus.univ-lyon1.fr\/cclyonest\/files\/elementor\/thumbs\/titre-objectifs-pllu979fb6urpsvlycn0lmm50v4i4tijyqxgu7e8ou.png\" title=\"titre objectifs\" alt=\"titre objectifs\" loading=\"lazy\" \/>\t\t\t\t\t\t\t\t\t\t\t\t\t<\/div>\n\t\t\t\t<\/div>\n\t\t\t\t\t<\/div>\n\t\t<\/div>\n\t\t\t\t\t<\/div>\n\t\t<\/section>\n\t\t\t\t<section class=\"elementor-section elementor-top-section elementor-element elementor-element-200db5c elementor-section-boxed elementor-section-height-default elementor-section-height-default\" data-id=\"200db5c\" data-element_type=\"section\">\n\t\t\t\t\t\t<div class=\"elementor-container elementor-column-gap-default\">\n\t\t\t\t\t<div class=\"elementor-column elementor-col-100 elementor-top-column elementor-element elementor-element-d8070fd\" data-id=\"d8070fd\" data-element_type=\"column\">\n\t\t\t<div class=\"elementor-widget-wrap elementor-element-populated\">\n\t\t\t\t\t\t<div class=\"elementor-element elementor-element-0f99ede elementor-widget elementor-widget-text-editor\" data-id=\"0f99ede\" data-element_type=\"widget\" data-widget_type=\"text-editor.default\">\n\t\t\t\t<div class=\"elementor-widget-container\">\n\t\t\t\t\t\t\t<p><strong>D<\/strong><b>epuis la cr\u00e9ation de la Facult\u00e9 de M\u00e9decine Lyon-Est en 2007, le Doyen a \u00e9mis la volont\u00e9 de cr\u00e9ation d\u2019une v\u00e9ritable politique culturelle totalement int\u00e9gr\u00e9e au sein de la formation des \u00e9tudiants en M\u00e9decine tout au long de leurs parcours.<\/b><\/p><p>L\u2019objectif de cette nouvelle politique est d\u2019am\u00e9liorer la formation et la qualit\u00e9 de vie des \u00e9tudiants en cr\u00e9ant une nouvelle dynamique d\u2019ouverture aux Arts et aux Lettres, \u00e0 la Musique et au Th\u00e9\u00e2tre. Cet esprit d\u2019ouverture doit favoriser une meilleure compr\u00e9hension de l\u2019Homme et de la soci\u00e9t\u00e9, permettre un meilleur apprentissage \u00e0 l\u2019observation m\u00e9dicale, au questionnement scientifique, au sens critique, et \u00e9lever la capacit\u00e9 des \u00e9tudiants \u00e0 l\u2019abstraction et \u00e0 la r\u00e9flexion psychologique, philosophique et sociale.<\/p><p>Dans l\u2019id\u00e9e de cr\u00e9er un esprit de promotion et de transmission, la commission culturelle de la Facult\u00e9 de M\u00e9decine Lyon-Est a tout d\u2019abord cr\u00e9e deux \u00e9v\u00e8nements majeurs. Le premier, dit de <b>\u00ab Bapt\u00eame de promotion \u00bb<\/b> est adress\u00e9 aux \u00e9tudiants ayant r\u00e9ussi le concours de fin de 1<sup>\u00e8re<\/sup> ann\u00e9e et int\u00e9grant la Formation G\u00e9n\u00e9rale de Sciences M\u00e9dicales de 2<sup>\u00e8me<\/sup> ann\u00e9e et le deuxi\u00e8me consiste dans la c\u00e9r\u00e9monie de <b>\u00ab\u00a0 Remise des dipl\u00f4mes\u00a0\u00bb<\/b> en fin de 6<sup>\u00e8me<\/sup> ann\u00e9e de m\u00e9decine.<\/p><p>Si la cr\u00e9ation de ces deux \u00e9v\u00e8nements culturels constitue les piliers initiaux de cette action, l\u2019objectif de la commission est d\u2019int\u00e9grer, de mani\u00e8re quasi quotidienne et permanente, la culture dans la vie universitaire des \u00e9tudiants par la cr\u00e9ation d\u2019\u00e9v\u00e8nements r\u00e9guliers sur leur lieu de travail, c\u2019est-\u00e0-dire dans les locaux de la facult\u00e9, ou par la cr\u00e9ation d\u2019\u00e9v\u00e8nements d\u00e9localis\u00e9s sur des sites d\u2019exception culturelle comme un mus\u00e9e, un concert, l\u2019Op\u00e9ra,\u2026<\/p><p>Dans cet objectif, plusieurs \u00e9v\u00e9nements ont \u00e9t\u00e9 mis en place depuis plusieurs ann\u00e9es (Grandes Conf\u00e9rences de la Facult\u00e9, Conf\u00e9rences \u00e9tudiantes, Soir\u00e9e \u00e9tudiante du Mus\u00e9e des Beaux-Arts de Lyon, partenariat avec les Concerts des Grands Interpr\u00e8tes, Concerts\u2026).<\/p><p><b>Ces \u00e9v\u00e9nements ont permis de faire intervenir diff\u00e9rents artistes, d\u2019aborder diff\u00e9rentes questions philosophiques, et de souligner \u00e0 quel point l\u2019\u00e9volution de la m\u00e9decine vers une technicit\u00e9 de plus en plus importante doit toujours s\u2019accompagner d\u2019une v\u00e9ritable r\u00e9flexion sur la place de l\u2019humain au c\u0153ur de la relation singuli\u00e8re entre le patient et son m\u00e9decin.<\/b><\/p><p>\u00a0<\/p>\t\t\t\t\t\t<\/div>\n\t\t\t\t<\/div>\n\t\t\t\t\t<\/div>\n\t\t<\/div>\n\t\t\t\t\t<\/div>\n\t\t<\/section>\n\t\t\t\t<section class=\"elementor-section elementor-top-section elementor-element elementor-element-6850ed1 elementor-section-boxed elementor-section-height-default elementor-section-height-default\" data-id=\"6850ed1\" data-element_type=\"section\" data-settings=\"{&quot;background_background&quot;:&quot;classic&quot;}\">\n\t\t\t\t\t\t<div class=\"elementor-container elementor-column-gap-default\">\n\t\t\t\t\t<div class=\"elementor-column elementor-col-100 elementor-top-column elementor-element elementor-element-6884f47\" data-id=\"6884f47\" data-element_type=\"column\" data-settings=\"{&quot;background_background&quot;:&quot;classic&quot;}\">\n\t\t\t<div class=\"elementor-widget-wrap elementor-element-populated\">\n\t\t\t\t\t\t<div class=\"elementor-element elementor-element-f624da3 elementor-widget elementor-widget-text-editor\" data-id=\"f624da3\" data-element_type=\"widget\" data-widget_type=\"text-editor.default\">\n\t\t\t\t<div class=\"elementor-widget-container\">\n\t\t\t\t\t\t\t<p><span style=\"text-align: justify\"><br \/>Afin de d\u00e9velopper de nouvelles actions r\u00e9guli\u00e8res, la commission culturelle d\u00e9veloppe ses interactions avec les \u00e9tudiants,<b> le service SHS, le Th\u00e9\u00e2tre Astr\u00e9e, et<\/b> <b>bien d\u2019autres<\/b>, pour mettre en \u0153uvre plusieurs des \u00e9v\u00e8nements (Grande conf\u00e9rence de l\u2019H\u00f4tel-Dieu, Exposition de photographie, pi\u00e8ce de Th\u00e9\u00e2tre, festival du documentaire sur la sant\u00e9, semaine musique\u2026) et des actions \u00e0 caract\u00e8re permanent (Quatuor en r\u00e9sidence, Animation d\u2019une chorale, \u2026).<\/span><\/p><p>\u00a0<\/p>\t\t\t\t\t\t<\/div>\n\t\t\t\t<\/div>\n\t\t\t\t\t<\/div>\n\t\t<\/div>\n\t\t\t\t\t<\/div>\n\t\t<\/section>\n\t\t\t\t<\/div>\n\t\t","protected":false},"excerpt":{"rendered":"<p>\u00ab\u00a0L&rsquo;art, c&rsquo;est le plus court chemin de l&rsquo;homme \u00e0 l&rsquo;homme\u00a0\u00bbAndr\u00e9 Malraux Pr\u00e9c\u00e9dent Suivant Accueil La Commission Membres Objectifs Projets R\u00e9sidence d\u2019artistes Partenaires Ev\u00e8nements Agenda Conf\u00e9rences Expositions C\u00e9r\u00e9monies Bapt\u00eame de promotion [&hellip;]<\/p>\n","protected":false},"author":2352,"featured_media":0,"parent":0,"menu_order":0,"comment_status":"closed","ping_status":"closed","template":"elementor_canvas","meta":[],"_links":{"self":[{"href":"https:\/\/campus.univ-lyon1.fr\/cclyonest\/wp-json\/wp\/v2\/pages\/539"}],"collection":[{"href":"https:\/\/campus.univ-lyon1.fr\/cclyonest\/wp-json\/wp\/v2\/pages"}],"about":[{"href":"https:\/\/campus.univ-lyon1.fr\/cclyonest\/wp-json\/wp\/v2\/types\/page"}],"author":[{"embeddable":true,"href":"https:\/\/campus.univ-lyon1.fr\/cclyonest\/wp-json\/wp\/v2\/users\/2352"}],"replies":[{"embeddable":true,"href":"https:\/\/campus.univ-lyon1.fr\/cclyonest\/wp-json\/wp\/v2\/comments?post=539"}],"version-history":[{"count":15,"href":"https:\/\/campus.univ-lyon1.fr\/cclyonest\/wp-json\/wp\/v2\/pages\/539\/revisions"}],"predecessor-version":[{"id":1292,"href":"https:\/\/campus.univ-lyon1.fr\/cclyonest\/wp-json\/wp\/v2\/pages\/539\/revisions\/1292"}],"wp:attachment":[{"href":"https:\/\/campus.univ-lyon1.fr\/cclyonest\/wp-json\/wp\/v2\/media?parent=539"}],"curies":[{"name":"wp","href":"https:\/\/api.w.org\/{rel}","templated":true}]}}