{"id":503,"date":"2022-03-09T15:46:58","date_gmt":"2022-03-09T14:46:58","guid":{"rendered":"https:\/\/campus.univ-lyon1.fr\/cclyonest\/?page_id=503"},"modified":"2024-02-05T11:37:34","modified_gmt":"2024-02-05T10:37:34","slug":"doisneau-et-medecine","status":"publish","type":"page","link":"https:\/\/campus.univ-lyon1.fr\/cclyonest\/doisneau-et-medecine\/","title":{"rendered":"Doisneau et m\u00e9decine"},"content":{"rendered":"\t\t<div data-elementor-type=\"wp-page\" data-elementor-id=\"503\" class=\"elementor elementor-503\">\n\t\t\t\t\t\t<section class=\"elementor-section elementor-top-section elementor-element elementor-element-16cf212 elementor-section-boxed elementor-section-height-default elementor-section-height-default\" data-id=\"16cf212\" data-element_type=\"section\">\n\t\t\t\t\t\t<div class=\"elementor-container elementor-column-gap-default\">\n\t\t\t\t\t<div class=\"elementor-column elementor-col-50 elementor-top-column elementor-element elementor-element-cbfe33d\" data-id=\"cbfe33d\" data-element_type=\"column\">\n\t\t\t<div class=\"elementor-widget-wrap elementor-element-populated\">\n\t\t\t\t\t\t<div class=\"elementor-element elementor-element-bd8c00c elementor-widget elementor-widget-image\" data-id=\"bd8c00c\" data-element_type=\"widget\" data-widget_type=\"image.default\">\n\t\t\t\t<div class=\"elementor-widget-container\">\n\t\t\t\t\t\t\t\t\t\t\t\t\t<img decoding=\"async\" width=\"300\" height=\"133\" src=\"https:\/\/campus.univ-lyon1.fr\/cclyonest\/files\/2022\/03\/logo-commission-copie.png\" class=\"attachment-full size-full wp-image-386\" alt=\"\" \/>\t\t\t\t\t\t\t\t\t\t\t\t\t<\/div>\n\t\t\t\t<\/div>\n\t\t\t\t\t<\/div>\n\t\t<\/div>\n\t\t\t\t<div class=\"elementor-column elementor-col-50 elementor-top-column elementor-element elementor-element-c385016\" data-id=\"c385016\" data-element_type=\"column\">\n\t\t\t<div class=\"elementor-widget-wrap elementor-element-populated\">\n\t\t\t\t\t\t<div class=\"elementor-element elementor-element-02b5ccf elementor-widget elementor-widget-text-editor\" data-id=\"02b5ccf\" data-element_type=\"widget\" data-widget_type=\"text-editor.default\">\n\t\t\t\t<div class=\"elementor-widget-container\">\n\t\t\t\t\t\t\t<h6><i>\u00ab\u00a0L&rsquo;art, c&rsquo;est le plus court chemin de l&rsquo;homme \u00e0 l&rsquo;homme\u00a0\u00bb<br \/><\/i>Andr\u00e9 Malraux<\/h6>\t\t\t\t\t\t<\/div>\n\t\t\t\t<\/div>\n\t\t\t\t<div class=\"elementor-element elementor-element-44e0ad0 elementor-widget elementor-widget-image\" data-id=\"44e0ad0\" data-element_type=\"widget\" data-widget_type=\"image.default\">\n\t\t\t\t<div class=\"elementor-widget-container\">\n\t\t\t\t\t\t\t\t\t\t\t\t\t<img decoding=\"async\" width=\"230\" height=\"127\" src=\"https:\/\/campus.univ-lyon1.fr\/cclyonest\/files\/2022\/02\/logo-lyonEst.png\" class=\"attachment-full size-full wp-image-282\" alt=\"\" \/>\t\t\t\t\t\t\t\t\t\t\t\t\t<\/div>\n\t\t\t\t<\/div>\n\t\t\t\t\t<\/div>\n\t\t<\/div>\n\t\t\t\t\t<\/div>\n\t\t<\/section>\n\t\t\t\t<section class=\"elementor-section elementor-top-section elementor-element elementor-element-d232169 elementor-section-boxed elementor-section-height-default elementor-section-height-default\" data-id=\"d232169\" data-element_type=\"section\">\n\t\t\t\t\t\t<div class=\"elementor-container elementor-column-gap-default\">\n\t\t\t\t\t<div class=\"elementor-column elementor-col-100 elementor-top-column elementor-element elementor-element-a940187\" data-id=\"a940187\" data-element_type=\"column\">\n\t\t\t<div class=\"elementor-widget-wrap elementor-element-populated\">\n\t\t\t\t\t\t<div class=\"elementor-element elementor-element-da57594 elementor-widget-divider--view-line elementor-widget elementor-widget-divider\" data-id=\"da57594\" data-element_type=\"widget\" data-widget_type=\"divider.default\">\n\t\t\t\t<div class=\"elementor-widget-container\">\n\t\t\t\t\t<div class=\"elementor-divider\">\n\t\t\t<span class=\"elementor-divider-separator\">\n\t\t\t\t\t\t<\/span>\n\t\t<\/div>\n\t\t\t\t<\/div>\n\t\t\t\t<\/div>\n\t\t\t\t\t<\/div>\n\t\t<\/div>\n\t\t\t\t\t<\/div>\n\t\t<\/section>\n\t\t\t\t<section class=\"elementor-section elementor-top-section elementor-element elementor-element-f9639fc elementor-section-boxed elementor-section-height-default elementor-section-height-default\" data-id=\"f9639fc\" data-element_type=\"section\">\n\t\t\t\t\t\t<div class=\"elementor-container elementor-column-gap-default\">\n\t\t\t\t\t<div class=\"elementor-column elementor-col-100 elementor-top-column elementor-element elementor-element-6d106f3\" data-id=\"6d106f3\" data-element_type=\"column\">\n\t\t\t<div class=\"elementor-widget-wrap elementor-element-populated\">\n\t\t\t\t\t\t<div class=\"elementor-element elementor-element-a9650c7 eael_simple_menu_hamburger_disable_selected_menu_hide eael-simple-menu-hamburger-align-center eael-hamburger--tablet elementor-widget elementor-widget-eael-simple-menu\" data-id=\"a9650c7\" data-element_type=\"widget\" data-widget_type=\"eael-simple-menu.default\">\n\t\t\t\t<div class=\"elementor-widget-container\">\n\t\t\t<style>\n                        @media screen and (max-width: 1024px) {\n                            .eael-hamburger--tablet {\n                                .eael-simple-menu-horizontal,\n                                .eael-simple-menu-vertical {\n                                    display: none;\n                                }\n                            }\n                            .eael-hamburger--tablet {\n                                .eael-simple-menu-container .eael-simple-menu-toggle {\n                                    display: block;\n                                }\n                            }\n                        }\n                    <\/style>            <div data-hamburger-icon=\"&lt;i aria-hidden=&quot;true&quot; class=&quot;fas fa-bars&quot;&gt;&lt;\/i&gt;\" data-indicator-icon=\"&lt;i aria-hidden=&quot;true&quot; class=&quot;fas fa-angle-down&quot;&gt;&lt;\/i&gt;\" data-dropdown-indicator-icon=\"&lt;i class=&quot;fas fa-angle-down&quot;&gt;&lt;\/i&gt;\" class=\"eael-simple-menu-container eael-simple-menu-align-center eael-simple-menu--stretch eael-simple-menu-dropdown-align-left preset-3\" data-hamburger-breakpoints=\"{&quot;mobile&quot;:&quot;Mobile Portrait (&gt; 767px)&quot;,&quot;tablet&quot;:&quot;Tablet Portrait (&gt; 1024px)&quot;,&quot;desktop&quot;:&quot;Desktop (&gt; 2400px)&quot;,&quot;none&quot;:&quot;None&quot;}\" data-hamburger-device=\"tablet\">\n                <ul id=\"menu-principal\" class=\"eael-simple-menu eael-simple-menu-dropdown-animate-fade eael-simple-menu-indicator eael-simple-menu-horizontal\"><li id=\"menu-item-137\" class=\"menu-item menu-item-type-post_type menu-item-object-page menu-item-home menu-item-137\"><a href=\"https:\/\/campus.univ-lyon1.fr\/cclyonest\/\">Accueil<\/a><\/li>\n<li id=\"menu-item-1314\" class=\"menu-item menu-item-type-post_type menu-item-object-page menu-item-has-children menu-item-1314\"><a href=\"https:\/\/campus.univ-lyon1.fr\/cclyonest\/la-commission-culture\/\">La Commission<\/a>\n<ul class=\"sub-menu\">\n\t<li id=\"menu-item-506\" class=\"menu-item menu-item-type-post_type menu-item-object-page menu-item-506\"><a href=\"https:\/\/campus.univ-lyon1.fr\/cclyonest\/membres\/\">Membres<\/a><\/li>\n\t<li id=\"menu-item-562\" class=\"menu-item menu-item-type-post_type menu-item-object-page menu-item-562\"><a href=\"https:\/\/campus.univ-lyon1.fr\/cclyonest\/objectifs-2\/\">Objectifs<\/a><\/li>\n\t<li id=\"menu-item-792\" class=\"menu-item menu-item-type-post_type menu-item-object-page menu-item-792\"><a href=\"https:\/\/campus.univ-lyon1.fr\/cclyonest\/projets\/\">Projets<\/a><\/li>\n\t<li id=\"menu-item-507\" class=\"menu-item menu-item-type-post_type menu-item-object-page menu-item-507\"><a href=\"https:\/\/campus.univ-lyon1.fr\/cclyonest\/residence-dartistes\/\">R\u00e9sidence d\u2019artistes<\/a><\/li>\n\t<li id=\"menu-item-192\" class=\"menu-item menu-item-type-post_type menu-item-object-page menu-item-192\"><a href=\"https:\/\/campus.univ-lyon1.fr\/cclyonest\/partenaires\/\">Partenaires<\/a><\/li>\n<\/ul>\n<\/li>\n<li id=\"menu-item-1226\" class=\"menu-item menu-item-type-custom menu-item-object-custom menu-item-has-children menu-item-1226\"><a href=\"#\">Ev\u00e8nements<\/a>\n<ul class=\"sub-menu\">\n\t<li id=\"menu-item-194\" class=\"menu-item menu-item-type-post_type menu-item-object-page menu-item-194\"><a href=\"https:\/\/campus.univ-lyon1.fr\/cclyonest\/agenda\/\">Agenda<\/a><\/li>\n\t<li id=\"menu-item-197\" class=\"menu-item menu-item-type-post_type menu-item-object-page menu-item-197\"><a href=\"https:\/\/campus.univ-lyon1.fr\/cclyonest\/conferences\/\">Conf\u00e9rences<\/a><\/li>\n\t<li id=\"menu-item-508\" class=\"menu-item menu-item-type-post_type menu-item-object-page menu-item-508\"><a href=\"https:\/\/campus.univ-lyon1.fr\/cclyonest\/expositions-2\/\">Expositions<\/a><\/li>\n<\/ul>\n<\/li>\n<li id=\"menu-item-1238\" class=\"menu-item menu-item-type-custom menu-item-object-custom menu-item-has-children menu-item-1238\"><a href=\"#\">C\u00e9r\u00e9monies<\/a>\n<ul class=\"sub-menu\">\n\t<li id=\"menu-item-201\" class=\"menu-item menu-item-type-post_type menu-item-object-page menu-item-201\"><a href=\"https:\/\/campus.univ-lyon1.fr\/cclyonest\/baptemes\/\">Bapt\u00eame de promotion<\/a><\/li>\n\t<li id=\"menu-item-509\" class=\"menu-item menu-item-type-post_type menu-item-object-page menu-item-509\"><a href=\"https:\/\/campus.univ-lyon1.fr\/cclyonest\/remise-de-diplomes\/\">Remise de dipl\u00f4mes<\/a><\/li>\n<\/ul>\n<\/li>\n<li id=\"menu-item-534\" class=\"menu-item menu-item-type-post_type menu-item-object-page menu-item-534\"><a href=\"https:\/\/campus.univ-lyon1.fr\/cclyonest\/uelc-mmn\/\">UELC MMN<\/a><\/li>\n<\/ul>                <button class=\"eael-simple-menu-toggle\">\n                    <span class=\"sr-only \">Hamburger Toggle Menu<\/span>\n                    <i aria-hidden=\"true\" class=\"fas fa-bars\"><\/i>                <\/button>\n            <\/div>\n            \t\t<\/div>\n\t\t\t\t<\/div>\n\t\t\t\t\t<\/div>\n\t\t<\/div>\n\t\t\t\t\t<\/div>\n\t\t<\/section>\n\t\t\t\t<section class=\"elementor-section elementor-top-section elementor-element elementor-element-8710d5e elementor-section-boxed elementor-section-height-default elementor-section-height-default\" data-id=\"8710d5e\" data-element_type=\"section\">\n\t\t\t\t\t\t<div class=\"elementor-container elementor-column-gap-default\">\n\t\t\t\t\t<div class=\"elementor-column elementor-col-100 elementor-top-column elementor-element elementor-element-5e8faba\" data-id=\"5e8faba\" data-element_type=\"column\">\n\t\t\t<div class=\"elementor-widget-wrap elementor-element-populated\">\n\t\t\t\t\t\t<div class=\"elementor-element elementor-element-d3093a1 elementor-widget-divider--view-line elementor-widget elementor-widget-divider\" data-id=\"d3093a1\" data-element_type=\"widget\" data-widget_type=\"divider.default\">\n\t\t\t\t<div class=\"elementor-widget-container\">\n\t\t\t\t\t<div class=\"elementor-divider\">\n\t\t\t<span class=\"elementor-divider-separator\">\n\t\t\t\t\t\t<\/span>\n\t\t<\/div>\n\t\t\t\t<\/div>\n\t\t\t\t<\/div>\n\t\t\t\t\t<\/div>\n\t\t<\/div>\n\t\t\t\t\t<\/div>\n\t\t<\/section>\n\t\t\t\t<section class=\"elementor-section elementor-top-section elementor-element elementor-element-f22f4de elementor-section-boxed elementor-section-height-default elementor-section-height-default\" data-id=\"f22f4de\" data-element_type=\"section\">\n\t\t\t\t\t\t<div class=\"elementor-container elementor-column-gap-default\">\n\t\t\t\t\t<div class=\"elementor-column elementor-col-100 elementor-top-column elementor-element elementor-element-8741dfc\" data-id=\"8741dfc\" data-element_type=\"column\">\n\t\t\t<div class=\"elementor-widget-wrap elementor-element-populated\">\n\t\t\t\t\t\t<div class=\"elementor-element elementor-element-94a9ffc elementor-arrows-position-inside elementor-pagination-position-outside elementor-widget elementor-widget-image-carousel\" data-id=\"94a9ffc\" data-element_type=\"widget\" data-settings=\"{&quot;slides_to_show&quot;:&quot;1&quot;,&quot;navigation&quot;:&quot;both&quot;,&quot;autoplay&quot;:&quot;yes&quot;,&quot;pause_on_hover&quot;:&quot;yes&quot;,&quot;pause_on_interaction&quot;:&quot;yes&quot;,&quot;autoplay_speed&quot;:5000,&quot;infinite&quot;:&quot;yes&quot;,&quot;effect&quot;:&quot;slide&quot;,&quot;speed&quot;:500}\" data-widget_type=\"image-carousel.default\">\n\t\t\t\t<div class=\"elementor-widget-container\">\n\t\t\t\t\t<div class=\"elementor-image-carousel-wrapper swiper\" dir=\"ltr\">\n\t\t\t<div class=\"elementor-image-carousel swiper-wrapper\" aria-live=\"off\">\n\t\t\t\t\t\t\t\t<div class=\"swiper-slide\" role=\"group\" aria-roledescription=\"slide\" aria-label=\"1 of 7\"><figure class=\"swiper-slide-inner\"><img decoding=\"async\" class=\"swiper-slide-image\" src=\"https:\/\/campus.univ-lyon1.fr\/cclyonest\/files\/2022\/03\/photo-bebe-150x150.png\" alt=\"photo bebe\" \/><\/figure><\/div><div class=\"swiper-slide\" role=\"group\" aria-roledescription=\"slide\" aria-label=\"2 of 7\"><figure class=\"swiper-slide-inner\"><img decoding=\"async\" class=\"swiper-slide-image\" src=\"https:\/\/campus.univ-lyon1.fr\/cclyonest\/files\/2022\/03\/medecin-150x150.png\" alt=\"medecin\" \/><\/figure><\/div><div class=\"swiper-slide\" role=\"group\" aria-roledescription=\"slide\" aria-label=\"3 of 7\"><figure class=\"swiper-slide-inner\"><img decoding=\"async\" class=\"swiper-slide-image\" src=\"https:\/\/campus.univ-lyon1.fr\/cclyonest\/files\/2022\/03\/grand-parents-150x150.png\" alt=\"grand-parents\" \/><\/figure><\/div><div class=\"swiper-slide\" role=\"group\" aria-roledescription=\"slide\" aria-label=\"4 of 7\"><figure class=\"swiper-slide-inner\"><img decoding=\"async\" class=\"swiper-slide-image\" src=\"https:\/\/campus.univ-lyon1.fr\/cclyonest\/files\/2022\/03\/ballon-150x150.png\" alt=\"ballon\" \/><\/figure><\/div><div class=\"swiper-slide\" role=\"group\" aria-roledescription=\"slide\" aria-label=\"5 of 7\"><figure class=\"swiper-slide-inner\"><img decoding=\"async\" class=\"swiper-slide-image\" src=\"https:\/\/campus.univ-lyon1.fr\/cclyonest\/files\/2022\/03\/radio-150x150.png\" alt=\"radio\" \/><\/figure><\/div><div class=\"swiper-slide\" role=\"group\" aria-roledescription=\"slide\" aria-label=\"6 of 7\"><figure class=\"swiper-slide-inner\"><img decoding=\"async\" class=\"swiper-slide-image\" src=\"https:\/\/campus.univ-lyon1.fr\/cclyonest\/files\/2022\/03\/radio-150x150.jpg\" alt=\"radio\" \/><\/figure><\/div><div class=\"swiper-slide\" role=\"group\" aria-roledescription=\"slide\" aria-label=\"7 of 7\"><figure class=\"swiper-slide-inner\"><img decoding=\"async\" class=\"swiper-slide-image\" src=\"https:\/\/campus.univ-lyon1.fr\/cclyonest\/files\/2022\/03\/portrait-150x150.png\" alt=\"portrait\" \/><\/figure><\/div>\t\t\t<\/div>\n\t\t\t\t\t\t\t\t\t\t\t\t<div class=\"elementor-swiper-button elementor-swiper-button-prev\" role=\"button\" tabindex=\"0\">\n\t\t\t\t\t\t<i aria-hidden=\"true\" class=\"eicon-chevron-left\"><\/i>\t\t\t\t\t<\/div>\n\t\t\t\t\t<div class=\"elementor-swiper-button elementor-swiper-button-next\" role=\"button\" tabindex=\"0\">\n\t\t\t\t\t\t<i aria-hidden=\"true\" class=\"eicon-chevron-right\"><\/i>\t\t\t\t\t<\/div>\n\t\t\t\t\n\t\t\t\t\t\t\t\t\t<div class=\"swiper-pagination\"><\/div>\n\t\t\t\t\t\t\t\t\t<\/div>\n\t\t\t\t<\/div>\n\t\t\t\t<\/div>\n\t\t\t\t\t<\/div>\n\t\t<\/div>\n\t\t\t\t\t<\/div>\n\t\t<\/section>\n\t\t\t\t<section class=\"elementor-section elementor-top-section elementor-element elementor-element-05199f8 elementor-section-boxed elementor-section-height-default elementor-section-height-default\" data-id=\"05199f8\" data-element_type=\"section\">\n\t\t\t\t\t\t<div class=\"elementor-container elementor-column-gap-default\">\n\t\t\t\t\t<div class=\"elementor-column elementor-col-100 elementor-top-column elementor-element elementor-element-495c354\" data-id=\"495c354\" data-element_type=\"column\">\n\t\t\t<div class=\"elementor-widget-wrap elementor-element-populated\">\n\t\t\t\t\t\t<div class=\"elementor-element elementor-element-d5e8277 elementor-widget elementor-widget-text-editor\" data-id=\"d5e8277\" data-element_type=\"widget\" data-widget_type=\"text-editor.default\">\n\t\t\t\t<div class=\"elementor-widget-container\">\n\t\t\t\t\t\t\t<p><strong>Ex<\/strong><b>position \u00ab\u00a0Doisneau et m\u00e9decine\u00a0\u00bb \u00e0 la biblioth\u00e8que de la Facult\u00e9 du mardi 15 octobre au dimanche 24 novembre 2019<\/b><\/p>\t\t\t\t\t\t<\/div>\n\t\t\t\t<\/div>\n\t\t\t\t\t<\/div>\n\t\t<\/div>\n\t\t\t\t\t<\/div>\n\t\t<\/section>\n\t\t\t\t<section class=\"elementor-section elementor-top-section elementor-element elementor-element-33117b7 elementor-section-boxed elementor-section-height-default elementor-section-height-default\" data-id=\"33117b7\" data-element_type=\"section\">\n\t\t\t\t\t\t<div class=\"elementor-container elementor-column-gap-default\">\n\t\t\t\t\t<div class=\"elementor-column elementor-col-50 elementor-top-column elementor-element elementor-element-515030e\" data-id=\"515030e\" data-element_type=\"column\">\n\t\t\t<div class=\"elementor-widget-wrap elementor-element-populated\">\n\t\t\t\t\t\t<div class=\"elementor-element elementor-element-d53daad elementor-widget elementor-widget-image\" data-id=\"d53daad\" data-element_type=\"widget\" data-widget_type=\"image.default\">\n\t\t\t\t<div class=\"elementor-widget-container\">\n\t\t\t\t\t\t\t\t\t\t\t\t\t<img fetchpriority=\"high\" decoding=\"async\" width=\"227\" height=\"319\" src=\"https:\/\/campus.univ-lyon1.fr\/cclyonest\/files\/2022\/03\/portrait.png\" class=\"attachment-large size-large wp-image-510\" alt=\"\" srcset=\"https:\/\/campus.univ-lyon1.fr\/cclyonest\/files\/2022\/03\/portrait.png 227w, https:\/\/campus.univ-lyon1.fr\/cclyonest\/files\/2022\/03\/portrait-213x300.png 213w\" sizes=\"(max-width: 227px) 100vw, 227px\" \/>\t\t\t\t\t\t\t\t\t\t\t\t\t<\/div>\n\t\t\t\t<\/div>\n\t\t\t\t\t<\/div>\n\t\t<\/div>\n\t\t\t\t<div class=\"elementor-column elementor-col-50 elementor-top-column elementor-element elementor-element-db468f7\" data-id=\"db468f7\" data-element_type=\"column\">\n\t\t\t<div class=\"elementor-widget-wrap elementor-element-populated\">\n\t\t\t\t\t\t<div class=\"elementor-element elementor-element-a9a3fbb elementor-widget elementor-widget-text-editor\" data-id=\"a9a3fbb\" data-element_type=\"widget\" data-widget_type=\"text-editor.default\">\n\t\t\t\t<div class=\"elementor-widget-container\">\n\t\t\t\t\t\t\t<p><em><strong>Ro<\/strong><b>bert Doisneau (1912-1994)<\/b><\/em><\/p>\n<p>N\u00e9 \u00e0 Gentilly, puis ayant son domicile-atelier de Montrouge, fid\u00e8le \u00e0 la banlieue parisienne, Robert Doisneau aura v\u00e9cu, sa vie durant, au plus pr\u00e8s des gens, fid\u00e8le aux personnes qu\u2019il c\u00f4toyait, fid\u00e8le au peuple de Paris. On a pu dire avec raison qu\u2019il a cr\u00e9\u00e9 \u00ab&nbsp;l&rsquo;album de famille des Fran\u00e7ais&nbsp;\u00bb. Reconnu tant pour sa ma\u00eetrise technique que pour un \u00ab&nbsp;\u0153il po\u00e9tique&nbsp;\u00bb qui saisit \u2013 dans les circonstances les plus diverses &#8211; le moment pr\u00e9cis de l\u2019\u00e9motion, il est aujourd\u2019hui expos\u00e9 dans le monde entier et compte parmi les photographes les plus importants du si\u00e8cle dernier.<\/p>\n<p>\u00ab&nbsp;Jeunesse grise derri\u00e8re les rideaux de macram\u00e9 d&rsquo;une famille petite-bourgeoise, il apprend \u00e0 15 ans le m\u00e9tier de graveur lithographe \u00e0 l&rsquo;\u00e9cole Estienne et entre dans la vie active en dessinant des \u00e9tiquettes pharmaceutiques. C&rsquo;est chez Andr\u00e9 Vigneau, dont il devient le jeune op\u00e9rateur en 1931, qu&rsquo;il d\u00e9couvre le monde de la cr\u00e9ation artistique qui l&rsquo;animera d\u00e9sormais. Quatre ann\u00e9es au service publicit\u00e9 des usines Renault sold\u00e9es par un licenciement pour retards r\u00e9p\u00e9t\u00e9s, lui permettent d&rsquo;acc\u00e9der au statut convoit\u00e9 de photographe ind\u00e9pendant.&nbsp;\u00bb<\/p>\n<p><em>\u00ab Toute ma vie je me suis amus\u00e9, je me suis fabriqu\u00e9 mon petit th\u00e9\u00e2tre \u00bb <\/em>dira-t-il.<br><br><\/p>\n<p><em><b>Robert Doisneau et la m\u00e9decine<br><\/b><br><\/em><span>C\u2019est une facette m\u00e9connue de Robert Doisneau&nbsp;: son int\u00e9r\u00eat pour la sant\u00e9 et les soins de sant\u00e9. A la demande de l\u2019ordre des m\u00e9decins, il r\u00e9alise un reportage \u00e9mouvant sur la vie d\u2019u m\u00e9decin de campagne travaillant dans le d\u00e9partement de la Creuse, le Dr. Rochas. Ces photos seront en partie publi\u00e9es dans le bulletin de l\u2019Ordre, puis oubli\u00e9s\u2026 jusqu\u2019\u00e0 ce qu\u2019un m\u00e9decin ami de la famille Doisneau les red\u00e9couvre au hasard de ses visites \u00e0 l\u2019agence Rapho. D\u2019autres photos de Robert Doisneau concernent la m\u00e9decine&nbsp;: celles qu\u2019il r\u00e9alisait lors de visite \u00e0 des amis m\u00e9decins hospitalo-universitaires, principalement \u00e0 Paris.<\/span><\/p>\n<p><strong>&nbsp;<\/strong><\/p>\t\t\t\t\t\t<\/div>\n\t\t\t\t<\/div>\n\t\t\t\t\t<\/div>\n\t\t<\/div>\n\t\t\t\t\t<\/div>\n\t\t<\/section>\n\t\t\t\t<section class=\"elementor-section elementor-top-section elementor-element elementor-element-874e005 elementor-section-boxed elementor-section-height-default elementor-section-height-default\" data-id=\"874e005\" data-element_type=\"section\" data-settings=\"{&quot;background_background&quot;:&quot;classic&quot;}\">\n\t\t\t\t\t\t<div class=\"elementor-container elementor-column-gap-default\">\n\t\t\t\t\t<div class=\"elementor-column elementor-col-100 elementor-top-column elementor-element elementor-element-0862a8e\" data-id=\"0862a8e\" data-element_type=\"column\">\n\t\t\t<div class=\"elementor-widget-wrap elementor-element-populated\">\n\t\t\t\t\t\t<div class=\"elementor-element elementor-element-99db282 elementor-widget elementor-widget-text-editor\" data-id=\"99db282\" data-element_type=\"widget\" data-widget_type=\"text-editor.default\">\n\t\t\t\t<div class=\"elementor-widget-container\">\n\t\t\t\t\t\t\t<p><strong><em>Le mot du Doyen<\/em><\/strong><\/p>\n<p>L\u2019exercice de la m\u00e9decine commence par l\u2019\u00e9coute et l\u2019observation. Elles sont remarquablement illustr\u00e9es par les photographies de Robert DOISNEAU. Ces photographies sont un t\u00e9moignage historique de ce que fut la m\u00e9decine de campagne et le travail hospitalier dans les ann\u00e9es 50 en France. Au-del\u00e0 des situations et des gestes, c\u2019est le regard de l\u2019artiste qui nous interpelle aussi sur l\u2019importance de la relation humaine dans l\u2019exercice de la m\u00e9decine. <br>Cette exposition exceptionnelle \u00e0 l\u2019initiative des Prs \u00e9m\u00e9rites J. FABRY et GHARIB, a \u00e9t\u00e9 possible gr\u00e2ce au soutien de Madame Francine DOISNEAU, sa fille, du Conseil d\u00e9partemental de l\u2019Ordre des M\u00e9decins du Rh\u00f4ne, de la Biblioth\u00e8que Universitaire sant\u00e9 Rockefeller et \u00e0 l\u2019implication de la commission culture de la facult\u00e9 et des \u00e9tudiants. <br>Cette exposition est associ\u00e9e \u00e0 deux conf\u00e9rences d\u00e9bats organis\u00e9e avec le Coll\u00e8ge Universitaire de M\u00e9decine G\u00e9n\u00e9rale sur les enjeux de la m\u00e9decine g\u00e9n\u00e9rale aujourd\u2019hui et le r\u00f4le du m\u00e9decin de famille en milieu urbain et rural.<br><br><\/p>\t\t\t\t\t\t<\/div>\n\t\t\t\t<\/div>\n\t\t\t\t\t<\/div>\n\t\t<\/div>\n\t\t\t\t\t<\/div>\n\t\t<\/section>\n\t\t\t\t<section class=\"elementor-section elementor-top-section elementor-element elementor-element-658f0df elementor-section-boxed elementor-section-height-default elementor-section-height-default\" data-id=\"658f0df\" data-element_type=\"section\">\n\t\t\t\t\t\t<div class=\"elementor-container elementor-column-gap-default\">\n\t\t\t\t\t<div class=\"elementor-column elementor-col-50 elementor-top-column elementor-element elementor-element-88b2c85\" data-id=\"88b2c85\" data-element_type=\"column\">\n\t\t\t<div class=\"elementor-widget-wrap elementor-element-populated\">\n\t\t\t\t\t\t<div class=\"elementor-element elementor-element-856146c elementor-view-framed elementor-shape-circle elementor-widget elementor-widget-icon\" data-id=\"856146c\" data-element_type=\"widget\" data-widget_type=\"icon.default\">\n\t\t\t\t<div class=\"elementor-widget-container\">\n\t\t\t\t\t<div class=\"elementor-icon-wrapper\">\n\t\t\t<div class=\"elementor-icon\">\n\t\t\t<i aria-hidden=\"true\" class=\"fas fa-cut\"><\/i>\t\t\t<\/div>\n\t\t<\/div>\n\t\t\t\t<\/div>\n\t\t\t\t<\/div>\n\t\t\t\t\t<\/div>\n\t\t<\/div>\n\t\t\t\t<div class=\"elementor-column elementor-col-50 elementor-top-column elementor-element elementor-element-9c8f12e\" data-id=\"9c8f12e\" data-element_type=\"column\">\n\t\t\t<div class=\"elementor-widget-wrap elementor-element-populated\">\n\t\t\t\t\t\t<div class=\"elementor-element elementor-element-09540ff elementor-widget elementor-widget-text-editor\" data-id=\"09540ff\" data-element_type=\"widget\" data-widget_type=\"text-editor.default\">\n\t\t\t\t<div class=\"elementor-widget-container\">\n\t\t\t\t\t\t\t<p><strong>Inauguration :<\/strong> le 15 octobre \u00e0 17h (Salle de conf\u00e9rence et biblioth\u00e8que)<br \/><strong>Prises de paroles\u00a0:<\/strong> Mme Francine Doisneau, Facult\u00e9 de m\u00e9decine (Gilles Rode, d\u00e9partement de m\u00e9decine g\u00e9n\u00e9rale\u2026), Jacques Fabry, Ordre des m\u00e9decins et autres partenaires.<\/p>\t\t\t\t\t\t<\/div>\n\t\t\t\t<\/div>\n\t\t\t\t\t<\/div>\n\t\t<\/div>\n\t\t\t\t\t<\/div>\n\t\t<\/section>\n\t\t\t\t<\/div>\n\t\t","protected":false},"excerpt":{"rendered":"<p>\u00ab\u00a0L&rsquo;art, c&rsquo;est le plus court chemin de l&rsquo;homme \u00e0 l&rsquo;homme\u00a0\u00bbAndr\u00e9 Malraux @media screen and (max-width: 1024px) { .eael-hamburger&#8211;tablet { .eael-simple-menu-horizontal, .eael-simple-menu-vertical { display: none; } } .eael-hamburger&#8211;tablet { .eael-simple-menu-container .eael-simple-menu-toggle [&hellip;]<\/p>\n","protected":false},"author":2352,"featured_media":0,"parent":0,"menu_order":0,"comment_status":"closed","ping_status":"closed","template":"elementor_canvas","meta":[],"_links":{"self":[{"href":"https:\/\/campus.univ-lyon1.fr\/cclyonest\/wp-json\/wp\/v2\/pages\/503"}],"collection":[{"href":"https:\/\/campus.univ-lyon1.fr\/cclyonest\/wp-json\/wp\/v2\/pages"}],"about":[{"href":"https:\/\/campus.univ-lyon1.fr\/cclyonest\/wp-json\/wp\/v2\/types\/page"}],"author":[{"embeddable":true,"href":"https:\/\/campus.univ-lyon1.fr\/cclyonest\/wp-json\/wp\/v2\/users\/2352"}],"replies":[{"embeddable":true,"href":"https:\/\/campus.univ-lyon1.fr\/cclyonest\/wp-json\/wp\/v2\/comments?post=503"}],"version-history":[{"count":15,"href":"https:\/\/campus.univ-lyon1.fr\/cclyonest\/wp-json\/wp\/v2\/pages\/503\/revisions"}],"predecessor-version":[{"id":1609,"href":"https:\/\/campus.univ-lyon1.fr\/cclyonest\/wp-json\/wp\/v2\/pages\/503\/revisions\/1609"}],"wp:attachment":[{"href":"https:\/\/campus.univ-lyon1.fr\/cclyonest\/wp-json\/wp\/v2\/media?parent=503"}],"curies":[{"name":"wp","href":"https:\/\/api.w.org\/{rel}","templated":true}]}}