{"id":5,"date":"2021-03-24T14:19:42","date_gmt":"2021-03-24T13:19:42","guid":{"rendered":"http:\/\/campus.univ-lyon1.fr\/cclyonest\/?page_id=5"},"modified":"2023-03-08T19:55:18","modified_gmt":"2023-03-08T18:55:18","slug":"la-commission-culture","status":"publish","type":"page","link":"https:\/\/campus.univ-lyon1.fr\/cclyonest\/la-commission-culture\/","title":{"rendered":"La Commission"},"content":{"rendered":"\t\t<div data-elementor-type=\"wp-page\" data-elementor-id=\"5\" class=\"elementor elementor-5\">\n\t\t\t\t\t\t<section class=\"elementor-section elementor-top-section elementor-element elementor-element-4d1af6d elementor-section-boxed elementor-section-height-default elementor-section-height-default\" data-id=\"4d1af6d\" data-element_type=\"section\">\n\t\t\t\t\t\t<div class=\"elementor-container elementor-column-gap-default\">\n\t\t\t\t\t<div class=\"elementor-column elementor-col-50 elementor-top-column elementor-element elementor-element-966489b\" data-id=\"966489b\" data-element_type=\"column\">\n\t\t\t<div class=\"elementor-widget-wrap elementor-element-populated\">\n\t\t\t\t\t\t<div class=\"elementor-element elementor-element-d576fc1 elementor-widget elementor-widget-image\" data-id=\"d576fc1\" data-element_type=\"widget\" data-widget_type=\"image.default\">\n\t\t\t\t<div class=\"elementor-widget-container\">\n\t\t\t\t\t\t\t\t\t\t\t\t\t<img decoding=\"async\" width=\"300\" height=\"133\" src=\"https:\/\/campus.univ-lyon1.fr\/cclyonest\/files\/2022\/03\/logo-commission-copie.png\" class=\"attachment-full size-full wp-image-386\" alt=\"\" \/>\t\t\t\t\t\t\t\t\t\t\t\t\t<\/div>\n\t\t\t\t<\/div>\n\t\t\t\t\t<\/div>\n\t\t<\/div>\n\t\t\t\t<div class=\"elementor-column elementor-col-50 elementor-top-column elementor-element elementor-element-262288c\" data-id=\"262288c\" data-element_type=\"column\">\n\t\t\t<div class=\"elementor-widget-wrap elementor-element-populated\">\n\t\t\t\t\t\t<div class=\"elementor-element elementor-element-636ff32 elementor-widget elementor-widget-text-editor\" data-id=\"636ff32\" data-element_type=\"widget\" data-widget_type=\"text-editor.default\">\n\t\t\t\t<div class=\"elementor-widget-container\">\n\t\t\t\t\t\t\t<h6><i>\u00ab\u00a0L&rsquo;art, c&rsquo;est le plus court chemin de l&rsquo;homme \u00e0 l&rsquo;homme\u00a0\u00bb<br \/><\/i>Andr\u00e9 Malraux<\/h6>\t\t\t\t\t\t<\/div>\n\t\t\t\t<\/div>\n\t\t\t\t<div class=\"elementor-element elementor-element-11c490a elementor-widget elementor-widget-image\" data-id=\"11c490a\" data-element_type=\"widget\" data-widget_type=\"image.default\">\n\t\t\t\t<div class=\"elementor-widget-container\">\n\t\t\t\t\t\t\t\t\t\t\t\t\t<img decoding=\"async\" width=\"230\" height=\"127\" src=\"https:\/\/campus.univ-lyon1.fr\/cclyonest\/files\/2022\/02\/logo-lyonEst.png\" class=\"attachment-full size-full wp-image-282\" alt=\"\" \/>\t\t\t\t\t\t\t\t\t\t\t\t\t<\/div>\n\t\t\t\t<\/div>\n\t\t\t\t\t<\/div>\n\t\t<\/div>\n\t\t\t\t\t<\/div>\n\t\t<\/section>\n\t\t\t\t<section class=\"elementor-section elementor-top-section elementor-element elementor-element-7029ef6 elementor-section-boxed elementor-section-height-default elementor-section-height-default\" data-id=\"7029ef6\" data-element_type=\"section\">\n\t\t\t\t\t\t<div class=\"elementor-container elementor-column-gap-default\">\n\t\t\t\t\t<div class=\"elementor-column elementor-col-100 elementor-top-column elementor-element elementor-element-98b8a67\" data-id=\"98b8a67\" data-element_type=\"column\">\n\t\t\t<div class=\"elementor-widget-wrap elementor-element-populated\">\n\t\t\t\t\t\t<div class=\"elementor-element elementor-element-bce530a elementor-widget__width-initial elementor-absolute elementor-widget elementor-widget-spacer\" data-id=\"bce530a\" data-element_type=\"widget\" data-settings=\"{&quot;_position&quot;:&quot;absolute&quot;}\" data-widget_type=\"spacer.default\">\n\t\t\t\t<div class=\"elementor-widget-container\">\n\t\t\t\t\t<div class=\"elementor-spacer\">\n\t\t\t<div class=\"elementor-spacer-inner\"><\/div>\n\t\t<\/div>\n\t\t\t\t<\/div>\n\t\t\t\t<\/div>\n\t\t\t\t<div class=\"elementor-element elementor-element-8107894 elementor-arrows-position-inside elementor-invisible elementor-widget elementor-widget-image-carousel\" data-id=\"8107894\" data-element_type=\"widget\" data-settings=\"{&quot;slides_to_show&quot;:&quot;1&quot;,&quot;navigation&quot;:&quot;arrows&quot;,&quot;_animation&quot;:&quot;fadeIn&quot;,&quot;autoplay&quot;:&quot;yes&quot;,&quot;pause_on_hover&quot;:&quot;yes&quot;,&quot;pause_on_interaction&quot;:&quot;yes&quot;,&quot;autoplay_speed&quot;:5000,&quot;infinite&quot;:&quot;yes&quot;,&quot;effect&quot;:&quot;slide&quot;,&quot;speed&quot;:500}\" data-widget_type=\"image-carousel.default\">\n\t\t\t\t<div class=\"elementor-widget-container\">\n\t\t\t\t\t<div class=\"elementor-image-carousel-wrapper swiper\" dir=\"ltr\">\n\t\t\t<div class=\"elementor-image-carousel swiper-wrapper swiper-image-stretch\" aria-live=\"off\">\n\t\t\t\t\t\t\t\t<div class=\"swiper-slide\" role=\"group\" aria-roledescription=\"slide\" aria-label=\"1 of 17\"><figure class=\"swiper-slide-inner\"><img decoding=\"async\" class=\"swiper-slide-image\" src=\"https:\/\/campus.univ-lyon1.fr\/cclyonest\/files\/elementor\/thumbs\/AdobeStock_24194350-scaled-pivd012lela9g784shzvc0obtwd0uebmwrx3r4yh40.jpeg\" alt=\"Mus\u00e9e\" \/><\/figure><\/div><div class=\"swiper-slide\" role=\"group\" aria-roledescription=\"slide\" aria-label=\"2 of 17\"><figure class=\"swiper-slide-inner\"><img decoding=\"async\" class=\"swiper-slide-image\" src=\"https:\/\/campus.univ-lyon1.fr\/cclyonest\/files\/elementor\/thumbs\/AdobeStock_30665978-scaled-pivd05rscrgp291b12106hhmstpuwvualf6j5iri8w.jpeg\" alt=\"Close up shot of piano keyboard with spot light on\" \/><\/figure><\/div><div class=\"swiper-slide\" role=\"group\" aria-roledescription=\"slide\" aria-label=\"3 of 17\"><figure class=\"swiper-slide-inner\"><img decoding=\"async\" class=\"swiper-slide-image\" src=\"https:\/\/campus.univ-lyon1.fr\/cclyonest\/files\/elementor\/thumbs\/AdobeStock_58543327-scaled-pivd0dahvfqzn4qdt5a0qflbjwosmgo5ageezqgcv4.jpeg\" alt=\"Classical music concept: cello, violin, piano and a score\" \/><\/figure><\/div><div class=\"swiper-slide\" role=\"group\" aria-roledescription=\"slide\" aria-label=\"4 of 17\"><figure class=\"swiper-slide-inner\"><img decoding=\"async\" class=\"swiper-slide-image\" src=\"https:\/\/campus.univ-lyon1.fr\/cclyonest\/files\/elementor\/thumbs\/AdobeStock_67790620-scaled-pivd0okk5g6fig9zza5jkcquoj576twxc088r1zmsg.jpeg\" alt=\"Classical music concept: cello, violin, piano and a score\" \/><\/figure><\/div><div class=\"swiper-slide\" role=\"group\" aria-roledescription=\"slide\" aria-label=\"5 of 17\"><figure class=\"swiper-slide-inner\"><img decoding=\"async\" class=\"swiper-slide-image\" src=\"https:\/\/campus.univ-lyon1.fr\/cclyonest\/files\/elementor\/thumbs\/AdobeStock_71759386-scaled-pivd11qat4og0zqvufubj9fazxcc6ld61td1gxg4dc.jpeg\" alt=\"Conductor directing symphony orchestra with performers on background, hands close-up.\" \/><\/figure><\/div><div class=\"swiper-slide\" role=\"group\" aria-roledescription=\"slide\" aria-label=\"6 of 17\"><figure class=\"swiper-slide-inner\"><img decoding=\"async\" class=\"swiper-slide-image\" src=\"https:\/\/campus.univ-lyon1.fr\/cclyonest\/files\/elementor\/thumbs\/AdobeStock_143925690-scaled-pivd1grpuh916r51emccn5moi3a7lr0vfvst5cttls.jpeg\" alt=\"musician hands on guitar neck. black and white, music background\" \/><\/figure><\/div><div class=\"swiper-slide\" role=\"group\" aria-roledescription=\"slide\" aria-label=\"7 of 17\"><figure class=\"swiper-slide-inner\"><img decoding=\"async\" class=\"swiper-slide-image\" src=\"https:\/\/campus.univ-lyon1.fr\/cclyonest\/files\/elementor\/thumbs\/AdobeStock_144325026-scaled-pivd1oafd5jbrmu46pld73qd9695bbuq4x0ozkio80.jpeg\" alt=\"TEL AVIV, ISRAEL - APRIL 12, 2016: Girl looks at a painting at the Museum of Art\" \/><\/figure><\/div><div class=\"swiper-slide\" role=\"group\" aria-roledescription=\"slide\" aria-label=\"8 of 17\"><figure class=\"swiper-slide-inner\"><img decoding=\"async\" class=\"swiper-slide-image\" src=\"https:\/\/campus.univ-lyon1.fr\/cclyonest\/files\/elementor\/thumbs\/AdobeStock_176065833-scaled-pivd1vt4vttmcij6ysudr1u209830wokty8kts7iu8.jpeg\" alt=\"Musicians playing the violin close up.\" \/><\/figure><\/div><div class=\"swiper-slide\" role=\"group\" aria-roledescription=\"slide\" aria-label=\"9 of 17\"><figure class=\"swiper-slide-inner\"><img decoding=\"async\" class=\"swiper-slide-image\" src=\"https:\/\/campus.univ-lyon1.fr\/cclyonest\/files\/elementor\/thumbs\/AdobeStock_224223239-scaled-pivd265cz07rw846afba0h84jht4dktmjdex3ts6xs.jpeg\" alt=\"part of a violin on a black background with hard light\" \/><\/figure><\/div><div class=\"swiper-slide\" role=\"group\" aria-roledescription=\"slide\" aria-label=\"10 of 17\"><figure class=\"swiper-slide-inner\"><img decoding=\"async\" class=\"swiper-slide-image\" src=\"https:\/\/campus.univ-lyon1.fr\/cclyonest\/files\/elementor\/thumbs\/AdobeStock_239332001-scaled-pivd2id9fuoi35mfb2lfew549i4w5n64x1w8cfa2ow.jpeg\" alt=\"violoncelle musique classique orchestre archet corde instrument symphonique musicien concert\" \/><\/figure><\/div><div class=\"swiper-slide\" role=\"group\" aria-roledescription=\"slide\" aria-label=\"11 of 17\"><figure class=\"swiper-slide-inner\"><img decoding=\"async\" class=\"swiper-slide-image\" src=\"https:\/\/campus.univ-lyon1.fr\/cclyonest\/files\/elementor\/thumbs\/AdobeStock_249763817-scaled-pivd2tnbpv3xyh61h7gy8tane4laq0ewylq23qtcm8.jpeg\" alt=\"retro violin on a black background\" \/><\/figure><\/div><div class=\"swiper-slide\" role=\"group\" aria-roledescription=\"slide\" aria-label=\"12 of 17\"><figure class=\"swiper-slide-inner\"><img decoding=\"async\" class=\"swiper-slide-image\" src=\"https:\/\/campus.univ-lyon1.fr\/cclyonest\/files\/elementor\/thumbs\/AdobeStock_262617562-scaled-pivd331pm7gt6ksdybj7xqx9bzayuzg8bw8wwifew0.jpeg\" alt=\"Group of dancer in colored clothes dancing on the stage in long exposure. Dark background\" \/><\/figure><\/div><div class=\"swiper-slide\" role=\"group\" aria-roledescription=\"slide\" aria-label=\"13 of 17\"><figure class=\"swiper-slide-inner\"><img decoding=\"async\" class=\"swiper-slide-image\" src=\"https:\/\/campus.univ-lyon1.fr\/cclyonest\/files\/elementor\/thumbs\/AdobeStock_288513054-scaled-pivd3ddxpduyqadd9y0476bbv7w07nla1bf96k02zk.jpeg\" alt=\"Rome, Italy - June 22, 2018: Baroque marble sculpture Rape of Proserpine by Bernini 1621 in Galleria Borghese of Villa Borghese\" \/><\/figure><\/div><div class=\"swiper-slide\" role=\"group\" aria-roledescription=\"slide\" aria-label=\"14 of 17\"><figure class=\"swiper-slide-inner\"><img decoding=\"async\" class=\"swiper-slide-image\" src=\"https:\/\/campus.univ-lyon1.fr\/cclyonest\/files\/elementor\/thumbs\/AdobeStock_302747789-scaled-pivd3y2dvqn9tpjbx6xwq13gxp22wzvdg5rxqn5f6o.jpeg\" alt=\"David sculpture by Michelangelo. Close up with dark background.\" \/><\/figure><\/div><div class=\"swiper-slide\" role=\"group\" aria-roledescription=\"slide\" aria-label=\"15 of 17\"><figure class=\"swiper-slide-inner\"><img decoding=\"async\" class=\"swiper-slide-image\" src=\"https:\/\/campus.univ-lyon1.fr\/cclyonest\/files\/elementor\/thumbs\/AdobeStock_339859118-scaled-pivd4ezharafmour6e96ywtrmmqorjqjihiodmgc2o.jpeg\" alt=\"classic retro violin music string instrumt with old music note sheet paper on old oak wood wooden background. classical musical romantic valentines day concept.\" \/><\/figure><\/div><div class=\"swiper-slide\" role=\"group\" aria-roledescription=\"slide\" aria-label=\"16 of 17\"><figure class=\"swiper-slide-inner\"><img decoding=\"async\" class=\"swiper-slide-image\" src=\"https:\/\/campus.univ-lyon1.fr\/cclyonest\/files\/elementor\/thumbs\/AdobeStock_340543778-scaled-pivd4q9jkrpvi0edcj4pstzar973bwzbk1ci4xzm00.jpeg\" alt=\"Concert of voice and orchestra\" \/><\/figure><\/div><div class=\"swiper-slide\" role=\"group\" aria-roledescription=\"slide\" aria-label=\"17 of 17\"><figure class=\"swiper-slide-inner\"><img decoding=\"async\" class=\"swiper-slide-image\" src=\"https:\/\/campus.univ-lyon1.fr\/cclyonest\/files\/elementor\/thumbs\/AdobeStock_364847331_Editorial_Use_Only-scaled-pivd4yq3aa1gei22z4scx9ug3q1e96wwl77vgfn2g0.jpeg\" alt=\"NEW YORK, USA - SEP 25, 2015: European painter&#039;s picture gallery in the Metropolitan Museum of Art (the Met), the largest art museum in the United States of America\" \/><\/figure><\/div>\t\t\t<\/div>\n\t\t\t\t\t\t\t\t\t\t\t\t<div class=\"elementor-swiper-button elementor-swiper-button-prev\" role=\"button\" tabindex=\"0\">\n\t\t\t\t\t\t<i aria-hidden=\"true\" class=\"eicon-chevron-left\"><\/i>\t\t\t\t\t<\/div>\n\t\t\t\t\t<div class=\"elementor-swiper-button elementor-swiper-button-next\" role=\"button\" tabindex=\"0\">\n\t\t\t\t\t\t<i aria-hidden=\"true\" class=\"eicon-chevron-right\"><\/i>\t\t\t\t\t<\/div>\n\t\t\t\t\n\t\t\t\t\t\t\t\t\t<\/div>\n\t\t\t\t<\/div>\n\t\t\t\t<\/div>\n\t\t\t\t\t<\/div>\n\t\t<\/div>\n\t\t\t\t\t<\/div>\n\t\t<\/section>\n\t\t\t\t<section class=\"elementor-section elementor-top-section elementor-element elementor-element-c021648 elementor-section-boxed elementor-section-height-default elementor-section-height-default\" data-id=\"c021648\" data-element_type=\"section\">\n\t\t\t\t\t\t<div class=\"elementor-container elementor-column-gap-default\">\n\t\t\t\t\t<div class=\"elementor-column elementor-col-100 elementor-top-column elementor-element elementor-element-0e62cb5\" data-id=\"0e62cb5\" data-element_type=\"column\">\n\t\t\t<div class=\"elementor-widget-wrap elementor-element-populated\">\n\t\t\t\t\t\t<div class=\"elementor-element elementor-element-117b67b eael_simple_menu_hamburger_disable_selected_menu_hide eael-simple-menu-hamburger-align-center eael-hamburger--tablet elementor-widget elementor-widget-eael-simple-menu\" data-id=\"117b67b\" data-element_type=\"widget\" data-widget_type=\"eael-simple-menu.default\">\n\t\t\t\t<div class=\"elementor-widget-container\">\n\t\t\t<style>\n                        @media screen and (max-width: 1024px) {\n                            .eael-hamburger--tablet {\n                                .eael-simple-menu-horizontal,\n                                .eael-simple-menu-vertical {\n                                    display: none;\n                                }\n                            }\n                            .eael-hamburger--tablet {\n                                .eael-simple-menu-container .eael-simple-menu-toggle {\n                                    display: block;\n                                }\n                            }\n                        }\n                    <\/style>            <div data-hamburger-icon=\"&lt;i aria-hidden=&quot;true&quot; class=&quot;fas fa-bars&quot;&gt;&lt;\/i&gt;\" data-indicator-icon=\"&lt;i aria-hidden=&quot;true&quot; class=&quot;fas fa-angle-down&quot;&gt;&lt;\/i&gt;\" data-dropdown-indicator-icon=\"&lt;i class=&quot;fas fa-angle-down&quot;&gt;&lt;\/i&gt;\" class=\"eael-simple-menu-container eael-simple-menu-align-center eael-simple-menu--stretch eael-simple-menu-dropdown-align-left preset-3\" data-hamburger-breakpoints=\"{&quot;mobile&quot;:&quot;Mobile Portrait (&gt; 767px)&quot;,&quot;tablet&quot;:&quot;Tablet Portrait (&gt; 1024px)&quot;,&quot;desktop&quot;:&quot;Desktop (&gt; 2400px)&quot;,&quot;none&quot;:&quot;None&quot;}\" data-hamburger-device=\"tablet\">\n                <ul id=\"menu-principal\" class=\"eael-simple-menu eael-simple-menu-dropdown-animate-fade eael-simple-menu-indicator eael-simple-menu-horizontal\"><li id=\"menu-item-137\" class=\"menu-item menu-item-type-post_type menu-item-object-page menu-item-home menu-item-137\"><a href=\"https:\/\/campus.univ-lyon1.fr\/cclyonest\/\">Accueil<\/a><\/li>\n<li id=\"menu-item-1314\" class=\"menu-item menu-item-type-post_type menu-item-object-page menu-item-has-children menu-item-1314\"><a href=\"https:\/\/campus.univ-lyon1.fr\/cclyonest\/la-commission-culture\/\">La Commission<\/a>\n<ul class=\"sub-menu\">\n\t<li id=\"menu-item-506\" class=\"menu-item menu-item-type-post_type menu-item-object-page menu-item-506\"><a href=\"https:\/\/campus.univ-lyon1.fr\/cclyonest\/membres\/\">Membres<\/a><\/li>\n\t<li id=\"menu-item-562\" class=\"menu-item menu-item-type-post_type menu-item-object-page menu-item-562\"><a href=\"https:\/\/campus.univ-lyon1.fr\/cclyonest\/objectifs-2\/\">Objectifs<\/a><\/li>\n\t<li id=\"menu-item-792\" class=\"menu-item menu-item-type-post_type menu-item-object-page menu-item-792\"><a href=\"https:\/\/campus.univ-lyon1.fr\/cclyonest\/projets\/\">Projets<\/a><\/li>\n\t<li id=\"menu-item-507\" class=\"menu-item menu-item-type-post_type menu-item-object-page menu-item-507\"><a href=\"https:\/\/campus.univ-lyon1.fr\/cclyonest\/residence-dartistes\/\">R\u00e9sidence d\u2019artistes<\/a><\/li>\n\t<li id=\"menu-item-192\" class=\"menu-item menu-item-type-post_type menu-item-object-page menu-item-192\"><a href=\"https:\/\/campus.univ-lyon1.fr\/cclyonest\/partenaires\/\">Partenaires<\/a><\/li>\n<\/ul>\n<\/li>\n<li id=\"menu-item-1226\" class=\"menu-item menu-item-type-custom menu-item-object-custom menu-item-has-children menu-item-1226\"><a href=\"#\">Ev\u00e8nements<\/a>\n<ul class=\"sub-menu\">\n\t<li id=\"menu-item-194\" class=\"menu-item menu-item-type-post_type menu-item-object-page menu-item-194\"><a href=\"https:\/\/campus.univ-lyon1.fr\/cclyonest\/agenda\/\">Agenda<\/a><\/li>\n\t<li id=\"menu-item-197\" class=\"menu-item menu-item-type-post_type menu-item-object-page menu-item-197\"><a href=\"https:\/\/campus.univ-lyon1.fr\/cclyonest\/conferences\/\">Conf\u00e9rences<\/a><\/li>\n\t<li id=\"menu-item-508\" class=\"menu-item menu-item-type-post_type menu-item-object-page menu-item-508\"><a href=\"https:\/\/campus.univ-lyon1.fr\/cclyonest\/expositions-2\/\">Expositions<\/a><\/li>\n<\/ul>\n<\/li>\n<li id=\"menu-item-1238\" class=\"menu-item menu-item-type-custom menu-item-object-custom menu-item-has-children menu-item-1238\"><a href=\"#\">C\u00e9r\u00e9monies<\/a>\n<ul class=\"sub-menu\">\n\t<li id=\"menu-item-201\" class=\"menu-item menu-item-type-post_type menu-item-object-page menu-item-201\"><a href=\"https:\/\/campus.univ-lyon1.fr\/cclyonest\/baptemes\/\">Bapt\u00eame de promotion<\/a><\/li>\n\t<li id=\"menu-item-509\" class=\"menu-item menu-item-type-post_type menu-item-object-page menu-item-509\"><a href=\"https:\/\/campus.univ-lyon1.fr\/cclyonest\/remise-de-diplomes\/\">Remise de dipl\u00f4mes<\/a><\/li>\n<\/ul>\n<\/li>\n<li id=\"menu-item-534\" class=\"menu-item menu-item-type-post_type menu-item-object-page menu-item-534\"><a href=\"https:\/\/campus.univ-lyon1.fr\/cclyonest\/uelc-mmn\/\">UELC MMN<\/a><\/li>\n<\/ul>                <button class=\"eael-simple-menu-toggle\">\n                    <span class=\"sr-only \">Hamburger Toggle Menu<\/span>\n                    <i aria-hidden=\"true\" class=\"fas fa-bars\"><\/i>                <\/button>\n            <\/div>\n            \t\t<\/div>\n\t\t\t\t<\/div>\n\t\t\t\t\t<\/div>\n\t\t<\/div>\n\t\t\t\t\t<\/div>\n\t\t<\/section>\n\t\t\t\t<section class=\"elementor-section elementor-top-section elementor-element elementor-element-741fc18 elementor-section-boxed elementor-section-height-default elementor-section-height-default\" data-id=\"741fc18\" data-element_type=\"section\">\n\t\t\t\t\t\t<div class=\"elementor-container elementor-column-gap-default\">\n\t\t\t\t\t<div class=\"elementor-column elementor-col-100 elementor-top-column elementor-element elementor-element-3a0a19a\" data-id=\"3a0a19a\" data-element_type=\"column\">\n\t\t\t<div class=\"elementor-widget-wrap elementor-element-populated\">\n\t\t\t\t\t\t<div class=\"elementor-element elementor-element-3f4dc4e elementor-widget elementor-widget-image\" data-id=\"3f4dc4e\" data-element_type=\"widget\" data-widget_type=\"image.default\">\n\t\t\t\t<div class=\"elementor-widget-container\">\n\t\t\t\t\t\t\t\t\t\t\t\t\t<img decoding=\"async\" src=\"https:\/\/campus.univ-lyon1.fr\/cclyonest\/files\/elementor\/thumbs\/titre-commission-plnlq0gdukl6v4299h18ykb3djkzej213ifr6lom0u.png\" title=\"titre commission\" alt=\"titre commission\" loading=\"lazy\" \/>\t\t\t\t\t\t\t\t\t\t\t\t\t<\/div>\n\t\t\t\t<\/div>\n\t\t\t\t\t<\/div>\n\t\t<\/div>\n\t\t\t\t\t<\/div>\n\t\t<\/section>\n\t\t\t\t<section class=\"elementor-section elementor-top-section elementor-element elementor-element-6efbed7 elementor-section-boxed elementor-section-height-default elementor-section-height-default\" data-id=\"6efbed7\" data-element_type=\"section\">\n\t\t\t\t\t\t<div class=\"elementor-container elementor-column-gap-default\">\n\t\t\t\t\t<div class=\"elementor-column elementor-col-100 elementor-top-column elementor-element elementor-element-c0531e5\" data-id=\"c0531e5\" data-element_type=\"column\">\n\t\t\t<div class=\"elementor-widget-wrap elementor-element-populated\">\n\t\t\t\t\t\t<div class=\"elementor-element elementor-element-848392e elementor-widget elementor-widget-text-editor\" data-id=\"848392e\" data-element_type=\"widget\" data-widget_type=\"text-editor.default\">\n\t\t\t\t<div class=\"elementor-widget-container\">\n\t\t\t\t\t\t\t<p>Depuis la cr\u00e9ation de la Facult\u00e9 de M\u00e9decine Lyon-Est en 2007, le Doyen a \u00e9mis la volont\u00e9 de cr\u00e9ation d\u2019une v\u00e9ritable politique culturelle totalement int\u00e9gr\u00e9e au sein de&nbsp;la formation des \u00e9tudiants en M\u00e9decine tout au long de leurs parcours.<\/p>\n<p>L\u2019universit\u00e9 constitue un haut lieu de&nbsp;transmission du savoir et de la culture.<br>Au del\u00e0 de la formation m\u00e9dicale&nbsp;apport\u00e9e aux \u00e9tudiants, la formation par la culture aux Arts et aux&nbsp;Lettres constitue un \u00e9l\u00e9ment central de la vie sociale de l\u2019Homme.<\/p>\n<p>Compte-tenu de la place du m\u00e9decin&nbsp;dans la soci\u00e9t\u00e9 et de son r\u00f4le Humain et humanitaire, il est essentiel de&nbsp;compl\u00e9ter la formation m\u00e9dicale de l\u2019\u00e9tudiant en m\u00e9decine par l\u2019ouverture&nbsp;\u00e0 une culture plus large ouverte aux sciences humaines et sociales et surtout&nbsp;aux Arts et au Lettres. <\/p>\n<p>Cette ouverture est un enrichissement&nbsp;personnel qui est compl\u00e9mentaire \u00e0 la formation m\u00e9dicale et n\u00e9cessaire \u00e0 la&nbsp;construction de l\u2019Esprit du m\u00e9decin.<\/p>\n<p><span style=\"font-size: 1rem\">Ainsi, plusieurs \u00e9v\u00e9nements ont \u00e9t\u00e9 mis en&nbsp;<\/span><span style=\"font-size: 1rem\">place depuis plusieurs ann\u00e9es (Grandes Conf\u00e9rences de la Facult\u00e9, Conf\u00e9rences&nbsp;<\/span><span style=\"font-size: 1rem\">\u00e9tudiantes, Mus\u00e9e des Beaux-Arts de Lyon, partenariat avec les Concerts des&nbsp;<\/span><span style=\"font-size: 1rem\">Grands Interpr\u00e8tes, Concerts,).<\/span><\/p>\n<p>Ces \u00e9v\u00e9nements ont permis de faire intervenir diff\u00e9rents artistes, d\u2019aborder diff\u00e9rentes questions philosophiques, et de souligner \u00e0 quel point l\u2019\u00e9volution de la m\u00e9decine vers une technicit\u00e9 de plus en plus importante doit toujours s\u2019accompagner d\u2019une v\u00e9ritable r\u00e9flexion sur la place de l\u2019humain au c\u0153ur de la&nbsp;relation singuli\u00e8re entre le patient et son m\u00e9decin.<\/p>\t\t\t\t\t\t<\/div>\n\t\t\t\t<\/div>\n\t\t\t\t\t<\/div>\n\t\t<\/div>\n\t\t\t\t\t<\/div>\n\t\t<\/section>\n\t\t\t\t<\/div>\n\t\t","protected":false},"excerpt":{"rendered":"<p>\u00ab\u00a0L&rsquo;art, c&rsquo;est le plus court chemin de l&rsquo;homme \u00e0 l&rsquo;homme\u00a0\u00bbAndr\u00e9 Malraux Pr\u00e9c\u00e9dent Suivant Accueil La Commission Membres Objectifs Projets R\u00e9sidence d\u2019artistes Partenaires Ev\u00e8nements Agenda Conf\u00e9rences Expositions C\u00e9r\u00e9monies Bapt\u00eame de promotion [&hellip;]<\/p>\n","protected":false},"author":2253,"featured_media":0,"parent":0,"menu_order":0,"comment_status":"closed","ping_status":"closed","template":"elementor_canvas","meta":[],"_links":{"self":[{"href":"https:\/\/campus.univ-lyon1.fr\/cclyonest\/wp-json\/wp\/v2\/pages\/5"}],"collection":[{"href":"https:\/\/campus.univ-lyon1.fr\/cclyonest\/wp-json\/wp\/v2\/pages"}],"about":[{"href":"https:\/\/campus.univ-lyon1.fr\/cclyonest\/wp-json\/wp\/v2\/types\/page"}],"author":[{"embeddable":true,"href":"https:\/\/campus.univ-lyon1.fr\/cclyonest\/wp-json\/wp\/v2\/users\/2253"}],"replies":[{"embeddable":true,"href":"https:\/\/campus.univ-lyon1.fr\/cclyonest\/wp-json\/wp\/v2\/comments?post=5"}],"version-history":[{"count":15,"href":"https:\/\/campus.univ-lyon1.fr\/cclyonest\/wp-json\/wp\/v2\/pages\/5\/revisions"}],"predecessor-version":[{"id":1286,"href":"https:\/\/campus.univ-lyon1.fr\/cclyonest\/wp-json\/wp\/v2\/pages\/5\/revisions\/1286"}],"wp:attachment":[{"href":"https:\/\/campus.univ-lyon1.fr\/cclyonest\/wp-json\/wp\/v2\/media?parent=5"}],"curies":[{"name":"wp","href":"https:\/\/api.w.org\/{rel}","templated":true}]}}